{"id":159,"date":"2015-02-05T20:29:52","date_gmt":"2015-02-05T20:29:52","guid":{"rendered":"http:\/\/192.168.1.110\/skelpie\/?page_id=159"},"modified":"2015-02-19T20:20:56","modified_gmt":"2015-02-19T20:20:56","slug":"elzab-alfa-max","status":"publish","type":"page","link":"https:\/\/www.skelpie.eu\/?page_id=159","title":{"rendered":"Kasa fiskalna Elzab Alfa Max"},"content":{"rendered":"<div class=\"links\"><\/div>\n<div class=\"content\">\n<p><img src=\"http:\/\/www.elzab.com.pl\/files\/kasa-alfa-max-e_m.jpg\" alt=\"Kliknij, aby powi\u0119kszy\u0107\" \/><\/p>\n<p>&nbsp;<\/p>\n<p><a title=\"Per\u0142a rynku dla kasy ELZAB Alfa Max E\" href=\"http:\/\/www.elzab.com.pl\/warto_wiedziec_18062012\"><img src=\"http:\/\/www.elzab.com.pl\/files\/perla2012wd.jpg\" alt=\"\" align=\"top\" border=\"0\" \/><\/a>\u00a0\u00a0\u00a0<a title=\"Jako\u015b\u0107 Roku 2011 dla rodziny kas ELZAB Alfa Max E\" href=\"http:\/\/www.elzab.com.pl\/warto_wiedziec_16032012\"><img src=\"http:\/\/www.elzab.com.pl\/files\/jr2011_alfamaxe.jpg\" alt=\"\" align=\"top\" border=\"0\" \/><\/a>\u00a0\u00a0\u00a0<a title=\"Medal Europejski dla kas ELZAB Alfa MAX\" href=\"http:\/\/www.elzab.com.pl\/warto_wiedziec_14112011\"><img src=\"http:\/\/www.elzab.com.pl\/files\/medaleualfa_cm.jpg\" alt=\"\" align=\"top\" border=\"0\" \/><\/a><\/p>\n<p><a title=\"Medal Europejski dla kas ELZAB Alfa MAX\" href=\"http:\/\/www.elzab.com.pl\/warto_wiedziec_14112011\"><br \/>\n<\/a><span class=\"tekstmaly\">Per\u0142a Rynku 2012 Wyb\u00f3r Detalist\u00f3w, Jako\u015b\u0107 Roku 2011 dla rodziny kas ELZAB Alfa Max E oraz Medal Europejski dla rodziny kas ELZAB Alfa MAX przyznany przez Business Centre Club i\u00a0Europejski Komitet Ekonomiczno-Spo\u0142eczny<\/span><\/p>\n<div id=\"alfa_cechy\">\n<p><b>UNIWERSALNA<\/b><\/p>\n<h3>Zdaniem eksperta: <i>\u201eDu\u017cy i wyra\u017any wy\u015bwietlacz, przemy\u015blany uk\u0142ad klawiatury, mechanizm easy load, znakomita wsp\u00f3\u0142praca<br \/>\nz wagami znacznie przy\u015bpieszaj\u0105 obs\u0142ug\u0119 klient\u00f3w. System lojalno\u015bciowy i zestaw automatycznych rabat\u00f3w pozwala na zaawansowane zarz\u0105dzanie sprzeda\u017c\u0105.\u201d<\/i><\/h3>\n<table>\n<tbody>\n<tr>\n<td colspan=\"2\"><img src=\"http:\/\/www.elzab.com.pl\/files\/dobry_wzor_2011.jpg\" alt=\"Produkt rekomendowany do konkursu DOBRY WZ\u00d3R 2011\" align=\"right\" border=\"0\" \/><b>Nowa linia, nowa Alfa <\/b><br \/>\nKasa ELZAB Alfa Max E to nowa linia wzornicza kas fiskalnych ELZAB oferuj\u0105ca najwy\u017csz\u0105 jako\u015b\u0107 technologii<br \/>\ni zestaw funkcjonalny znany do tej pory wy\u0142\u0105cznie z kas systemowych.<br \/>\nPosiada wygodny i oszcz\u0119dny zapis kopii elektronicznej paragon\u00f3w.<br \/>\nDedykowana jest do pracy w du\u017cych i \u015bredniej wielko\u015bci plac\u00f3wkach handlowych. Posiada wytrzyma\u0142y akumulator litowo-jonowy, mo\u017ce r\u00f3wnie\u017c pracowa\u0107 zasilana z gniazdka zapalniczki samochodowej.<br \/>\n<b>Charakterystyka kasy<\/b><br \/>\nObudowa kasy przyci\u0105ga uwag\u0119 nowoczesn\u0105 lini\u0105 wzornicz\u0105 i czytelnym, pod\u015bwietlanym na bia\u0142o, wy\u015bwietlaczem kasjera. Wyci\u0105gany, obrotowy i uchylny wy\u015bwietlacz klienta pozwala elastycznie dopasowa\u0107 si\u0119 do ka\u017cdych warunk\u00f3w jakie mog\u0105 zaistnie\u0107 na sklepowej ladzie. Wszystkie z\u0142\u0105cza s\u0105 umieszczone od spodu kasy, umo\u017cliwia to estetyczne pod\u0142\u0105czenie urz\u0105dze\u0144<br \/>\ni zasilacza. Termiczny mechanizm drukuj\u0105cy z bardzo wygodn\u0105 dla u\u017cytkownika funkcj\u0105 easy load (wrzu\u0107, zamknij, drukuj) drukuje na papierze o szeroko\u015bci 57 mm z pr\u0119dko\u015bci\u0105 15 wierszy na sekund\u0119.<br \/>\nBaza towarowa kasy mie\u015bci do 16 383 pozycji. Sprzeda\u017c na kasie mo\u017cna prowadzi\u0107 zar\u00f3wno w trybie komputerowym, jak<br \/>\ni tzw. ECR \u2013 zale\u017cnie od tego, do kt\u00f3rego sposobu przyzwyczajony jest u\u017cytkownik. Posiada wszystkie wymagane przepisami funkcje zwi\u0105zane z walutami: prezentacj\u0119 r\u00f3wnowarto\u015bci w drugiej walucie w relacji PLN\/EUR, mo\u017cliwo\u015b\u0107 rozliczenia paragonu w wielu walutach oraz szczeg\u00f3\u0142owe rozliczenie kasjera. Wsp\u00f3\u0142pracuje on-line z komputerem i najpopularniejszymi urz\u0105dzeniami peryferyjnymi. Posiada szereg funkcji niezb\u0119dnych w nowoczesnych systemach sprzeda\u017cy, m.in. umo\u017cliwia obs\u0142ug\u0119 kart rabatowych.<br \/>\n<b>Najwa\u017cniejsze cechy kasy ELZAB Alfa Max E<\/b><\/p>\n<ul>\n<li>starannie dopracowany i bardzo elastyczny system uprawnie\u0144 (administrowania) kasjer\u00f3w,<\/li>\n<li>raporty umo\u017cliwiaj\u0105ce pe\u0142ne rozliczenie pracy kasjer\u00f3w,<\/li>\n<li>komunikacja kasa \u2013 centrala &#8211; kasa za pomoc\u0105 wiadomo\u015bci tekstowych,<\/li>\n<li>obs\u0142uga rabat\u00f3w oraz promocji okresowych i kwotowych typu &#8222;3 w cenie 2&#8221;,<\/li>\n<li>funkcje eliminuj\u0105ce b\u0142\u0119dy kasjera: dok\u0142adno\u015b\u0107 podawanej ilo\u015bci, wielopoziomowe ograniczenia poziomu rabat\u00f3w, maksymalna suma paragonu, maksymalna got\u00f3wka w szufladzie itp.<\/li>\n<li>kopia elektroniczna paragon\u00f3w na karcie microSD, kt\u00f3rej pojemno\u015b\u0107 wystarczy na 5 lat eksploatacji kasy,<\/li>\n<li>obs\u0142uga do 8 walut, szczeg\u00f3\u0142owe raportowanie wp\u0142yw\u00f3w ze sprzeda\u017cy w walutach,<\/li>\n<li>opcja &#8222;zmiennej ceny&#8221; dla wybranych towar\u00f3w,<\/li>\n<li>wydzielona lista podr\u0119czna towar\u00f3w,<\/li>\n<li>obs\u0142uga systemu lojalno\u015bciowego opartego na kartach z kodem kreskowym,<\/li>\n<li>towar do sprzeda\u017cy mo\u017cna wybra\u0107 za pomoc\u0105 numeru w bazie towarowej, nazwy, kodu kreskowego lub zaprogramowanego klawisza,<\/li>\n<li>poszczeg\u00f3lne pozycje paragonu mo\u017cna przegl\u0105da\u0107, korygowa\u0107 lub usuwa\u0107 przed jego zamkni\u0119ciem,<\/li>\n<li>dost\u0119pna jest sprzeda\u017c wi\u0105zana, przydatna dla par towar\u00f3w, kt\u00f3re zawsze sprzedawane s\u0105 razem,<\/li>\n<li>do danego towaru mo\u017cna przypisa\u0107 dodatkowe kody kreskowe,<\/li>\n<li>kasa obs\u0142uguje sprzeda\u017c i przyjmowanie opakowa\u0144 zwrotnych,<\/li>\n<li>mo\u017cliwo\u015b\u0107 definiowania klawiszy realizuj\u0105cych szybk\u0105 sprzeda\u017c, p\u0142atno\u015bci, rabaty, raporty i inne funkcje,<\/li>\n<li>wsp\u00f3\u0142praca z wieloma wagami (system wag Prima) dla potrzeb stoisk bran\u017cowych (np. osobne wa\u017cenie w\u0119dlin i mi\u0119sa).<\/li>\n<\/ul>\n<p><b>Wy\u015bwietlacz kasjera <\/b><br \/>\nKasa posiada bardzo wygodny, czteroliniowy wy\u015bwietlacz kasjera (24 znaki w linii), kt\u00f3ry pozwala na przegl\u0105danie sprzedawanych pozycji, u\u0142atwia i przyspiesza poruszanie si\u0119 po menu kasy.<br \/>\nNa bie\u017c\u0105co wy\u015bwietlana jest suma paragonu. Przy podsumowaniu widoczna jest liczba pozycji, suma do zap\u0142aty, otrzymana kwota p\u0142atno\u015bci od klienta, wielko\u015b\u0107 reszty do wydania. Swobodny przegl\u0105d pozycji paragonowych u\u0142atwia kasjerowi prac\u0119 tak\u017ce w sytuacjach gdy konieczne jest skasowanie towaru.<\/td>\n<\/tr>\n<tr>\n<td valign=\"top\"><b>Wy\u015bwietlacz klienta<\/b><br \/>\nSegmentowy, 9 pozycyjny wy\u015bwietlacz klienta mo\u017ce pracowa\u0107 w pozycji standardowej, w kt\u00f3rej jest transportowana kasa. W zale\u017cno\u015bci od potrzeb wy\u015bwietlacz mo\u017cna wysun\u0105\u0107 w g\u00f3r\u0119, zwr\u00f3ci\u0107 w stosown\u0105 stron\u0119 (zakres regulacji obrotu 340 stopni), a tak\u017ce pochyla\u0107 po\u0142o\u017cenie w zakresie 29 stopni. Wszystko to by zapewni\u0107 klientowi komfort odczytu niezale\u017cnie od miejsca<br \/>\ni panuj\u0105cych na stanowisku sprzeda\u017cy warunk\u00f3w o\u015bwietlenia.<\/td>\n<td valign=\"top\"><img src=\"http:\/\/www.elzab.com.pl\/files\/alfa_max-e2da.jpg\" alt=\"\" border=\"0\" \/><br \/>\n<img src=\"http:\/\/www.elzab.com.pl\/files\/alfa_max-e3da.jpg\" alt=\"\" border=\"0\" \/><\/td>\n<\/tr>\n<tr>\n<td><b>Klawiatura<\/b><br \/>\nWygodna klawiatura z dost\u0119pem do 38 klawiszy funkcyjnych i numerycznych oraz 35 klawiszy znakowych z mo\u017cliwo\u015bci\u0105 definiowania, oferowana jest<br \/>\nw wersji modu\u0142owej.<\/td>\n<td valign=\"top\"><img loading=\"lazy\" src=\"http:\/\/www.elzab.com.pl\/files\/alfa_max_e_klaw1.jpg\" alt=\"\" width=\"250\" height=\"75\" border=\"0\" \/><\/td>\n<\/tr>\n<tr>\n<td><b>Wsp\u00f3\u0142praca z urz\u0105dzeniami<\/b><br \/>\nKasa ELZAB Alfa Max E poprzez porty komunikacji wsp\u00f3\u0142pracuje<br \/>\nz nast\u0119puj\u0105cymi urz\u0105dzeniami:<\/p>\n<ul>\n<li>komputerem PC (RJ45)<\/li>\n<li>wprost z <a href=\"http:\/\/www.elzab.com.pl\/kody_kreskowe\">czytnikami kod\u00f3w kreskowych <\/a>(PS2 klawiaturowy), przez rozga\u0142\u0119\u017anik z czytnikami szeregowymi RS232<\/li>\n<li><a href=\"http:\/\/www.elzab.com.pl\/wagi\">wagami<\/a> (bez przej\u015bci\u00f3wek i przystawek wagowych)<\/li>\n<li><a href=\"http:\/\/www.elzab.com.pl\/gamma\">szuflad\u0105 kasow\u0105 z rodziny ELZAB Gamma<\/a> (RJ12)<\/li>\n<li><a href=\"http:\/\/www.elzab.com.pl\/modem_kasowy_telekas-gsm\">modemem kasowym<\/a> (RJ45)<\/li>\n<\/ul>\n<\/td>\n<td valign=\"top\"><img loading=\"lazy\" src=\"http:\/\/www.elzab.com.pl\/files\/alfa_max_wtyki_net.jpg\" alt=\"\" width=\"250\" height=\"147\" border=\"0\" \/><\/td>\n<\/tr>\n<tr>\n<td colspan=\"2\">Wymiana danych pomi\u0119dzy komputerem a kas\u0105 nie zak\u0142\u00f3ca pracy kasy &#8211; odbywa si\u0119 w tle. Do jednego portu szeregowego<br \/>\nw komputerze mo\u017cna pod\u0142\u0105czy\u0107 maksymalnie grup\u0119 do 8 kas. Do tego celu s\u0142u\u017c\u0105 \u00bb <a title=\"multiplekser 4xRS232 \" href=\"http:\/\/www.elzab.com.pl\/multiplekser_4xrs232-rj\">multiplekser 4xRS232 <\/a>(do 4 kas)<br \/>\noraz \u00bb <a href=\"http:\/\/www.elzab.com.pl\/multiplekser_8xrs232-rj\">multiplekser 8xRS232<\/a> (do 8 kas).<b>Kopia elektroniczna<\/b><br \/>\nKasa ELZAB Alfa Max E posiada zapis elektronicznej kopii paragon\u00f3w. Umo\u017cliwia przechowywanie kopii paragon\u00f3w na karcie microSD oraz ich drukowanie i tworzenie kopii bezpiecze\u0144stwa. Pojemno\u015b\u0107 karty wystarcza na 5 lat eksploatacji kasy.<br \/>\nGniazdo karty jest zakryte i zabezpieczone metalow\u0105 os\u0142on\u0105, kt\u00f3ra chroni j\u0105 przed wyj\u0119ciem przez osoby nieuprawnione lub zgubieniem.<br \/>\n<b>Gotowo\u015b\u0107 na Euro, p\u0142atno\u015bci walutowe<\/b><br \/>\nELZAB Alfa Max E jest przygotowana do operacji przej\u015bcia na walut\u0119 Euro jako podstawowy \u015brodek p\u0142atniczy w Polsce.<br \/>\nFunkcja \u201edefinicja waluty ewidencyjnej\u201d pozwala na okre\u015blenie daty przej\u015bcia na Euro. Wszystkie czynno\u015bci niezb\u0119dne do skutecznej zmiany waluty ewidencyjnej i poprawnych rozlicze\u0144 fiskalnych s\u0105 podpowiadane przez kas\u0119 podczas ca\u0142ego procesu zmiany waluty.<br \/>\nKasa umo\u017cliwia przyjmowanie p\u0142atno\u015bci w o\u015bmiu walutach. Wydawanie reszty mo\u017ce odbywa\u0107 si\u0119 w walucie lub w z\u0142ot\u00f3wkach. W konfiguracji kasy definiowane s\u0105 kursy wymiany oraz symbole walut.<br \/>\n<b>Funkcje usprawniaj\u0105ce obs\u0142ug\u0119<br \/>\nwyb\u00f3r trybu sprzeda\u017cy<\/b><br \/>\nSprzeda\u017c na kasie mo\u017cna prowadzi\u0107 zar\u00f3wno w trybie komputerowym jak i ECR \u2013 zale\u017cnie od tego, do kt\u00f3rego sposobu przyzwyczajony jest u\u017cytkownik.<br \/>\nW zale\u017cno\u015bci od organizacji sklepu mo\u017cna na przyk\u0142ad ograniczy\u0107 spos\u00f3b wyboru towaru tylko za pomoc\u0105 kodu kreskowego lub wy\u0142\u0105czy\u0107 wybieranie towaru wed\u0142ug nazwy.<br \/>\n<b>edycja paragonu, podgl\u0105d sprzeda\u017cy <\/b><br \/>\nFunkcja edycji paragonu przy d\u0142ugich paragonach mo\u017ce by\u0107 wykorzystywana do kontroli poszczeg\u00f3lnych pozycji paragonu.<br \/>\nW czasie tworzenia paragonu mo\u017cliwe jest wy\u015bwietlenie warto\u015bci podsumy paragonu oraz sumarycznej ilo\u015bci zrealizowanych pozycji.<br \/>\nFunkcja &#8222;wy\u015bwietl sprzeda\u017c&#8221; pozwala na przegl\u0105danie ilo\u015bci i warto\u015bci sprzedanych towar\u00f3w, a dla opakowa\u0144 zwrotnych dodatkowo ilo\u015bci i warto\u015bci zwrot\u00f3w.<br \/>\nFunkcja podgl\u0105d paragonu zdefiniowana na klawiszu funkcyjnym polega na chwilowym wysuni\u0119ciu paragonu w celu sprawdzenia ostatnich wydrukowanych linii.<br \/>\n<b>Funkcje wspieraj\u0105ce lojalno\u015b\u0107 klienta<\/b><br \/>\n<b>rabaty, narzuty, promocje<\/b><br \/>\nRabaty i promocje obowi\u0105zuj\u0105 czasowo i uaktywniaj\u0105 si\u0119 wg warunk\u00f3w zdefiniowanych w konfiguracji. Poza automatycznymi rabatami na pozycj\u0119 (udzielane dla okre\u015blonego towaru lub okre\u015blonej grupy towarowej) i paragon (dla grupy lub wszystkich towar\u00f3w) kasa umo\u017cliwia udzielenie rabatu typu Promocja. Dla transakcji w okre\u015blonych przedzia\u0142ach cenowych mo\u017cna przydziela\u0107 do 3 prog\u00f3w rabatowych, np. od 10 do 20 z\u0142 \u2013 1%, od 21 do 50 z\u0142 \u2013 2%, 50 do 100 z\u0142 \u2013 3%. Promocja to rabat typu 3 w cenie 2. Przyk\u0142ad: definiujemy pr\u00f3g 30 z\u0142 i wysoko\u015b\u0107 rabatu 10 z\u0142, przy sprzeda\u017cy 3 szt. towaru w cenie jednostkowej 10 z\u0142 udzielony zostanie rabat w wysoko\u015bci 10 z\u0142 \u2013 trzy pozycje zostan\u0105 sprzedane w cenie dw\u00f3ch. Promocja mo\u017ce by\u0107 zdefiniowana raz dla danego towaru.<br \/>\n<b>Obs\u0142uga kart rabatowych <\/b><br \/>\nKasa obs\u0142uguje karty rabatowe z kodem kreskowym. W kodzie kreskowym karty rabatowej poza standardowymi danymi takimi jak: identyfikator karty, data wa\u017cno\u015bci karty i indeks rabatu mo\u017cna umie\u015bci\u0107 inne dane (cyfrowe) kt\u00f3re nie b\u0119d\u0105 interpretowane przez kas\u0119. S\u0105 to np. numer kolejny karty lub klienta. Cyfry ca\u0142ego kodu z kart zapisywane s\u0105 do bufora pozycji paragonowych co umo\u017cliwia przekazywanie do systemu zarz\u0105dzaj\u0105cego szczeg\u00f3\u0142owych danych o zakupach na dan\u0105 kart\u0119 rabatow\u0105. Okre\u015blona na karcie rabatowej wysoko\u015b\u0107 rabatu procentowego dotyczy ca\u0142ego paragonu.<b>wiadomo\u015bci sms &#8211; informacje z kasy prosto do centrali<\/b><br \/>\nWykorzystanie tej funkcji jest uwarunkowane obs\u0142ug\u0105 przez aplikacje programow\u0105. Za po\u015brednictwem funkcji &#8222;wiadomo\u015bci kasjera&#8221; kasa ELZAB Alfa Max E pozwala komunikowa\u0107 si\u0119 dwukierunkowo w instalacjach rozproszonych pomi\u0119dzy sklepem<br \/>\na central\u0105. Tre\u015b\u0107 wiadomo\u015bci wychodz\u0105cej (do 240 znak\u00f3w) zapisywana jest do bufora kasy i podobnie jak pozycje paragonowe, podczas transmisji przesy\u0142ana do centrali.<\/td>\n<\/tr>\n<\/tbody>\n<\/table>\n<\/div>\n<\/div>\n","protected":false},"excerpt":{"rendered":"<p>&nbsp; \u00a0\u00a0\u00a0\u00a0\u00a0\u00a0 Per\u0142a Rynku 2012 Wyb\u00f3r Detalist\u00f3w, Jako\u015b\u0107 Roku 2011 dla rodziny kas ELZAB Alfa Max E oraz Medal Europejski dla rodziny kas ELZAB Alfa MAX przyznany przez Business Centre Club i\u00a0Europejski Komitet Ekonomiczno-Spo\u0142eczny UNIWERSALNA Zdaniem eksperta: \u201eDu\u017cy i wyra\u017any wy\u015bwietlacz, przemy\u015blany uk\u0142ad klawiatury, mechanizm easy load, znakomita wsp\u00f3\u0142praca z wagami znacznie przy\u015bpieszaj\u0105 obs\u0142ug\u0119 klient\u00f3w. &hellip; <a href=\"https:\/\/www.skelpie.eu\/?page_id=159\" class=\"more-link\">Czytaj dalej <span class=\"screen-reader-text\">Kasa fiskalna Elzab Alfa Max<\/span> <span class=\"meta-nav\">&rarr;<\/span><\/a><\/p>\n","protected":false},"author":1,"featured_media":0,"parent":0,"menu_order":0,"comment_status":"closed","ping_status":"closed","template":"","meta":[],"_links":{"self":[{"href":"https:\/\/www.skelpie.eu\/index.php?rest_route=\/wp\/v2\/pages\/159"}],"collection":[{"href":"https:\/\/www.skelpie.eu\/index.php?rest_route=\/wp\/v2\/pages"}],"about":[{"href":"https:\/\/www.skelpie.eu\/index.php?rest_route=\/wp\/v2\/types\/page"}],"author":[{"embeddable":true,"href":"https:\/\/www.skelpie.eu\/index.php?rest_route=\/wp\/v2\/users\/1"}],"replies":[{"embeddable":true,"href":"https:\/\/www.skelpie.eu\/index.php?rest_route=%2Fwp%2Fv2%2Fcomments&post=159"}],"version-history":[{"count":5,"href":"https:\/\/www.skelpie.eu\/index.php?rest_route=\/wp\/v2\/pages\/159\/revisions"}],"predecessor-version":[{"id":512,"href":"https:\/\/www.skelpie.eu\/index.php?rest_route=\/wp\/v2\/pages\/159\/revisions\/512"}],"wp:attachment":[{"href":"https:\/\/www.skelpie.eu\/index.php?rest_route=%2Fwp%2Fv2%2Fmedia&parent=159"}],"curies":[{"name":"wp","href":"https:\/\/api.w.org\/{rel}","templated":true}]}}