{"id":173,"date":"2015-02-05T20:37:51","date_gmt":"2015-02-05T20:37:51","guid":{"rendered":"http:\/\/192.168.1.110\/skelpie\/?page_id=173"},"modified":"2020-11-12T18:32:50","modified_gmt":"2020-11-12T18:32:50","slug":"kontakt","status":"publish","type":"page","link":"https:\/\/www.skelpie.eu\/?page_id=173","title":{"rendered":"Kontakt"},"content":{"rendered":"<h5>SKELPIE CONSULTING<br \/>\nP\u0142ocka 42<br \/>\n87-800 W\u0142oc\u0142awek<br \/>\nNIP: 888-176-20-84<\/h5>\n<p>tel. 54 233 85 06<br \/>\ntel.\/fax 54 420 13 09<br \/>\ntel. kom\/serwis. 668 039 899<\/p>\n<p>e-mail: skelpie@skelpie.eu<\/p>\n<p><iframe loading=\"lazy\" style=\"border: 0;\" src=\"https:\/\/www.google.com\/maps\/embed?pb=!1m18!1m12!1m3!1d1210.3965836395662!2d19.09771649867871!3d52.645649718102206!2m3!1f0!2f0!3f0!3m2!1i1024!2i768!4f13.1!3m3!1m2!1s0x0000000000000000%3A0xda08d0b7faad7d55!2sSKELPIE!5e0!3m2!1spl!2spl!4v1423594991897\" width=\"600\" height=\"450\" frameborder=\"0\"><\/iframe><br \/>\n<div id=\"cscf\" class=\"cscfBlock\">\t<div class=\"cscfMessageSent\" style=\"display:none;\">\t\t<h3>Wy\u015blij wiadomo\u015b\u0107<\/h3><p>Dzi\u0119kuj\u0119 za Twoj\u0105 wiadomo\u015b\u0107, wkr\u00f3tce skontaktuje si\u0119 z Pa\u0144stwem. <\/p>\t<\/div>\t<div class=\"cscfMessageNotSent\" style=\"display:none;\">\t\t<p>Przepraszamy, wyst\u0105pi\u0142 b\u0142\u0105d i wiadomo\u015b\u0107 nie zosta\u0142a wys\u0142ana.<\/p>\t<\/div>\t<div class=\"cscfForm\">\t\t<p>Prosz\u0119 wpisa\u0107 dane kontaktowe i kr\u00f3tk\u0105 wiadomo\u015b\u0107 na kt\u00f3r\u0105 postaram si\u0119 odpowiedzie\u0107 jak najszybciej.<\/p>\t\t<form role=\"form\" id=\"frmCSCF\" name=\"frmCSCF\" method=\"post\">\t\t\t<input type=\"hidden\" id=\"cscf_nonce\" name=\"cscf_nonce\" value=\"e2efb0ffcf\" \/><input type=\"hidden\" name=\"_wp_http_referer\" value=\"\/index.php?rest_route=%2Fwp%2Fv2%2Fpages%2F173\" \/>\t\t\t<input type=\"hidden\" name=\"post-id\" value=\"173\">\t\t\t\t\t\t<!-- name -->\t\t\t<div class=\"control-group form-group\">\t\t\t\t<label for=\"cscf_name\">Imi\u0119 i nazwisko:<\/label>\t\t\t\t<div class=\"\">\t\t\t\t\t\t\t\t\t\t<input class=\"form-control input-xlarge\"\t\t\t\t\t       data-rule-required=\"true\"\t\t\t\t\t       data-msg-required=\"Prosimy wpisa\u0107 imi\u0119 i nazwisko.\"\t\t\t\t\t       type=\"text\" id=\"cscf_name\" name=\"cscf[name]\"\t\t\t\t\t       value=\"\"\t\t\t\t\t       placeholder=\"Twoje imi\u0119 i nazwisko\"\t\t\t\t\t\t\/>\t\t\t\t<\/div>                <span for=\"cscf_name\" class=\"help-inline help-block error\"                      style=\"display:none;\">                                    <\/span>\t\t\t<\/div>\t\t\t<!--email address-->\t\t\t<div class=\"control-group form-group\">\t\t\t\t<label for=\"cscf_email\">Adres e-mail:<\/label>\t\t\t\t<div class=\"\">\t\t\t\t\t\t\t\t\t\t<input class=\"form-control input-xlarge\"\t\t\t\t\t       data-rule-required=\"true\"\t\t\t\t\t       data-rule-email=\"true\"\t\t\t\t\t       data-msg-required=\"Prosimy poda\u0107 adres e-mail.\"\t\t\t\t\t       data-msg-email=\"Prosimy wpisa\u0107 poprawny adres e-mail.\"\t\t\t\t\t       type=\"email\" id=\"cscf_email\" name=\"cscf[email]\"\t\t\t\t\t       value=\"\"\t\t\t\t\t       placeholder=\"Tw\u00f3j adres e-mail\"\t\t\t\t\t\t\/>\t\t\t\t<\/div>                <span for=\"cscf_email\" class=\"help-inline help-block error\"                      style=\"display:none;\">                                    <\/span>\t\t\t<\/div>\t\t\t\t\t\t\t<!--confirm email address -->\t\t\t\t<div class=\"control-group form-group\">\t\t\t\t\t<label for=\"cscf_confirm-email\">Potwierd\u017a adres e-mail:<\/label>\t\t\t\t\t<div class=\"\">\t\t\t\t\t\t\t\t\t\t\t\t<input class=\"form-control input-xlarge\"\t\t\t\t\t\t       data-rule-required=\"true\"\t\t\t\t\t\t       data-rule-email=\"true\"\t\t\t\t\t\t       data-rule-equalTo=\"#cscf_email\"\t\t\t\t\t\t       data-msg-required=\"Ponownie wpisz sw\u00f3j adres e-mail\"\t\t\t\t\t\t       data-msg-email=\"Prosimy wpisa\u0107 poprawny adres e-mail.\"\t\t\t\t\t\t       data-msg-equalTo=\"Ponownie wpisz sw\u00f3j adres e-mail\"\t\t\t\t\t\t       type=\"email\" id=\"cscf_confirm-email\" name=\"cscf[confirm-email]\"\t\t\t\t\t\t       value=\"\"\t\t\t\t\t\t       placeholder=\"Potwierd\u017a sw\u00f3j adres e-mail\"\t\t\t\t\t\t\t\/>\t\t\t\t\t<\/div>                <span for=\"cscf_confirm-email\" class=\"help-inline help-block error\"                      style=\"display:none;\">                                    <\/span>\t\t\t\t<\/div>\t\t\t\t\t\t<!-- message -->\t\t\t<div class=\"control-group form-group\">\t\t\t\t<label for=\"cscf_message\">Wiadomo\u015b\u0107:<\/label>\t\t\t\t<div class=\"\">\t\t\t\t\t\t\t\t\t\t<textarea class=\"form-control input-xlarge\"\t\t\t\t\t          data-rule-required=\"true\"\t\t\t\t\t          data-msg-required=\"Wpisz wiadomo\u015b\u0107.\"\t\t\t\t\t          id=\"cscf_message\" name=\"cscf[message]\" rows=\"10\"\t\t\t\t\t          placeholder=\"Twoja wiadomo\u015b\u0107\"><\/textarea>\t\t\t\t<\/div>\t\t\t\t\t<span for=\"cscf_message\" class=\"help-inline help-block error\"\t\t\t\t\t      style=\"display:none;\">                                    <\/span>\t\t\t<\/div>\t\t\t\t\t\t\t<!-- email to sender -->\t\t\t\t<div class=\"control-group form-group\">\t\t\t\t\t<label for=\"cscf_email-sender\">Wy\u015blij mi kopi\u0119:<\/label>\t\t\t\t\t<div class=\"\">\t\t\t\t\t\t\t\t\t\t\t\t<input  type=\"checkbox\"\t\t\t\t\t\t                                                                       id=\"cscf_email-sender\"\t\t\t\t\t\t                                                                       name=\"cscf[email-sender]\">\t\t\t\t\t<\/div>\t\t\t\t\t\t<span for=\"cscf_email-sender\" class=\"help-inline help-block error\"\t\t\t\t\t\t      style=\"display:none;\">                                            <\/span>\t\t\t\t<\/div>\t\t\t\t\t\t\t\t\t<!-- recaptcha -->\t\t\t\t\t\t\t<div class=\"control-group form-group\">\t\t\t\t\t<div id=\"recaptcha_div\">\t\t\t\t\t\t<div class=\"g-recaptcha\" data-theme=\"blackglass\"\t\t\t\t\t\t     data-sitekey=\"6Ldl_QETAAAAAO9vMj2AGdEjz4Tg8JEKDTq_ltY5\"><\/div>\t\t\t\t\t\t<div for=\"cscf_recaptcha\"\t\t\t\t\t\t     class=\"help-block has-error error\"><\/div>\t\t\t\t\t\t<noscript>\t\t\t\t\t\t\t<div style=\"width: 302px; height: 422px;\">\t\t\t\t\t\t\t\t<div style=\"width: 302px; height: 422px; position: relative;\">\t\t\t\t\t\t\t\t\t<div style=\"width: 302px; height: 422px; position: absolute;\">\t\t\t\t\t\t\t\t\t\t<iframe\t\t\t\t\t\t\t\t\t\t\tsrc=\"https:\/\/www.google.com\/recaptcha\/api\/fallback?k=6Ldl_QETAAAAAO9vMj2AGdEjz4Tg8JEKDTq_ltY5\"\t\t\t\t\t\t\t\t\t\t\tframeborder=\"0\" scrolling=\"no\"\t\t\t\t\t\t\t\t\t\t\tstyle=\"width: 302px; height:422px; border-style: none;\">\t\t\t\t\t\t\t\t\t\t<\/iframe>\t\t\t\t\t\t\t\t\t<\/div>\t\t\t\t\t\t\t\t\t<div style=\"width: 300px; height: 60px; border-style: none;                  bottom: 12px; left: 25px; margin: 0px; padding: 0px; right: 25px;                  background: #f9f9f9; border: 1px solid #c1c1c1; border-radius: 3px;\">        <textarea id=\"g-recaptcha-response\" name=\"g-recaptcha-response\"                  class=\"g-recaptcha-response\"                  style=\"width: 250px; height: 40px; border: 1px solid #c1c1c1;                         margin: 10px 25px; padding: 0px; resize: none;\">        <\/textarea>\t\t\t\t\t\t\t\t\t<\/div>\t\t\t\t\t\t\t\t<\/div>\t\t\t\t\t\t\t<\/div>\t\t\t\t\t\t<\/noscript>\t\t\t\t\t<\/div>\t\t\t\t<\/div>\t\t\t\t\t\t<input type=\"submit\" id=\"cscf_SubmitButton\" class=\"btn btn-default\" value=\"Wy\u015blij wiadomo\u015b\u0107\"\/>\t\t<\/form>\t<\/div><\/div>\n","protected":false},"excerpt":{"rendered":"<p>SKELPIE CONSULTING P\u0142ocka 42 87-800 W\u0142oc\u0142awek NIP: 888-176-20-84 tel. 54 233 85 06 tel.\/fax 54 420 13 09 tel. kom\/serwis. 668 039 899 e-mail: skelpie@skelpie.eu<\/p>\n","protected":false},"author":1,"featured_media":0,"parent":0,"menu_order":0,"comment_status":"closed","ping_status":"closed","template":"","meta":[],"_links":{"self":[{"href":"https:\/\/www.skelpie.eu\/index.php?rest_route=\/wp\/v2\/pages\/173"}],"collection":[{"href":"https:\/\/www.skelpie.eu\/index.php?rest_route=\/wp\/v2\/pages"}],"about":[{"href":"https:\/\/www.skelpie.eu\/index.php?rest_route=\/wp\/v2\/types\/page"}],"author":[{"embeddable":true,"href":"https:\/\/www.skelpie.eu\/index.php?rest_route=\/wp\/v2\/users\/1"}],"replies":[{"embeddable":true,"href":"https:\/\/www.skelpie.eu\/index.php?rest_route=%2Fwp%2Fv2%2Fcomments&post=173"}],"version-history":[{"count":6,"href":"https:\/\/www.skelpie.eu\/index.php?rest_route=\/wp\/v2\/pages\/173\/revisions"}],"predecessor-version":[{"id":999,"href":"https:\/\/www.skelpie.eu\/index.php?rest_route=\/wp\/v2\/pages\/173\/revisions\/999"}],"wp:attachment":[{"href":"https:\/\/www.skelpie.eu\/index.php?rest_route=%2Fwp%2Fv2%2Fmedia&parent=173"}],"curies":[{"name":"wp","href":"https:\/\/api.w.org\/{rel}","templated":true}]}}