{"id":188,"date":"2015-02-05T21:12:37","date_gmt":"2015-02-05T21:12:37","guid":{"rendered":"http:\/\/192.168.1.110\/skelpie\/?page_id=188"},"modified":"2015-02-05T21:14:15","modified_gmt":"2015-02-05T21:14:15","slug":"small-business","status":"publish","type":"page","link":"https:\/\/www.skelpie.eu\/?page_id=188","title":{"rendered":"Small Business &#8211; Symplex"},"content":{"rendered":"<h1 id=\"page-title\" class=\"title\"><\/h1>\n<div class=\"tabs\"><\/div>\n<article id=\"node-129\" class=\"node node-page node-odd published with-comments clearfix\">\n<div class=\"content\">\n<div class=\"field field-name-body field-type-text-with-summary field-label-hidden\">\n<div class=\"field-items\">\n<div class=\"field-item even\"><a href=\"http:\/\/192.168.1.110\/skelpie\/wp-content\/uploads\/2015\/02\/sb.jpg\"><img loading=\"lazy\" class=\"alignnone size-medium wp-image-189 aligncenter\" src=\"http:\/\/192.168.1.110\/skelpie\/wp-content\/uploads\/2015\/02\/sb-300x210.jpg\" alt=\"sb\" width=\"300\" height=\"210\" srcset=\"https:\/\/www.skelpie.eu\/wp-content\/uploads\/2015\/02\/sb-300x210.jpg 300w, https:\/\/www.skelpie.eu\/wp-content\/uploads\/2015\/02\/sb.jpg 654w\" sizes=\"(max-width: 300px) 100vw, 300px\" \/><\/a><br \/>\nProgram Small Business przeznaczony jest do kompleksowej obs\u0142ugi ma\u0142ych i \u015brednich firm ze szczeg\u00f3lnym uwzgl\u0119dnieniem firm handlowych posiadaj\u0105cych urz\u0105dzenia fiskalne.Mimo swej wszechstronno\u015bci program jest \u0142atwy w obs\u0142udze, posiada przyjazn\u0105 platform\u0119 komunikacji z u\u017cytkownikiem, a co najwa\u017cniejsze doskonale sprawdza si\u0119 w codziennej praktyce. Program wyposa\u017cony jest w szerokie mo\u017cliwo\u015bci raportowania, a w\u015br\u00f3d jego szczeg\u00f3lnych cech nale\u017cy wymieni\u0107 du\u017c\u0105 elastyczno\u015b\u0107 pozwalaj\u0105c\u0105 na dostosowanie programu do indywidualnych potrzeb u\u017cytkownika.<\/p>\n<h4><strong>WYBRANE ZALETY PROGRAMU SMALL BUSINESS:\u00a0\u00a0<\/strong><\/h4>\n<ul>\n<li>stabilna praca w \u015brodowisku Windows (9x, ME, 2000, NT, XP, Vista, Windows7)<\/li>\n<li>niewielkie wymagania sprz\u0119towe<\/li>\n<li>wsp\u00f3\u0142praca z wi\u0119kszo\u015bci\u0105 urz\u0105dze\u0144 fiskalnych (kasy, wagi, drukarki, itp.)<\/li>\n<li>\u0142atwo\u015b\u0107 wdro\u017cenia i obs\u0142ugi<\/li>\n<li>telefoniczna pomoc techniczna<\/li>\n<li>tworzy liczne raporty i analizy<\/li>\n<li>obs\u0142uguje karty rabatowe<\/li>\n<li>eksport\/import danych w r\u00f3\u017cnych formatach<\/li>\n<li>komunikacja z innymi programami i urz\u0105dzeniami przez internet<\/li>\n<li>\u0142atwa edycja wygl\u0105du dokument\u00f3w<\/li>\n<li>wsp\u00f3\u0142praca z P\u0142atnikiem<\/li>\n<li>zaawansowana ochrona bezpiecze\u0144stwa danych<\/li>\n<\/ul>\n<h3><strong>Szczeg\u00f3\u0142owa specyfikacja programu:<\/strong><\/h3>\n<h4>PROGRAM DO FAKTUROWANIA:<\/h4>\n<ul>\n<li><a href=\"http:\/\/symplex.pl\/?q=node\/216\">Small Business &#8211; Mini<\/a><\/li>\n<\/ul>\n<h4>PROGRAM PODSTAWOWY:<\/h4>\n<ul>\n<li><a href=\"http:\/\/symplex.pl\/?q=node\/217\">Small Business &#8211; Sprzeda\u017c<\/a><\/li>\n<\/ul>\n<h4>DODATKOWE MODU\u0141Y:<\/h4>\n<ul>\n<li><a href=\"http:\/\/symplex.pl\/?q=node\/219\">kasy fiskalne<\/a><\/li>\n<li><a href=\"http:\/\/symplex.pl\/?q=node\/220\">kadry p\u0142ace<\/a><\/li>\n<li><a href=\"http:\/\/symplex.pl\/?q=node\/221\">ksi\u0119ga podatkowa<\/a><\/li>\n<li><a href=\"http:\/\/symplex.pl\/?q=node\/222\">ksi\u0119ga handlowa<\/a><\/li>\n<li><a href=\"http:\/\/symplex.pl\/?q=node\/223\">praca sieciowa<\/a><\/li>\n<li><a href=\"http:\/\/symplex.pl\/?q=node\/132\">samodzielne stanowiska POS (opis)<\/a><\/li>\n<li>filie (przesy\u0142anie danych pomi\u0119dzy filiami firmy a central\u0105), wyst\u0119puj\u0105 w odmianach:<\/li>\n<\/ul>\n<p>&#8211; <a href=\"http:\/\/symplex.pl\/?q=node\/165\">filie magazynowe<\/a><br \/>\n&#8211; <a href=\"http:\/\/symplex.pl\/?q=node\/165\">filie uproszczone<\/a><br \/>\n&#8211; <a href=\"http:\/\/symplex.pl\/?q=node\/159\">filie POS (opis)<\/a><\/p>\n<h4>WSP\u00d3\u0141PRACA Z URZ\u0104DZENIAMI ZEWN\u0118TRZNYMI:<\/h4>\n<ul>\n<li>Kasy fiskalne<\/li>\n<li>Drukarki fiskalne<\/li>\n<li>Inwentaryzatory<\/li>\n<li>Drukarki kod\u00f3w<\/li>\n<li>Sprawdzarki cen<\/li>\n<li>Wagi metkuj\u0105ce<\/li>\n<li>Wagi kalkulacyjne<\/li>\n<li>Urz\u0105dzenia mobilne<\/li>\n<li>Drukarki kuchenne<\/li>\n<li>Wy\u015bwietlacze zewn\u0119trzne<\/li>\n<li>Terminale p\u0142atnicze<\/li>\n<li>Dystrybutory paliw<\/li>\n<\/ul>\n<p><a href=\"http:\/\/symplex.pl\/?q=node\/29\">Zobacz szczeg\u00f3\u0142ow\u0105 list\u0119 obs\u0142ugiwanych urz\u0105dze\u0144 wg producent\u00f3w &gt;&gt;&gt;<\/a><\/p>\n<h4>WSP\u00d3\u0141PRACA Z SYSTEMAMI ZEWN\u0118TRZNYMI (HURTOWNIAMI):<\/h4>\n<ul>\n<li><a href=\"http:\/\/symplex.pl\/?q=node\/193\">Polbita &#8211; wtyczka (opis)*<\/a><\/li>\n<li>Eurocash &#8211; opcja w programie<\/li>\n<li>Merkury &#8211; opcja w programie***<\/li>\n<li><a href=\"http:\/\/symplex.pl\/?q=node\/185\">Forum &#8211; wtyczka (opis)*<\/a><\/li>\n<li>PSI &#8211; program konwertuj\u0105cy<\/li>\n<li><a href=\"http:\/\/symplex.pl\/?q=node\/187\">Hurt &#8211; wtyczka (opis)*<\/a><\/li>\n<\/ul>\n<p>*\u00a0\u00a0\u00a0 wtyczki s\u0105 dost\u0119pne bezp\u0142atnie na stronie: <a href=\"http:\/\/symplex.pl\/?q=node\/138\">Wtyczki<\/a><br \/>\n**\u00a0\u00a0 dodawana bezp\u0142atnie na \u017cyczenie u\u017cytkownika<br \/>\n***\u00a0 dodawana bezp\u0142atnie dla cz\u0142onk\u00f3w systemu Merkury<\/p>\n<h4>WCZYTYWANIE FAKTUR ZAKUPU Z PROGRAM\u00d3W:<\/h4>\n<ul>\n<li>Eurocash<\/li>\n<li>Subiekt<\/li>\n<li>Kolporter<\/li>\n<li>McLane<\/li>\n<li>ESH Merkury<\/li>\n<li>WF-Mag*<\/li>\n<li>Selgros*<\/li>\n<li>Subiekt GT*<\/li>\n<li>Subiekt<\/li>\n<li>Sygel-Jool*<\/li>\n<li>Slawex*<\/li>\n<li>Ruch*<\/li>\n<li>Hart Autocz\u0119\u015bci*<\/li>\n<li>BRW Meble*<\/li>\n<li>Else*<\/li>\n<li>PSI*\u00a0 i inne. Zobacz list\u0119 wszystkich obs\u0142ugiwanych import\u00f3w<\/li>\n<\/ul>\n<p>*\u00a0 opcja dost\u0119pna po wgraniu wtyczki konwertuj\u0105cej<\/p>\n<h4>WSP\u00d3\u0141PRACA Z SYSTEMAMI BANKOWYMI (EKSPORT PRZELEW\u00d3W):<\/h4>\n<ul>\n<li>Elixir Bank \u015al\u0105ski<\/li>\n<li>Minibank Bank BZWBK<\/li>\n<li>Superkonto PKO BP<\/li>\n<li>Elixir Bank BPH<\/li>\n<li>Elixir Bank PKO BP (program Kontakt)<\/li>\n<li>Elixir Bank PKO SA (program Proffice)<\/li>\n<li>Konto internetowe Sezam (Bank BPH)<\/li>\n<li>Konto internetowe KB24 (Kredyt Bank)<\/li>\n<li>Konto internetowe Raiffeisen Bank<\/li>\n<li>Elixir Invest Bank<\/li>\n<li>Elixir BRE Bank &#8211; iBRE<\/li>\n<\/ul>\n<h4>EKSPORT DANYCH DO PROGRAM\u00d3W KSI\u0118GOWYCH:<\/h4>\n<ul>\n<li>Symfonia FK Altokom Matrix<\/li>\n<li>Rewizor\/Rachmistrz (EDI++)<\/li>\n<li>KH CDN<\/li>\n<li>AC Nielsen<\/li>\n<li>FIKS Macrosoft<\/li>\n<li>LD Lewiatan Detal<\/li>\n<li>Comped Bonus<\/li>\n<li>FK Agrobex<\/li>\n<li>FK1<\/li>\n<li>FK2<\/li>\n<li>F32 System (Micrus)<\/li>\n<li>FK Procomp &#8211; Skocz\u00f3w<\/li>\n<li>Buchalter GrafSoft<\/li>\n<li>KPiR Wapro<\/li>\n<li>FaKiR Wapro<\/li>\n<li>KPiR Varico<\/li>\n<li>KsH Varico<\/li>\n<li>FK Yuma<\/li>\n<li>Softar<\/li>\n<li>ECOD ComArch<\/li>\n<li>Finka Tik-Soft<\/li>\n<li>EBI Anica System<\/li>\n<\/ul>\n<\/div>\n<\/div>\n<\/div>\n<\/div>\n<\/article>\n","protected":false},"excerpt":{"rendered":"<p>Program Small Business przeznaczony jest do kompleksowej obs\u0142ugi ma\u0142ych i \u015brednich firm ze szczeg\u00f3lnym uwzgl\u0119dnieniem firm handlowych posiadaj\u0105cych urz\u0105dzenia fiskalne.Mimo swej wszechstronno\u015bci program jest \u0142atwy w obs\u0142udze, posiada przyjazn\u0105 platform\u0119 komunikacji z u\u017cytkownikiem, a co najwa\u017cniejsze doskonale sprawdza si\u0119 w codziennej praktyce. Program wyposa\u017cony jest w szerokie mo\u017cliwo\u015bci raportowania, a w\u015br\u00f3d jego szczeg\u00f3lnych cech nale\u017cy &hellip; <a href=\"https:\/\/www.skelpie.eu\/?page_id=188\" class=\"more-link\">Czytaj dalej <span class=\"screen-reader-text\">Small Business &#8211; Symplex<\/span> <span class=\"meta-nav\">&rarr;<\/span><\/a><\/p>\n","protected":false},"author":1,"featured_media":0,"parent":0,"menu_order":0,"comment_status":"closed","ping_status":"closed","template":"","meta":[],"_links":{"self":[{"href":"https:\/\/www.skelpie.eu\/index.php?rest_route=\/wp\/v2\/pages\/188"}],"collection":[{"href":"https:\/\/www.skelpie.eu\/index.php?rest_route=\/wp\/v2\/pages"}],"about":[{"href":"https:\/\/www.skelpie.eu\/index.php?rest_route=\/wp\/v2\/types\/page"}],"author":[{"embeddable":true,"href":"https:\/\/www.skelpie.eu\/index.php?rest_route=\/wp\/v2\/users\/1"}],"replies":[{"embeddable":true,"href":"https:\/\/www.skelpie.eu\/index.php?rest_route=%2Fwp%2Fv2%2Fcomments&post=188"}],"version-history":[{"count":2,"href":"https:\/\/www.skelpie.eu\/index.php?rest_route=\/wp\/v2\/pages\/188\/revisions"}],"predecessor-version":[{"id":192,"href":"https:\/\/www.skelpie.eu\/index.php?rest_route=\/wp\/v2\/pages\/188\/revisions\/192"}],"wp:attachment":[{"href":"https:\/\/www.skelpie.eu\/index.php?rest_route=%2Fwp%2Fv2%2Fmedia&parent=188"}],"curies":[{"name":"wp","href":"https:\/\/api.w.org\/{rel}","templated":true}]}}