{"id":19,"date":"2015-02-02T19:25:58","date_gmt":"2015-02-02T19:25:58","guid":{"rendered":"http:\/\/192.168.1.110\/skelpie\/?page_id=19"},"modified":"2015-02-19T19:59:36","modified_gmt":"2015-02-19T19:59:36","slug":"kc-firma","status":"publish","type":"page","link":"https:\/\/www.skelpie.eu\/?page_id=19","title":{"rendered":"KC Market &#8211; Kucharscy s.c."},"content":{"rendered":"<h3 style=\"text-align: justify;\">Jeden z najpopularniejszych system\u00f3w sprzeda\u017cy detalicznej w Polsce. Do jego najwi\u0119kszych zalet zaliczy\u0107 mo\u017cna niew\u0105tpliw\u0105 przyst\u0119pno\u015b\u0107 i prostot\u0119 obs\u0142ugi, przy zachowaniu niespotykanej elastyczno\u015bci. Ca\u0142y pakiet oprogramowania bazuje na bibliotekach MS Access, przez co system ten jest zgodny z filozofi\u0105 Windows :). Firma nasza bierze aktywny udzia\u0142 w ci\u0105g\u0142ym rozwoju i rozbudowie tego systemu.<\/h3>\n<p style=\"text-align: justify;\">Poni\u017cej przedstawiamy kr\u00f3tki opis.<\/p>\n<p><a href=\"http:\/\/www.skelpie.eu\/wp-content\/uploads\/2015\/02\/kcfirma.jpg\"><img loading=\"lazy\" class=\"alignnone size-medium wp-image-129 aligncenter\" src=\"http:\/\/www.skelpie.eu\/wp-content\/uploads\/2015\/02\/kcfirma-300x198.jpg\" alt=\"kcfirma\" width=\"300\" height=\"198\" srcset=\"https:\/\/www.skelpie.eu\/wp-content\/uploads\/2015\/02\/kcfirma-300x198.jpg 300w, https:\/\/www.skelpie.eu\/wp-content\/uploads\/2015\/02\/kcfirma.jpg 508w\" sizes=\"(max-width: 300px) 100vw, 300px\" \/><\/a><\/p>\n<table class=\"contentpaneopen\">\n<tbody>\n<tr>\n<td class=\"contentheading\" width=\"100%\">\n<h1>KC MARKET<\/h1>\n<\/td>\n<td class=\"buttonheading\" align=\"right\" width=\"100%\"><\/td>\n<\/tr>\n<\/tbody>\n<\/table>\n<table class=\"contentpaneopen\">\n<tbody>\n<tr>\n<td colspan=\"2\" valign=\"top\">\n<div align=\"justify\">\n<div style=\"text-align: justify;\">Oprogramowanie KC Market sk\u0142ada si\u0119 z kilku modu\u0142\u00f3w podzielonych pod k\u0105tem funkcjonalno\u015bci:<\/div>\n<div style=\"text-align: justify;\"><\/div>\n<div style=\"text-align: justify;\"><strong>KC Firma<\/strong> &#8211; podstawowy modu\u0142 magazynowy, dokumenty, podstawowe raporty, kartoteki itp.<\/div>\n<div style=\"text-align: justify;\"><strong>KC Analizy <\/strong>&#8211; modu\u0142 do rozbudowanych analiz<\/div>\n<div style=\"text-align: justify;\"><strong>KC Etykiety<\/strong> &#8211; poligrafia sklepowa, druk etykiet, plakat\u00f3w, broszurek itp.<\/div>\n<div style=\"text-align: justify;\"><strong>KC Serwer<\/strong> &#8211; serwer do obs\u0142ugi urz\u0105dze\u0144 sprzeda\u017cy &#8211; kasy, wagi, sprawdzarki itp.<\/div>\n<div style=\"text-align: justify;\"><strong>KC Eksport<\/strong> &#8211; modu\u0142 wymiany danych z programami zewn\u0119trznymi (FK\/Handel)<\/div>\n<div style=\"text-align: justify;\"><strong>KC POS <\/strong>&#8211; Program do obs\u0142ugi sprzeda\u017cy na stanowisku kasowym z drukark\u0105 fiskaln\u0105.<\/div>\n<div style=\"text-align: justify;\"><strong>KC Zadania<\/strong> &#8211; Harmonogram pracy systemu przy zastosowaniach sieciowych<\/div>\n<div style=\"text-align: justify;\"><strong>KC Menad\u017cer <\/strong>&#8211; Nadrz\u0119dny system zarz\u0105dzaj\u0105co-raportuj\u0105cy do obs\u0142ugi wielu plac\u00f3wek handlowych zorientowany pod wymogi sieci handlowych<\/div>\n<div style=\"text-align: justify;\"><\/div>\n<h2 style=\"text-align: justify;\"><strong>Kr\u00f3tki opis<\/strong><\/h2>\n<div style=\"text-align: justify;\">Obs\u0142uga zakup\u00f3w i sprzeda\u017cy (fakturowanie, sprzeda\u017c detaliczna), gospodarka magazynowa (PZ, WZ, MM, PW,RW, zwroty, przeceny, spisy z natury, raportowanie), rejestry VAT, rozliczenie zakup\u00f3w, kasa, banki + przelewy, rozrachunki, zaawansowana klasyfikacja towar\u00f3w. Wsp\u00f3\u0142praca z kasami fiskalnymi (off-line), drukarkami fiskalnymi, czytnikami kod\u00f3w kreskowych, wagami metkuj\u0105cymi, kolektorami danych. Obs\u0142uga wielu magazyn\u00f3w. Eksport danych do Word i Excel.<\/div>\n<h3 style=\"text-align: justify;\">Funkcje realizowane przez program KC Market<\/h3>\n<div style=\"text-align: justify;\">\n<ul>\n<li>Obs\u0142uga funkcji zwi\u0105zanych ze sprzeda\u017c\u0105<\/li>\n<li>Prowadzenie gospodarki magazynowej<\/li>\n<li>Zarz\u0105dzanie finansami<\/li>\n<li>Wspomaganie pracy ksi\u0119gowo\u015bci<\/li>\n<li>Raportowanie zgromadzonych informacji<\/li>\n<li>Wsp\u00f3\u0142praca z urz\u0105dzeniami sklepowymi<\/li>\n<li>Wsp\u00f3\u0142praca z innymi programami<\/li>\n<li>Obs\u0142uga wielu magazyn\u00f3w<\/li>\n<li>Praca w sieci komputerowej<\/li>\n<li>Administrowanie programem oraz danymi<\/li>\n<\/ul>\n<p>&nbsp;<\/p>\n<h3><strong>Obs\u0142uga funkcji zwi\u0105zanych ze sprzeda\u017c\u0105:<\/strong><\/h3>\n<ul>\n<li>wystawianie faktur sprzeda\u017cy oraz faktur koryguj\u0105cych;<\/li>\n<li>prowadzenie szybkiej sprzeda\u017cy detalicznej;<\/li>\n<li>wystawianie faktur do paragon\u00f3w oraz korekt do faktur;<\/li>\n<li>rejestracja zwrot\u00f3w detalicznych (reklamacji);<\/li>\n<li>drukowanie duplikat\u00f3w dokument\u00f3w sprzeda\u017cy i koryguj\u0105cych;<\/li>\n<li>drukowanie cennik\u00f3w i ofert.<\/li>\n<\/ul>\n<h3><strong>Prowadzenie gospodarki magazynowej<\/strong><\/h3>\n<ul>\n<li>rejestracja dostaw i wyda\u0144 towar\u00f3w (PZ, WZ);<\/li>\n<li>rejestracja przesuni\u0119\u0107 mi\u0119dzymagazynowych (MM+, MM-);<\/li>\n<li>rejestracja przychod\u00f3w i rozchod\u00f3w wewn\u0119trznych (PW, RW);<\/li>\n<li>rejestracja zwrot\u00f3w do dostawc\u00f3w (ZD);<\/li>\n<li>rejestracja przecen (PC+, PC-);<\/li>\n<li>drukowania dokument\u00f3w magazynowych pojedynczych, zbiorczych oraz zestawie\u0144 tych dokument\u00f3w;<\/li>\n<li>drukowanie rozdzielnik\u00f3w PW, RW, MM+, MM-;<\/li>\n<li>rejestracja spis\u00f3w z natury oraz ich rozliczenie i wydruk;<\/li>\n<li>rejestracja i obs\u0142uga zam\u00f3wie\u0144 do dostawc\u00f3w.<\/li>\n<\/ul>\n<h3><strong>Zarz\u0105dzanie finansami<\/strong><\/h3>\n<ul>\n<li>rejestracja wp\u0142at i wyp\u0142at z kasy (dokumenty KP, KW);<\/li>\n<li>informacja o stanie got\u00f3wki w kasie oraz drukowanie raport\u00f3w kasowych;<\/li>\n<li>zarz\u0105dzanie nale\u017cno\u015bciami i zobowi\u0105zaniami;<\/li>\n<li>drukowanie polece\u0144 przelewu oraz zestawie\u0144 got\u00f3wki;<\/li>\n<li>drukowanie not odsetkowych oraz wezwa\u0144 do zap\u0142aty.<\/li>\n<li>Wspomaganie pracy ksi\u0119gowo\u015bci<\/li>\n<li>rejestracja faktur zakupu i kosztowych w zdefiniowanym systemie teczek;<\/li>\n<li>drukowanie rejestr\u00f3w VAT zakupu oraz sprzeda\u017cy;<\/li>\n<li>szybka informacja o bilansie podatku VAT w bie\u017c\u0105cym miesi\u0105cu;<\/li>\n<li>drukowanie rozliczenia zakup\u00f3w (dostawy fakturowane, dostawy nie fakturowane, towary w drodze);<\/li>\n<li>drukowanie zestawie\u0144 dokument\u00f3w sprzeda\u017cy wg form p\u0142atno\u015bci;<\/li>\n<li>mo\u017cliwo\u015b\u0107 okre\u015blenia kont rozrachunkowych dla kontrahent\u00f3w w celu automatycznego dekretowania dokument\u00f3w wyeksportowanych do systemu ksi\u0119gowego.<\/li>\n<\/ul>\n<p>&nbsp;<\/p>\n<h3><strong>Raportowanie zgromadzonych informacji<\/strong><\/h3>\n<ul>\n<li>drukowanie raportu og\u00f3lnego (magazyn, kasa, rozrachunki, banki, bilans podatku VAT);<\/li>\n<li>drukowanie szczeg\u00f3\u0142owego raportu o towarze (kartoteka, obroty razem, zestawienia wszystkich operacji na towarze w zadanym okresie);<\/li>\n<li>drukowanie szczeg\u00f3\u0142owego raportu o kontrahencie (kartoteka, zestawienia wszystkich operacji z kontrahentem w zadanym okresie, stan rozrachunk\u00f3w);<\/li>\n<li>drukowanie sumarycznego raportu o sprzeda\u017cy (sprzeda\u017c w zdefiniowanym przez u\u017cytkownika uk\u0142adzie, np. wg okres\u00f3w, grup towarowych, kontrahent\u00f3w, dokument\u00f3w sprzeda\u017cy itp.);<\/li>\n<li>drukowanie analitycznego raportu o sprzeda\u017cy (sprzeda\u017c w uk\u0142adzie towarowym wg szczeg\u00f3\u0142owo zdefiniowanych kryteri\u00f3w);<\/li>\n<li>drukowanie raportu o brakach towar\u00f3w wg zdefiniowanych limit\u00f3w;<\/li>\n<li>drukowanie zestawie\u0144 dowolnych obiekt\u00f3w dost\u0119pnych w programie (towar\u00f3w, kontrahent\u00f3w, dokument\u00f3w sprzeda\u017cy, dokument\u00f3w magazynowych itp.). Zestawienia mog\u0105 zawiera\u0107 wszystkie obiekty lub wybrane wg zdefiniowanych kryteri\u00f3w;<\/li>\n<li>eksport wszystkich raport\u00f3w do dalszej obr\u00f3bki poza programem (w formacie programu MS WORD oraz arkusza kalkulacyjnego MS EXCEL).<\/li>\n<\/ul>\n<h3><strong>Wsp\u00f3\u0142praca z urz\u0105dzeniami sklepowymi<\/strong><\/h3>\n<ul>\n<li>wsp\u00f3\u0142praca z kasami fiskalnymi w trybie off-line. Przesy\u0142anie listy towar\u00f3w do kas oraz odczyt sprzeda\u017cy z kas;<\/li>\n<li>wsp\u00f3\u0142praca z czytnikami kod\u00f3w kreskowych. Automatyczna identyfikacja towar\u00f3w w czasie edycji dokument\u00f3w magazynowych;<\/li>\n<li>wsp\u00f3\u0142praca z terminalami przeno\u015bnymi (inwentaryzatorami);<\/li>\n<li>wsp\u00f3\u0142praca z wagami metkuj\u0105cymi.<\/li>\n<\/ul>\n<h3><strong>Wsp\u00f3\u0142praca z innymi programami<\/strong><\/h3>\n<p>Program KC-Firma mo\u017ce wsp\u00f3\u0142pracowa\u0107 z programami: KC-Serwer, KC-Etykiety, KCAnalizy oraz KC-POS tworz\u0105c zaawansowany system zarz\u0105dzania sklepem. Dane z programu KC-Firma po przygotowaniu w programie KC-Eksport mog\u0105 by\u0107 eksportowane do program\u00f3w ksi\u0119gowych i automatycznie dekretowane na podstawie zdefiniowanych schemat\u00f3w ksi\u0119gowa\u0144. Program KC-Menad\u017cer umo\u017cliwia analiz\u0119 danych z sieci sklep\u00f3w.<\/p>\n<h3><strong> Obs\u0142uga wielu magazyn\u00f3w<\/strong><\/h3>\n<ul>\n<li>definiowanie dowolnej ilo\u015bci magazyn\u00f3w;<\/li>\n<li>funkcje eksportu i importu dokument\u00f3w MM, umo\u017cliwiaj\u0105ce automatyzacj\u0119 przesuni\u0119\u0107 mi\u0119dzymagazynowych;<\/li>\n<li>mo\u017cliwo\u015b\u0107 przenoszenia dokument\u00f3w MM pomi\u0119dzy oddalonymi komputerami za pomoc\u0105 dyskietek.<\/li>\n<\/ul>\n<h3><strong> Praca w sieci komputerowej<\/strong><\/h3>\n<ul>\n<li>mo\u017cliwo\u015b\u0107 pracy wielu os\u00f3b na wsp\u00f3lnym magazynie;<\/li>\n<li>program nie wymaga zakupu systemu sieciowego ani dedykowanego serwera sieciowego.<\/li>\n<\/ul>\n<div>\n<h3>Administrowanie programem oraz danymi<\/h3>\n<\/div>\n<ul>\n<li>definiowanie u\u017cytkownik\u00f3w i ich uprawnie\u0144 (ochrona dost\u0119pu za pomoc\u0105 hase\u0142);<\/li>\n<li>zaawansowany system tworzenia kopii bezpiecze\u0144stwa (archiwizacje automatyczne);<\/li>\n<li>wbudowany mechanizm optymalizacji bazy danych;<\/li>\n<li>wbudowane mechanizmy kontroli poprawno\u015bci danych.<\/li>\n<\/ul>\n<\/div>\n<\/div>\n<\/td>\n<\/tr>\n<\/tbody>\n<\/table>\n","protected":false},"excerpt":{"rendered":"<p>Jeden z najpopularniejszych system\u00f3w sprzeda\u017cy detalicznej w Polsce. Do jego najwi\u0119kszych zalet zaliczy\u0107 mo\u017cna niew\u0105tpliw\u0105 przyst\u0119pno\u015b\u0107 i prostot\u0119 obs\u0142ugi, przy zachowaniu niespotykanej elastyczno\u015bci. Ca\u0142y pakiet oprogramowania bazuje na bibliotekach MS Access, przez co system ten jest zgodny z filozofi\u0105 Windows :). Firma nasza bierze aktywny udzia\u0142 w ci\u0105g\u0142ym rozwoju i rozbudowie tego systemu. Poni\u017cej przedstawiamy &hellip; <a href=\"https:\/\/www.skelpie.eu\/?page_id=19\" class=\"more-link\">Czytaj dalej <span class=\"screen-reader-text\">KC Market &#8211; Kucharscy s.c.<\/span> <span class=\"meta-nav\">&rarr;<\/span><\/a><\/p>\n","protected":false},"author":1,"featured_media":0,"parent":0,"menu_order":0,"comment_status":"closed","ping_status":"closed","template":"","meta":[],"_links":{"self":[{"href":"https:\/\/www.skelpie.eu\/index.php?rest_route=\/wp\/v2\/pages\/19"}],"collection":[{"href":"https:\/\/www.skelpie.eu\/index.php?rest_route=\/wp\/v2\/pages"}],"about":[{"href":"https:\/\/www.skelpie.eu\/index.php?rest_route=\/wp\/v2\/types\/page"}],"author":[{"embeddable":true,"href":"https:\/\/www.skelpie.eu\/index.php?rest_route=\/wp\/v2\/users\/1"}],"replies":[{"embeddable":true,"href":"https:\/\/www.skelpie.eu\/index.php?rest_route=%2Fwp%2Fv2%2Fcomments&post=19"}],"version-history":[{"count":9,"href":"https:\/\/www.skelpie.eu\/index.php?rest_route=\/wp\/v2\/pages\/19\/revisions"}],"predecessor-version":[{"id":508,"href":"https:\/\/www.skelpie.eu\/index.php?rest_route=\/wp\/v2\/pages\/19\/revisions\/508"}],"wp:attachment":[{"href":"https:\/\/www.skelpie.eu\/index.php?rest_route=%2Fwp%2Fv2%2Fmedia&parent=19"}],"curies":[{"name":"wp","href":"https:\/\/api.w.org\/{rel}","templated":true}]}}