{"id":195,"date":"2015-02-05T21:23:34","date_gmt":"2015-02-05T21:23:34","guid":{"rendered":"http:\/\/192.168.1.110\/skelpie\/?page_id=195"},"modified":"2015-02-10T21:35:21","modified_gmt":"2015-02-10T21:35:21","slug":"symfonia-handel","status":"publish","type":"page","link":"https:\/\/www.skelpie.eu\/?page_id=195","title":{"rendered":"Symfonia Handel &#8211; Sage"},"content":{"rendered":"<div id=\"primary-content\" class=\"cf\">\n<div class=\"span span8 no-margin inner-shift left-shift\">\n<h3>Pe\u0142na i szybka obs\u0142uga sprzeda\u017cy oraz operacji magazynowych<\/h3>\n<p><strong>Sage Symfonia Start Handel <\/strong>to program dla firm handlowych i us\u0142ugowych, prowadz\u0105cych magazyn. Podpowiada kolejne kroki niezb\u0119dne do wystawienia dokument\u00f3w, dzi\u0119ki czemu usprawnia prac\u0119. Wspiera zarz\u0105dzanie promocjami\u00a0 oraz umo\u017cliwia \u0142atwy dost\u0119p do niezb\u0119dnych informacji.\u00a0 Bie\u017c\u0105ce aktualizacje programu dost\u0119pne w abonamencie zapewni\u0105 firmie bezpiecze\u0144stwo prawno-podatkowe.<\/p>\n<div><\/div>\n<\/div>\n<div class=\"span span4\">\n<p><strong>Polecaj i korzystaj:<\/strong><\/p>\n<ul>\n<li>opowiedz o nas znajomym<\/li>\n<li>wype\u0142nij formularz<\/li>\n<li>otrzymasz 10% prowizji<\/li>\n<\/ul>\n<\/div>\n<\/div>\n<div class=\"cf\">\n<div class=\"span span8 no-margin\">\n<div class=\"tabs\">\n<div id=\"content_0_centrecontentcolumn_0_tabsDiv\" class=\"tab-content-wrapper\">\n<div id=\"tab1\" class=\"tab active\">\n<h2 class=\"h4 dark-grey\">Kluczowe funkcjonalno\u015bci<\/h2>\n<ul>\n<li>przeznaczony dla firm rozliczaj\u0105cych si\u0119 uproszczona ksi\u0119gowo\u015bci\u0105;<\/li>\n<li>obs\u0142uguje dokumenty handlowe, magazynowe i kasowe;<\/li>\n<li>umo\u017cliwia pe\u0142n\u0105 obs\u0142ug\u0119 magazyn\u00f3w;<\/li>\n<li>obs\u0142uguje transakcje got\u00f3wkowe i bezgot\u00f3wkowe w firmie;<\/li>\n<li>obs\u0142uguje p\u0142atno\u015bci i rozrachunki<\/li>\n<li>zawiera pakiet raport\u00f3w oraz zestawie\u0144 magazynowych i handlowych;<\/li>\n<li>wsp\u00f3\u0142pracuje z pakietami Ksi\u0119gowo\u015b\u0107 i Ksi\u0119gowo\u015b\u0107 Plus, z opcjami dodatkowymi: Raporty graficzne, e-Box oraz z serwisem miedzyfirmami.pl.;<\/li>\n<li>zawiera bogaty pakiet us\u0142ug<\/li>\n<\/ul>\n<\/div>\n<\/div>\n<\/div>\n<\/div>\n<\/div>\n","protected":false},"excerpt":{"rendered":"<p>Pe\u0142na i szybka obs\u0142uga sprzeda\u017cy oraz operacji magazynowych Sage Symfonia Start Handel to program dla firm handlowych i us\u0142ugowych, prowadz\u0105cych magazyn. Podpowiada kolejne kroki niezb\u0119dne do wystawienia dokument\u00f3w, dzi\u0119ki czemu usprawnia prac\u0119. Wspiera zarz\u0105dzanie promocjami\u00a0 oraz umo\u017cliwia \u0142atwy dost\u0119p do niezb\u0119dnych informacji.\u00a0 Bie\u017c\u0105ce aktualizacje programu dost\u0119pne w abonamencie zapewni\u0105 firmie bezpiecze\u0144stwo prawno-podatkowe. Polecaj i korzystaj: &hellip; <a href=\"https:\/\/www.skelpie.eu\/?page_id=195\" class=\"more-link\">Czytaj dalej <span class=\"screen-reader-text\">Symfonia Handel &#8211; Sage<\/span> <span class=\"meta-nav\">&rarr;<\/span><\/a><\/p>\n","protected":false},"author":1,"featured_media":0,"parent":0,"menu_order":0,"comment_status":"closed","ping_status":"closed","template":"","meta":[],"_links":{"self":[{"href":"https:\/\/www.skelpie.eu\/index.php?rest_route=\/wp\/v2\/pages\/195"}],"collection":[{"href":"https:\/\/www.skelpie.eu\/index.php?rest_route=\/wp\/v2\/pages"}],"about":[{"href":"https:\/\/www.skelpie.eu\/index.php?rest_route=\/wp\/v2\/types\/page"}],"author":[{"embeddable":true,"href":"https:\/\/www.skelpie.eu\/index.php?rest_route=\/wp\/v2\/users\/1"}],"replies":[{"embeddable":true,"href":"https:\/\/www.skelpie.eu\/index.php?rest_route=%2Fwp%2Fv2%2Fcomments&post=195"}],"version-history":[{"count":3,"href":"https:\/\/www.skelpie.eu\/index.php?rest_route=\/wp\/v2\/pages\/195\/revisions"}],"predecessor-version":[{"id":402,"href":"https:\/\/www.skelpie.eu\/index.php?rest_route=\/wp\/v2\/pages\/195\/revisions\/402"}],"wp:attachment":[{"href":"https:\/\/www.skelpie.eu\/index.php?rest_route=%2Fwp%2Fv2%2Fmedia&parent=195"}],"curies":[{"name":"wp","href":"https:\/\/api.w.org\/{rel}","templated":true}]}}