{"id":201,"date":"2015-02-05T21:26:17","date_gmt":"2015-02-05T21:26:17","guid":{"rendered":"http:\/\/192.168.1.110\/skelpie\/?page_id=201"},"modified":"2015-02-10T21:32:00","modified_gmt":"2015-02-10T21:32:00","slug":"aclas-kos","status":"publish","type":"page","link":"https:\/\/www.skelpie.eu\/?page_id=201","title":{"rendered":"Kasa fiskalna Aclas Kos"},"content":{"rendered":"<p><img loading=\"lazy\" class=\" aligncenter\" src=\"http:\/\/www.aclas-polska.pl\/Products\/Aclas-Kos\/images\/b2.jpg\" alt=\"Waga kalkulacyjna PS1B-S\" width=\"360\" height=\"241\" name=\"productImage\" border=\"0\" \/><\/p>\n<div class=\"menu1box\">\n<p><strong>Przeno\u015bna kasa fiskalna ACLAS Kos<\/strong><\/p>\n<table width=\"300\" cellspacing=\"0\" cellpadding=\"5\">\n<tbody>\n<tr>\n<td width=\"290\" height=\"20\"><strong>Specyfikacja:<\/strong><\/td>\n<\/tr>\n<tr>\n<td height=\"10\">\u25cf Baza towarowa: 3000 PLU<\/td>\n<\/tr>\n<tr>\n<td height=\"10\">\u25cf Wy\u015bwietlacz operatora: 2 wiersze po 18 znak\u00f3w<\/td>\n<\/tr>\n<tr>\n<td height=\"10\">\u25cf Wy\u015bwietlacz klienta: 14 znakowy<\/td>\n<\/tr>\n<tr>\n<td height=\"10\">\u25cf Drukarka: termiczna, bardzo szybka (150 mm\/s, 44 wiersze\/s)<\/td>\n<\/tr>\n<tr>\n<td height=\"10\">\u25cf 10 klawiszy skr\u00f3t\u00f3w<\/td>\n<\/tr>\n<tr>\n<td height=\"10\">\u25cf Klawiatura odporna na zapylenie i zachlapanie<\/td>\n<\/tr>\n<tr>\n<td height=\"10\">\u25cf Funkcje parkingowo-us\u0142ugowe<\/td>\n<\/tr>\n<tr>\n<td height=\"10\">\u25cf Paragony z NIP nabywcy !!!<\/td>\n<\/tr>\n<\/tbody>\n<\/table>\n<p>\u25cf Nowoczesna, przeno\u015bna kasa fiskalna ACLAS Kos doskonale nadaje si\u0119 dla ma\u0142ych stacjonarnych plac\u00f3wek handlu detalicznego, na stoiska targowo-bazarowe, dla plac\u00f3wek us\u0142ugowych (np. parkingi) oraz do sprzeda\u017cy mobilnej.<br \/>\n\u25cf Wytrzyma\u0142y akumulator, os\u0142ona szczeliny wyj\u015bcia papieru oraz pasek na szyj\u0119 szczeg\u00f3lnie predestynuj\u0105 t\u0105 kas\u0119 do zastosowa\u0144 na wolnym powietrzu.<br \/>\n\u25cf Intuicyjna obs\u0142uga sprzeda\u017cy, mo\u017cliwo\u015b\u0107 pod\u0142\u0105czenia wagi elektronicznej, czytnika kod\u00f3w kreskowych i szuflady kasowej rozszerza zakres zastosowania kasy.<br \/>\n\u25cf Mo\u017cliwo\u015b\u0107 zdefiniowania ceny PLU do 999 999,99 z\u0142 umo\u017cliwia zastosowanie kasy w salonach samochodowych i agencjach nieruchomo\u015bci.<br \/>\n\u25cf Kasa ACLAS Kos oferuje wydruk paragonu z NIP nabywcy!!!<br \/>\n\u25cf W zestawie program do \u0142atwego programowania kasy i \u015bci\u0105gania danych o sprzeda\u017cy.<\/p>\n<\/div>\n<div class=\"main1box\"><\/div>\n","protected":false},"excerpt":{"rendered":"<p>Przeno\u015bna kasa fiskalna ACLAS Kos Specyfikacja: \u25cf Baza towarowa: 3000 PLU \u25cf Wy\u015bwietlacz operatora: 2 wiersze po 18 znak\u00f3w \u25cf Wy\u015bwietlacz klienta: 14 znakowy \u25cf Drukarka: termiczna, bardzo szybka (150 mm\/s, 44 wiersze\/s) \u25cf 10 klawiszy skr\u00f3t\u00f3w \u25cf Klawiatura odporna na zapylenie i zachlapanie \u25cf Funkcje parkingowo-us\u0142ugowe \u25cf Paragony z NIP nabywcy !!! \u25cf Nowoczesna, &hellip; <a href=\"https:\/\/www.skelpie.eu\/?page_id=201\" class=\"more-link\">Czytaj dalej <span class=\"screen-reader-text\">Kasa fiskalna Aclas Kos<\/span> <span class=\"meta-nav\">&rarr;<\/span><\/a><\/p>\n","protected":false},"author":1,"featured_media":0,"parent":0,"menu_order":0,"comment_status":"closed","ping_status":"closed","template":"","meta":[],"_links":{"self":[{"href":"https:\/\/www.skelpie.eu\/index.php?rest_route=\/wp\/v2\/pages\/201"}],"collection":[{"href":"https:\/\/www.skelpie.eu\/index.php?rest_route=\/wp\/v2\/pages"}],"about":[{"href":"https:\/\/www.skelpie.eu\/index.php?rest_route=\/wp\/v2\/types\/page"}],"author":[{"embeddable":true,"href":"https:\/\/www.skelpie.eu\/index.php?rest_route=\/wp\/v2\/users\/1"}],"replies":[{"embeddable":true,"href":"https:\/\/www.skelpie.eu\/index.php?rest_route=%2Fwp%2Fv2%2Fcomments&post=201"}],"version-history":[{"count":4,"href":"https:\/\/www.skelpie.eu\/index.php?rest_route=\/wp\/v2\/pages\/201\/revisions"}],"predecessor-version":[{"id":390,"href":"https:\/\/www.skelpie.eu\/index.php?rest_route=\/wp\/v2\/pages\/201\/revisions\/390"}],"wp:attachment":[{"href":"https:\/\/www.skelpie.eu\/index.php?rest_route=%2Fwp%2Fv2%2Fmedia&parent=201"}],"curies":[{"name":"wp","href":"https:\/\/api.w.org\/{rel}","templated":true}]}}