{"id":278,"date":"2015-02-08T20:59:14","date_gmt":"2015-02-08T20:59:14","guid":{"rendered":"http:\/\/192.168.1.110\/skelpie\/?page_id=278"},"modified":"2015-02-10T21:35:28","modified_gmt":"2015-02-10T21:35:28","slug":"278-2","status":"publish","type":"page","link":"https:\/\/www.skelpie.eu\/?page_id=278","title":{"rendered":"Symfonia Kadry i P\u0142ace &#8211; Sage"},"content":{"rendered":"<h3>Efektywnie zarz\u0105dzaj p\u0142acami i danymi kadrowymi<\/h3>\n<figure style=\"width: 557px\" class=\"wp-caption aligncenter\"><img loading=\"lazy\" class=\"\" src=\"http:\/\/www.ekonomia.pl\/img\/download\/symfonia-kadry-i-place-1_n0.jpg\" alt=\"\" width=\"557\" height=\"326\" \/><figcaption class=\"wp-caption-text\">Symfonia Kadry i P\u0142ace<\/figcaption><\/figure>\n<p>Sage Symfonia Kadry i P\u0142ace wspomaga zarz\u0105dzanie p\u0142acami oraz danymi kadrowymi pracownik\u00f3w w ma\u0142ych i \u015brednich firmach. Automatyzuje obliczanie p\u0142ac i ewidencj\u0119 czasu pracy. Zapewnia kompleksow\u0105 obs\u0142ug\u0119 wszystkich form zatrudnienia, w tym r\u00f3wnie\u017c um\u00f3w cywilno-prawnych. Wsp\u00f3\u0142pracuje z programem P\u0142atnik w zakresie deklaracji ZUS, umo\u017cliwia przygotowanie dokument\u00f3w zgodnych z formatem aplikacji SODiR OffLine, minimalizuje ryzyko b\u0142\u0119du mo\u017cliwego w przypadku r\u0119cznego wykonywania tych czynno\u015bci.<\/p>\n<p>&nbsp;<\/p>\n<h2 class=\"h4 dark-grey\">Kluczowe funkcjonalno\u015bci<\/h2>\n<ul>\n<li>zapewnienie wygodnej ewidencji element\u00f3w kadrowo-p\u0142acowych;<\/li>\n<li>automatyzacja comiesi\u0119cznego naliczania p\u0142ac oraz zarz\u0105dzanie danymi kadrowymi;<\/li>\n<li>wspomaganie rozlicze\u0144 z Urz\u0119dem Skarbowym i Zak\u0142adem Ubezpiecze\u0144 Spo\u0142ecznych;<\/li>\n<li>przygotowanie zestawie\u0144 i dokumentacji kadrowo-p\u0142acowej<\/li>\n<\/ul>\n<h2 class=\"h4 dark-grey\">Korzy\u015bci biznesowe<\/h2>\n<ul>\n<li>oszcz\u0119dzisz czas po\u015bwi\u0119cony na codzienn\u0105 obs\u0142ug\u0119 kadrowo-p\u0142acow\u0105<\/li>\n<li>\u0142atwo przystosujesz program do potrzeb swojej firmy<\/li>\n<li>podniesiesz komfort codziennej pracy swoich pracownik\u00f3w<\/li>\n<li>uzyskasz gwarancj\u0119 bezpiecze\u0144stwa prawnego oraz zminimalizujesz ryzyko pope\u0142nienia b\u0142\u0119du<\/li>\n<li>uzyskasz narz\u0119dzie do kompleksowej obs\u0142ugi wszystkich form zatrudnienia pracownik\u00f3w swojej firmy: umowy o prac\u0119 oraz um\u00f3w cywilnoprawnych (np. umowa zlecenie, umowa o dzie\u0142o, prawa autorskie, umowa zrycza\u0142towana)<\/li>\n<li>otrzymasz wysokiej jako\u015bci produkt oraz profesjonalne wsparcie naszych ekspert\u00f3w<\/li>\n<\/ul>\n<div id=\"link0\" class=\"topic\">\n<h2 class=\"h4 topic-title inner-shift left-shift\"><\/h2>\n<h2 class=\"h4 topic-title inner-shift left-shift\">Wygodna ewidencja element\u00f3w kadrowo-p\u0142acowych<\/h2>\n<div class=\"cf\">\n<div class=\"span span8 no-margin inner-shift left-shift\">\n<ul>\n<li>mo\u017cliwo\u015b\u0107 dodania do 100 pozycji na li\u015bcie p\u0142ac<\/li>\n<li>kompleksowa obs\u0142uga wszystkich form zatrudnienia: umowy o prac\u0119, um\u00f3w cywilnoprawnych (np. umowa zlecenie, umowa o dzie\u0142o, prawa autorskie, umowa zrycza\u0142towana)<\/li>\n<li>mo\u017cliwo\u015b\u0107 ewidencji danych dotycz\u0105cych przebiegu zatrudnienia, zar\u00f3wno maj\u0105cych wp\u0142yw na wynagrodzenie (choroba, urlop, nadgodziny, aneksy do um\u00f3w o prac\u0119), jak i nie maj\u0105cych na nie wp\u0142ywu (szkolenia, delegacje)<\/li>\n<li>wygodna prezentacja wszystkich danych w kalendarzu pracownika;<\/li>\n<li>mo\u017cliwo\u015b\u0107 pracy przy wielu jednocze\u015bnie otwartych \u201e przysz\u0142ych\u201d miesi\u0105cach (planowanie koszt\u00f3w p\u0142ac i podwy\u017cek);<\/li>\n<li>mo\u017cliwo\u015b\u0107 planowania czasu pracy przy pomocy kalendarzy dla firmy, grup pracownik\u00f3w i pracownik\u00f3w;<\/li>\n<li>mo\u017cliwo\u015b\u0107 definiowania w\u0142asnych komunikat\u00f3w przypominaj\u0105cych o zbli\u017caj\u0105cych si\u0119 terminach, np. bada\u0144 lekarskich;<\/li>\n<li>gromadzenie informacji o systemie wynagrodze\u0144 pracownik\u00f3w w poszczeg\u00f3lnych miesi\u0105cach;<\/li>\n<li>mo\u017cliwo\u015b\u0107 ewidencjonowania informacji z um\u00f3w o prac\u0119, \u015bwiadectw pracy, za\u015bwiadcze\u0144, um\u00f3w cywilnoprawnych;<\/li>\n<li>wygodna zbiorcza ewidencja danych kadrowych, mo\u017cliwo\u015b\u0107 szybkiej zmiany danych dla okre\u015blonych grup pracownik\u00f3w<\/li>\n<\/ul>\n<\/div>\n<\/div>\n<\/div>\n<div class=\"hr\"><\/div>\n<div id=\"link1\" class=\"topic\">\n<h2 class=\"h4 topic-title inner-shift left-shift\">Automatyzacja comiesi\u0119cznego planu naliczania p\u0142ac i zarz\u0105dzanie danymi kadrowymi<\/h2>\n<div class=\"cf\">\n<div class=\"span span8 no-margin inner-shift left-shift\">\n<ul>\n<li>naliczanie p\u0142ac z wykorzystaniem danych kadrowych;<\/li>\n<li>przechowywanie kompletnej i szczeg\u00f3\u0142owej informacji dotycz\u0105cej podstaw do wyliczenia wynagrodzenia za okres choroby, zasi\u0142ku oraz urlopu;<\/li>\n<li>automatyczne uwzgl\u0119dnianie sk\u0142adnik\u00f3w okresowych w podstawach do zasi\u0142k\u00f3w;<\/li>\n<li>automatyczne wyliczanie sta\u017cu urlopowego oraz wymiaru urlopu na podstawie wprowadzonych danych o uko\u0144czonych szko\u0142ach i przebiegu zatrudnienia;<\/li>\n<li>mo\u017cliwo\u015b\u0107 kontrolowania wykorzystania urlopu (wypoczynkowego i na \u017c\u0105danie) w danym roku kalendarzowym;<\/li>\n<li>automatyczne wyliczenia sta\u017cu pracy potrzebnego do wyliczenia dodatku sta\u017cowego oraz nagrody jubileuszowej;<\/li>\n<li>automatyczne przenoszenie liczby dni urlopu zaleg\u0142ego z lat poprzednich do wymiaru urlopu w roku bie\u017c\u0105cym;<\/li>\n<li>kontrola wykorzystania urlopu przed terminem przedawnienia oraz proporcjonalne naliczenie urlopu w roku;<\/li>\n<li>kartoteka listy p\u0142ac w jednym miesi\u0105cu;<\/li>\n<li>automatyczne przenoszenie sta\u0142ych element\u00f3w wynagrodze\u0144 oraz zmian dokonanych w danym miesi\u0105cu do nast\u0119pnych okres\u00f3w;<\/li>\n<li>mo\u017cliwo\u015b\u0107 rozliczania zasi\u0142k\u00f3w przy umowach cywilnoprawnych;<\/li>\n<li>mo\u017cliwo\u015b\u0107 rozliczania um\u00f3w cywilnoprawnych w ratach oraz pilnowania stanu rozliczenia rozpocz\u0119tej transakcji;<\/li>\n<li>mo\u017cliwo\u015b\u0107 rozliczania dw\u00f3ch r\u00f3\u017cnych um\u00f3w cywilnoprawnych (jednej z ubezpieczeniem, drugiej bez) w jednym okresie p\u0142acowym;<\/li>\n<li>walidacja poprawno\u015bci wype\u0142nionych danych kadrowych przy zg\u0142aszaniu pracownik\u00f3w do ZUS, raport sprawdzaj\u0105cy poprawno\u015b\u0107 danych w zestawieniach kadrowych Zg\u0142oszenie ZUA\/ZZA i wyrejestrowanie ZWUA;<\/li>\n<li>raport prezentuj\u0105cy list\u0119 pracownik\u00f3w w danym miesi\u0105cu, kt\u00f3rym nale\u017cy si\u0119 wyr\u00f3wnanie do wynagrodzenia minimalnego wraz z automatycznie wyliczon\u0105 kwot\u0105 do wyr\u00f3wnania;<\/li>\n<li>automatyczne obliczanie warto\u015bci wynagrodzenia (lub jego sk\u0142adnik\u00f3w) brutto przy za\u0142o\u017conej warto\u015bci netto;<\/li>\n<li>mo\u017cliwo\u015b\u0107 zarz\u0105dzania i kontrola nad potr\u0105ceniami urz\u0119dowymi i innymi z pensji pracownika;<\/li>\n<li>automatyczne tworzenie przelew\u00f3w na wiele kont pracownika z podzia\u0142em kwoty przelewu w dowolnie okre\u015blonej proporcji;<\/li>\n<li>mo\u017cliwo\u015b\u0107 tworzenia i wysy\u0142ania przelew\u00f3w elektronicznych przy wsp\u00f3\u0142pracy z programem Symfonia e-Dokumenty<\/li>\n<\/ul>\n<div id=\"content_0_centrecontentcolumn_0_topicRpt_ProductDetailDiv_1\" class=\"accordion-listing accordion-inline-green\"><\/div>\n<\/div>\n<\/div>\n<\/div>\n<div id=\"link2\" class=\"topic\">\n<h2 class=\"h4 topic-title inner-shift left-shift\">Wspomaganie rozlicze\u0144 z Urz\u0119dem Skarbowym i Zak\u0142adem Ubezpiecze\u0144 Spo\u0142ecznych<\/h2>\n<div class=\"cf\">\n<div class=\"span span8 no-margin inner-shift left-shift\">\n<ul>\n<li>przenoszenie danych na comiesi\u0119czne deklaracje i roczne rozliczenia;<\/li>\n<li>wydruki PIT-2, PIT-4R, PIT-8AR, PIT-8C, PIT-11, PIT-40 na gotowych lub zdefiniowanych w programie formularzach z mo\u017cliwo\u015bci\u0105 edytowania deklaracji przed wydrukiem;<\/li>\n<li>przesy\u0142anie danych do programu P\u0142atnik;<\/li>\n<li>dodatkowe deklaracje ZUS, np. ZUS Z-3, ZUS Z-17;<\/li>\n<li>wydruki przelew\u00f3w do ZUS i innych urz\u0119d\u00f3w indywidualnie i grupowo;<\/li>\n<li>przygotowanie dokument\u00f3w zgodnych z formatem aplikacji SODiR OffLine, m.in. Zak\u0142ad\u00f3w Pracy Chronionej, os\u00f3b fizycznych prowadz\u0105cych dzia\u0142alno\u015b\u0107 gospodarcz\u0105;<\/li>\n<li>mo\u017cliwo\u015b\u0107 tworzenia plik\u00f3w XML do przesy\u0142ania deklaracji podatkowych PIT-11, PIT-8AR, PIT-4R drog\u0105 elektroniczn\u0105 za pomoc\u0105 przeznaczonych do tego celu aplikacji posiadaj\u0105cych podpis elektroniczny<\/li>\n<\/ul>\n<div id=\"content_0_centrecontentcolumn_0_topicRpt_ProductDetailDiv_2\" class=\"accordion-listing accordion-inline-green\"><\/div>\n<\/div>\n<\/div>\n<\/div>\n<div id=\"link3\" class=\"topic\">\n<h2 class=\"h4 topic-title inner-shift left-shift\">Zestawienia i dokumentacja kadrowo-p\u0142acowa<\/h2>\n<div class=\"cf\">\n<div class=\"span span8 no-margin inner-shift left-shift\">\n<ul>\n<li>generowanie wybranych danych personalnych do zestawie\u0144 statystycznych;<\/li>\n<li>mo\u017cliwo\u015b\u0107 wydruku dokument\u00f3w kadrowych wykorzystuj\u0105cych MS Word: umowy o prac\u0119, aneksu do umowy o prac\u0119, \u015bwiadectwa pracy, informacji o warunkach zatrudnienia, za\u015bwiadczenia o zarobkach i zatrudnieniu z mo\u017cliwo\u015bci\u0105 definiowania dowolnych w\u0142asnych szablon\u00f3w dla tych warunk\u00f3w;<\/li>\n<li>\u0142atwy dost\u0119p do wszystkich informacji kadrowo-p\u0142acowych o pracowniku;<\/li>\n<li>szeroki wachlarz gotowych zestawie\u0144 wykonywanych w programie lub przy u\u017cyciu MS Excel;<\/li>\n<li>mo\u017cliwo\u015b\u0107 \u0142atwego definiowania dowolnych zestawie\u0144 prezentuj\u0105cych dowolne dane kadrowe lub p\u0142acowe;<\/li>\n<li>mo\u017cliwo\u015b\u0107 archiwizacji dowolnych dokument\u00f3w w uniwersalnym formacie PDF<\/li>\n<\/ul>\n<div id=\"content_0_centrecontentcolumn_0_topicRpt_ProductDetailDiv_3\" class=\"accordion-listing accordion-inline-green\"><\/div>\n<\/div>\n<\/div>\n<\/div>\n<div id=\"link4\" class=\"topic\">\n<h2 class=\"h4 topic-title inner-shift left-shift\">Tajno\u015b\u0107 informacji<\/h2>\n<div class=\"cf\">\n<div class=\"span span8 no-margin inner-shift left-shift\">\n<ul>\n<li>dost\u0119p do informacji uzale\u017cniony od uprawnie\u0144 U\u017cytkownika \u2013 pe\u0142en dost\u0119p dla szef\u00f3w firmy oraz ograniczony dost\u0119p dla innych pracownik\u00f3w;<\/li>\n<li>mo\u017cliwo\u015b\u0107 utajnienia p\u0142ac i danych kadrowych<\/li>\n<\/ul>\n<div id=\"content_0_centrecontentcolumn_0_topicRpt_ProductDetailDiv_4\" class=\"accordion-listing accordion-inline-green\"><\/div>\n<\/div>\n<\/div>\n<\/div>\n<div id=\"link5\" class=\"topic\">\n<h2 class=\"h4 topic-title inner-shift left-shift\">\u0141atwe dostosowanie programu do potrzeb firmy<\/h2>\n<div class=\"cf\">\n<div class=\"span span8 no-margin inner-shift left-shift\">\n<ul>\n<li>mo\u017cliwo\u015b\u0107 rozpocz\u0119cia pracy w dowolnym momencie roku \u2013 po uzupe\u0142nieniu danych za wcze\u015bniejsze okresy;<\/li>\n<li>mo\u017cliwo\u015b\u0107 ukrycia nieu\u017cywanych w aktualnej wersji programu element\u00f3w, wzorc\u00f3w, definicji zdarze\u0144 w Archiwum definicji;<\/li>\n<li>szeroki wachlarz gotowych sk\u0142adnik\u00f3w i system\u00f3w wynagrodze\u0144;<\/li>\n<li>mo\u017cliwo\u015b\u0107 definiowania w\u0142asnych element\u00f3w p\u0142acowych i sk\u0142adnik\u00f3w wynagrodze\u0144;<\/li>\n<li>mo\u017cliwo\u015b\u0107 definiowania dowolnych danych kadrowych;<\/li>\n<li>definiowanie dowolnego systemu wynagrodze\u0144 oraz mo\u017cliwo\u015b\u0107 jego modyfikacji indywidualnie, dla grup pracownik\u00f3w lub dla ca\u0142ej firmy;<\/li>\n<li>mo\u017cliwo\u015b\u0107 tworzenia wielu rodzaj\u00f3w listy p\u0142ac oraz dowolnych okres\u00f3w rozliczeniowych;<\/li>\n<li>grupowanie pracownik\u00f3w wed\u0142ug dowolnych kryteri\u00f3w, np. pracownicy etatowi, pracuj\u0105cy na umow\u0119-zlecenie, wed\u0142ug dzia\u0142\u00f3w b\u0105d\u017a stanowisk;<\/li>\n<li>uwzgl\u0119dnienie r\u00f3\u017cnych sposob\u00f3w wynagradzania oraz rozliczanie wynagrodze\u0144 wyp\u0142acanych na prze\u0142omie miesi\u0119cy i ko\u0144ca roku;<\/li>\n<li>automatyczne rozliczanie wszystkich potrzebnych i najcz\u0119\u015bciej wyst\u0119puj\u0105cych sk\u0142adnik\u00f3w p\u0142acowych<\/li>\n<\/ul>\n<div id=\"content_0_centrecontentcolumn_0_topicRpt_ProductDetailDiv_5\" class=\"accordion-listing accordion-inline-green\"><\/div>\n<\/div>\n<\/div>\n<\/div>\n<p>&nbsp;<\/p>\n<p>&nbsp;<\/p>\n","protected":false},"excerpt":{"rendered":"<p>Efektywnie zarz\u0105dzaj p\u0142acami i danymi kadrowymi Sage Symfonia Kadry i P\u0142ace wspomaga zarz\u0105dzanie p\u0142acami oraz danymi kadrowymi pracownik\u00f3w w ma\u0142ych i \u015brednich firmach. Automatyzuje obliczanie p\u0142ac i ewidencj\u0119 czasu pracy. Zapewnia kompleksow\u0105 obs\u0142ug\u0119 wszystkich form zatrudnienia, w tym r\u00f3wnie\u017c um\u00f3w cywilno-prawnych. Wsp\u00f3\u0142pracuje z programem P\u0142atnik w zakresie deklaracji ZUS, umo\u017cliwia przygotowanie dokument\u00f3w zgodnych z formatem &hellip; <a href=\"https:\/\/www.skelpie.eu\/?page_id=278\" class=\"more-link\">Czytaj dalej <span class=\"screen-reader-text\">Symfonia Kadry i P\u0142ace &#8211; Sage<\/span> <span class=\"meta-nav\">&rarr;<\/span><\/a><\/p>\n","protected":false},"author":1,"featured_media":0,"parent":0,"menu_order":0,"comment_status":"closed","ping_status":"closed","template":"","meta":[],"_links":{"self":[{"href":"https:\/\/www.skelpie.eu\/index.php?rest_route=\/wp\/v2\/pages\/278"}],"collection":[{"href":"https:\/\/www.skelpie.eu\/index.php?rest_route=\/wp\/v2\/pages"}],"about":[{"href":"https:\/\/www.skelpie.eu\/index.php?rest_route=\/wp\/v2\/types\/page"}],"author":[{"embeddable":true,"href":"https:\/\/www.skelpie.eu\/index.php?rest_route=\/wp\/v2\/users\/1"}],"replies":[{"embeddable":true,"href":"https:\/\/www.skelpie.eu\/index.php?rest_route=%2Fwp%2Fv2%2Fcomments&post=278"}],"version-history":[{"count":3,"href":"https:\/\/www.skelpie.eu\/index.php?rest_route=\/wp\/v2\/pages\/278\/revisions"}],"predecessor-version":[{"id":403,"href":"https:\/\/www.skelpie.eu\/index.php?rest_route=\/wp\/v2\/pages\/278\/revisions\/403"}],"wp:attachment":[{"href":"https:\/\/www.skelpie.eu\/index.php?rest_route=%2Fwp%2Fv2%2Fmedia&parent=278"}],"curies":[{"name":"wp","href":"https:\/\/api.w.org\/{rel}","templated":true}]}}