{"id":283,"date":"2015-02-08T21:13:10","date_gmt":"2015-02-08T21:13:10","guid":{"rendered":"http:\/\/192.168.1.110\/skelpie\/?page_id=283"},"modified":"2015-02-10T21:34:43","modified_gmt":"2015-02-10T21:34:43","slug":"rachmistrz-nexo","status":"publish","type":"page","link":"https:\/\/www.skelpie.eu\/?page_id=283","title":{"rendered":"Rachmistrz Nexo &#8211; Insert"},"content":{"rendered":"<p class=\"content\"><strong>Rachmistrz nexo<\/strong> to system obs\u0142ugi uproszczonej ksi\u0119gowo\u015bci, przeznaczony dla firm prowadz\u0105cych ksi\u0119g\u0119 przychod\u00f3w i rozchod\u00f3w lub rozliczaj\u0105cych si\u0119 w formie rycza\u0142tu od przychod\u00f3w ewidencjonowanych. Bogata funkcjonalno\u015b\u0107 i prosta, intuicyjna obs\u0142uga to atuty, kt\u00f3re sprawiaj\u0105, \u017ce ewidencja ksi\u0119gowa z Rachmistrzem nexo przebiega szybko i sprawnie.<\/p>\n<p class=\"content\"><strong>Rachmistrz nexo<\/strong> zosta\u0142 wyposa\u017cony <img src=\"https:\/\/www.insert.com.pl\/.cms\/content\/gallery\/insert\/programy\/rach2.png\" alt=\"\" align=\"right\" \/>w szereg rozbudowanych funkcji u\u0142atwiaj\u0105cych prowadzenie ksi\u0119gowo\u015bci (od ewidencji VAT, um\u00f3w i p\u0142ac, \u015brodk\u00f3w trwa\u0142ych i pojazd\u00f3w, przez wystawianie deklaracji skarbowych i ZUS, operacje kasowe i operacje na rachunkach bankowych, po rozliczanie rozrachunk\u00f3w). Zaletami programu s\u0105 m.in. automatyczna dekretacja dokument\u00f3w oraz elastyczna obs\u0142uga finans\u00f3w i rozrachunk\u00f3w.<\/p>\n<p class=\"content\"><strong>Rachmistrz nexo<\/strong> jest cz\u0119\u015bci\u0105 <strong>InsERT nexo<\/strong> \u2013 zintegrowanego pakietu, w kt\u00f3rego sk\u0142ad wchodz\u0105 r\u00f3wnie\u017c: <strong>Subiekt nexo<\/strong> \u2013 system obs\u0142ugi sprzeda\u017cy i gospodarki magazynowej oraz <strong>Rewizor nexo<\/strong>\u2013 system finansowo-ksi\u0119gowy.<\/p>\n<p class=\"content\" align=\"center\">Zapraszamy do obejrzenia filmu prezentuj\u0105cego g\u0142\u00f3wne zalety programu<\/p>\n<p class=\"content\" align=\"center\"><iframe loading=\"lazy\" src=\"https:\/\/www.youtube.com\/embed\/7VUpTzCuk48?rel=0\" width=\"480\" height=\"360\" frameborder=\"0\"><\/iframe><\/p>\n<p class=\"content\" align=\"center\">Wymiana dokument\u00f3w online w InsERT nexo<\/p>\n<p class=\"content\" align=\"center\"><iframe loading=\"lazy\" src=\"https:\/\/www.youtube.com\/embed\/6C6WNmCRy44?rel=0\" width=\"480\" height=\"360\" frameborder=\"0\"><\/iframe><\/p>\n<p class=\"content\">\n<p class=\"content\"><strong>Najwa\u017cniejsze mo\u017cliwo\u015bci<\/strong> <strong>Rachmistrza nexo<\/strong>:<\/p>\n<ul class=\"standard\">\n<li>prowadzenie ksi\u0119gi przychod\u00f3w i rozchod\u00f3w lub ewidencji podatku zrycza\u0142towanego (p\u0142ynne przej\u015bcie mi\u0119dzy r\u00f3\u017cnymi formami ksi\u0119gowo\u015bci);<\/li>\n<li>ewidencja i rozliczanie ewidencji VAT: zakup\u00f3w,\u00a0 sprzeda\u017cy (w tym sprzeda\u017c mar\u017ca), rozliczenia metod\u0105 kasow\u0105, korekty VAT nieterminowych p\u0142atno\u015bci;<\/li>\n<li>ewidencja \u015brodk\u00f3w trwa\u0142ych oraz warto\u015bci niematerialnych i prawnych (naliczanie i dekretacja amortyzacji z uwzgl\u0119dnieniem koszt\u00f3w przypadaj\u0105cych na miejsca u\u017cytkowania, wydruk tabeli i plan\u00f3w amortyzacji), a tak\u017ce ewidencja wyposa\u017cenia i remanent\u00f3w;<\/li>\n<li>podstawowa obs\u0142uga wynagrodze\u0144: ewidencja osobowa, um\u00f3w cywilnoprawnych oraz um\u00f3w o prac\u0119;<\/li>\n<li>zaawansowany system rozlicze\u0144 w\u0142a\u015bcicielskich: od sk\u0142adek ZUS wsp\u00f3lnika, poprzez ewidencj\u0119 przychod\u00f3w z innych \u017ar\u00f3de\u0142 (EP), do odlicze\u0144 i obni\u017cek podatku zwi\u0105zanych z r\u00f3\u017cnymi ulgami;<\/li>\n<li>ewidencja i rozliczanie pojazd\u00f3w prywatnych wykorzystywanych do dzia\u0142alno\u015bci gospodarczej oraz pojazd\u00f3w firmowych z mo\u017cliwo\u015bci\u0105 cz\u0119\u015bciowego b\u0105d\u017a pe\u0142nego odliczenia VAT;<\/li>\n<li>obs\u0142uga dowod\u00f3w wewn\u0119trznych &#8211; dokument\u00f3w w\u0142asnych podmiotu dotycz\u0105cych operacji zachodz\u0105cych wewn\u0105trz firmy;<\/li>\n<li>obs\u0142uga operacji kasowych got\u00f3wkowych i bezgot\u00f3wkowych (p\u0142atno\u015b\u0107 kart\u0105 p\u0142atnicz\u0105, bony), raporty kasowe;<\/li>\n<li>obs\u0142uga operacji zwi\u0105zanych z rachunkami bankowymi, polecenia przelewu standardowe, ZUS, podatkowe z wykorzystaniem bankowo\u015bci elektronicznej (off-line i on-line);<\/li>\n<li>ewidencja i rozliczanie rozrachunk\u00f3w, integracja z zapisami ksi\u0119gowymi KPiR b\u0105d\u017a EP oraz z zapisami VAT;<\/li>\n<li>wystawianie i wydruk deklaracji skarbowych rozliczaj\u0105cych podatek dochodowy wsp\u00f3lnik\u00f3w i pracownik\u00f3w oraz podatek VAT;<\/li>\n<li>wystawianie deklaracji ZUS (RCA, RZA, DRA) oraz mo\u017cliwo\u015b\u0107 eksportu do programu P\u0142atnik;<\/li>\n<li>automatyczna dekretacja do KPiR lub EP oraz rejestr\u00f3w VAT za pomoc\u0105 definiowalnych schemat\u00f3w;<\/li>\n<li>integracja z systemem sprzeda\u017cy Subiekt nexo;<\/li>\n<li>mo\u017cliwo\u015b\u0107 pracy jednostanowiskowej b\u0105d\u017a sieciowej.<\/li>\n<\/ul>\n<p>&nbsp;<\/p>\n<h2>KPiR i EP<\/h2>\n<ul class=\"standard\">\n<li>Obs\u0142uga ksi\u0119gi przychod\u00f3w i rozchod\u00f3w lub ewidencji podatku zrycza\u0142towanego.<\/li>\n<li>Elastyczne zarz\u0105dzanie okresami obrachunkowymi r\u00f3\u017cnych form ksi\u0119gowo\u015bci: p\u0142ynne przej\u015bcie z okresu rozlicze\u0144 pe\u0142nej ksi\u0119gowo\u015bci na KPiR b\u0105d\u017a EP z zachowaniem wszystkich danych historycznych wprowadzonych w Rewizorze nexo.<\/li>\n<li>Mo\u017cliwo\u015b\u0107 przeniesienia ustawie\u0144 z poprzedniego okresu obrachunkowego.<\/li>\n<li>Intuicyjne ewidencjonowanie zapis\u00f3w w KPiR i EP uwzgl\u0119dniaj\u0105ce aspekty np. rozpocz\u0119cia pracy z programem (bilans otwarcia dla KPiR b\u0105d\u017a EP), ewidencjonowanie warto\u015bci remanent\u00f3w, korekt uzyskania przychod\u00f3w wynikaj\u0105cych z niezap\u0142acenia naby\u0107 towar\u00f3w.<\/li>\n<li>Mo\u017cliwo\u015b\u0107 dokonania opisu ksi\u0119gowego od strony dokumentu \u017ar\u00f3d\u0142owego (opis ten mo\u017ce decydowa\u0107 m.in. o sposobie importowania dokumentu).<\/li>\n<\/ul>\n<h2>Dekretacja<\/h2>\n<ul class=\"standard\">\n<li>Zaawansowany modu\u0142 gromadz\u0105cy obrazy ksi\u0119gowe dokument\u00f3w (Dekretacja dokument\u00f3w), z poziomu kt\u00f3rego dokona\u0107 mo\u017cna w\u0142asnego opisu ksi\u0119gowego do wykorzystania w automatycznej dekretacji wg schemat\u00f3w.<\/li>\n<li>Znakowanie etap\u00f3w pracy nad dekretowanym dokumentem \u2013 statusy ksi\u0119gowe: nowy, opisany, zaksi\u0119gowany. Monitowanie zmiany dokumentu ksi\u0119gowego po dokonanej dekretacji. Okre\u015blanie blokady dokumentu \u017ar\u00f3d\u0142owego w zale\u017cno\u015bci od warto\u015bci statusu ksi\u0119gowego.<\/li>\n<li>Przesy\u0142anie obraz\u00f3w ksi\u0119gowych dokument\u00f3w Subiekta nexo do modu\u0142u Dekretacji dokument\u00f3w r\u00f3\u017cnymi kana\u0142ami komunikacji: pracy lokalnej (na jednej bazie danych), online (praca zdalna wykorzystuj\u0105ca mechanizmy chmury w Internecie oraz dostarczanie dokument\u00f3w za pomoc\u0105 plik\u00f3w.<\/li>\n<li>Mo\u017cliwo\u015b\u0107 pobierania dokument\u00f3w z Gratyfikanta GT.<\/li>\n<\/ul>\n<h2>Schematy dekretacji<\/h2>\n<ul class=\"standard\">\n<li>Mo\u017cliwo\u015b\u0107 zdefiniowania dowolnej liczby schemat\u00f3w dla danego typu dokumentu i jego cechy (np. kategorii ksi\u0119gowej) poprzez okre\u015blenie kolejno\u015bci ich wykonania r\u0119cznie (podobne warunkowanie zastosowano przy imporcie do ewidencji VAT).<\/li>\n<\/ul>\n<h2>Ewidencje VAT sprzeda\u017cy i zakupu<\/h2>\n<ul class=\"standard\">\n<li>Ewidencja i rozliczanie podatku VAT: ewidencjonowanie dokument\u00f3w z\u0142o\u017conych operacji gospodarczych (np.: zakupy zaopatrzeniowe i kosztowe, r\u00f3\u017cne rodzaje odliczenia), obs\u0142uga transakcji VAT krajowych, wewn\u0105trzwsp\u00f3lnotowych i pozaunijnych.<\/li>\n<li>Rozliczanie VAT mar\u017ca, korekt VAT, nieterminowych p\u0142atno\u015bci (ulga za z\u0142e d\u0142ugi), VAT naliczanego po zap\u0142acie (z wykorzystaniem rozlicze\u0144 rozrachunk\u00f3w).<\/li>\n<li>Automatyczne wyliczanie deklaracji VAT-7\/7K\/7D i VAT-UE i ich korekt (miesi\u0119cznie lub kwartalnie).<\/li>\n<li>Zapisy VAT\u00a0 mo\u017cna zr\u00f3\u017cnicowa\u0107 pod k\u0105tem zawarto\u015bci dokumentu, czyli okre\u015bli\u0107 r\u00f3\u017cny skutek VAT dla pozycji (tzw. zapis z\u0142o\u017cony).<\/li>\n<\/ul>\n<h2>\u015arodki trwa\u0142e<\/h2>\n<ul class=\"standard\">\n<li>Ewidencja \u015brodk\u00f3w trwa\u0142ych i warto\u015bci niematerialnych i prawnych oraz operacji zwi\u0105zanych z nimi.<\/li>\n<li>Mo\u017cliwo\u015b\u0107 ewidencjonowania operacji wg amortyzacji podatkowej i bilansowej z uwzgl\u0119dnieniem warto\u015bci stanowi\u0105cej koszty uzyskania przychodu i warto\u015bci przypadaj\u0105cej na miejsca u\u017cytkowania \u015brodk\u00f3w trwa\u0142ych<\/li>\n<\/ul>\n<h2>Umowy i p\u0142ace<\/h2>\n<ul class=\"standard\">\n<li>Podstawowa obs\u0142uga kadr i p\u0142ac \u2013 umowy o prac\u0119 oraz cywilnoprawne wraz z obs\u0142ug\u0105 nalicze\u0144 ZUS.<\/li>\n<li>Eksport danych do programu P\u0142atnik w wersji nie ni\u017cszej ni\u017c 9.01.001.<\/li>\n<\/ul>\n<h2>Ewidencje pomocnicze<\/h2>\n<ul class=\"standard\">\n<li>Ewidencje pomocnicze: przejazd\u00f3w, remanent\u00f3w dla wszystkich form ksi\u0119gowo\u015bci.<\/li>\n<li>Ewidencja pojazd\u00f3w wykorzystywanych do dzia\u0142alno\u015bci gospodarczej wraz z obs\u0142ug\u0105 eksploatacji samochod\u00f3w, motocykli oraz motorower\u00f3w nale\u017c\u0105cych do pracownik\u00f3w, wsp\u00f3lnik\u00f3w, os\u00f3b wsp\u00f3\u0142pracuj\u0105cych b\u0105d\u017a ewidencja pojazd\u00f3w firmowych. Obs\u0142uga nalicze\u0144 koszt\u00f3w zwi\u0105zanych z pojazdami z odliczeniem VAT pe\u0142nym b\u0105d\u017a cz\u0119\u015bciowym.<\/li>\n<li>Obs\u0142uga dowod\u00f3w wewn\u0119trznych &#8211; dokument\u00f3w w\u0142asnych podmiotu dotycz\u0105cych operacji zachodz\u0105cych wewn\u0105trz firmy b\u0105d\u017a wystawianych zast\u0119pczo za dowody obce wraz z automatyczn\u0105 dekretacj\u0105 do ksi\u0105g rachunkowych.<\/li>\n<li>Mo\u017cliwo\u015b\u0107 zaewidencjonowania rycza\u0142tu na u\u017cytkowanie pojazdu pracownika do cel\u00f3w s\u0142u\u017cbowych.<\/li>\n<li>Zaawansowany system rozlicze\u0144 w\u0142a\u015bcicielskich\u00a0 wspieraj\u0105cych rozliczenie podatku od przychod\u00f3w ewidencjonowanych:\u00a0 od sk\u0142adek ZUS wsp\u00f3lnika (tak\u017ce z innych \u017ar\u00f3de\u0142, przez ewidencj\u0119 przychod\u00f3w z etatu lub innych form dzia\u0142alno\u015bci gospodarczej oraz straty z lat ubieg\u0142ych, do odlicze\u0144, dolicze\u0144 i obni\u017cek zwi\u0105zanych z ulgami na dzieci oraz innymi ulgami zwi\u0105zanymi z podatkiem.<\/li>\n<li>Naliczanie zaliczek na podatek dochodowy od os\u00f3b fizycznych w uj\u0119ciu miesi\u0119cznym b\u0105d\u017a kwartalnym. Uwzgl\u0119dnienie nalicze\u0144 rozlicze\u0144 w\u0142a\u015bcicielskich w rozliczeniu zaliczek na podatek dochodowy wsp\u00f3lnik\u00f3w.<\/li>\n<li>Mo\u017cliwo\u015b\u0107 ewidencjonowania os\u00f3b wsp\u00f3\u0142pracuj\u0105cych wraz z wyliczaniem sk\u0142adek oraz deklaracji ZUS, a tak\u017ce wsp\u00f3lnego rozliczania wsp\u00f3lnika ze wsp\u00f3\u0142ma\u0142\u017conkiem.<\/li>\n<\/ul>\n<h2>Kasa<\/h2>\n<ul class=\"standard\">\n<li>Operacje kasowe z od\u0142o\u017conym skutkiem (niewykonane).<\/li>\n<li>Kompleksowa obs\u0142uga kasy z rejestrowaniem operacji got\u00f3wkowych\u00a0 i bezgot\u00f3wkowych (p\u0142atno\u015bci kart\u0105 p\u0142atnicz\u0105, bony).<\/li>\n<li>Mo\u017cliwo\u015b\u0107 zdefiniowania wielu stanowisk kasowych w obr\u0119bie jednej kasy (przydatne m.in.\u00a0 podczas korzystania z sesji kasowych, kt\u00f3re s\u0105 zwi\u0105zane ze stanowiskiem oraz raport\u00f3w kasowych, kt\u00f3re dotycz\u0105 kasy).<\/li>\n<li>Mo\u017cliwo\u015b\u0107 przypisania form p\u0142atno\u015bci do stanowiska kasowego.<\/li>\n<li>Raport kasowy to zbiorczy dokument, kt\u00f3ry mo\u017ce by\u0107 przekazany bezpo\u015brednio do ksi\u0119gowo\u015bci (mo\u017ce by\u0107 odzwierciedleniem jednej lub wielu sesji kasowych).<\/li>\n<li>Mo\u017cliwo\u015b\u0107 rejestrowania \u015brodk\u00f3w w drodze i ko\u0144czenia rozpocz\u0119tego transferu.<\/li>\n<\/ul>\n<h2>Bank<\/h2>\n<ul class=\"standard\">\n<li>Sp\u00f3jna obs\u0142uga operacji na rachunku bankowym bez wzgl\u0119du na spos\u00f3b prowadzenia rachunku (ewidencjonowanie r\u0119czne, bankowo\u015b\u0107 elektroniczna).<\/li>\n<li>Bankowo\u015b\u0107 elektroniczna offline i online.<\/li>\n<li>Polecenie przelewu\/wp\u0142aty got\u00f3wkowej standardowe, podatkowe, ZUS-owe.<\/li>\n<li>Mo\u017cliwo\u015b\u0107 rejestrowania \u015brodk\u00f3w w drodze, ko\u0144czenie rozpocz\u0119tego transferu.<\/li>\n<\/ul>\n<h2>Rozliczenia<\/h2>\n<ul class=\"standard\">\n<li>Rozliczenia waluta obca \u2013 PLN.<\/li>\n<li>Kompensaty rozrachunk\u00f3w.<\/li>\n<\/ul>\n<h2>Rozrachunki<\/h2>\n<ul class=\"standard\">\n<li>Podzia\u0142 p\u0142atno\u015bci na rodzaje &#8211; dla ka\u017cdego z nich mo\u017cna okre\u015bli\u0107, jaki typ rozrachunku b\u0119dzie tworzony dla p\u0142atno\u015bci (np. KP rodzaju sp\u0142ata tworzy sp\u0142at\u0119 nale\u017cno\u015bci, a rodzaju zaliczka tworzy zobowi\u0105zanie).<\/li>\n<li>Udost\u0119pnienie finans\u00f3w. Integracja z KPiR oraz VAT.<\/li>\n<\/ul>\n<h2>Konfiguracja<\/h2>\n<ul class=\"standard\">\n<li>Mo\u017cliwo\u015b\u0107 wykorzystania predefiniowanych s\u0142ownik\u00f3w u\u017cytkownika i wykorzystanie ich element\u00f3w do opisu ksi\u0119gowego pozycji dokument\u00f3w do dekretacji.<\/li>\n<li>Dostosowywanie programu do w\u0142asnych potrzeb ksi\u0119gowych poprzez wy\u0142\u0105czenie obs\u0142ugi pewnych funkcjonalno\u015bci i dost\u0119pu do opcji. Predefiniowany szablon ustawie\u0144 wy\u0142\u0105czaj\u0105cy m.in. obs\u0142ug\u0119 rozrachunk\u00f3w i finans\u00f3w.<\/li>\n<\/ul>\n","protected":false},"excerpt":{"rendered":"<p>Rachmistrz nexo to system obs\u0142ugi uproszczonej ksi\u0119gowo\u015bci, przeznaczony dla firm prowadz\u0105cych ksi\u0119g\u0119 przychod\u00f3w i rozchod\u00f3w lub rozliczaj\u0105cych si\u0119 w formie rycza\u0142tu od przychod\u00f3w ewidencjonowanych. Bogata funkcjonalno\u015b\u0107 i prosta, intuicyjna obs\u0142uga to atuty, kt\u00f3re sprawiaj\u0105, \u017ce ewidencja ksi\u0119gowa z Rachmistrzem nexo przebiega szybko i sprawnie. Rachmistrz nexo zosta\u0142 wyposa\u017cony w szereg rozbudowanych funkcji u\u0142atwiaj\u0105cych prowadzenie ksi\u0119gowo\u015bci &hellip; <a href=\"https:\/\/www.skelpie.eu\/?page_id=283\" class=\"more-link\">Czytaj dalej <span class=\"screen-reader-text\">Rachmistrz Nexo &#8211; Insert<\/span> <span class=\"meta-nav\">&rarr;<\/span><\/a><\/p>\n","protected":false},"author":1,"featured_media":0,"parent":0,"menu_order":0,"comment_status":"closed","ping_status":"closed","template":"","meta":[],"_links":{"self":[{"href":"https:\/\/www.skelpie.eu\/index.php?rest_route=\/wp\/v2\/pages\/283"}],"collection":[{"href":"https:\/\/www.skelpie.eu\/index.php?rest_route=\/wp\/v2\/pages"}],"about":[{"href":"https:\/\/www.skelpie.eu\/index.php?rest_route=\/wp\/v2\/types\/page"}],"author":[{"embeddable":true,"href":"https:\/\/www.skelpie.eu\/index.php?rest_route=\/wp\/v2\/users\/1"}],"replies":[{"embeddable":true,"href":"https:\/\/www.skelpie.eu\/index.php?rest_route=%2Fwp%2Fv2%2Fcomments&post=283"}],"version-history":[{"count":2,"href":"https:\/\/www.skelpie.eu\/index.php?rest_route=\/wp\/v2\/pages\/283\/revisions"}],"predecessor-version":[{"id":398,"href":"https:\/\/www.skelpie.eu\/index.php?rest_route=\/wp\/v2\/pages\/283\/revisions\/398"}],"wp:attachment":[{"href":"https:\/\/www.skelpie.eu\/index.php?rest_route=%2Fwp%2Fv2%2Fmedia&parent=283"}],"curies":[{"name":"wp","href":"https:\/\/api.w.org\/{rel}","templated":true}]}}