{"id":289,"date":"2015-02-08T21:18:20","date_gmt":"2015-02-08T21:18:20","guid":{"rendered":"http:\/\/192.168.1.110\/skelpie\/?page_id=289"},"modified":"2015-02-10T21:33:57","modified_gmt":"2015-02-10T21:33:57","slug":"gratyfikant-gt","status":"publish","type":"page","link":"https:\/\/www.skelpie.eu\/?page_id=289","title":{"rendered":"Gratyfikant GT &#8211; Insert"},"content":{"rendered":"<p class=\"content\"><strong class=\"insert-product\">Gratyfikant GT<\/strong> jest nowoczesnym systemem kadrowo-p\u0142acowym, nast\u0119pc\u0105 programu <strong class=\"insert-product\">Gratyfikant 3<\/strong>. Program polecamy osobom, kt\u00f3re w ma\u0142ych i \u015brednich firmach zajmuj\u0105 si\u0119 sprawami kadrowo-p\u0142acowymi, a tak\u017ce biurom rachunkowym.<\/p>\n<p class=\"content\"><strong class=\"insert-product\">Gratyfikant GT<\/strong> posiada wiele rozbudowanych funkcji niezb\u0119dnych w dziale kadr i p\u0142ac. Umo\u017cliwia prowadzenie ewidencji osobowej w firmie, wystawianie r\u00f3\u017cnego rodzaju um\u00f3w, ewidencjonowanie wyp\u0142at i rachunk\u00f3w, ponadto obs\u0142uguje <span class=\"company-long\">Zak\u0142adowy Fundusz \u015awiadcze\u0144 Socjalnych<\/span>, u\u0142atwia wystawianie deklaracji skarbowych (m.in.: PIT-4, PIT-4R, PIT-8AR, PIT-11\/8B, PIT-36, PIT-36L, PIT-37, PIT-40) oraz <span class=\"company\">ZUS<\/span> (m.in.: RCA, RZA, RSA, DRA). System dostosowany jest do obowi\u0105zuj\u0105cych przepis\u00f3w. <strong class=\"insert-product\">Gratyfikant GT<\/strong> wsp\u00f3\u0142pracuje z programem <span class=\"product\">P\u0142atnik<\/span>.<\/p>\n<div class=\"image-container\"><a class=\"lightbox\" href=\"https:\/\/www.insert.com.pl\/.grafika\/ekrany\/duze\/gratyfikant_gt\/02_dane_pracownika_w_ewidencji_osobowej.png\"><img loading=\"lazy\" class=\"news-image-left aligncenter\" title=\"\" src=\"https:\/\/www.insert.com.pl\/.grafika\/ekrany\/startowe\/gratyfikant_gt\/02_dane_pracownika_w_ewidencji_osobowej.png\" alt=\"\" width=\"230\" height=\"175\" \/><\/a><\/div>\n<p class=\"content\"><strong class=\"insert-product\">Gratyfikant GT<\/strong> wchodzi w sk\u0142ad systemu <strong class=\"insert-product\">InsERT GT<\/strong>, zintegrowany zosta\u0142 z programami ksi\u0119gowymi tej linii &#8211; ksi\u0119g\u0105 przychod\u00f3w i rozchod\u00f3w &#8211; <a href=\"https:\/\/www.insert.com.pl\/programy_dla_firm\/ksiegowosc_i_finanse\/rachmistrz_gt\/opis.html\"><strong class=\"insert-product\">Rachmistrzem GT<\/strong><\/a> i systemem finansowo-ksi\u0119gowym &#8211; <a href=\"https:\/\/www.insert.com.pl\/programy_dla_firm\/ksiegowosc_i_finanse\/rewizor_gt\/opis.html\"><strong class=\"insert-product\">Rewizorem GT<\/strong><\/a>. Mo\u017cliwe jest <a href=\"https:\/\/www.insert.com.pl\/programy_dla_firm\/kadry_i_place\/gratyfikant_gt\/przeniesienie_danych.html\"><span class=\"site-link\">przeniesienie do niego danych<\/span><\/a>zgromadzonych w <strong class=\"insert-product\">Gratyfikancie 3<\/strong> oraz<strong class=\"insert-product\">mikroGratyfikancie GT<\/strong>, a tak\u017ce w systemie <span class=\"product\">P\u0142atnik<\/span>.<\/p>\n<p class=\"content\">Poni\u017cej przedstawiamy list\u0119 najwa\u017cniejszych mo\u017cliwo\u015bci programu:<\/p>\n<ul class=\"standard\">\n<li>unikalny i elastyczny model wynagrodze\u0144, daj\u0105cy bardzo du\u017ce mo\u017cliwo\u015bci w zakresie tworzenia, zarz\u0105dzania i naliczania wynagrodze\u0144 dla pracownik\u00f3w;<\/li>\n<li>rozbudowana ewidencja pracownik\u00f3w (badania lekarskie, kursy bhp, nagrody, kary, historia zatrudnienia, podzia\u0142 na grupy, przypisywanie cech, zdj\u0119cia pracownika i wiele innych);<\/li>\n<li>ewidencja um\u00f3w o prac\u0119 z bardzo elastycznym mechanizmem tworzenia zaawansowanych system\u00f3w wynagrodze\u0144 (wiele definicji wyp\u0142at w jednej umowie, globalne lub indywidualne sk\u0142adniki p\u0142acowe);<\/li>\n<li>planowanie czasu pracy pracownika w umowach o prac\u0119 (zmiany kalendarza pracy w czasie trwania umowy, okre\u015blanie wyj\u0105tk\u00f3w), wydruki kalendarzy miesi\u0119cznych i rocznych;<\/li>\n<li>ewidencja um\u00f3w zlece\u0144, o dzie\u0142o oraz kontrakt\u00f3w mened\u017cerskich (m.in. kwotowe koszty uzyskania przychod\u00f3w); definiowanie elastycznych harmonogram\u00f3w wyp\u0142acania rachunk\u00f3w dla um\u00f3w cywilnoprawnych;<\/li>\n<li>rejestracja faktycznego czasu pracy pracownika (nadgodziny, godziny nocne, godziny absencji, rozliczanie miesi\u0119czne lub okresowe, np. co 3 miesi\u0105ce);<\/li>\n<li>ewidencja nieobecno\u015bci w pracy (absencje chorobowe, urlopowe i wiele innych) dla um\u00f3w o prac\u0119 i um\u00f3w cywilnoprawnych (wybrane absencje);<\/li>\n<li>rozbudowane sk\u0142adniki p\u0142acowe (naliczenia, potr\u0105cenia, sk\u0142adniki parametryczne, sk\u0142adniki definiowalne, sk\u0142adniki automatyczne, du\u017ce mo\u017cliwo\u015bci parametryzacji);<\/li>\n<li>definicje list p\u0142ac i zestaw\u00f3w p\u0142acowych, u\u0142atwiaj\u0105ce i automatyzuj\u0105ce naliczanie comiesi\u0119cznych wynagrodze\u0144; rozliczanie ewidencji czasu pracy, akord\u00f3w, prowizji, nalicze\u0144, potr\u0105ce\u0144 i potr\u0105ce\u0144 komorniczych w dowolnej li\u015bcie p\u0142ac; rozbudowany analizator wyp\u0142at;<\/li>\n<li>naliczanie i drukowanie deklaracji skarbowych (PIT-4, PIT-4R,PIT-8AR, PIT-11\/8B, PIT-36, PIT-36L, PIT-37, PIT-40); generowanie danych do deklaracji zg\u0142oszeniowych i rozliczeniowych ZUS.<\/li>\n<\/ul>\n<div class=\"image-container\"><a class=\"lightbox\" href=\"https:\/\/www.insert.com.pl\/.grafika\/ekrany\/duze\/gratyfikant_gt\/08_modul_ewidencja_czasu_pracy.png\"><img loading=\"lazy\" class=\"news-image-right aligncenter\" title=\"\" src=\"https:\/\/www.insert.com.pl\/.grafika\/ekrany\/startowe\/gratyfikant_gt\/08_modul_ewidencja_czasu_pracy.png\" alt=\"\" width=\"230\" height=\"175\" \/><\/a><\/div>\n<p class=\"content\">Funkcjonalno\u015b\u0107 <strong class=\"insert-product\">Gratyfikanta GT<\/strong> mo\u017cna wzbogaci\u0107, instaluj\u0105c specjalne pakiety rozszerze\u0144:<a href=\"https:\/\/www.insert.com.pl\/programy_dla_firm\/sprzedaz\/niebieski_plus_dla_insert_gt\/opis.html\"><strong class=\"insert-product\">niebieski PLUS dla InsERT GT<\/strong><\/a>,<a href=\"https:\/\/www.insert.com.pl\/programy_dla_firm\/sprzedaz\/zielony_plus_dla_insert_gt\/opis.html\"><strong class=\"insert-product\">zielony PLUS dla InsERT GT<\/strong><\/a> i<a href=\"https:\/\/www.insert.com.pl\/programy_dla_firm\/sprzedaz\/czerwony_plus_dla_insert_gt\/opis.html\"><strong class=\"insert-product\">czerwony PLUS dla InsERT GT<\/strong><\/a>. Natomiast u\u017cytkownikom, kt\u00f3rzy wymagaj\u0105 nietypowych rozwi\u0105za\u0144, dostosowanych do specyficznych potrzeb firmy, polecamy dodatek <a href=\"https:\/\/www.insert.com.pl\/programy_dla_firm\/kadry_i_place\/sfera_dla_gratyfikanta_gt\/opis.html\"><strong class=\"insert-product\">Sfera dla Gratyfikanta GT<\/strong><\/a>.<\/p>\n<p class=\"content\"><strong class=\"insert-product\">Gratyfikant GT<\/strong> dost\u0119pny jest r\u00f3wnie\u017c w specjalnej ofercie przygotowanej dla <a href=\"https:\/\/www.insert.com.pl\/programy_dla_firm\/oferta_dla_biur_rachunkowych.html\"><span class=\"site-link\">biur rachunkowych i doradc\u00f3w podatkowych<\/span><\/a>, kt\u00f3ra umo\u017cliwia zakup programu w promocyjnym zestawie.<\/p>\n<p class=\"content\">\n<div>\n<h2 id=\"ogolne\">Og\u00f3lne<\/h2>\n<ul class=\"standard\">\n<li>unikalny i elastyczny model wynagrodze\u0144, daj\u0105cy bardzo du\u017ce mo\u017cliwo\u015bci w zakresie tworzenia, zarz\u0105dzania i naliczania wynagrodze\u0144 dla pracownik\u00f3w;<\/li>\n<li>\u0142atwe ustawianie i prze\u0142\u0105czanie kontekstu pracy wi\u0119kszo\u015bci modu\u0142\u00f3w &#8211; wyb\u00f3r pomi\u0119dzy wszystkimi pracownikami, precyzyjnie zdefiniowan\u0105 grup\u0105 lub wybranym pracownikiem;<\/li>\n<li>strona g\u0142\u00f3wna programu prezentuj\u0105ca opr\u00f3cz sumarycznego podliczenia miesi\u0105ca pomocne komunikaty o zaleg\u0142ych i niewykonanych czynno\u015bciach;<\/li>\n<li>nowoczesny interfejs programu nastawiony przede wszystkim na wygod\u0119 pracy u\u017cytkownika;<\/li>\n<li>system przeznaczony do samodzielnej obs\u0142ugi kadr i p\u0142ac, jak i przystosowany do pracy w biurach rachunkowych.<\/li>\n<\/ul>\n<\/div>\n<div>\n<h2 id=\"kadry\">Kadry<\/h2>\n<ul class=\"standard\">\n<li>rozbudowana ewidencja pracownik\u00f3w (badania lekarskie, kursy bhp, nagrody, kary, historia zatrudnienia, podzia\u0142 na grupy, przypisywanie cech, zdj\u0119cia pracownika i wiele innych);<\/li>\n<li>biblioteka dokument\u00f3w pracownika (obrazy dokument\u00f3w tworzonych w programie oraz import dokument\u00f3w zewn\u0119trznych);<\/li>\n<li>ewidencja notatek o pracowniku oraz raportowanie o podstawowych operacjach wykonywanych na danych osobowych pracownika (kto, kiedy i co robi\u0142);<\/li>\n<li>ewidencja um\u00f3w o prac\u0119 z bardzo elastycznym mechanizmem tworzenia zaawansowanych system\u00f3w wynagrodze\u0144 (wiele definicji wyp\u0142at w jednej umowie, globalne lub indywidualne sk\u0142adniki p\u0142acowe);<\/li>\n<li>planowanie czasu pracy pracownika w umowach o prac\u0119 (zmiany kalendarza pracy w czasie trwania umowy, okre\u015blanie wyj\u0105tk\u00f3w), wydruki kalendarzy miesi\u0119cznych i rocznych;<\/li>\n<li>ewidencja um\u00f3w zlece\u0144, o dzie\u0142o oraz kontrakt\u00f3w mened\u017cerskich (m.in. kwotowe koszty uzyskania przychod\u00f3w);<\/li>\n<li>definiowanie elastycznych harmonogram\u00f3w wyp\u0142acania rachunk\u00f3w dla um\u00f3w cywilnoprawnych;<\/li>\n<li>ewidencja tre\u015bci (do wydruku) um\u00f3w o prac\u0119, cywilnoprawnych, rachunk\u00f3w i innych dokument\u00f3w kadrowych.<\/li>\n<\/ul>\n<\/div>\n<div>\n<h2 id=\"karta_pracy\">Karta pracy<\/h2>\n<ul class=\"standard\">\n<li>rejestracja faktycznego czasu pracy pracownika (nadgodziny, godziny nocne, godziny absencji, rozliczanie miesi\u0119czne lub okresowe, np. co 3 miesi\u0105ce);<\/li>\n<li>ewidencja nieobecno\u015bci w pracy (absencje chorobowe, urlopowe i wiele innych) dla um\u00f3w o prac\u0119 i um\u00f3w cywilnoprawnych (wybrane absencje);<\/li>\n<li>ewidencja ekwiwalent\u00f3w za urlop;<\/li>\n<li>ewidencja akord\u00f3w i prowizji (stawki liniowe i progresywne) dla um\u00f3w o prac\u0119 i um\u00f3w cywilnoprawnych;<\/li>\n<li>ewidencja dowolnych nalicze\u0144 i potr\u0105ce\u0144 rozliczanych zbiorczo w wyp\u0142atach;<\/li>\n<li>ewidencja potr\u0105ce\u0144 komorniczych.<\/li>\n<\/ul>\n<\/div>\n<div>\n<h2 id=\"place\">P\u0142ace<\/h2>\n<ul class=\"standard\">\n<li>rozbudowane sk\u0142adniki p\u0142acowe (naliczenia, potr\u0105cenia, sk\u0142adniki parametryczne, sk\u0142adniki definiowalne, sk\u0142adniki automatyczne, du\u017ce mo\u017cliwo\u015bci parametryzacji);<\/li>\n<li>definicje list p\u0142ac i zestaw\u00f3w p\u0142acowych, u\u0142atwiaj\u0105ce i automatyzuj\u0105ce naliczanie comiesi\u0119cznych wynagrodze\u0144;<\/li>\n<li>naliczanie wyp\u0142at na podstawie definicji w umowie lub definicji globalnych (ewidencji sk\u0142adnik\u00f3w p\u0142acowych);<\/li>\n<li>rozliczanie ewidencji czasu pracy, akord\u00f3w, prowizji, nalicze\u0144, potr\u0105ce\u0144 i potr\u0105ce\u0144 komorniczych w dowolnej li\u015bcie p\u0142ac;<\/li>\n<li>rozbudowany analizator wyp\u0142at;<\/li>\n<li>ewidencja rachunk\u00f3w do um\u00f3w cywilnoprawnych, rachunki dopisywane r\u0119cznie lub generowane zbiorczo na podstawie harmonogram\u00f3w;<\/li>\n<li>rozliczanie akord\u00f3w, prowizji oraz wybranych nieobecno\u015bci w rachunkach do um\u00f3w cywilnoprawnych;<\/li>\n<li>drukowanie i ewidencjonowanie przelew\u00f3w z tytu\u0142u wynagrodze\u0144 dla pracownik\u00f3w oraz dla instytucji (urz\u0119d\u00f3w skarbowych i innych instytucji powi\u0105zanych ze sk\u0142adnikami p\u0142acowymi pracownik\u00f3w).<\/li>\n<\/ul>\n<\/div>\n<div>\n<h2 id=\"inne\">Inne<\/h2>\n<ul class=\"standard\">\n<li>ewidencja instytucji (urz\u0119d\u00f3w skarbowych, oddzia\u0142\u00f3w ZUS oraz innych instytucji powi\u0105zanych ze sk\u0142adnikami p\u0142acowymi);<\/li>\n<li>ewidencja wsp\u00f3lnik\u00f3w i w\u0142a\u015bcicieli umo\u017cliwiaj\u0105ca naliczanie sk\u0142adek ubezpieczeniowych oraz dopisywanie informacji o \u015bwiadczeniach i przerwach (dla deklaracji RSA);<\/li>\n<li>naliczanie i drukowanie deklaracji skarbowych (PIT-4, PIT-4R,PIT-8AR, PIT-11\/8B, PIT-36, PIT-36L, PIT-37, PIT-40);<\/li>\n<li>generowanie danych do deklaracji zg\u0142oszeniowych (ZUA, ZZA, ZWA, ZCZA, ZCNA) i rozliczeniowych ZUS (RCA, RZA, RSA, DRA);<\/li>\n<li>wsp\u00f3\u0142praca z programem <span class=\"product\">P\u0142atnik<\/span>;<\/li>\n<li>ewidencja i rozliczanie Zak\u0142adowego Funduszu \u015awiadcze\u0144 Socjalnych.<\/li>\n<\/ul>\n<\/div>\n","protected":false},"excerpt":{"rendered":"<p>Gratyfikant GT jest nowoczesnym systemem kadrowo-p\u0142acowym, nast\u0119pc\u0105 programu Gratyfikant 3. Program polecamy osobom, kt\u00f3re w ma\u0142ych i \u015brednich firmach zajmuj\u0105 si\u0119 sprawami kadrowo-p\u0142acowymi, a tak\u017ce biurom rachunkowym. Gratyfikant GT posiada wiele rozbudowanych funkcji niezb\u0119dnych w dziale kadr i p\u0142ac. Umo\u017cliwia prowadzenie ewidencji osobowej w firmie, wystawianie r\u00f3\u017cnego rodzaju um\u00f3w, ewidencjonowanie wyp\u0142at i rachunk\u00f3w, ponadto obs\u0142uguje &hellip; <a href=\"https:\/\/www.skelpie.eu\/?page_id=289\" class=\"more-link\">Czytaj dalej <span class=\"screen-reader-text\">Gratyfikant GT &#8211; Insert<\/span> <span class=\"meta-nav\">&rarr;<\/span><\/a><\/p>\n","protected":false},"author":1,"featured_media":0,"parent":0,"menu_order":0,"comment_status":"closed","ping_status":"closed","template":"","meta":[],"_links":{"self":[{"href":"https:\/\/www.skelpie.eu\/index.php?rest_route=\/wp\/v2\/pages\/289"}],"collection":[{"href":"https:\/\/www.skelpie.eu\/index.php?rest_route=\/wp\/v2\/pages"}],"about":[{"href":"https:\/\/www.skelpie.eu\/index.php?rest_route=\/wp\/v2\/types\/page"}],"author":[{"embeddable":true,"href":"https:\/\/www.skelpie.eu\/index.php?rest_route=\/wp\/v2\/users\/1"}],"replies":[{"embeddable":true,"href":"https:\/\/www.skelpie.eu\/index.php?rest_route=%2Fwp%2Fv2%2Fcomments&post=289"}],"version-history":[{"count":2,"href":"https:\/\/www.skelpie.eu\/index.php?rest_route=\/wp\/v2\/pages\/289\/revisions"}],"predecessor-version":[{"id":396,"href":"https:\/\/www.skelpie.eu\/index.php?rest_route=\/wp\/v2\/pages\/289\/revisions\/396"}],"wp:attachment":[{"href":"https:\/\/www.skelpie.eu\/index.php?rest_route=%2Fwp%2Fv2%2Fmedia&parent=289"}],"curies":[{"name":"wp","href":"https:\/\/api.w.org\/{rel}","templated":true}]}}