{"id":292,"date":"2015-02-08T21:21:38","date_gmt":"2015-02-08T21:21:38","guid":{"rendered":"http:\/\/192.168.1.110\/skelpie\/?page_id=292"},"modified":"2015-02-09T18:49:56","modified_gmt":"2015-02-09T18:49:56","slug":"intersos","status":"publish","type":"page","link":"https:\/\/www.skelpie.eu\/?page_id=292","title":{"rendered":"InterSOS"},"content":{"rendered":"<h3>Opis<\/h3>\n<div><\/div>\n<div>Platforma INTERSOS zosta\u0142a zaprojektowana z my\u015bl\u0105 o sieciach handlowych. Jest to pierwsza aplikacja na rynku kt\u00f3ra tak kompleksowo pozwala prowadzi\u0107 dzia\u0142alno\u015b\u0107 sieci handlowej. W zale\u017cno\u015bci od zasi\u0119gu i wielko\u015bci sieci mo\u017cna wykorzysta\u0107 poszczeg\u00f3lne modu\u0142y aplikacji. W najbardziej rozbudowanej wersji aplikacja sk\u0142ada si\u0119 z serwera (aplikacji serwerowej wykonanej w technologii ASP) &#8211; zadaniem tej aplikacji jest gromadzenie i ewidencja danych o plac\u00f3wkach handlowych w zakresie ca\u0142ej sieci. Drugim modu\u0142em\u00a0&#8211; kt\u00f3ry w zale\u017cno\u015bci od potrzeb mo\u017cne spe\u0142nia\u0107 rol\u0119 klienta (gdy sie\u0107 handlowa posiada kilka b\u0105d\u017a kilkana\u015bcie oddzia\u0142\u00f3w i chce globalnie rozpatrywa\u0107 dane) lub samodzielnej aplikacji ewidencjonuj\u0105cej prac\u0119 sieci.<\/div>\n<p><img loading=\"lazy\" class=\"aligncenter size-full wp-image-296\" src=\"http:\/\/www.skelpie.eu\/wp-content\/uploads\/2015\/02\/sos1.jpg\" alt=\"sos\" width=\"500\" height=\"365\" srcset=\"https:\/\/www.skelpie.eu\/wp-content\/uploads\/2015\/02\/sos1.jpg 500w, https:\/\/www.skelpie.eu\/wp-content\/uploads\/2015\/02\/sos1-300x219.jpg 300w\" sizes=\"(max-width: 500px) 100vw, 500px\" \/><\/p>\n<div>Funkcjonalno\u015b\u0107 systemu INTERSOS jest bardzo wszechstronna, do najwa\u017cniejszych cech zaliczy\u0107 nale\u017cny:<\/div>\n<p>&nbsp;<\/p>\n<ul>\n<li>Rozbudowan\u0105 ewidencj\u0119 sklep\u00f3w z szerokim wachlarzem kryteri\u00f3w opisu oraz mo\u017cliwo\u015bci\u0105 definiowania w\u0142asnych kryteri\u00f3w<\/li>\n<li>Obs\u0142ug\u0119 ewidencji i raportowania warunk\u00f3w handlowych ustalanych z producentami w uk\u0142adzie zale\u017cnym od typu plac\u00f3wek<\/li>\n<li>Pe\u0142n\u0105 ewidencje opieki nad plac\u00f3wkami realizowanej przez opiekuna sieci &#8211; kalendarz wizyt itp.<\/li>\n<li>Obs\u0142ug\u0119 korespondencji z plac\u00f3wkami na podstawie seryjnych etykiet oraz nadruk\u00f3w<\/li>\n<li>Zintegrowan\u0105 baz\u0119 danych kontakt\u00f3w<\/li>\n<li>Wymian\u0119 danych z aplikacj\u0105 INTERSOS<\/li>\n<li>Obs\u0142ug\u0119 ewidencji kategorii asortymentowych<\/li>\n<li>Historia sieci &#8211; przechowywanie pe\u0142nego stanu sieci na dowoln\u0105 dat\u0119 w przesz\u0142o\u015bci<\/li>\n<li>Generator wykres\u00f3w<\/li>\n<li>Wsp\u00f3\u0142praca z urz\u0105dzeniami mobilnymi za pomoc\u0105 aplikacji SOS-PDA<\/li>\n<\/ul>\n<p>Najnowszym modu\u0142em systemu INTERSOS jest ma\u0142a aplikacja SOS-PDA, kt\u00f3ra pe\u0142ni rol\u0119 mobilnego biurka pracy opiekuna b\u0105d\u017a przedstawiciela handlowego. Aplikacja jest w ko\u0144cowej fazie test\u00f3w i niebawem uka\u017ce si\u0119 w dystrybucji. W sk\u0142ad pakietu SOS-PDA wchodz\u0105:<\/p>\n<p>&nbsp;<\/p>\n<ul>\n<li>analiza indeks\u00f3w<\/li>\n<li>generator zada\u0144<\/li>\n<li>generator raport\u00f3w<\/li>\n<\/ul>\n<p>&nbsp;<\/p>\n","protected":false},"excerpt":{"rendered":"<p>Opis Platforma INTERSOS zosta\u0142a zaprojektowana z my\u015bl\u0105 o sieciach handlowych. Jest to pierwsza aplikacja na rynku kt\u00f3ra tak kompleksowo pozwala prowadzi\u0107 dzia\u0142alno\u015b\u0107 sieci handlowej. W zale\u017cno\u015bci od zasi\u0119gu i wielko\u015bci sieci mo\u017cna wykorzysta\u0107 poszczeg\u00f3lne modu\u0142y aplikacji. W najbardziej rozbudowanej wersji aplikacja sk\u0142ada si\u0119 z serwera (aplikacji serwerowej wykonanej w technologii ASP) &#8211; zadaniem tej aplikacji &hellip; <a href=\"https:\/\/www.skelpie.eu\/?page_id=292\" class=\"more-link\">Czytaj dalej <span class=\"screen-reader-text\">InterSOS<\/span> <span class=\"meta-nav\">&rarr;<\/span><\/a><\/p>\n","protected":false},"author":1,"featured_media":0,"parent":0,"menu_order":0,"comment_status":"closed","ping_status":"closed","template":"","meta":[],"_links":{"self":[{"href":"https:\/\/www.skelpie.eu\/index.php?rest_route=\/wp\/v2\/pages\/292"}],"collection":[{"href":"https:\/\/www.skelpie.eu\/index.php?rest_route=\/wp\/v2\/pages"}],"about":[{"href":"https:\/\/www.skelpie.eu\/index.php?rest_route=\/wp\/v2\/types\/page"}],"author":[{"embeddable":true,"href":"https:\/\/www.skelpie.eu\/index.php?rest_route=\/wp\/v2\/users\/1"}],"replies":[{"embeddable":true,"href":"https:\/\/www.skelpie.eu\/index.php?rest_route=%2Fwp%2Fv2%2Fcomments&post=292"}],"version-history":[{"count":3,"href":"https:\/\/www.skelpie.eu\/index.php?rest_route=\/wp\/v2\/pages\/292\/revisions"}],"predecessor-version":[{"id":320,"href":"https:\/\/www.skelpie.eu\/index.php?rest_route=\/wp\/v2\/pages\/292\/revisions\/320"}],"wp:attachment":[{"href":"https:\/\/www.skelpie.eu\/index.php?rest_route=%2Fwp%2Fv2%2Fmedia&parent=292"}],"curies":[{"name":"wp","href":"https:\/\/api.w.org\/{rel}","templated":true}]}}