{"id":298,"date":"2015-02-08T21:28:25","date_gmt":"2015-02-08T21:28:25","guid":{"rendered":"http:\/\/192.168.1.110\/skelpie\/?page_id=298"},"modified":"2015-02-09T18:49:38","modified_gmt":"2015-02-09T18:49:38","slug":"abovo","status":"publish","type":"page","link":"https:\/\/www.skelpie.eu\/?page_id=298","title":{"rendered":"AbOvo"},"content":{"rendered":"<h4 style=\"text-align: center;\">AbOvO &#8211; Wersja demonstracyjna &#8211; <a href=\"http:\/\/www.skelpie.eu\/uploads\/demo\/abovo.exe\">pobierz<\/a><\/h4>\n<h3><strong>Funkcje programu<\/strong><\/h3>\n<h3><img loading=\"lazy\" class=\"aligncenter  wp-image-299\" src=\"http:\/\/www.skelpie.eu\/wp-content\/uploads\/2015\/02\/abovo1.jpg\" alt=\"abovo1\" width=\"615\" height=\"261\" srcset=\"https:\/\/www.skelpie.eu\/wp-content\/uploads\/2015\/02\/abovo1.jpg 650w, https:\/\/www.skelpie.eu\/wp-content\/uploads\/2015\/02\/abovo1-300x127.jpg 300w\" sizes=\"(max-width: 615px) 100vw, 615px\" \/><\/h3>\n<h3 align=\"left\"><\/h3>\n<p>&nbsp;<\/p>\n<h3 align=\"left\">Og\u00f3lne<\/h3>\n<ul>\n<li>100% mo\u017cliwo\u015b\u0107 obs\u0142ugi z klawiatury<\/li>\n<li>interfejs u\u017cytkownika przystosowany do szybkiej nauki programu (intuicyjna obs\u0142uga klawiatury)<\/li>\n<li>Czytelny ekran u\u017cytkownika<\/li>\n<li>Praca w \u015brodowisku sieciowym (kilka stanowisk)<\/li>\n<li>Praca na kilku magazynach (zestawach danych)<\/li>\n<li>Archiwizacja danych<\/li>\n<li>Parametryzacja danych<\/li>\n<\/ul>\n<h3><\/h3>\n<h3>Produkcja<\/h3>\n<ul>\n<li>Proces produkcji podzielony na 4 etapy<\/li>\n<li>Wygodny edytor ras materia\u0142u l\u0119gowego<\/li>\n<li>Indywidualne parametry wyl\u0119gu<\/li>\n<li>Automatyczne obliczanie momentu wyl\u0119gu<\/li>\n<li>Uwzgl\u0119dnienie wszelkiego rodzaju strat (zbuki, zamar\u0142e itp.)<\/li>\n<li>Rozbudowane raporty statystyczne nak\u0142adu (zgodne z wzorem karty l\u0119gu)<\/li>\n<\/ul>\n<h3><img loading=\"lazy\" class=\"aligncenter size-full wp-image-300\" src=\"http:\/\/www.skelpie.eu\/wp-content\/uploads\/2015\/02\/abovo2.jpg\" alt=\"abovo2\" width=\"612\" height=\"397\" srcset=\"https:\/\/www.skelpie.eu\/wp-content\/uploads\/2015\/02\/abovo2.jpg 612w, https:\/\/www.skelpie.eu\/wp-content\/uploads\/2015\/02\/abovo2-300x195.jpg 300w\" sizes=\"(max-width: 612px) 100vw, 612px\" \/><\/h3>\n<h3><\/h3>\n<p>&nbsp;<\/p>\n<h3>Kontrahenci<\/h3>\n<ul>\n<li>Wygodny edytor kontrahent\u00f3w<\/li>\n<li>Natychmiastowy dost\u0119p do stanu zobowi\u0105za\u0144\/nale\u017cno\u015bci<\/li>\n<li>Edycja stad kontrahent\u00f3w b\u0119d\u0105cych dostawcami<\/li>\n<\/ul>\n<p><img loading=\"lazy\" class=\"aligncenter size-full wp-image-302\" src=\"http:\/\/www.skelpie.eu\/wp-content\/uploads\/2015\/02\/abovo4.jpg\" alt=\"abovo4\" width=\"467\" height=\"351\" srcset=\"https:\/\/www.skelpie.eu\/wp-content\/uploads\/2015\/02\/abovo4.jpg 467w, https:\/\/www.skelpie.eu\/wp-content\/uploads\/2015\/02\/abovo4-300x225.jpg 300w\" sizes=\"(max-width: 467px) 100vw, 467px\" \/><\/p>\n<h3><\/h3>\n<p>&nbsp;<\/p>\n<h3>Sprzeda\u017c<\/h3>\n<ul>\n<li>Prowadzenie historii sprzeda\u017cy<\/li>\n<li>Druk rachunk\u00f3w<\/li>\n<li>Unikalna funkcja &#8222;Sprzeda\u017cy zewn\u0119trznej&#8221; niedost\u0119pna w innych programach, umo\u017cliwia awaryjn\u0105 sprzeda\u017c spoza stanu nie ingeruj\u0105c\u0105 w stany magazynowe, z mo\u017cliwo\u015bci\u0105 dodania w\u0142asnego opisu na rachunku.<\/li>\n<li>Dwa sposoby druku rachunk\u00f3w &#8211; zbiorczy oraz szczeg\u00f3\u0142owy<\/li>\n<li>Uwzgl\u0119dnienie bonus\u00f3w &#8211; premii dla odbiorc\u00f3w z mo\u017cliwo\u015bci\u0105 edycji wielko\u015bci bonusu oraz ustawienie domy\u015blnej warto\u015bci bonusu.<\/li>\n<\/ul>\n<div><\/div>\n<div><img loading=\"lazy\" class=\"aligncenter size-full wp-image-301\" src=\"http:\/\/www.skelpie.eu\/wp-content\/uploads\/2015\/02\/abovo3.jpg\" alt=\"abovo3\" width=\"577\" height=\"338\" srcset=\"https:\/\/www.skelpie.eu\/wp-content\/uploads\/2015\/02\/abovo3.jpg 577w, https:\/\/www.skelpie.eu\/wp-content\/uploads\/2015\/02\/abovo3-300x176.jpg 300w\" sizes=\"(max-width: 577px) 100vw, 577px\" \/><\/div>\n<h3><\/h3>\n<p>&nbsp;<\/p>\n<h3>Raporty<\/h3>\n<ul>\n<li>Zestawienia raport\u00f3w oszcz\u0119dzaj\u0105ce czas !<\/li>\n<li>Automatyczny raport stada uwzgl\u0119dniaj\u0105cy pe\u0142n\u0105 statystyk\u0119 na standardowym formularzu.<\/li>\n<li>Automatyczny druk Karty L\u0119g\u00f3w (zgodnie z obowi\u0105zuj\u0105cymi standardami)<\/li>\n<li>Zestawienie dostaw materia\u0142u l\u0119gowego<\/li>\n<li>Raport skupu materia\u0142u l\u0119gowego<\/li>\n<li>Karta op\u0142acalno\u015bci nak\u0142ad\u00f3w &#8211; pe\u0142ne zestawienie zysk\u00f3w i strat uwzgl\u0119dniaj\u0105ce pe\u0142n\u0105 statystyk\u0119 produkcji oraz sprzeda\u017cy<\/li>\n<\/ul>\n<div>\u00a0<img loading=\"lazy\" class=\"aligncenter size-full wp-image-303\" src=\"http:\/\/www.skelpie.eu\/wp-content\/uploads\/2015\/02\/abovo5.jpg\" alt=\"abovo5\" width=\"233\" height=\"219\" \/><\/div>\n<h3><\/h3>\n<h3>Finanse<\/h3>\n<ul>\n<li>Zestawienie nale\u017cno\u015bci od odbiorc\u00f3w<\/li>\n<li>Zestawienie zobowi\u0105za\u0144 wobec dostawc\u00f3w<\/li>\n<\/ul>\n<p>&nbsp;<\/p>\n","protected":false},"excerpt":{"rendered":"<p>AbOvO &#8211; Wersja demonstracyjna &#8211; pobierz Funkcje programu &nbsp; Og\u00f3lne 100% mo\u017cliwo\u015b\u0107 obs\u0142ugi z klawiatury interfejs u\u017cytkownika przystosowany do szybkiej nauki programu (intuicyjna obs\u0142uga klawiatury) Czytelny ekran u\u017cytkownika Praca w \u015brodowisku sieciowym (kilka stanowisk) Praca na kilku magazynach (zestawach danych) Archiwizacja danych Parametryzacja danych Produkcja Proces produkcji podzielony na 4 etapy Wygodny edytor ras materia\u0142u &hellip; <a href=\"https:\/\/www.skelpie.eu\/?page_id=298\" class=\"more-link\">Czytaj dalej <span class=\"screen-reader-text\">AbOvo<\/span> <span class=\"meta-nav\">&rarr;<\/span><\/a><\/p>\n","protected":false},"author":1,"featured_media":0,"parent":0,"menu_order":0,"comment_status":"closed","ping_status":"closed","template":"","meta":[],"_links":{"self":[{"href":"https:\/\/www.skelpie.eu\/index.php?rest_route=\/wp\/v2\/pages\/298"}],"collection":[{"href":"https:\/\/www.skelpie.eu\/index.php?rest_route=\/wp\/v2\/pages"}],"about":[{"href":"https:\/\/www.skelpie.eu\/index.php?rest_route=\/wp\/v2\/types\/page"}],"author":[{"embeddable":true,"href":"https:\/\/www.skelpie.eu\/index.php?rest_route=\/wp\/v2\/users\/1"}],"replies":[{"embeddable":true,"href":"https:\/\/www.skelpie.eu\/index.php?rest_route=%2Fwp%2Fv2%2Fcomments&post=298"}],"version-history":[{"count":8,"href":"https:\/\/www.skelpie.eu\/index.php?rest_route=\/wp\/v2\/pages\/298\/revisions"}],"predecessor-version":[{"id":319,"href":"https:\/\/www.skelpie.eu\/index.php?rest_route=\/wp\/v2\/pages\/298\/revisions\/319"}],"wp:attachment":[{"href":"https:\/\/www.skelpie.eu\/index.php?rest_route=%2Fwp%2Fv2%2Fmedia&parent=298"}],"curies":[{"name":"wp","href":"https:\/\/api.w.org\/{rel}","templated":true}]}}