{"id":369,"date":"2015-02-10T21:09:02","date_gmt":"2015-02-10T21:09:02","guid":{"rendered":"http:\/\/www.skelpie.eu\/?page_id=369"},"modified":"2015-02-10T21:35:14","modified_gmt":"2015-02-10T21:35:14","slug":"soga-system-obslugi-gastronomii","status":"publish","type":"page","link":"https:\/\/www.skelpie.eu\/?page_id=369","title":{"rendered":"SOGA System Obs\u0142ugi GAstronomii &#8211; Novitus"},"content":{"rendered":"<p><a href=\"http:\/\/www.skelpie.eu\/wp-content\/uploads\/2015\/02\/SOGA2.jpg\"><img loading=\"lazy\" class=\"aligncenter size-medium wp-image-370\" src=\"http:\/\/www.skelpie.eu\/wp-content\/uploads\/2015\/02\/SOGA2-300x300.jpg\" alt=\"SOGA2\" width=\"300\" height=\"300\" srcset=\"https:\/\/www.skelpie.eu\/wp-content\/uploads\/2015\/02\/SOGA2-300x300.jpg 300w, https:\/\/www.skelpie.eu\/wp-content\/uploads\/2015\/02\/SOGA2-150x150.jpg 150w, https:\/\/www.skelpie.eu\/wp-content\/uploads\/2015\/02\/SOGA2.jpg 787w\" sizes=\"(max-width: 300px) 100vw, 300px\" \/><\/a><\/p>\n<p>Profesjonalny system obs\u0142ugi punkt\u00f3w gastronomicznych <strong>SOGA<\/strong> stanowi niezwykle przydatne narz\u0119dzie wspieracj\u0105ce funkcjonowanie ka\u017cdej restauracji, baru, kawiarni, etc.<br \/>\nPoza podstawowymi funkcjami, takimi jak:<br \/>\n&#8211;\u00a0obs\u0142uga rachunk\u00f3w,<br \/>\n&#8211;\u00a0zarz\u0105dzanie zam\u00f3wieniami oraz<br \/>\n&#8211; wystawianie paragon\u00f3w i faktur<br \/>\n&#8211; system pozwala na dok\u0142adne monitorowanie sprzeda\u017cy i szczeg\u00f3\u0142owe rozliczanie kelner\u00f3w.<\/p>\n<p>&nbsp;<\/p>\n<p align=\"justify\">\u00a0Przejrzysty i bardzo czytelny uk\u0142ad programu umo\u017cliwia niezwykle szybkie opanowanie go przez pracownik\u00f3w &#8211; tak\u017ce tych mniej obytych z komputerem.<\/p>\n<p>Dzi\u0119ki bardzo przejrzystej konstrukcji programu, zarz\u0105dzaj\u0105cy systemem mo\u017ce go w dowolny spos\u00f3b konfigurowa\u0107, odzwierciedlaj\u0105c rzeczywisty uk\u0142ad stolik\u00f3w czy buduj\u0105c wygodne menu.<\/p>\n<p align=\"justify\">\nOsobnym modu\u0142em wchodz\u0105cym w sk\u0142ad pakietu dla gastronomii jest modu\u0142 magazynowy, kt\u00f3ry uzupe\u0142nia dzia\u0142anie ca\u0142ego systemu o mo\u017cliwo\u015b\u0107 szczeg\u00f3\u0142owego rozliczania stan\u00f3w oraz warto\u015bci magazynu, budowania receptur oraz ewidencjonowania dokument\u00f3w od dostawc\u00f3w.<\/p>\n<p align=\"justify\">\nNa uwag\u0119 zas\u0142uguje r\u00f3wnie\u017c mo\u017cliwo\u015b\u0107 wsp\u00f3\u0142pracy z oprogramowaniem hotelowym, co znacznie zwi\u0119ksza mo\u017cliwo\u015bci wykorzystania programu.<\/p>\n<h3 align=\"justify\">\nNajwa\u017cniejsze funkcje systemu:<\/h3>\n<p align=\"justify\">\n<p>\u2022 obs\u0142uga wielu rachunk\u00f3w jednocze\u015bnie<\/p>\n<p>\u2022 graficzne odwzorowanie u\u0142o\u017cenia stolik\u00f3w<\/p>\n<p>\u2022 wiele rachunk\u00f3w na jednym stoliku<\/p>\n<p>\u2022 przenoszenie rachunk\u00f3w na inny stolik<\/p>\n<p>\u2022 \u0142\u0105czenie i dzielenie rachunk\u00f3w<\/p>\n<p>\u2022 przejmowanie rachunk\u00f3w<\/p>\n<p>\u2022 system komentarzy do artyku\u0142\u00f3w<\/p>\n<p>\u2022 wydruk zam\u00f3wie\u0144 na drukarkach bonowych (np. w kuchni i w barze)<\/p>\n<p>\u2022 mo\u017cliwo\u015b\u0107 ustalania priorytet\u00f3w dla zam\u00f3wie\u0144<\/p>\n<p>\u2022 rabaty do poszczeg\u00f3lnych pozycji i do ca\u0142ych rachunk\u00f3w<\/p>\n<p>\u2022 wydruk rachunk\u00f3w pr\u00f3bnych<\/p>\n<p>\u2022 dowolna ilo\u015b\u0107 sal<\/p>\n<p>\u2022 dowolna liczba kelner\u00f3w<\/p>\n<p>\u2022 praca na jednym lub kilku stanowiskach w sieci<\/p>\n<p>\u2022 definiowanie grup dla artyku\u0142\u00f3w<\/p>\n<p>\u2022 generowanie raport\u00f3w<\/p>\n<p>\u2022 wsp\u00f3\u0142praca z programem hotelowym<\/p>\n<p>\u2022 wsp\u00f3\u0142praca z urz\u0105dzeniami fiskalnymi<\/p>\n<p>\u2022 wystawianie faktur VAT (r\u00f3wnie\u017c w EURO)<\/p>\n<p>\u2022 wydruk faktur na drukarce zwyk\u0142ej lub bonowej<\/p>\n<p>\u2022 nadawanie r\u00f3\u017cnych uprawnie\u0144 u\u017cytkownikom<\/p>\n<p>\u2022 automatyczna archiwizacja danych<\/p>\n<p align=\"justify\">\n<p>&nbsp;<\/p>\n<h3 align=\"justify\">\nNajwa\u017cniejsze funkcje modu\u0142u magazynowego:<\/h3>\n<p align=\"justify\">\n<p><strong><br \/>\n\u2022 praca na jednym lub kilku stanowiskach w sieci<\/p>\n<p>\u2022 obs\u0142uga jednego lub wielu magazyn\u00f3w<\/p>\n<p>\u2022 definiowanie towar\u00f3w oraz grup towarowych<\/p>\n<p>\u2022 obs\u0142uga dokument\u00f3w magazynowych (PZ, WZ, PW, RW, MM)<\/p>\n<p>\u2022 definiowanie receptur<\/p>\n<p>\u2022 definiowanie sposob\u00f3w rozchodowania towar\u00f3w z magazynu<\/p>\n<p>\u2022 obs\u0142uga kolejki FIFO<\/p>\n<p>\u2022 remanent na dowolny dzie\u0144<\/p>\n<p>\u2022 generowanie zestawie\u0144<\/strong><\/p>\n","protected":false},"excerpt":{"rendered":"<p>Profesjonalny system obs\u0142ugi punkt\u00f3w gastronomicznych SOGA stanowi niezwykle przydatne narz\u0119dzie wspieracj\u0105ce funkcjonowanie ka\u017cdej restauracji, baru, kawiarni, etc. Poza podstawowymi funkcjami, takimi jak: &#8211;\u00a0obs\u0142uga rachunk\u00f3w, &#8211;\u00a0zarz\u0105dzanie zam\u00f3wieniami oraz &#8211; wystawianie paragon\u00f3w i faktur &#8211; system pozwala na dok\u0142adne monitorowanie sprzeda\u017cy i szczeg\u00f3\u0142owe rozliczanie kelner\u00f3w. &nbsp; \u00a0Przejrzysty i bardzo czytelny uk\u0142ad programu umo\u017cliwia niezwykle szybkie opanowanie go &hellip; <a href=\"https:\/\/www.skelpie.eu\/?page_id=369\" class=\"more-link\">Czytaj dalej <span class=\"screen-reader-text\">SOGA System Obs\u0142ugi GAstronomii &#8211; Novitus<\/span> <span class=\"meta-nav\">&rarr;<\/span><\/a><\/p>\n","protected":false},"author":1,"featured_media":0,"parent":0,"menu_order":0,"comment_status":"closed","ping_status":"closed","template":"","meta":[],"_links":{"self":[{"href":"https:\/\/www.skelpie.eu\/index.php?rest_route=\/wp\/v2\/pages\/369"}],"collection":[{"href":"https:\/\/www.skelpie.eu\/index.php?rest_route=\/wp\/v2\/pages"}],"about":[{"href":"https:\/\/www.skelpie.eu\/index.php?rest_route=\/wp\/v2\/types\/page"}],"author":[{"embeddable":true,"href":"https:\/\/www.skelpie.eu\/index.php?rest_route=\/wp\/v2\/users\/1"}],"replies":[{"embeddable":true,"href":"https:\/\/www.skelpie.eu\/index.php?rest_route=%2Fwp%2Fv2%2Fcomments&post=369"}],"version-history":[{"count":2,"href":"https:\/\/www.skelpie.eu\/index.php?rest_route=\/wp\/v2\/pages\/369\/revisions"}],"predecessor-version":[{"id":401,"href":"https:\/\/www.skelpie.eu\/index.php?rest_route=\/wp\/v2\/pages\/369\/revisions\/401"}],"wp:attachment":[{"href":"https:\/\/www.skelpie.eu\/index.php?rest_route=%2Fwp%2Fv2%2Fmedia&parent=369"}],"curies":[{"name":"wp","href":"https:\/\/api.w.org\/{rel}","templated":true}]}}