{"id":384,"date":"2015-02-10T21:22:50","date_gmt":"2015-02-10T21:22:50","guid":{"rendered":"http:\/\/www.skelpie.eu\/?page_id=384"},"modified":"2015-02-19T20:30:29","modified_gmt":"2015-02-19T20:30:29","slug":"elzab-mera-te-tft","status":"publish","type":"page","link":"https:\/\/www.skelpie.eu\/?page_id=384","title":{"rendered":"Drukarka fiskalna Elzab Mera TE TFT"},"content":{"rendered":"<p><img loading=\"lazy\" class=\"aligncenter wp-image-385 size-full\" src=\"http:\/\/www.skelpie.eu\/wp-content\/uploads\/2015\/02\/mera_te_fv_m.jpg\" alt=\"mera_te_fv_m\" width=\"213\" height=\"310\" srcset=\"https:\/\/www.skelpie.eu\/wp-content\/uploads\/2015\/02\/mera_te_fv_m.jpg 213w, https:\/\/www.skelpie.eu\/wp-content\/uploads\/2015\/02\/mera_te_fv_m-206x300.jpg 206w\" sizes=\"(max-width: 213px) 100vw, 213px\" \/><\/p>\n<p style=\"text-align: justify;\"><b>Warte podkre\u015blenia<\/b><\/p>\n<ul style=\"text-align: justify;\">\n<li>zapis kopii paragon\u00f3w na karcie microSD (o pojemno\u015bci wystarczaj\u0105cej na co najmniej 5 lat pracy),<\/li>\n<li>wydruk faktur VAT na drukarce paragonowej,<\/li>\n<li>wytrzyma\u0142y mechanizm drukuj\u0105cy z funkcj\u0105 <i>easy load<\/i>,<\/li>\n<li>automatyczny obcinacz papieru w standardzie,<\/li>\n<li>kolorowy wy\u015bwietlacz (TFT) o regulowanym po\u0142o\u017ceniu z mo\u017cliwo\u015bci\u0105 wy\u015bwietlania grafiki (logo firmy, reklamy), hase\u0142 promocyjnych, komunikat\u00f3w lub aktualnej daty i godziny oraz imienin,<\/li>\n<li>graficzny nag\u0142\u00f3wek paragonu (mo\u017cliwo\u015b\u0107 zmiany raz na dob\u0119 fiskaln\u0105)<\/li>\n<\/ul>\n<p style=\"text-align: justify;\"><b>Dodatkowe cechy i charakterystyka urz\u0105dzenia<\/b><\/p>\n<div id=\"oferta01\">\n<ul style=\"text-align: justify;\">\n<li>wydruk paragon\u00f3w z pr\u0119dko\u015bci\u0105 120 mm\/s,<\/li>\n<li>3 protoko\u0142y komunikacyjne: ELZAB, UPOS (FP210), Thermal (oparty na FV EJ 1.02),<\/li>\n<li>rolka papieru o d\u0142ugo\u015bci 80m,<\/li>\n<li>ma\u0142e pole podstawy &#8211; idealne na ograniczonej powierzchni boksu, lady sklepowej,<\/li>\n<li>z\u0142\u0105cza RS232 i USB,<\/li>\n<li>wyprowadzenie wszystkich z\u0142\u0105cz od do\u0142u zapewniaj\u0105ce estetyk\u0119 instalacji i pewno\u015b\u0107 po\u0142\u0105cze\u0144,<\/li>\n<li>wydruk kod\u00f3w kreskowych na paragonie,<\/li>\n<li>44 formatki niefiskalne.<\/li>\n<\/ul>\n<p style=\"text-align: justify;\"><b>Charakterystyka urz\u0105dzenia<\/b><br \/>\nDrukarka fiskalna ELZAB Mera TE FV TFT to drukarka z elektronicznym zapisem kopii paragon\u00f3w dedykowana dla miejsc, kt\u00f3re wymagaj\u0105 solidnego mechanizmu drukuj\u0105cego, du\u017cej szybko\u015bci wydruku paragon\u00f3w, obcinacza i zindywidualizowanych wydruk\u00f3w niefiskalnych.<\/p>\n<p style=\"text-align: justify;\">Dzi\u0119ki du\u017cej liczbie obs\u0142ugiwanych towar\u00f3w (350 tysi\u0119cy) drukarka ELZAB Mera TE FV mo\u017ce by\u0107 u\u017cywana w plac\u00f3wkach o bardzo szerokim asortymencie (supermarkety, hipermarkety, sk\u0142ady, hurtownie), dzi\u0119ki mo\u017cliwo\u015bci wydruku faktur VAT dedykowana jest r\u00f3wnie\u017c dla stacji paliw.<\/p>\n<p style=\"text-align: justify;\">Zastosowane podzespo\u0142y i rozwi\u0105zania konstrukcyjne umo\u017cliwi\u0142y stworzenie urz\u0105dzenia o niewielkich rozmiarach, a jednocze\u015bnie wyj\u0105tkowo funkcjonalnego.<\/p>\n<p style=\"text-align: justify;\">Wydruk pozycji sprzeda\u017cy na paragonie mo\u017cna optymalizowa\u0107 tak, by pozycja sprzeda\u017cy drukowa\u0142a si\u0119 w jednej linii. Mo\u017cna r\u00f3wnie\u017c drukowa\u0107 pe\u0142n\u0105 informacj\u0119 o towarze &#8211; wykorzysta\u0107 dodatkowe linie opisu towaru, je\u015bli 40-znakowe pole nazwy jest niewystarczaj\u0105ce.<\/p>\n<p style=\"text-align: justify;\">Przy wsp\u00f3\u0142pracy drukarki ELZAB Mera TE FV z programami realizuj\u0105cymi wydruki w trybie &#8222;na bie\u017c\u0105co&#8221;, po ka\u017cdej wydrukowanej pozycji paragonowej na wy\u015bwietlaczu pojawia si\u0119 pe\u0142na informacja z nazw\u0105, cen\u0105 sprzedanego towaru oraz aktualna suma do zap\u0142aty.<br \/>\n<b>Funkcjonalno\u015b\u0107 dodatkowa<\/b><\/p>\n<ul style=\"text-align: justify;\">\n<li>wydruk faktur VAT,<\/li>\n<li>wydruk kod\u00f3w kreskowych na paragonach,<\/li>\n<li>wydruk dodatkowej linii opisu towaru,<\/li>\n<li>przypominanie o przegl\u0105dzie okresowym,<\/li>\n<li>przegl\u0105danie transakcji zapisanych na no\u015bniku elektronicznym.<\/li>\n<\/ul>\n<p style=\"text-align: justify;\">\n<\/div>\n","protected":false},"excerpt":{"rendered":"<p>Warte podkre\u015blenia zapis kopii paragon\u00f3w na karcie microSD (o pojemno\u015bci wystarczaj\u0105cej na co najmniej 5 lat pracy), wydruk faktur VAT na drukarce paragonowej, wytrzyma\u0142y mechanizm drukuj\u0105cy z funkcj\u0105 easy load, automatyczny obcinacz papieru w standardzie, kolorowy wy\u015bwietlacz (TFT) o regulowanym po\u0142o\u017ceniu z mo\u017cliwo\u015bci\u0105 wy\u015bwietlania grafiki (logo firmy, reklamy), hase\u0142 promocyjnych, komunikat\u00f3w lub aktualnej daty i &hellip; <a href=\"https:\/\/www.skelpie.eu\/?page_id=384\" class=\"more-link\">Czytaj dalej <span class=\"screen-reader-text\">Drukarka fiskalna Elzab Mera TE TFT<\/span> <span class=\"meta-nav\">&rarr;<\/span><\/a><\/p>\n","protected":false},"author":1,"featured_media":0,"parent":0,"menu_order":0,"comment_status":"closed","ping_status":"closed","template":"","meta":[],"_links":{"self":[{"href":"https:\/\/www.skelpie.eu\/index.php?rest_route=\/wp\/v2\/pages\/384"}],"collection":[{"href":"https:\/\/www.skelpie.eu\/index.php?rest_route=\/wp\/v2\/pages"}],"about":[{"href":"https:\/\/www.skelpie.eu\/index.php?rest_route=\/wp\/v2\/types\/page"}],"author":[{"embeddable":true,"href":"https:\/\/www.skelpie.eu\/index.php?rest_route=\/wp\/v2\/users\/1"}],"replies":[{"embeddable":true,"href":"https:\/\/www.skelpie.eu\/index.php?rest_route=%2Fwp%2Fv2%2Fcomments&post=384"}],"version-history":[{"count":5,"href":"https:\/\/www.skelpie.eu\/index.php?rest_route=\/wp\/v2\/pages\/384\/revisions"}],"predecessor-version":[{"id":522,"href":"https:\/\/www.skelpie.eu\/index.php?rest_route=\/wp\/v2\/pages\/384\/revisions\/522"}],"wp:attachment":[{"href":"https:\/\/www.skelpie.eu\/index.php?rest_route=%2Fwp%2Fv2%2Fmedia&parent=384"}],"curies":[{"name":"wp","href":"https:\/\/api.w.org\/{rel}","templated":true}]}}