{"id":407,"date":"2015-02-10T22:06:26","date_gmt":"2015-02-10T22:06:26","guid":{"rendered":"http:\/\/www.skelpie.eu\/?page_id=407"},"modified":"2015-02-10T22:06:26","modified_gmt":"2015-02-10T22:06:26","slug":"pos-elzab-p21","status":"publish","type":"page","link":"https:\/\/www.skelpie.eu\/?page_id=407","title":{"rendered":"POS Elzab P21"},"content":{"rendered":"<p><a href=\"http:\/\/www.skelpie.eu\/wp-content\/uploads\/2015\/02\/pos_p21_m.jpg\"><img loading=\"lazy\" class=\"size-full wp-image-408 alignright\" src=\"http:\/\/www.skelpie.eu\/wp-content\/uploads\/2015\/02\/pos_p21_m.jpg\" alt=\"pos_p21_m\" width=\"300\" height=\"285\" \/><\/a><a href=\"http:\/\/www.skelpie.eu\/wp-content\/uploads\/2015\/02\/pos_p21tyl_m.jpg\"><img loading=\"lazy\" class=\"size-full wp-image-409 alignright\" src=\"http:\/\/www.skelpie.eu\/wp-content\/uploads\/2015\/02\/pos_p21tyl_m.jpg\" alt=\"pos_p21tyl_m\" width=\"300\" height=\"285\" \/><\/a><\/p>\n<p style=\"text-align: justify;\">Terminal POS ELZAB P21 to urz\u0105dzenie dedykowane do pracy w punktach handlowych i gastronomicznych. Dzi\u0119ki zastosowaniu ekranu dotykowego terminal u\u0142atwia i przy\u015bpiesza prac\u0119 sprzedawcy.<br \/>\nPOSy ELZAB P21 \u0142\u0105cz\u0105 dobr\u0105 wydajno\u015b\u0107 z rozs\u0105dn\u0105 cen\u0105.<\/p>\n<p style=\"text-align: justify;\">\n<b>Wysoka jako\u015b\u0107<\/b><br \/>\nZastosowane markowe podzespo\u0142y renomowanych firm takich jak Intel\u00ae czy Toshiba\u00ae pozwol\u0105 na wieloletni\u0105 bezawaryjn\u0105 prac\u0119. Ponadto 15 calowy ekran charakteryzuje si\u0119 wysokim wska\u017anikiem ochrony IP65 co oznacza ca\u0142kowit\u0105 ochron\u0119 przed wnikaniem py\u0142u oraz ochron\u0119 przed strumieniem wody z dowolnego kierunku.<br \/>\nProdukt obj\u0119ty jest 24 miesi\u0119czn\u0105 gwarancj\u0105.<\/p>\n<p style=\"text-align: justify;\">\n<b>Wydajno\u015b\u0107<\/b><br \/>\nSerce komputera stanowi niezawodny dwurdzeniowy i dwuw\u0105tkowy procesor Intel Celeron 1037U taktowany cz\u0119stotliwo\u015bci\u0105 1,8GHz z ch\u0142odzeniem pasywnym. Komputer wyposa\u017cony jest w jedn\u0105 ko\u015b\u0107 pami\u0119ci RAM o wielko\u015bci 2 GB oraz dysk twardy o pojemno\u015bci 320 GB.<\/p>\n<p style=\"text-align: justify;\">\n<b>Uniwersalno\u015b\u0107<\/b><br \/>\nTerminal wsp\u00f3\u0142pracuje ze wszystkimi programami sprzeda\u017cowymi (handel i gastronomia) dzia\u0142aj\u0105cymi w \u015brodowiskach Microsoft i Linux.<br \/>\nMonta\u017c na \u015bcianie jest mo\u017cliwy przy zastosowaniu uchwytu wg. standardu VESA 75.<br \/>\nLiczne porty wej\u015bcia\/wyj\u015bcia pozwalaj\u0105 na jednoczesne podpi\u0119cie wielu urz\u0105dze\u0144 peryferyjnych np. wag, drukarek, czytnik\u00f3w.<\/p>\n<table class=\"table4\" border=\"0\" width=\"95%\" cellspacing=\"0\" cellpadding=\"0\">\n<tbody>\n<tr>\n<td class=\"nagl\" colspan=\"2\">EKRAN<\/td>\n<\/tr>\n<tr>\n<td><b>Przek\u0105tna ekranu:<\/b><\/td>\n<td>15&#8243; bezramkowy<\/td>\n<\/tr>\n<tr>\n<td><b>Jasno\u015b\u0107 ekranu:<\/b><\/td>\n<td>250 cd\/m2<\/td>\n<\/tr>\n<tr>\n<td><b>Typ panelu dotykowego:<\/b><\/td>\n<td>Rezystancyjny 5 przewodowy<\/td>\n<\/tr>\n<tr>\n<td><b>Maksymalna rozdzielczo\u015b\u0107:<\/b><\/td>\n<td>1024 x 768<\/td>\n<\/tr>\n<tr>\n<td class=\"nagl\" colspan=\"2\">JEDNOSTKA CENTRALNA<\/td>\n<\/tr>\n<tr>\n<td><b>Procesor:<\/b><\/td>\n<td>Intel\u00ae Celeron 1037U 1.8GHz<\/td>\n<\/tr>\n<tr>\n<td><b>Pami\u0119\u0107 RAM:<\/b><\/td>\n<td>2GB DDR3 SO-DIMM<\/td>\n<\/tr>\n<tr>\n<td><b>Max. mo\u017cliwo\u015b\u0107 rozszerzenia RAM:<\/b><\/td>\n<td>8GB (2 gniazda pami\u0119ci)<\/td>\n<\/tr>\n<tr>\n<td><b>Dysk twardy:<\/b><\/td>\n<td>320 GB SATA<\/td>\n<\/tr>\n<tr>\n<td><b>Karta grafiki:<\/b><\/td>\n<td>Intel\u00aeHD Graphics 2500<\/td>\n<\/tr>\n<tr>\n<td><b>Karta muzyczna:<\/b><\/td>\n<td>zintegrowana<\/td>\n<\/tr>\n<tr>\n<td><b>Wsp\u00f3\u0142praca z systemami operacyjnymi:<\/b><\/td>\n<td>Windows\u00ae XP, WEPOS, POSReady 2009, Windows\u00ae 7 32bit, POSReady 7, Linux<\/td>\n<\/tr>\n<tr>\n<td class=\"nagl\" colspan=\"2\">PORTY I SLOTY<\/td>\n<\/tr>\n<tr>\n<td><b>Ilo\u015b\u0107 port\u00f3w USB:<\/b><\/td>\n<td>4 x USB 2.0 + 2 x USB 2.0<\/td>\n<\/tr>\n<tr>\n<td><b>Ilo\u015b\u0107 port\u00f3w szeregowych:<\/b><\/td>\n<td>3 x D-SUB9 + 1 x RJ-45<\/td>\n<\/tr>\n<tr>\n<td><b>Port klawiatury:<\/b><\/td>\n<td>1 x PS\/2<\/td>\n<\/tr>\n<tr>\n<td><b>Port myszy:<\/b><\/td>\n<td>1 x PS\/2<\/td>\n<\/tr>\n<tr>\n<td><b>Port dodatkowego monitora:<\/b><\/td>\n<td>1 x VGA<\/td>\n<\/tr>\n<tr>\n<td><b>Sie\u0107 Ethernet:<\/b><\/td>\n<td>1x RJ-45 (10\/100Mbps Giga LAN)<\/td>\n<\/tr>\n<tr>\n<td><b>Audio:<\/b><\/td>\n<td>Line out, Mic in<\/td>\n<\/tr>\n<tr>\n<td class=\"nagl\" colspan=\"2\">OPCJE ROZBUDOWY<\/td>\n<\/tr>\n<tr>\n<td><b>Czytnik kart magnetycznych:<\/b><\/td>\n<td>jest w standardzie<\/td>\n<\/tr>\n<tr>\n<td><b>Dodatkowy monitor:<\/b><\/td>\n<td>opcjonalnie 9,7\u201d 1024&#215;768 r\u00f3wnie\u017c w wersji z ekranem dotykowym<br \/>\nopcjonalnie 15\u201d 1024&#215;768<\/td>\n<\/tr>\n<tr>\n<td><b>Czytnik kod\u00f3w 1D\/2D:<\/b><\/td>\n<td>opcja<\/td>\n<\/tr>\n<tr>\n<td><b>Czytnik NFC:<\/b><\/td>\n<td>opcja<\/td>\n<\/tr>\n<tr>\n<td class=\"nagl\" colspan=\"2\">INNE<\/td>\n<\/tr>\n<tr>\n<td><b>Monta\u017c VESA:<\/b><\/td>\n<td>tak, monta\u017c bez podstawy, VESA 75<\/td>\n<\/tr>\n<tr>\n<td><b>Ch\u0142odzenie:<\/b><\/td>\n<td>pasywne<\/td>\n<\/tr>\n<tr>\n<td><b>Stopie\u0144 ochrony (prz\u00f3d ekranu):<\/b><\/td>\n<td>IP65<\/td>\n<\/tr>\n<tr>\n<td><b>Stopie\u0144 ochrony (ca\u0142e urz\u0105dzenie):<\/b><\/td>\n<td>IP32<\/td>\n<\/tr>\n<tr>\n<td><b>Warunki pracy:<\/b><\/td>\n<td>5\u00b0C~35\u00b0C \/ 20%~85% RH<\/td>\n<\/tr>\n<tr>\n<td><b>Wymiary:<\/b><\/td>\n<td>364 x 200 x 332 mm<\/td>\n<\/tr>\n<tr>\n<td><b>Waga:<\/b><\/td>\n<td>7,3 kg<\/td>\n<\/tr>\n<tr>\n<td><b>Kolor:<\/b><\/td>\n<td>Bia\u0142o \/ Szary<\/td>\n<\/tr>\n<tr>\n<td><b>Certyfikaty:<\/b><\/td>\n<td>FCC Class A \/ CE \/ C-Tick, UL<\/td>\n<\/tr>\n<\/tbody>\n<\/table>\n<p style=\"text-align: justify;\">\n","protected":false},"excerpt":{"rendered":"<p>Terminal POS ELZAB P21 to urz\u0105dzenie dedykowane do pracy w punktach handlowych i gastronomicznych. Dzi\u0119ki zastosowaniu ekranu dotykowego terminal u\u0142atwia i przy\u015bpiesza prac\u0119 sprzedawcy. POSy ELZAB P21 \u0142\u0105cz\u0105 dobr\u0105 wydajno\u015b\u0107 z rozs\u0105dn\u0105 cen\u0105. Wysoka jako\u015b\u0107 Zastosowane markowe podzespo\u0142y renomowanych firm takich jak Intel\u00ae czy Toshiba\u00ae pozwol\u0105 na wieloletni\u0105 bezawaryjn\u0105 prac\u0119. Ponadto 15 calowy ekran charakteryzuje &hellip; <a href=\"https:\/\/www.skelpie.eu\/?page_id=407\" class=\"more-link\">Czytaj dalej <span class=\"screen-reader-text\">POS Elzab P21<\/span> <span class=\"meta-nav\">&rarr;<\/span><\/a><\/p>\n","protected":false},"author":1,"featured_media":0,"parent":0,"menu_order":0,"comment_status":"closed","ping_status":"closed","template":"","meta":[],"_links":{"self":[{"href":"https:\/\/www.skelpie.eu\/index.php?rest_route=\/wp\/v2\/pages\/407"}],"collection":[{"href":"https:\/\/www.skelpie.eu\/index.php?rest_route=\/wp\/v2\/pages"}],"about":[{"href":"https:\/\/www.skelpie.eu\/index.php?rest_route=\/wp\/v2\/types\/page"}],"author":[{"embeddable":true,"href":"https:\/\/www.skelpie.eu\/index.php?rest_route=\/wp\/v2\/users\/1"}],"replies":[{"embeddable":true,"href":"https:\/\/www.skelpie.eu\/index.php?rest_route=%2Fwp%2Fv2%2Fcomments&post=407"}],"version-history":[{"count":2,"href":"https:\/\/www.skelpie.eu\/index.php?rest_route=\/wp\/v2\/pages\/407\/revisions"}],"predecessor-version":[{"id":411,"href":"https:\/\/www.skelpie.eu\/index.php?rest_route=\/wp\/v2\/pages\/407\/revisions\/411"}],"wp:attachment":[{"href":"https:\/\/www.skelpie.eu\/index.php?rest_route=%2Fwp%2Fv2%2Fmedia&parent=407"}],"curies":[{"name":"wp","href":"https:\/\/api.w.org\/{rel}","templated":true}]}}