{"id":421,"date":"2015-02-10T22:13:01","date_gmt":"2015-02-10T22:13:01","guid":{"rendered":"http:\/\/www.skelpie.eu\/?page_id=421"},"modified":"2015-02-10T22:13:01","modified_gmt":"2015-02-10T22:13:01","slug":"pos-elzab-p30","status":"publish","type":"page","link":"https:\/\/www.skelpie.eu\/?page_id=421","title":{"rendered":"POS Elzab P30"},"content":{"rendered":"<p><a href=\"http:\/\/www.skelpie.eu\/wp-content\/uploads\/2015\/02\/p30front.jpg\"><img loading=\"lazy\" class=\"aligncenter size-full wp-image-422\" src=\"http:\/\/www.skelpie.eu\/wp-content\/uploads\/2015\/02\/p30front.jpg\" alt=\"p30front\" width=\"250\" height=\"251\" srcset=\"https:\/\/www.skelpie.eu\/wp-content\/uploads\/2015\/02\/p30front.jpg 250w, https:\/\/www.skelpie.eu\/wp-content\/uploads\/2015\/02\/p30front-150x150.jpg 150w\" sizes=\"(max-width: 250px) 100vw, 250px\" \/><\/a><\/p>\n<p>Terminal POS ELZAB P30 to urz\u0105dzenie dedykowane do pracy w punktach handlowych i gastronomicznych. Dzi\u0119ki zastosowaniu ekranu dotykowego terminal u\u0142atwia i przy\u015bpiesza prac\u0119 sprzedawcy.<br \/>\n<b>Wysoka jako\u015b\u0107<\/b><br \/>\nZastosowane markowe podzespo\u0142y renomowanych firm takich jak Intel\u00ae czy Toshiba\u00ae pozwol\u0105 na wieloletni\u0105 bezawaryjn\u0105 prac\u0119. Ponadto 15 calowy ekran charakteryzuje si\u0119 wysokim wska\u017anikiem ochrony IP65, co oznacza ca\u0142kowit\u0105 ochron\u0119 przed wnikaniem py\u0142u oraz ochron\u0119 przed strumieniem wody z dowolnego kierunku.<br \/>\nProdukt obj\u0119ty jest 24 miesi\u0119czn\u0105 gwarancj\u0105.<br \/>\n<b>Wydajno\u015b\u0107<\/b><br \/>\nSerce komputera stanowi niezawodny dwurdzeniowy procesor Intel Core i3 czwartej generacji taktowany cz\u0119stotliwo\u015bci\u0105 3,4GHz z ch\u0142odzeniem aktywnym. Komputer wyposa\u017cony jest w jedn\u0105 ko\u015b\u0107 pami\u0119ci RAM o wielko\u015bci 4 GB oraz dysk twardy o pojemno\u015bci 320 GB.<br \/>\n<b>Uniwersalno\u015b\u0107<\/b><br \/>\nTerminal wsp\u00f3\u0142pracuje ze wszystkimi programami sprzeda\u017cowymi (handel i gastronomia) dzia\u0142aj\u0105cymi w \u015brodowiskach Microsoft i Linux.<br \/>\nMonta\u017c na \u015bcianie jest mo\u017cliwy przy zastosowaniu uchwytu wg. standardu VESA 75.<br \/>\nLiczne porty wej\u015bcia\/wyj\u015bcia pozwalaj\u0105 na jednoczesne podpi\u0119cie wielu urz\u0105dze\u0144 peryferyjnych np. wag, drukarek, czytnik\u00f3w.<\/p>\n<p><img src=\"http:\/\/www.elzab.com.pl\/files\/p30io_port_layout.jpg\" alt=\"\" \/><\/p>\n<table class=\"table4\" border=\"0\" width=\"95%\" cellspacing=\"0\" cellpadding=\"0\">\n<tbody>\n<tr>\n<td class=\"nagl\" colspan=\"2\">EKRAN<\/td>\n<\/tr>\n<tr>\n<td><b>Przek\u0105tna ekranu:<\/b><\/td>\n<td>15&#8243; bezramkowy<\/td>\n<\/tr>\n<tr>\n<td><b>Jasno\u015b\u0107 ekranu:<\/b><\/td>\n<td>250 cd\/m2<\/td>\n<\/tr>\n<tr>\n<td><b>Typ panelu dotykowego:<\/b><\/td>\n<td>Rezystancyjny 5 przewodowy<\/td>\n<\/tr>\n<tr>\n<td><b>Maksymalna rozdzielczo\u015b\u0107:<\/b><\/td>\n<td>1024 x 768<\/td>\n<\/tr>\n<tr>\n<td class=\"nagl\" colspan=\"2\">JEDNOSTKA CENTRALNA<\/td>\n<\/tr>\n<tr>\n<td><b>Procesor:<\/b><\/td>\n<td>Intel\u00ae Core\u2122 i3-4130 3.4GHz<\/td>\n<\/tr>\n<tr>\n<td><b>Pami\u0119\u0107 RAM:<\/b><\/td>\n<td>4GB DDR3 SO-DIMM<\/td>\n<\/tr>\n<tr>\n<td><b>Max. mo\u017cliwo\u015b\u0107 rozszerzenia RAM:<\/b><\/td>\n<td>16GB (2 gniazda pami\u0119ci)<\/td>\n<\/tr>\n<tr>\n<td><b>Dysk twardy:<\/b><\/td>\n<td>320 GB SATA<\/td>\n<\/tr>\n<tr>\n<td><b>Karta grafiki:<\/b><\/td>\n<td>Intel\u00aeHD Graphics 4600<\/td>\n<\/tr>\n<tr>\n<td><b>Karta muzyczna:<\/b><\/td>\n<td>zintegrowana<\/td>\n<\/tr>\n<tr>\n<td><b>Wsp\u00f3\u0142praca z systemami operacyjnymi:<\/b><\/td>\n<td>POSReady7 \/ WIN7, Linux Ubuntu<\/td>\n<\/tr>\n<tr>\n<td class=\"nagl\" colspan=\"2\">PORTY I SLOTY<\/td>\n<\/tr>\n<tr>\n<td><b>Ilo\u015b\u0107 port\u00f3w USB:<\/b><\/td>\n<td>4 x USB 2.0 + 2 x USB 3.0<\/td>\n<\/tr>\n<tr>\n<td><b>Ilo\u015b\u0107 port\u00f3w szeregowych:<\/b><\/td>\n<td>2 x D-SUB9<\/td>\n<\/tr>\n<tr>\n<td><b>Port dodatkowego monitora:<\/b><\/td>\n<td>1 x HDMI, 1 x DVI<\/td>\n<\/tr>\n<tr>\n<td><b>Sie\u0107 Ethernet:<\/b><\/td>\n<td>1x RJ-45 (10\/100Mbps Giga LAN)<\/td>\n<\/tr>\n<tr>\n<td><b>Audio:<\/b><\/td>\n<td>Line out, Mic in<\/td>\n<\/tr>\n<tr>\n<td class=\"nagl\" colspan=\"2\">OPCJE ROZBUDOWY<\/td>\n<\/tr>\n<tr>\n<td><b>Czytnik kart magnetycznych:<\/b><\/td>\n<td>jest w standardzie<\/td>\n<\/tr>\n<tr>\n<td><b>Dodatkowy monitor:<\/b><\/td>\n<td>opcjonalnie 9,7\u201d 1024&#215;768 r\u00f3wnie\u017c w wersji z ekranem dotykowym<\/td>\n<\/tr>\n<tr>\n<td><b>Czytnik kod\u00f3w 2d:<\/b><\/td>\n<td>opcja<\/td>\n<\/tr>\n<tr>\n<td><b>Czytnik NFC:<\/b><\/td>\n<td>opcja<\/td>\n<\/tr>\n<tr>\n<td class=\"nagl\" colspan=\"2\">INNE<\/td>\n<\/tr>\n<tr>\n<td><b>Monta\u017c VESA:<\/b><\/td>\n<td>tak, monta\u017c bez podstawy, VESA 75<\/td>\n<\/tr>\n<tr>\n<td><b>Ch\u0142odzenie:<\/b><\/td>\n<td>aktywne<\/td>\n<\/tr>\n<tr>\n<td><b>Stopie\u0144 ochrony (prz\u00f3d ekranu):<\/b><\/td>\n<td>IP65<\/td>\n<\/tr>\n<tr>\n<td><b>Stopie\u0144 ochrony (ca\u0142e urz\u0105dzenie):<\/b><\/td>\n<td>IP32<\/td>\n<\/tr>\n<tr>\n<td><b>Warunki pracy:<\/b><\/td>\n<td>5\u00b0C~35\u00b0C \/ 20%~85% RH<\/td>\n<\/tr>\n<tr>\n<td><b>Wymiary:<\/b><\/td>\n<td>391 x 210 x 341 mm<\/td>\n<\/tr>\n<tr>\n<td><b>Waga:<\/b><\/td>\n<td>7,2 kg<\/td>\n<\/tr>\n<tr>\n<td><b>Kolor:<\/b><\/td>\n<td>Czarno \/ Szary<\/td>\n<\/tr>\n<tr>\n<td><b>Certyfikaty:<\/b><\/td>\n<td>FCC Class A \/ CE \/ C-Tick, UL<\/td>\n<\/tr>\n<\/tbody>\n<\/table>\n","protected":false},"excerpt":{"rendered":"<p>Terminal POS ELZAB P30 to urz\u0105dzenie dedykowane do pracy w punktach handlowych i gastronomicznych. Dzi\u0119ki zastosowaniu ekranu dotykowego terminal u\u0142atwia i przy\u015bpiesza prac\u0119 sprzedawcy. Wysoka jako\u015b\u0107 Zastosowane markowe podzespo\u0142y renomowanych firm takich jak Intel\u00ae czy Toshiba\u00ae pozwol\u0105 na wieloletni\u0105 bezawaryjn\u0105 prac\u0119. Ponadto 15 calowy ekran charakteryzuje si\u0119 wysokim wska\u017anikiem ochrony IP65, co oznacza ca\u0142kowit\u0105 ochron\u0119 &hellip; <a href=\"https:\/\/www.skelpie.eu\/?page_id=421\" class=\"more-link\">Czytaj dalej <span class=\"screen-reader-text\">POS Elzab P30<\/span> <span class=\"meta-nav\">&rarr;<\/span><\/a><\/p>\n","protected":false},"author":1,"featured_media":0,"parent":0,"menu_order":0,"comment_status":"closed","ping_status":"closed","template":"","meta":[],"_links":{"self":[{"href":"https:\/\/www.skelpie.eu\/index.php?rest_route=\/wp\/v2\/pages\/421"}],"collection":[{"href":"https:\/\/www.skelpie.eu\/index.php?rest_route=\/wp\/v2\/pages"}],"about":[{"href":"https:\/\/www.skelpie.eu\/index.php?rest_route=\/wp\/v2\/types\/page"}],"author":[{"embeddable":true,"href":"https:\/\/www.skelpie.eu\/index.php?rest_route=\/wp\/v2\/users\/1"}],"replies":[{"embeddable":true,"href":"https:\/\/www.skelpie.eu\/index.php?rest_route=%2Fwp%2Fv2%2Fcomments&post=421"}],"version-history":[{"count":1,"href":"https:\/\/www.skelpie.eu\/index.php?rest_route=\/wp\/v2\/pages\/421\/revisions"}],"predecessor-version":[{"id":423,"href":"https:\/\/www.skelpie.eu\/index.php?rest_route=\/wp\/v2\/pages\/421\/revisions\/423"}],"wp:attachment":[{"href":"https:\/\/www.skelpie.eu\/index.php?rest_route=%2Fwp%2Fv2%2Fmedia&parent=421"}],"curies":[{"name":"wp","href":"https:\/\/api.w.org\/{rel}","templated":true}]}}