{"id":424,"date":"2015-02-10T22:17:13","date_gmt":"2015-02-10T22:17:13","guid":{"rendered":"http:\/\/www.skelpie.eu\/?page_id=424"},"modified":"2015-02-10T22:18:21","modified_gmt":"2015-02-10T22:18:21","slug":"pos-st-a20","status":"publish","type":"page","link":"https:\/\/www.skelpie.eu\/?page_id=424","title":{"rendered":"POS Toshiba ST-A20"},"content":{"rendered":"<table border=\"0\" width=\"98%\" cellspacing=\"0\" cellpadding=\"0\">\n<tbody>\n<tr>\n<td valign=\"top\">Terminal POS ST-A20 firmy TOSHIBA to najnowsze rozwi\u0105zanie skierowanie dla u\u017cytkownik\u00f3w ceni\u0105cych wysok\u0105 wydajno\u015b\u0107 po\u0142\u0105czon\u0105 z bezpiecze\u0144stwem pracy dzi\u0119ki mo\u017cliwo\u015bci po\u0142\u0105czenia dysk\u00f3w w systemie RAID1.Cech\u0105 charakterystyczn\u0105 ST-A20 jest wysoka jako\u015b\u0107 w po\u0142\u0105czeniu z niskim zu\u017cyciem energii. To kompaktowe, a jednocze\u015bnie stylowe urz\u0105dzenie, zdobywca presti\u017cowej nagrody 2007 Good Design Award in Japan jest efektywnym narz\u0119dziem sprzeda\u017cy.Zabudowany w komputerze procesor INTEL CELERON M 440, 1,86GHz to gwarancja wydajno\u015bci i stabilno\u015bci pracy nawet w najbardziej wymagaj\u0105cych aplikacjach niezb\u0119dnych do prowadzenia handlu. Specjalnie zaprojektowana dla tego terminala p\u0142yta g\u0142\u00f3wna, przygotowana do ci\u0105g\u0142ej pracy, ch\u0142odzona pasywnie.Istnieje mo\u017cliwo\u015b\u0107 rozbudowy terminala, na przyk\u0142ad o dodatkowy ekran, kt\u00f3ry mo\u017ce by\u0107 wykorzystywany, jako no\u015bnik przekazu informacji marketingowych, typu reklama, promocja.\u0141atwo\u015b\u0107 monta\u017cu i serwisowania zapewnia konstrukcja obudowy \u2013 porty i p\u0142yta g\u0142\u00f3wna dost\u0119pne s\u0105 po zdj\u0119ciu tylnej \u015bcianki obudowy mocowanej na zatrzask i zaczepy.<br \/>\nDemonta\u017c nie wymaga u\u017cycia \u015brubokr\u0119ta. Natomiast dysk twardy umiejscowiony jest w przedniej cz\u0119\u015bci obudowy, dzi\u0119ki czemu jakakolwiek interwencja zajmuje znacznie mniej czasu ni\u017c w przypadku standardowych komputer\u00f3w POS.<\/p>\n<p>Ma\u0142e pole podstawy (jeden z mniejszych POS ze zintegrowanym monitorem spo\u015br\u00f3d dost\u0119pnych na rynku) zapewnia oszcz\u0119dno\u015b\u0107 miejsca i pozwala zaprojektowa\u0107 u\u017cytkownikowi kompaktowe stanowisko sprzeda\u017cy. Mo\u017cliwo\u015b\u0107 przymocowania komputera do blatu gwarantuje jego stabilno\u015b\u0107 mimo smuk\u0142ej budowy i niewielkiego ci\u0119\u017caru.<\/p>\n<p>&nbsp;<\/td>\n<td align=\"center\" valign=\"top\" width=\"240\"><img src=\"http:\/\/www.elzab.com.pl\/files\/st-a10_15_m.jpg\" alt=\"\" border=\"0\" \/><img src=\"http:\/\/www.elzab.com.pl\/files\/st-a10-tyl.jpg\" alt=\"\" border=\"0\" \/><img src=\"http:\/\/www.elzab.com.pl\/files\/st_a10-2.jpg\" alt=\"Demonta\u017c nie wymaga u\u017cycia \u015brubokr\u0119ta\" border=\"0\" \/><\/td>\n<\/tr>\n<\/tbody>\n<\/table>\n<p><iframe loading=\"lazy\" src=\"https:\/\/www.youtube.com\/embed\/_i3MvFTk8lk\" width=\"560\" height=\"315\" frameborder=\"0\" allowfullscreen=\"allowfullscreen\"><\/iframe><\/p>\n","protected":false},"excerpt":{"rendered":"<p>Terminal POS ST-A20 firmy TOSHIBA to najnowsze rozwi\u0105zanie skierowanie dla u\u017cytkownik\u00f3w ceni\u0105cych wysok\u0105 wydajno\u015b\u0107 po\u0142\u0105czon\u0105 z bezpiecze\u0144stwem pracy dzi\u0119ki mo\u017cliwo\u015bci po\u0142\u0105czenia dysk\u00f3w w systemie RAID1.Cech\u0105 charakterystyczn\u0105 ST-A20 jest wysoka jako\u015b\u0107 w po\u0142\u0105czeniu z niskim zu\u017cyciem energii. To kompaktowe, a jednocze\u015bnie stylowe urz\u0105dzenie, zdobywca presti\u017cowej nagrody 2007 Good Design Award in Japan jest efektywnym narz\u0119dziem sprzeda\u017cy.Zabudowany &hellip; <a href=\"https:\/\/www.skelpie.eu\/?page_id=424\" class=\"more-link\">Czytaj dalej <span class=\"screen-reader-text\">POS Toshiba ST-A20<\/span> <span class=\"meta-nav\">&rarr;<\/span><\/a><\/p>\n","protected":false},"author":1,"featured_media":0,"parent":0,"menu_order":0,"comment_status":"closed","ping_status":"closed","template":"","meta":[],"_links":{"self":[{"href":"https:\/\/www.skelpie.eu\/index.php?rest_route=\/wp\/v2\/pages\/424"}],"collection":[{"href":"https:\/\/www.skelpie.eu\/index.php?rest_route=\/wp\/v2\/pages"}],"about":[{"href":"https:\/\/www.skelpie.eu\/index.php?rest_route=\/wp\/v2\/types\/page"}],"author":[{"embeddable":true,"href":"https:\/\/www.skelpie.eu\/index.php?rest_route=\/wp\/v2\/users\/1"}],"replies":[{"embeddable":true,"href":"https:\/\/www.skelpie.eu\/index.php?rest_route=%2Fwp%2Fv2%2Fcomments&post=424"}],"version-history":[{"count":8,"href":"https:\/\/www.skelpie.eu\/index.php?rest_route=\/wp\/v2\/pages\/424\/revisions"}],"predecessor-version":[{"id":432,"href":"https:\/\/www.skelpie.eu\/index.php?rest_route=\/wp\/v2\/pages\/424\/revisions\/432"}],"wp:attachment":[{"href":"https:\/\/www.skelpie.eu\/index.php?rest_route=%2Fwp%2Fv2%2Fmedia&parent=424"}],"curies":[{"name":"wp","href":"https:\/\/api.w.org\/{rel}","templated":true}]}}