{"id":436,"date":"2015-02-10T22:21:08","date_gmt":"2015-02-10T22:21:08","guid":{"rendered":"http:\/\/www.skelpie.eu\/?page_id=436"},"modified":"2015-02-10T22:32:27","modified_gmt":"2015-02-10T22:32:27","slug":"pos-xelis-ir-2580","status":"publish","type":"page","link":"https:\/\/www.skelpie.eu\/?page_id=436","title":{"rendered":"POS Xelis IR-2580"},"content":{"rendered":"<p>Komputery POS serii Xelis IR-2580 szczeg\u00f3lnie polecamy do plac\u00f3wek o bardzo du\u017cym nat\u0119\u017ceniu ruchu.<br \/>\nUrz\u0105dzenie jest wyposa\u017cone w szybki procesor Intel Dual Core Pineview oraz 2GB pami\u0119ci RAM.<\/p>\n<p>Solidne wykonanie obudowy oraz bardzo trwa\u0142y 15 calowy monitor (panel dotykowy na podczerwie\u0144) pozwol\u0105 na d\u0142ug\u0105<br \/>\ni bezawaryjn\u0105 prac\u0119.<\/p>\n<p><b>W naszej ofercie s\u0105 dost\u0119pne dwa modele:<\/b><br \/>\nPOS Xelis IR-2580 \u2013 wersja podstawowa<br \/>\nPOS Xelis IR-2580 MSR &#8211; wersja z wbudowanym czytnikiem MSR<\/p>\n<p>&nbsp;<\/p>\n<p><img loading=\"lazy\" class=\"\" src=\"http:\/\/www.elzab.com.pl\/files\/pos_xelis.jpg\" alt=\"\" width=\"524\" height=\"328\" border=\"0\" \/><\/p>\n<table class=\"table4\" border=\"0\" width=\"95%\" cellspacing=\"0\" cellpadding=\"0\">\n<tbody>\n<tr>\n<td class=\"nagl\" colspan=\"2\">EKRAN<\/td>\n<\/tr>\n<tr>\n<td><b>Przek\u0105tna ekranu:<\/b><\/td>\n<td>15&#8243;<\/td>\n<\/tr>\n<tr>\n<td><b>Jasno\u015b\u0107 ekranu:<\/b><\/td>\n<td>250 cd\/m2<\/td>\n<\/tr>\n<tr>\n<td><b>Typ panelu dotykowego:<\/b><\/td>\n<td>IR Infra Red (podczerwie\u0144)<\/td>\n<\/tr>\n<tr>\n<td><b>Maksymalna rozdzielczo\u015b\u0107:<\/b><\/td>\n<td>1024 x 768<\/td>\n<\/tr>\n<tr>\n<td class=\"nagl\" colspan=\"2\">JEDNOSTKA CENTRALNA<\/td>\n<\/tr>\n<tr>\n<td><b>Procesor:<\/b><\/td>\n<td>Intel\u00ae Pineview D525 Dual Core\u2122 1.8G L2 1M, FSB 800MHz<\/td>\n<\/tr>\n<tr>\n<td><b>Pami\u0119\u0107 RAM:<\/b><\/td>\n<td>2GB SO-DIMM<\/td>\n<\/tr>\n<tr>\n<td><b>Max. mo\u017cliwo\u015b\u0107 rozszerzenia RAM:<\/b><\/td>\n<td>4GB SO-DIMM<\/td>\n<\/tr>\n<tr>\n<td><b>Dysk twardy:<\/b><\/td>\n<td>160GB SATA<\/td>\n<\/tr>\n<tr>\n<td><b>Karta grafiki:<\/b><\/td>\n<td>Intel\u00ae GMA 3150 zintegrowana<\/td>\n<\/tr>\n<tr>\n<td><b>Karta muzyczna:<\/b><\/td>\n<td>zintegrowana<\/td>\n<\/tr>\n<tr>\n<td><b>Wsp\u00f3\u0142praca z systemami operacyjnymi:<\/b><\/td>\n<td>Windows\u00ae XP, WEPOS, POSReady 2009, XP Embedded, Linux, Vista\u00ae, Windows\u00ae 7, WIN CE<\/td>\n<\/tr>\n<tr>\n<td class=\"nagl\" colspan=\"2\">PORTY I SLOTY<\/td>\n<\/tr>\n<tr>\n<td><b>Ilo\u015b\u0107 port\u00f3w USB:<\/b><\/td>\n<td>4 x USB 2.0<\/td>\n<\/tr>\n<tr>\n<td><b>Ilo\u015b\u0107 port\u00f3w szeregowych:<\/b><\/td>\n<td>4 x RJ-45 (COM 3\/COM 4 5V\/12V)<\/td>\n<\/tr>\n<tr>\n<td><b>Port r\u00f3wnoleg\u0142y:<\/b><\/td>\n<td>1x<\/td>\n<\/tr>\n<tr>\n<td><b>Z\u0142\u0105cze szuflady na pieni\u0105dze:<\/b><\/td>\n<td>1 x RJ-11 (12V\/24V)<\/td>\n<\/tr>\n<tr>\n<td><b>Klawiatura:<\/b><\/td>\n<td>1x PS2<\/td>\n<\/tr>\n<tr>\n<td><b>Sie\u0107 Ethernet:<\/b><\/td>\n<td>1 x RJ-45 (10\/100\/1000Mbps Giga LAN)<\/td>\n<\/tr>\n<tr>\n<td class=\"nagl\" colspan=\"2\">OPCJE ROZBUDOWY<\/td>\n<\/tr>\n<tr>\n<td><b>Czytnik kart magnetycznych:<\/b><\/td>\n<td>opcjonalnie<\/td>\n<\/tr>\n<tr>\n<td class=\"nagl\" colspan=\"2\">INNE<\/td>\n<\/tr>\n<tr>\n<td><b>Warunki pracy:<\/b><\/td>\n<td>5\u00b0C~35\u00b0C \/ 20%~85% RH<\/td>\n<\/tr>\n<tr>\n<td><b>Wymiary:<\/b><\/td>\n<td>386 x 250 x 370 mm<\/td>\n<\/tr>\n<tr>\n<td><b>Waga:<\/b><\/td>\n<td>~10 kg<\/td>\n<\/tr>\n<tr>\n<td><b>Kolor:<\/b><\/td>\n<td>czarny<\/td>\n<\/tr>\n<tr>\n<td><b>Certyfikaty:<\/b><\/td>\n<td>FCC Class A \/ CE \/ LVD<\/td>\n<\/tr>\n<\/tbody>\n<\/table>\n","protected":false},"excerpt":{"rendered":"<p>Komputery POS serii Xelis IR-2580 szczeg\u00f3lnie polecamy do plac\u00f3wek o bardzo du\u017cym nat\u0119\u017ceniu ruchu. Urz\u0105dzenie jest wyposa\u017cone w szybki procesor Intel Dual Core Pineview oraz 2GB pami\u0119ci RAM. Solidne wykonanie obudowy oraz bardzo trwa\u0142y 15 calowy monitor (panel dotykowy na podczerwie\u0144) pozwol\u0105 na d\u0142ug\u0105 i bezawaryjn\u0105 prac\u0119. W naszej ofercie s\u0105 dost\u0119pne dwa modele: POS &hellip; <a href=\"https:\/\/www.skelpie.eu\/?page_id=436\" class=\"more-link\">Czytaj dalej <span class=\"screen-reader-text\">POS Xelis IR-2580<\/span> <span class=\"meta-nav\">&rarr;<\/span><\/a><\/p>\n","protected":false},"author":1,"featured_media":0,"parent":0,"menu_order":0,"comment_status":"closed","ping_status":"closed","template":"","meta":[],"_links":{"self":[{"href":"https:\/\/www.skelpie.eu\/index.php?rest_route=\/wp\/v2\/pages\/436"}],"collection":[{"href":"https:\/\/www.skelpie.eu\/index.php?rest_route=\/wp\/v2\/pages"}],"about":[{"href":"https:\/\/www.skelpie.eu\/index.php?rest_route=\/wp\/v2\/types\/page"}],"author":[{"embeddable":true,"href":"https:\/\/www.skelpie.eu\/index.php?rest_route=\/wp\/v2\/users\/1"}],"replies":[{"embeddable":true,"href":"https:\/\/www.skelpie.eu\/index.php?rest_route=%2Fwp%2Fv2%2Fcomments&post=436"}],"version-history":[{"count":2,"href":"https:\/\/www.skelpie.eu\/index.php?rest_route=\/wp\/v2\/pages\/436\/revisions"}],"predecessor-version":[{"id":476,"href":"https:\/\/www.skelpie.eu\/index.php?rest_route=\/wp\/v2\/pages\/436\/revisions\/476"}],"wp:attachment":[{"href":"https:\/\/www.skelpie.eu\/index.php?rest_route=%2Fwp%2Fv2%2Fmedia&parent=436"}],"curies":[{"name":"wp","href":"https:\/\/api.w.org\/{rel}","templated":true}]}}