{"id":438,"date":"2015-02-10T22:22:16","date_gmt":"2015-02-10T22:22:16","guid":{"rendered":"http:\/\/www.skelpie.eu\/?page_id=438"},"modified":"2015-02-10T22:22:16","modified_gmt":"2015-02-10T22:22:16","slug":"pos-jiva-5815n","status":"publish","type":"page","link":"https:\/\/www.skelpie.eu\/?page_id=438","title":{"rendered":"POS Jiva 5815N"},"content":{"rendered":"<p><a href=\"http:\/\/www.skelpie.eu\/wp-content\/uploads\/2015\/02\/posiflex5815m.jpg\"><img loading=\"lazy\" class=\"aligncenter size-full wp-image-439\" src=\"http:\/\/www.skelpie.eu\/wp-content\/uploads\/2015\/02\/posiflex5815m.jpg\" alt=\"posiflex5815m\" width=\"250\" height=\"260\" \/><\/a><\/p>\n<p>Komputery POSIFLEX serii JIVA 5800 PRO szczeg\u00f3lnie polecamy do plac\u00f3wek o du\u017cym nat\u0119\u017ceniu ruchu.<\/p>\n<p>Seria JIVA sprawdza si\u0119 praktycznie wsz\u0119dzie &#8211; w gastronomii, handlu, przemy\u015ble, s\u0142u\u017cbie zdrowia czy jako kiosk samoobs\u0142ugowy.<\/p>\n<table class=\"table4\" border=\"0\" width=\"95%\" cellspacing=\"0\" cellpadding=\"0\">\n<tbody>\n<tr>\n<td class=\"nagl\" colspan=\"2\">EKRAN<\/td>\n<\/tr>\n<tr>\n<td><b>Przek\u0105tna ekranu:<\/b><\/td>\n<td>15&#8243;<\/td>\n<\/tr>\n<tr>\n<td><b>Typ panelu dotykowego:<\/b><\/td>\n<td>rezystancyjny<\/td>\n<\/tr>\n<tr>\n<td><b>Ekran dotykowy:<\/b><\/td>\n<td>USB<\/td>\n<\/tr>\n<tr>\n<td><b>Maksymalna rozdzielczo\u015b\u0107:<\/b><\/td>\n<td>1024 x 768<\/td>\n<\/tr>\n<tr>\n<td class=\"nagl\" colspan=\"2\">JEDNOSTKA CENTRALNA<\/td>\n<\/tr>\n<tr>\n<td><b>Procesor:<\/b><\/td>\n<td>VIA C7 2GHz<\/td>\n<\/tr>\n<tr>\n<td><b>Pami\u0119\u0107 RAM:<\/b><\/td>\n<td>2GB<\/td>\n<\/tr>\n<tr>\n<td><b>Dysk twardy:<\/b><\/td>\n<td>160 GB 2,5&#8243; SATA<\/td>\n<\/tr>\n<tr>\n<td><b>Karta grafiki:<\/b><\/td>\n<td>zintegrowana<\/td>\n<\/tr>\n<tr>\n<td><b>Karta muzyczna:<\/b><\/td>\n<td>zintegrowana<\/td>\n<\/tr>\n<tr>\n<td><b>Wsp\u00f3\u0142praca z systemami operacyjnymi:<\/b><\/td>\n<td>Windows\u00ae XP, WEPOS, POSReady 2009, XP Embedded, Linux, Vista\u00ae, Windows\u00ae 7, WIN CE<\/td>\n<\/tr>\n<tr>\n<td class=\"nagl\" colspan=\"2\">PORTY I SLOTY<\/td>\n<\/tr>\n<tr>\n<td><b>Ilo\u015b\u0107 port\u00f3w USB:<\/b><\/td>\n<td>4<\/td>\n<\/tr>\n<tr>\n<td><b>Ilo\u015b\u0107 port\u00f3w szeregowych:<\/b><\/td>\n<td>4<\/td>\n<\/tr>\n<tr>\n<td><b>Port r\u00f3wnoleg\u0142y:<\/b><\/td>\n<td>1<\/td>\n<\/tr>\n<tr>\n<td><b>VGA:<\/b><\/td>\n<td>1<\/td>\n<\/tr>\n<tr>\n<td><b>PS2:<\/b><\/td>\n<td>2<\/td>\n<\/tr>\n<tr>\n<td><b>Sie\u0107 Ethernet:<\/b><\/td>\n<td>1x RJ-45 (10\/100Mbps Giga LAN)<\/td>\n<\/tr>\n<tr>\n<td><b>UPS Battery:<\/b><\/td>\n<td>TAK<\/td>\n<\/tr>\n<tr>\n<td><b>Czytnik MSR:<\/b><\/td>\n<td>TAK<\/td>\n<\/tr>\n<\/tbody>\n<\/table>\n","protected":false},"excerpt":{"rendered":"<p>Komputery POSIFLEX serii JIVA 5800 PRO szczeg\u00f3lnie polecamy do plac\u00f3wek o du\u017cym nat\u0119\u017ceniu ruchu. Seria JIVA sprawdza si\u0119 praktycznie wsz\u0119dzie &#8211; w gastronomii, handlu, przemy\u015ble, s\u0142u\u017cbie zdrowia czy jako kiosk samoobs\u0142ugowy. EKRAN Przek\u0105tna ekranu: 15&#8243; Typ panelu dotykowego: rezystancyjny Ekran dotykowy: USB Maksymalna rozdzielczo\u015b\u0107: 1024 x 768 JEDNOSTKA CENTRALNA Procesor: VIA C7 2GHz Pami\u0119\u0107 RAM: &hellip; <a href=\"https:\/\/www.skelpie.eu\/?page_id=438\" class=\"more-link\">Czytaj dalej <span class=\"screen-reader-text\">POS Jiva 5815N<\/span> <span class=\"meta-nav\">&rarr;<\/span><\/a><\/p>\n","protected":false},"author":1,"featured_media":0,"parent":0,"menu_order":0,"comment_status":"closed","ping_status":"closed","template":"","meta":[],"_links":{"self":[{"href":"https:\/\/www.skelpie.eu\/index.php?rest_route=\/wp\/v2\/pages\/438"}],"collection":[{"href":"https:\/\/www.skelpie.eu\/index.php?rest_route=\/wp\/v2\/pages"}],"about":[{"href":"https:\/\/www.skelpie.eu\/index.php?rest_route=\/wp\/v2\/types\/page"}],"author":[{"embeddable":true,"href":"https:\/\/www.skelpie.eu\/index.php?rest_route=\/wp\/v2\/users\/1"}],"replies":[{"embeddable":true,"href":"https:\/\/www.skelpie.eu\/index.php?rest_route=%2Fwp%2Fv2%2Fcomments&post=438"}],"version-history":[{"count":1,"href":"https:\/\/www.skelpie.eu\/index.php?rest_route=\/wp\/v2\/pages\/438\/revisions"}],"predecessor-version":[{"id":440,"href":"https:\/\/www.skelpie.eu\/index.php?rest_route=\/wp\/v2\/pages\/438\/revisions\/440"}],"wp:attachment":[{"href":"https:\/\/www.skelpie.eu\/index.php?rest_route=%2Fwp%2Fv2%2Fmedia&parent=438"}],"curies":[{"name":"wp","href":"https:\/\/api.w.org\/{rel}","templated":true}]}}