{"id":441,"date":"2015-02-10T22:23:40","date_gmt":"2015-02-10T22:23:40","guid":{"rendered":"http:\/\/www.skelpie.eu\/?page_id=441"},"modified":"2015-02-10T22:23:40","modified_gmt":"2015-02-10T22:23:40","slug":"pos-posiflex-6815n","status":"publish","type":"page","link":"https:\/\/www.skelpie.eu\/?page_id=441","title":{"rendered":"POS Posiflex 6815N"},"content":{"rendered":"<p><a href=\"http:\/\/www.skelpie.eu\/wp-content\/uploads\/2015\/02\/posiflex6815m.jpg\"><img loading=\"lazy\" class=\"aligncenter size-full wp-image-442\" src=\"http:\/\/www.skelpie.eu\/wp-content\/uploads\/2015\/02\/posiflex6815m.jpg\" alt=\"posiflex6815m\" width=\"250\" height=\"222\" \/><\/a><\/p>\n<p>Modele komputer\u00f3w POSIFLEX serii 6800 szczeg\u00f3lnie polecamy do plac\u00f3wek, kt\u00f3re maj\u0105 ograniczon\u0105 powierzchni\u0119 przykasow\u0105.<br \/>\nNiewielkie wymiary urz\u0105dzenia oraz solidne wykonanie sprawiaj\u0105, \u017ce POSy POSIFLEX s\u0105 godne polecenia.<\/p>\n<table class=\"table4\" border=\"0\" width=\"95%\" cellspacing=\"0\" cellpadding=\"0\">\n<tbody>\n<tr>\n<td class=\"nagl\" colspan=\"2\">EKRAN<\/td>\n<\/tr>\n<tr>\n<td><b>Przek\u0105tna ekranu:<\/b><\/td>\n<td>15&#8243;<\/td>\n<\/tr>\n<tr>\n<td><b>Typ panelu dotykowego:<\/b><\/td>\n<td>rezystancyjny<\/td>\n<\/tr>\n<tr>\n<td><b>Ekran dotykowy:<\/b><\/td>\n<td>USB<\/td>\n<\/tr>\n<tr>\n<td><b>Maksymalna rozdzielczo\u015b\u0107:<\/b><\/td>\n<td>1024 x 768<\/td>\n<\/tr>\n<tr>\n<td class=\"nagl\" colspan=\"2\">JEDNOSTKA CENTRALNA<\/td>\n<\/tr>\n<tr>\n<td><b>Procesor:<\/b><\/td>\n<td>Intel Atom N270 1.6G<\/td>\n<\/tr>\n<tr>\n<td><b>Pami\u0119\u0107 RAM:<\/b><\/td>\n<td>1GB<\/td>\n<\/tr>\n<tr>\n<td><b>Dysk twardy:<\/b><\/td>\n<td>8 GB SSD<\/td>\n<\/tr>\n<tr>\n<td><b>Karta grafiki:<\/b><\/td>\n<td>zintegrowana<\/td>\n<\/tr>\n<tr>\n<td><b>Karta muzyczna:<\/b><\/td>\n<td>zintegrowana<\/td>\n<\/tr>\n<tr>\n<td><b>Wsp\u00f3\u0142praca z systemami operacyjnymi:<\/b><\/td>\n<td>Windows\u00ae XP, WEPOS, POSReady 2009, XP Embedded, Linux, Vista\u00ae, Windows\u00ae 7, WIN CE<\/td>\n<\/tr>\n<tr>\n<td class=\"nagl\" colspan=\"2\">PORTY I SLOTY<\/td>\n<\/tr>\n<tr>\n<td><b>Ilo\u015b\u0107 port\u00f3w USB:<\/b><\/td>\n<td>6<\/td>\n<\/tr>\n<tr>\n<td><b>Ilo\u015b\u0107 port\u00f3w szeregowych:<\/b><\/td>\n<td>3<\/td>\n<\/tr>\n<tr>\n<td><b>VGA:<\/b><\/td>\n<td>1<\/td>\n<\/tr>\n<tr>\n<td><b>Sie\u0107 Ethernet:<\/b><\/td>\n<td>1x RJ-45 (10\/100Mbps Giga LAN)<\/td>\n<\/tr>\n<tr>\n<td><b>UPS Battery:<\/b><\/td>\n<td>TAK<\/td>\n<\/tr>\n<tr>\n<td><b>Czytnik MSR:<\/b><\/td>\n<td>TAK<\/td>\n<\/tr>\n<tr>\n<td><b>Dodatkowy HDD:<\/b><\/td>\n<td>mo\u017cliwo\u015b\u0107 pod\u0142\u0105czenia<\/td>\n<\/tr>\n<\/tbody>\n<\/table>\n<p><span style=\"color: #18486b; font-family: Verdana, Helvetica, Arial, Lucida, sans-serif; font-size: 11px; line-height: 16.5px;\">\u00a0<\/span><\/p>\n","protected":false},"excerpt":{"rendered":"<p>Modele komputer\u00f3w POSIFLEX serii 6800 szczeg\u00f3lnie polecamy do plac\u00f3wek, kt\u00f3re maj\u0105 ograniczon\u0105 powierzchni\u0119 przykasow\u0105. Niewielkie wymiary urz\u0105dzenia oraz solidne wykonanie sprawiaj\u0105, \u017ce POSy POSIFLEX s\u0105 godne polecenia. EKRAN Przek\u0105tna ekranu: 15&#8243; Typ panelu dotykowego: rezystancyjny Ekran dotykowy: USB Maksymalna rozdzielczo\u015b\u0107: 1024 x 768 JEDNOSTKA CENTRALNA Procesor: Intel Atom N270 1.6G Pami\u0119\u0107 RAM: 1GB Dysk twardy: &hellip; <a href=\"https:\/\/www.skelpie.eu\/?page_id=441\" class=\"more-link\">Czytaj dalej <span class=\"screen-reader-text\">POS Posiflex 6815N<\/span> <span class=\"meta-nav\">&rarr;<\/span><\/a><\/p>\n","protected":false},"author":1,"featured_media":0,"parent":0,"menu_order":0,"comment_status":"closed","ping_status":"closed","template":"","meta":[],"_links":{"self":[{"href":"https:\/\/www.skelpie.eu\/index.php?rest_route=\/wp\/v2\/pages\/441"}],"collection":[{"href":"https:\/\/www.skelpie.eu\/index.php?rest_route=\/wp\/v2\/pages"}],"about":[{"href":"https:\/\/www.skelpie.eu\/index.php?rest_route=\/wp\/v2\/types\/page"}],"author":[{"embeddable":true,"href":"https:\/\/www.skelpie.eu\/index.php?rest_route=\/wp\/v2\/users\/1"}],"replies":[{"embeddable":true,"href":"https:\/\/www.skelpie.eu\/index.php?rest_route=%2Fwp%2Fv2%2Fcomments&post=441"}],"version-history":[{"count":1,"href":"https:\/\/www.skelpie.eu\/index.php?rest_route=\/wp\/v2\/pages\/441\/revisions"}],"predecessor-version":[{"id":443,"href":"https:\/\/www.skelpie.eu\/index.php?rest_route=\/wp\/v2\/pages\/441\/revisions\/443"}],"wp:attachment":[{"href":"https:\/\/www.skelpie.eu\/index.php?rest_route=%2Fwp%2Fv2%2Fmedia&parent=441"}],"curies":[{"name":"wp","href":"https:\/\/api.w.org\/{rel}","templated":true}]}}