{"id":444,"date":"2015-02-10T22:25:16","date_gmt":"2015-02-10T22:25:16","guid":{"rendered":"http:\/\/www.skelpie.eu\/?page_id=444"},"modified":"2015-02-10T22:25:16","modified_gmt":"2015-02-10T22:25:16","slug":"dodatkowy-monitor-9-7-p21","status":"publish","type":"page","link":"https:\/\/www.skelpie.eu\/?page_id=444","title":{"rendered":"Dodatkowy monitor 9.7&#8243; do P21"},"content":{"rendered":"<p><a title=\"Monitor 9,7\u201d do POS P10\/P20\" href=\"http:\/\/www.elzab.com.pl\/files\/p20_monitor1.jpg\" target=\"_blank\" rel=\"lightbox\"><img src=\"http:\/\/www.elzab.com.pl\/files\/p20_monitor1m.jpg\" alt=\"\" border=\"0\" \/><\/a>\u00a0\u00a0\u00a0<a title=\"Monitor 9,7\u201d do POS P10\/P20\" href=\"http:\/\/www.elzab.com.pl\/files\/p20_monitor2.jpg\" target=\"_blank\" rel=\"lightbox\"><img src=\"http:\/\/www.elzab.com.pl\/files\/p20_monitor2m.jpg\" alt=\"\" border=\"0\" \/><\/a><\/p>\n<p>Dodatkowy monitor klienta 9,7\u201d montowany bezpo\u015brednio do komputera POS ELZAB P10 lub POS ELZAB P20.<br \/>\nZasilanie bezpo\u015brednio z p\u0142yty g\u0142\u00f3wnej (nie wymaga pod\u0142\u0105czania dodatkowego zasilacza).<br \/>\nMo\u017cliwo\u015b\u0107 regulacji ekranu w pionie.<\/p>\n<p>Rozdzielczo\u015b\u0107 800&#215;600 pikseli.<\/p>\n","protected":false},"excerpt":{"rendered":"<p>\u00a0\u00a0\u00a0 Dodatkowy monitor klienta 9,7\u201d montowany bezpo\u015brednio do komputera POS ELZAB P10 lub POS ELZAB P20. Zasilanie bezpo\u015brednio z p\u0142yty g\u0142\u00f3wnej (nie wymaga pod\u0142\u0105czania dodatkowego zasilacza). Mo\u017cliwo\u015b\u0107 regulacji ekranu w pionie. Rozdzielczo\u015b\u0107 800&#215;600 pikseli.<\/p>\n","protected":false},"author":1,"featured_media":0,"parent":0,"menu_order":0,"comment_status":"closed","ping_status":"closed","template":"","meta":[],"_links":{"self":[{"href":"https:\/\/www.skelpie.eu\/index.php?rest_route=\/wp\/v2\/pages\/444"}],"collection":[{"href":"https:\/\/www.skelpie.eu\/index.php?rest_route=\/wp\/v2\/pages"}],"about":[{"href":"https:\/\/www.skelpie.eu\/index.php?rest_route=\/wp\/v2\/types\/page"}],"author":[{"embeddable":true,"href":"https:\/\/www.skelpie.eu\/index.php?rest_route=\/wp\/v2\/users\/1"}],"replies":[{"embeddable":true,"href":"https:\/\/www.skelpie.eu\/index.php?rest_route=%2Fwp%2Fv2%2Fcomments&post=444"}],"version-history":[{"count":1,"href":"https:\/\/www.skelpie.eu\/index.php?rest_route=\/wp\/v2\/pages\/444\/revisions"}],"predecessor-version":[{"id":445,"href":"https:\/\/www.skelpie.eu\/index.php?rest_route=\/wp\/v2\/pages\/444\/revisions\/445"}],"wp:attachment":[{"href":"https:\/\/www.skelpie.eu\/index.php?rest_route=%2Fwp%2Fv2%2Fmedia&parent=444"}],"curies":[{"name":"wp","href":"https:\/\/api.w.org\/{rel}","templated":true}]}}