{"id":446,"date":"2015-02-10T22:26:39","date_gmt":"2015-02-10T22:26:39","guid":{"rendered":"http:\/\/www.skelpie.eu\/?page_id=446"},"modified":"2015-02-10T22:26:39","modified_gmt":"2015-02-10T22:26:39","slug":"bateria-p10-p21","status":"publish","type":"page","link":"https:\/\/www.skelpie.eu\/?page_id=446","title":{"rendered":"Bateria do P10-P21"},"content":{"rendered":"<p><a href=\"http:\/\/www.skelpie.eu\/wp-content\/uploads\/2015\/02\/battery1m.jpg\"><img loading=\"lazy\" class=\"aligncenter size-full wp-image-447\" src=\"http:\/\/www.skelpie.eu\/wp-content\/uploads\/2015\/02\/battery1m.jpg\" alt=\"battery1m\" width=\"250\" height=\"163\" \/><\/a><\/p>\n<p>Urz\u0105dzenie dedykowane do wsp\u00f3\u0142pracy z komputerami POS ELZAB P10 oraz POS ELZAB P20.<\/p>\n<p>Bateria umo\u017cliwia prac\u0119 do 40 minut.<\/p>\n<p>Wymiary: 109x84x21 mm<\/p>\n<p>Waga: 300 g<\/p>\n","protected":false},"excerpt":{"rendered":"<p>Urz\u0105dzenie dedykowane do wsp\u00f3\u0142pracy z komputerami POS ELZAB P10 oraz POS ELZAB P20. Bateria umo\u017cliwia prac\u0119 do 40 minut. Wymiary: 109x84x21 mm Waga: 300 g<\/p>\n","protected":false},"author":1,"featured_media":0,"parent":0,"menu_order":0,"comment_status":"closed","ping_status":"closed","template":"","meta":[],"_links":{"self":[{"href":"https:\/\/www.skelpie.eu\/index.php?rest_route=\/wp\/v2\/pages\/446"}],"collection":[{"href":"https:\/\/www.skelpie.eu\/index.php?rest_route=\/wp\/v2\/pages"}],"about":[{"href":"https:\/\/www.skelpie.eu\/index.php?rest_route=\/wp\/v2\/types\/page"}],"author":[{"embeddable":true,"href":"https:\/\/www.skelpie.eu\/index.php?rest_route=\/wp\/v2\/users\/1"}],"replies":[{"embeddable":true,"href":"https:\/\/www.skelpie.eu\/index.php?rest_route=%2Fwp%2Fv2%2Fcomments&post=446"}],"version-history":[{"count":1,"href":"https:\/\/www.skelpie.eu\/index.php?rest_route=\/wp\/v2\/pages\/446\/revisions"}],"predecessor-version":[{"id":448,"href":"https:\/\/www.skelpie.eu\/index.php?rest_route=\/wp\/v2\/pages\/446\/revisions\/448"}],"wp:attachment":[{"href":"https:\/\/www.skelpie.eu\/index.php?rest_route=%2Fwp%2Fv2%2Fmedia&parent=446"}],"curies":[{"name":"wp","href":"https:\/\/api.w.org\/{rel}","templated":true}]}}