{"id":523,"date":"2015-02-19T20:33:48","date_gmt":"2015-02-19T20:33:48","guid":{"rendered":"http:\/\/www.skelpie.eu\/?page_id=523"},"modified":"2015-02-19T20:39:33","modified_gmt":"2015-02-19T20:39:33","slug":"elzab-prima-2","status":"publish","type":"page","link":"https:\/\/www.skelpie.eu\/?page_id=523","title":{"rendered":"Elzab Prima 2"},"content":{"rendered":"<p style=\"text-align: justify;\"><b>Charakterystyka og\u00f3lna<\/b><br \/>\nWaga ELZAB Prima 2 jest przeznaczona do wsp\u00f3\u0142pracy z kasami fiskalnymi firmy ELZAB S.A. oraz z innymi kasami i urz\u0105dzeniami wyposa\u017conymi w interfejs szeregowy lub USB. Mo\u017ce pracowa\u0107 r\u00f3wnie\u017c jako samodzielna waga og\u00f3lnego przeznaczenia. Waga ELZAB Prima 2 posiada programowo definiowalny format protoko\u0142u komunikacyjnego, pozwalaj\u0105cy na bezkonfliktow\u0105 prac\u0119 z dowolnym istniej\u0105cym lub nowym typem kasy.<br \/>\nWaga jest wyposa\u017cona w trzy klawisze s\u0142u\u017c\u0105ce do:<\/p>\n<ul>\n<li style=\"text-align: justify;\">w\u0142\u0105czania i wy\u0142\u0105czania tary<\/li>\n<li style=\"text-align: justify;\">zerowania wagi<\/li>\n<li style=\"text-align: justify;\">przesy\u0142ania wyniku wa\u017cenia do kasy<\/li>\n<li style=\"text-align: justify;\">programowania parametr\u00f3w pracy wagi<\/li>\n<\/ul>\n<p style=\"text-align: justify;\">W\u0142\u0105czenie funkcji tary sygnalizowane jest wska\u017anikiem TARA. Wy\u0142\u0105czenie tej funkcji odbywa si\u0119 automatycznie po zwa\u017ceniu towaru lub mo\u017ce nast\u0105pi\u0107 r\u0119cznie, po wcze\u015bniejszym zaprogramowaniu takiej opcji.<\/p>\n<p>Waga ELZAB Prima 2 posiada dwukierunkow\u0105 komunikacj\u0119 szeregow\u0105, kt\u00f3ra umo\u017cliwia inicjowanie przez interfejs odczytywania masy oraz wyb\u00f3r i programowanie parametr\u00f3w pracy wagi. Wynik wa\u017cenia mo\u017ce by\u0107 tak\u017ce przesy\u0142any z wagi po naci\u015bni\u0119ciu klawisza, automatycznie po zwa\u017ceniu towaru lub w spos\u00f3b ci\u0105g\u0142y.<\/p>\n<p><b>Przeznaczenie i zastosowanie<\/b><br \/>\nWaga ELZAB Prima 2 znajduje zastosowanie w plac\u00f3wkach handlowych r\u00f3\u017cnej wielko\u015bci, pocz\u0105wszy od targowisk lub bazar\u00f3w, ma\u0142ych sklep\u00f3w, poprzez \u015brednie i na du\u017cych obiektach ko\u0144cz\u0105c &#8211; w zale\u017cno\u015bci od intensywno\u015bci proces\u00f3w wa\u017cenia towar\u00f3w na danym stoisku. Waga ELZAB Prima 2 ma zastosowanie w magazynach i hurtowniach oraz zak\u0142adach produkcyjnych i przetw\u00f3rstwa \u017cywno\u015bciowego r\u00f3\u017cnych bran\u017c, jak i w gastronomii.<\/p>\n<p><img loading=\"lazy\" class=\"aligncenter\" src=\"http:\/\/www.elzab.com.pl\/files\/prima2wysw.jpg\" alt=\"\" width=\"240\" height=\"190\" align=\"left\" border=\"0\" \/><\/p>\n<p style=\"text-align: justify;\"><b>Wsp\u00f3\u0142praca z urz\u0105dzeniami zewn\u0119trznymi<\/b><br \/>\nWaga ELZAB Prima 2 posiada interfejs komunikacyjny RS232C i USB przez co mo\u017ce wsp\u00f3\u0142pracowa\u0107 z r\u00f3\u017cnymi kasami fiskalnymi, terminalami POS oraz innymi urz\u0105dzeniami peryferyjnymi. Automatyczne przesy\u0142anie przez wag\u0119 wyniku wa\u017cenia eliminuje b\u0142\u0119dy jego r\u0119cznego wprowadzania. Wynik wa\u017cenia mo\u017ce by\u0107 przesy\u0142any w wyniku naci\u015bni\u0119cia odpowiedniego klawisza wagi, kasy, terminala POS, albo automatycznie lub w spos\u00f3b ci\u0105g\u0142y.<\/p>\n<p style=\"text-align: justify;\"><b><br \/>\nUwaga &#8211; wa\u017cny dokument!<\/b><\/p>\n<p style=\"text-align: justify;\">Na wyposa\u017ceniu ka\u017cdej wagi znajduje si\u0119 bardzo wa\u017cny dokument &#8211; Deklaracja zgodno\u015bci, kt\u00f3ry wymagany jest w przypadku ponownej legalizacji urz\u0105dzenia. Dokument ten nale\u017cy przechowywa\u0107 przez ca\u0142e \u017cycie wagi. W przypadku zagubienia jedyna mo\u017cliwo\u015b\u0107 wystawienia duplikatu to kontakt z Dzia\u0142em Kontroli Jako\u015bci, adres e-mail: <a href=\"http:\/\/www.elzab.com.pl\/buczek@elzab.com.pl\" target=\"_blank\">buczek@elzab.com.pl<\/a> z podaniem modelu i numeru seryjnego wagi.<\/p>\n<table border=\"0\">\n<tbody>\n<tr>\n<td valign=\"top\"><b>Typ:<\/b><\/td>\n<td>waga elektroniczna dwuzakresowa<\/td>\n<\/tr>\n<tr>\n<td><b>Obci\u0105\u017cenie maksymalne:<\/b><\/td>\n<td>6\/15 kg<\/td>\n<\/tr>\n<tr>\n<td><b>Obci\u0105\u017cenie minimalne:<\/b><\/td>\n<td>40 g<\/td>\n<\/tr>\n<tr>\n<td valign=\"top\"><b>Warto\u015b\u0107 dzia\u0142ki legalizacyjnej e = :<\/b><\/td>\n<td>2\/5 g<\/td>\n<\/tr>\n<tr>\n<td valign=\"top\" nowrap=\"nowrap\"><b>G\u00f3rna granica tary odejmuj\u0105cej T = :<\/b><\/td>\n<td>&#8211; 15 kg<\/td>\n<\/tr>\n<tr>\n<td><b>Klasa dok\u0142adno\u015bci:<\/b><\/td>\n<td>III<\/td>\n<\/tr>\n<tr>\n<td><b>Zakres temperatur pracy:<\/b><\/td>\n<td>&#8211; 10\u00b0 C \u00f7 + 40\u00b0 C<\/td>\n<\/tr>\n<tr>\n<td><b>Zasilanie:<\/b><\/td>\n<td>zewn\u0119trzne + 5V<\/td>\n<\/tr>\n<tr>\n<td><b>Moc pobierana przez wag\u0119:<\/b><\/td>\n<td>1 W<\/td>\n<\/tr>\n<tr>\n<td><b>Wy\u015bwietlacz:<\/b><\/td>\n<td>dwustronny LCD (dla klienta i operatora)<\/td>\n<\/tr>\n<tr>\n<td><b>Wysoko\u015b\u0107 cyfr:<\/b><\/td>\n<td>12,7 mm<\/td>\n<\/tr>\n<tr>\n<td><b>Ilo\u015b\u0107 pozycji na wy\u015bwietlaczu:<\/b><\/td>\n<td>6<\/td>\n<\/tr>\n<tr>\n<td><b>Wska\u017anik Tary oraz Zera<\/b><\/td>\n<td>+<\/td>\n<\/tr>\n<tr>\n<td><b>Klawiatura:<\/b><\/td>\n<td>3 klawisze : tara, zero, przesy\u0142anie<\/td>\n<\/tr>\n<tr>\n<td><b>Wymiary u\u017cytkowe szalki:<\/b><\/td>\n<td>319 x 254 mm<\/td>\n<\/tr>\n<tr>\n<td><b>Wymiary zewn\u0119trzne:<\/b><\/td>\n<td>319 x 307 x 78 mm<\/td>\n<\/tr>\n<tr>\n<td valign=\"top\"><b>Interfejs:<\/b><\/td>\n<td>1. RS232 (komputer, kasa fiskalna) &#8211; wtyk typu RJ 6-6<br \/>\n2. USB (komputer, terminal)<br \/>\n3. RS232 (dodatkowy wy\u015bwietlacz zewn\u0119trzny)<\/td>\n<\/tr>\n<tr>\n<td><b>Ci\u0119\u017car wagi:<\/b><\/td>\n<td>3,9 kg<\/td>\n<\/tr>\n<tr>\n<td valign=\"top\"><b>Funkcje:<\/b><\/td>\n<td>\n<ul>\n<li>wa\u017cenie towar\u00f3w<\/li>\n<li>wa\u017cenie i odejmowanie tary<\/li>\n<li>automatyczne wy\u0142\u0105czanie tary po odwa\u017ceniu towaru<\/li>\n<li>zliczanie detali (nowo\u015b\u0107)<\/li>\n<li>automatyczne wygaszanie wy\u015bwietlacza<\/li>\n<li>sygnalizacja zera, tary i przekroczenia zakresu<\/li>\n<li>automatyczne \u015bledzenie zera (przy nieobci\u0105\u017conej szalce )<\/li>\n<li>wsp\u00f3\u0142praca z kasami fiskalnymi<\/li>\n<li>sygnalizacja zak\u0142\u00f3ce\u0144 pracy wagi<\/li>\n<\/ul>\n<\/td>\n<\/tr>\n<tr>\n<td><b>Gwarancja:<\/b><\/td>\n<td>12 miesi\u0119cy<\/td>\n<\/tr>\n<\/tbody>\n<\/table>\n","protected":false},"excerpt":{"rendered":"<p>Charakterystyka og\u00f3lna Waga ELZAB Prima 2 jest przeznaczona do wsp\u00f3\u0142pracy z kasami fiskalnymi firmy ELZAB S.A. oraz z innymi kasami i urz\u0105dzeniami wyposa\u017conymi w interfejs szeregowy lub USB. Mo\u017ce pracowa\u0107 r\u00f3wnie\u017c jako samodzielna waga og\u00f3lnego przeznaczenia. Waga ELZAB Prima 2 posiada programowo definiowalny format protoko\u0142u komunikacyjnego, pozwalaj\u0105cy na bezkonfliktow\u0105 prac\u0119 z dowolnym istniej\u0105cym lub nowym &hellip; <a href=\"https:\/\/www.skelpie.eu\/?page_id=523\" class=\"more-link\">Czytaj dalej <span class=\"screen-reader-text\">Elzab Prima 2<\/span> <span class=\"meta-nav\">&rarr;<\/span><\/a><\/p>\n","protected":false},"author":1,"featured_media":0,"parent":0,"menu_order":0,"comment_status":"closed","ping_status":"closed","template":"","meta":[],"_links":{"self":[{"href":"https:\/\/www.skelpie.eu\/index.php?rest_route=\/wp\/v2\/pages\/523"}],"collection":[{"href":"https:\/\/www.skelpie.eu\/index.php?rest_route=\/wp\/v2\/pages"}],"about":[{"href":"https:\/\/www.skelpie.eu\/index.php?rest_route=\/wp\/v2\/types\/page"}],"author":[{"embeddable":true,"href":"https:\/\/www.skelpie.eu\/index.php?rest_route=\/wp\/v2\/users\/1"}],"replies":[{"embeddable":true,"href":"https:\/\/www.skelpie.eu\/index.php?rest_route=%2Fwp%2Fv2%2Fcomments&post=523"}],"version-history":[{"count":3,"href":"https:\/\/www.skelpie.eu\/index.php?rest_route=\/wp\/v2\/pages\/523\/revisions"}],"predecessor-version":[{"id":526,"href":"https:\/\/www.skelpie.eu\/index.php?rest_route=\/wp\/v2\/pages\/523\/revisions\/526"}],"wp:attachment":[{"href":"https:\/\/www.skelpie.eu\/index.php?rest_route=%2Fwp%2Fv2%2Fmedia&parent=523"}],"curies":[{"name":"wp","href":"https:\/\/api.w.org\/{rel}","templated":true}]}}