{"id":527,"date":"2015-02-19T20:41:18","date_gmt":"2015-02-19T20:41:18","guid":{"rendered":"http:\/\/www.skelpie.eu\/?page_id=527"},"modified":"2015-02-19T20:41:56","modified_gmt":"2015-02-19T20:41:56","slug":"waga-dibal-spc","status":"publish","type":"page","link":"https:\/\/www.skelpie.eu\/?page_id=527","title":{"rendered":"Waga Dibal SPC"},"content":{"rendered":"<p><img loading=\"lazy\" class=\"aligncenter\" src=\"http:\/\/www.elzab.com.pl\/files\/spc-m.jpg\" alt=\"DIBAL SPC\" width=\"153\" height=\"250\" border=\"0\" \/><img loading=\"lazy\" class=\"aligncenter\" src=\"http:\/\/www.elzab.com.pl\/files\/waga_dibal_spc-t_m.jpg\" alt=\"DIBAL SPC-T\" width=\"153\" height=\"250\" border=\"0\" \/><\/p>\n<h3 style=\"text-align: justify;\"><b>Charakterystyka og\u00f3lna<\/b><br \/>\nWaga SPC jest elektroniczn\u0105 wag\u0105 kalkulacyjn\u0105 w kompaktowej, funkcjonalnej obudowie. Posiada 2 pod\u015bwietlane wy\u015bwietlacze LCD, wy\u015bwietlacz klienta w zale\u017cno\u015bci od wersji jest umieszczony w korpusie wagi lub na wysi\u0119gniku.<br \/>\nWaga jest standardowo wyposa\u017cona w akumulator zapewniaj\u0105cy jej poprawn\u0105 prac\u0119 w sytuacji czasowego braku zasilania sieciowego nawet do 100 godzin.<\/h3>\n<h3 style=\"text-align: justify;\"><\/h3>\n<p style=\"text-align: justify;\"><b>Przeznaczenie i zastosowanie<\/b><br \/>\nWaga SPC znajduje szerokie zastosowanie w ma\u0142ych plac\u00f3wkach handlowych. \u015awietnie sprawdza si\u0119 w handlu bazarowym.<\/p>\n<p style=\"text-align: justify;\"><b>Cechy i zalety u\u017cytkowe<\/b><\/p>\n<ul style=\"text-align: justify;\">\n<li>stabilny i odporny na drgania oraz przeci\u0105\u017cenia uk\u0142ad pomiarowy,<\/li>\n<li>du\u017ce, pod\u015bwietlane wy\u015bwietlacze LCD,<\/li>\n<li>tarowanie w ca\u0142ym zakresie wa\u017cenia,<\/li>\n<li>\u0142atwo\u015b\u0107 utrzymania w czysto\u015bci,<\/li>\n<li>wbudowany akumulator zapewniaj\u0105cy do 100 godzin pracy bez zasilania sieciowego,<\/li>\n<li>mo\u017cliwo\u015b\u0107 pracy w temperaturach ujemnych do -10\u00b0 C,<\/li>\n<li>niewielkie rozmiary.<\/li>\n<\/ul>\n<table border=\"0\" width=\"95%\" cellspacing=\"0\" cellpadding=\"0\">\n<tbody>\n<tr>\n<td><b>Model:<\/b><\/td>\n<td><b>SPC<\/b><\/td>\n<\/tr>\n<tr>\n<td><b>Rodzaj obudowy:<\/b><\/td>\n<td>p\u0142aska lub z wysi\u0119gnikiem<\/td>\n<\/tr>\n<tr>\n<td><b>Zakres wa\u017cenia:<\/b><\/td>\n<td>6\/15 kg, 15\/30 kg<\/td>\n<\/tr>\n<tr>\n<td valign=\"top\"><b>Warto\u015b\u0107 dzia\u0142ki elementarnej<br \/>\ni legalizacyjnej:<\/b><\/td>\n<td valign=\"top\">Odpowiednio 2\/5 g, 5\/10 g<\/td>\n<\/tr>\n<tr>\n<td><b>Klasa dok\u0142adno\u015bci:<\/b><\/td>\n<td>III<\/td>\n<\/tr>\n<tr>\n<td><b>Graniczna tara:<\/b><\/td>\n<td>-14,995 kg<\/td>\n<\/tr>\n<tr>\n<td><b>Ilo\u015b\u0107 PLU:<\/b><\/td>\n<td>10<\/td>\n<\/tr>\n<tr>\n<td><b>Wy\u015bwietlacz:<\/b><\/td>\n<td>2 x LCD, pod\u015bwietlany<\/td>\n<\/tr>\n<tr>\n<td valign=\"top\"><b>Klawiatura:<\/b><\/td>\n<td>20 klawiszy, klawiatura membranowa, wodoszczelna<\/td>\n<\/tr>\n<tr>\n<td valign=\"top\"><b>Zasilanie:<\/b><\/td>\n<td>zasilacz sieciowy DC 9V 800 mA, wbudowany akumulator 6 V<\/td>\n<\/tr>\n<tr>\n<td><b>Wymiary wagi:<\/b><br \/>\n(wysoko\u015b\u0107\/g\u0142\u0119boko\u015b\u0107\/szeroko\u015b\u0107)<\/td>\n<td valign=\"top\">(100\/330\/315) mm<\/td>\n<\/tr>\n<tr>\n<td><b>Wymiary szalki: <\/b><br \/>\n(g\u0142\u0119boko\u015b\u0107\/szeroko\u015b\u0107)<\/td>\n<td valign=\"top\">(230\/300) mm<\/td>\n<\/tr>\n<tr>\n<td><b>Zakres temperatur pracy:<\/b><\/td>\n<td>-10\u00b0 C &#8230; +40\u00b0 C<\/td>\n<\/tr>\n<tr>\n<td valign=\"top\"><b>Interfejs komunikacyjny:<\/b><\/td>\n<td>brak<\/td>\n<\/tr>\n<tr>\n<td><b>Masa:<\/b><\/td>\n<td>4,5 kg<\/td>\n<\/tr>\n<tr>\n<td><b>Gwarancja:<\/b><\/td>\n<td>24 miesi\u0105ce<\/td>\n<\/tr>\n<\/tbody>\n<\/table>\n","protected":false},"excerpt":{"rendered":"<p>Charakterystyka og\u00f3lna Waga SPC jest elektroniczn\u0105 wag\u0105 kalkulacyjn\u0105 w kompaktowej, funkcjonalnej obudowie. Posiada 2 pod\u015bwietlane wy\u015bwietlacze LCD, wy\u015bwietlacz klienta w zale\u017cno\u015bci od wersji jest umieszczony w korpusie wagi lub na wysi\u0119gniku. Waga jest standardowo wyposa\u017cona w akumulator zapewniaj\u0105cy jej poprawn\u0105 prac\u0119 w sytuacji czasowego braku zasilania sieciowego nawet do 100 godzin. Przeznaczenie i zastosowanie Waga &hellip; <a href=\"https:\/\/www.skelpie.eu\/?page_id=527\" class=\"more-link\">Czytaj dalej <span class=\"screen-reader-text\">Waga Dibal SPC<\/span> <span class=\"meta-nav\">&rarr;<\/span><\/a><\/p>\n","protected":false},"author":1,"featured_media":0,"parent":0,"menu_order":0,"comment_status":"closed","ping_status":"closed","template":"","meta":[],"_links":{"self":[{"href":"https:\/\/www.skelpie.eu\/index.php?rest_route=\/wp\/v2\/pages\/527"}],"collection":[{"href":"https:\/\/www.skelpie.eu\/index.php?rest_route=\/wp\/v2\/pages"}],"about":[{"href":"https:\/\/www.skelpie.eu\/index.php?rest_route=\/wp\/v2\/types\/page"}],"author":[{"embeddable":true,"href":"https:\/\/www.skelpie.eu\/index.php?rest_route=\/wp\/v2\/users\/1"}],"replies":[{"embeddable":true,"href":"https:\/\/www.skelpie.eu\/index.php?rest_route=%2Fwp%2Fv2%2Fcomments&post=527"}],"version-history":[{"count":3,"href":"https:\/\/www.skelpie.eu\/index.php?rest_route=\/wp\/v2\/pages\/527\/revisions"}],"predecessor-version":[{"id":530,"href":"https:\/\/www.skelpie.eu\/index.php?rest_route=\/wp\/v2\/pages\/527\/revisions\/530"}],"wp:attachment":[{"href":"https:\/\/www.skelpie.eu\/index.php?rest_route=%2Fwp%2Fv2%2Fmedia&parent=527"}],"curies":[{"name":"wp","href":"https:\/\/api.w.org\/{rel}","templated":true}]}}