{"id":533,"date":"2015-02-19T20:45:47","date_gmt":"2015-02-19T20:45:47","guid":{"rendered":"http:\/\/www.skelpie.eu\/?page_id=533"},"modified":"2015-02-19T20:45:47","modified_gmt":"2015-02-19T20:45:47","slug":"waga-dibal-k355-xl","status":"publish","type":"page","link":"https:\/\/www.skelpie.eu\/?page_id=533","title":{"rendered":"Waga Dibal K355 XL"},"content":{"rendered":"<p><img loading=\"lazy\" class=\"aligncenter\" src=\"http:\/\/www.elzab.com.pl\/files\/k355sxl-s.jpg\" alt=\"DIBAL K355S XL RS422\" width=\"254\" height=\"300\" border=\"0\" \/> <img loading=\"lazy\" class=\"aligncenter\" src=\"http:\/\/www.elzab.com.pl\/files\/k355txl_s.jpg\" alt=\"DIBAL K355T XL RS422\" width=\"254\" height=\"300\" border=\"0\" \/><\/p>\n<p style=\"text-align: justify;\"><b>Charakterystyka og\u00f3lna<\/b><br \/>\nWaga DIBAL K355 XL jest dwuzakresow\u0105 elektroniczn\u0105 wag\u0105 kalkulacyjn\u0105 z drukark\u0105. Mo\u017ce drukowa\u0107 etykiety lub paragony.<br \/>\nCechuj\u0105 j\u0105 niedu\u017ce wymiary, kompaktowa i funkcjonalna obudowa. Posiada 2 czytelne, pod\u015bwietlane wy\u015bwietlacze LCD umieszczone w korpusie wagi lub na wysi\u0119gniku wagi. Konstrukcja wagi zapewnia doskona\u0142y dost\u0119p do drukarki.<br \/>\nWaga DIBAL K355 XL jest gotowa do pracy w systemie dwuwalutowym, posiada funkcj\u0119 przeliczania nale\u017cno\u015bci na Euro.<\/p>\n<p><b>Przeznaczenie i zastosowanie<\/b><br \/>\nWaga DIBAL K355 XL znajduje zastosowanie w ma\u0142ych i \u015brednich plac\u00f3wkach handlowych oraz w niewielkich zak\u0142adach przetw\u00f3rstwa \u017cywno\u015bci.<br \/>\nJest stosowana tam, gdzie zachodzi potrzeba dok\u0142adnego pomiaru masy (pracuje w dw\u00f3ch zakresach wa\u017cenia), wyliczenia nale\u017cno\u015bci za mas\u0119 zwa\u017conego towaru oraz wydrukowania etykiety ze wszystkimi niezb\u0119dnymi informacjami (np. mas\u0105, cen\u0105, dat\u0105 produkcji, dat\u0105 przydatno\u015bci do spo\u017cycia, kodem kreskowym, oznaczeniami kontroli weterynaryjnej, sk\u0142adem surowcowym itp.).<\/p>\n<p><b>Wsp\u00f3\u0142praca z urz\u0105dzeniami zewn\u0119trznymi<\/b><br \/>\nWaga DIBAL K355 XL posiada standardowe interfejsy komunikacyjne RS232 oraz RS422. Mo\u017ce wsp\u00f3\u0142pracowa\u0107 ze wszystkimi praktycznie systemami informatycznymi do zarz\u0105dzania plac\u00f3wk\u0105 handlow\u0105.<\/p>\n<p style=\"text-align: justify;\">\n<b>Cechy i zalety u\u017cytkowe<\/b><\/p>\n<ul>\n<li style=\"text-align: justify;\">stabilny i odporny na drgania oraz przeci\u0105\u017cenia uk\u0142ad pomiarowy,<\/li>\n<li style=\"text-align: justify;\">doskona\u0142a konstrukcja drukarki \u2013 niezawodno\u015b\u0107, \u0142atwa konserwacja i zak\u0142adanie papieru,<\/li>\n<li style=\"text-align: justify;\">wiele mo\u017cliwych tryb\u00f3w pracy \u2013 podstawowy, samoobs\u0142ugowy, automatyczne wa\u017cenie, praca z etykietami, paragonami, papierem ci\u0105g\u0142ym i samoprzylepnym itp.,<\/li>\n<li style=\"text-align: justify;\">5 dowolnie programowanych wzor\u00f3w etykiet,<\/li>\n<li style=\"text-align: justify;\">mo\u017cliwo\u015b\u0107 drukowania na etykietach o r\u00f3\u017cnych rozmiarach \u2013 od najmniejszych 2 x 2 cm do najwi\u0119kszych 6 x 7 cm,<\/li>\n<li style=\"text-align: justify;\">wydruk na etykietach i paragonach kod\u00f3w kreskowych zgodnych ze standardem EAN 13,<\/li>\n<li style=\"text-align: justify;\">pod\u015bwietlane, przyjazne dla klienta i obs\u0142ugi wy\u015bwietlacze LCD z linijk\u0105 dla wy\u015bwietlania tekstu,<\/li>\n<li style=\"text-align: justify;\">mo\u017cliwo\u015b\u0107 zaprogramowania 2000 kod\u00f3w towar\u00f3w (standard &#8211; 3 linie na sk\u0142adniki); na zam\u00f3wienie dost\u0119pne s\u0105 wersje: 400 PLU + dodatkowe dwie linie na sk\u0142adniki, 1500 PLU + logo, 4500 PLU bez linii na sk\u0142adniki i bez loga,<\/li>\n<li style=\"text-align: justify;\">przystosowanie do wszystkich faz wprowadzenia EURO,<\/li>\n<li style=\"text-align: justify;\">mo\u017cliwo\u015b\u0107 programowania wag z komputera w dowolnej chwili bez konieczno\u015bci ich blokowania,<\/li>\n<li style=\"text-align: justify;\">bezp\u0142atny program RMS pod Windows do programowania wag z mo\u017cliwo\u015bci\u0105 graficznego programowania formatu etykiet oraz program LBS do wykonywania kopii bezpiecze\u0144stwa,<\/li>\n<li style=\"text-align: justify;\">wsp\u00f3\u0142praca z programami sprzeda\u017cy, takimi jak: KC Firma, Subiekt, Small Business, WF-MAG, Sklep, PC-Market, Magnat i innymi,<\/li>\n<li style=\"text-align: justify;\">nowoczesna obudowa.<\/li>\n<\/ul>\n<p>&nbsp;<\/p>\n<table border=\"0\" width=\"95%\" cellspacing=\"0\" cellpadding=\"0\">\n<tbody>\n<tr>\n<td><b>Model:<\/b><\/td>\n<td><b>K355 XL<\/b><\/td>\n<\/tr>\n<tr>\n<td><b>Rodzaj obudowy:<\/b><\/td>\n<td>p\u0142aska lub z wysi\u0119gnikiem<\/td>\n<\/tr>\n<tr>\n<td><b>Zakres wa\u017cenia:<\/b><\/td>\n<td>6\/15 kg<\/td>\n<\/tr>\n<tr>\n<td valign=\"top\"><b>Warto\u015b\u0107\u00a0dzia\u0142ki\u00a0elementarnej<br \/>\ni legalizacyjnej:<\/b><\/td>\n<td valign=\"top\">2\/5 g<\/td>\n<\/tr>\n<tr>\n<td><b>Klasa dok\u0142adno\u015bci:<\/b><\/td>\n<td>III<\/td>\n<\/tr>\n<tr>\n<td><b>Ilo\u015b\u0107 sprzedawc\u00f3w:<\/b><\/td>\n<td>5<\/td>\n<\/tr>\n<tr>\n<td valign=\"top\"><b>Pojemno\u015b\u0107 pami\u0119ci towar\u00f3w:<\/b><\/td>\n<td>2000 PLU (standard &#8211; 3 linie na sk\u0142adniki); na zam\u00f3wienie dost\u0119pne s\u0105 wersje: 400 PLU + dodatkowe dwie linie na sk\u0142adniki, 1500 PLU + logo, 4500 PLU bez linii na sk\u0142adniki i bez loga<\/td>\n<\/tr>\n<tr>\n<td><b>Tara:<\/b><\/td>\n<td>-14,995 kg<\/td>\n<\/tr>\n<tr>\n<td><b>Wy\u015bwietlacz:<\/b><\/td>\n<td>2 x LCD pod\u015bwietlany alfanumeryczny z linijk\u0105 tekstu<\/td>\n<\/tr>\n<tr>\n<td valign=\"top\"><b>Klawiatura:<\/b><\/td>\n<td>60 klawiszy, w tym 32 klawisze bezpo\u015bredniego dost\u0119pu do PLU<\/td>\n<\/tr>\n<tr>\n<td><b>Ilo\u015b\u0107 dost\u0119pnych etykiet:<\/b><\/td>\n<td>5<\/td>\n<\/tr>\n<tr>\n<td valign=\"top\"><b>Standardy kod\u00f3w kreskowych: <\/b><\/td>\n<td valign=\"top\">EAN 13<\/td>\n<\/tr>\n<tr>\n<td valign=\"top\"><b>Drukarka:<\/b><\/td>\n<td>termiczna, etykietuj\u0105ca, maks. szeroko\u015b\u0107 papieru: 60 mm, automatyczne odklejanie etykiet, rozdzielczo\u015b\u0107 g\u0142owicy: 8 pkt\/mm, rozmiary etykiet od 20&#215;20 mm do 60&#215;70 mm<\/td>\n<\/tr>\n<tr>\n<td valign=\"top\"><b>Zasilanie:<\/b><\/td>\n<td>sieciowe: ~230V, 50Hz<\/td>\n<\/tr>\n<tr>\n<td valign=\"top\"><b>Pob\u00f3r mocy:<\/b><\/td>\n<td>60 W<\/td>\n<\/tr>\n<tr>\n<td valign=\"top\"><b>Wsp\u00f3\u0142praca z sys. informat.:<\/b><\/td>\n<td>wszystkie popularne systemy informatyczne<\/td>\n<\/tr>\n<tr>\n<td><b>Wymiary wagi:<\/b><br \/>\n(wysoko\u015b\u0107\/g\u0142\u0119boko\u015b\u0107\/szeroko\u015b\u0107)<\/td>\n<td valign=\"top\">(160\/430\/360) mm<\/td>\n<\/tr>\n<tr>\n<td><b>Zakres temperatur pracy:<\/b><\/td>\n<td>-10\u00b0 C &#8230; +40\u00b0 C<\/td>\n<\/tr>\n<tr>\n<td valign=\"top\"><b>Interfejs komunikacyjny:<\/b><\/td>\n<td>RS232C, RS422<\/td>\n<\/tr>\n<tr>\n<td><b>Masa:<\/b><\/td>\n<td>8,5 kg<\/td>\n<\/tr>\n<tr>\n<td><b>Gwarancja:<\/b><\/td>\n<td>24 miesi\u0105ce<\/td>\n<\/tr>\n<\/tbody>\n<\/table>\n","protected":false},"excerpt":{"rendered":"<p>Charakterystyka og\u00f3lna Waga DIBAL K355 XL jest dwuzakresow\u0105 elektroniczn\u0105 wag\u0105 kalkulacyjn\u0105 z drukark\u0105. Mo\u017ce drukowa\u0107 etykiety lub paragony. Cechuj\u0105 j\u0105 niedu\u017ce wymiary, kompaktowa i funkcjonalna obudowa. Posiada 2 czytelne, pod\u015bwietlane wy\u015bwietlacze LCD umieszczone w korpusie wagi lub na wysi\u0119gniku wagi. Konstrukcja wagi zapewnia doskona\u0142y dost\u0119p do drukarki. Waga DIBAL K355 XL jest gotowa do pracy &hellip; <a href=\"https:\/\/www.skelpie.eu\/?page_id=533\" class=\"more-link\">Czytaj dalej <span class=\"screen-reader-text\">Waga Dibal K355 XL<\/span> <span class=\"meta-nav\">&rarr;<\/span><\/a><\/p>\n","protected":false},"author":1,"featured_media":0,"parent":0,"menu_order":0,"comment_status":"closed","ping_status":"closed","template":"","meta":[],"_links":{"self":[{"href":"https:\/\/www.skelpie.eu\/index.php?rest_route=\/wp\/v2\/pages\/533"}],"collection":[{"href":"https:\/\/www.skelpie.eu\/index.php?rest_route=\/wp\/v2\/pages"}],"about":[{"href":"https:\/\/www.skelpie.eu\/index.php?rest_route=\/wp\/v2\/types\/page"}],"author":[{"embeddable":true,"href":"https:\/\/www.skelpie.eu\/index.php?rest_route=\/wp\/v2\/users\/1"}],"replies":[{"embeddable":true,"href":"https:\/\/www.skelpie.eu\/index.php?rest_route=%2Fwp%2Fv2%2Fcomments&post=533"}],"version-history":[{"count":1,"href":"https:\/\/www.skelpie.eu\/index.php?rest_route=\/wp\/v2\/pages\/533\/revisions"}],"predecessor-version":[{"id":534,"href":"https:\/\/www.skelpie.eu\/index.php?rest_route=\/wp\/v2\/pages\/533\/revisions\/534"}],"wp:attachment":[{"href":"https:\/\/www.skelpie.eu\/index.php?rest_route=%2Fwp%2Fv2%2Fmedia&parent=533"}],"curies":[{"name":"wp","href":"https:\/\/api.w.org\/{rel}","templated":true}]}}