{"id":552,"date":"2015-02-19T20:56:15","date_gmt":"2015-02-19T20:56:15","guid":{"rendered":"http:\/\/www.skelpie.eu\/?page_id=552"},"modified":"2015-02-19T20:56:15","modified_gmt":"2015-02-19T20:56:15","slug":"waga-dibal-m-525-ss","status":"publish","type":"page","link":"https:\/\/www.skelpie.eu\/?page_id=552","title":{"rendered":"Waga Dibal M-525 SS"},"content":{"rendered":"<p><img loading=\"lazy\" class=\"alignnone aligncenter\" src=\"http:\/\/www.elzab.com.pl\/files\/dibal_m525ss_m.jpg\" alt=\"Waga DIBAL M-525 SS\" width=\"188\" height=\"300\" border=\"0\" \/><\/p>\n<p style=\"text-align: justify;\">\n<p style=\"text-align: justify;\"><b>Charakterystyka og\u00f3lna<\/b><br \/>\nWaga DIBAL M-525 SS jest dwuzakresow\u0105, elektroniczn\u0105 wag\u0105 etykietuj\u0105c\u0105 umo\u017cliwiaj\u0105c\u0105 komunikacj\u0119 z kas\u0105 fiskaln\u0105, komputerem lub systemem POS. Nowoczesne wzornictwo, atrakcyjny wygl\u0105d, zadziwiaj\u0105ca funkcjonalno\u015b\u0107 oraz prostota programowania i obs\u0142ugi to g\u0142\u00f3wne atuty tego urz\u0105dzenia. Dedykowana jest do \u015brednich i du\u017cych plac\u00f3wek handlowych, w kt\u00f3rych wagi pracuj\u0105 w rozbudowanych sieciach.<\/p>\n<p><b>Przeznaczenie i zastosowanie<\/b><br \/>\nWaga DIBAL M-5025 SS znajduje szerokie zastosowanie w \u015brednich a szczeg\u00f3lnie du\u017cych plac\u00f3wkach handlowych jako waga samoobs\u0142ugowa.<\/p>\n<p style=\"text-align: justify;\">\n<b>Wsp\u00f3\u0142praca z urz\u0105dzeniami zewn\u0119trznymi<\/b><br \/>\nWaga DIBAL M-525 SS posiada wysokowydajne po\u0142\u0105czenie Ethernetowe. Mo\u017ce wsp\u00f3\u0142pracowa\u0107 z praktycznie wszystkimi systemami informatycznymi do zarz\u0105dzania plac\u00f3wk\u0105 handlow\u0105.<\/p>\n<p style=\"text-align: justify;\">\n<b>Cechy i zalety u\u017cytkowe<\/b><\/p>\n<ul style=\"text-align: justify;\">\n<li>mo\u017cliwo\u015b\u0107 \u0142\u0105czenia wag w sie\u0107 Master-Slave, komunikacja TCP\/IP, opcjonalnie WiFi lub Home-plug,<\/li>\n<li>5000 PLU,<\/li>\n<li>pod\u015bwietlane, przyjazne dla klienta i obs\u0142ugi wy\u015bwietlacze graficzne LCD u\u0142atwiaj\u0105ce programowanie wagi \u201ez klawiatury\u201d oraz wybieranie wa\u017conych towar\u00f3w,<\/li>\n<li>przyjazna struktura menu,<\/li>\n<li>doskona\u0142a konstrukcja drukarki \u2013 niezawodno\u015b\u0107, \u0142atwa konserwacja i zak\u0142adanie papieru, kasetowy system \u0142adowania papieru,<\/li>\n<li>mo\u017cliwo\u015b\u0107 drukowania na r\u00f3\u017cnych rozmiarach etykiet \u2013 od najmniejszych 3 x 3 cm do najwi\u0119kszych 6 x 10 cm, co ze wzgl\u0119du na fakt, \u017ce cena etykiet jest proporcjonalna do ich powierzchni, pozwala uzyska\u0107 du\u017ce oszcz\u0119dno\u015bci na materia\u0142ach eksploatacyjnych,<\/li>\n<li>wiele mo\u017cliwych tryb\u00f3w pracy &#8211; podstawowy, samoobs\u0142ugowy, automatyczne wa\u017cenie, praca z etykietami, paragonami, papierem ci\u0105g\u0142ym i samoprzylepnym itp.,<\/li>\n<li>20 fabrycznych i 20 dowolnie programowalnych format\u00f3w etykiety,<\/li>\n<li>przystosowanie do wszystkich faz wprowadzenia EURO,<\/li>\n<li>mo\u017cliwo\u015b\u0107 programowania wag z komputera w dowolnej chwili niezale\u017cnie od czynno\u015bci wykonywanej na wadze,<\/li>\n<li>nowy, \u0142atwy w obs\u0142udze i bezp\u0142atny program DFS pod Windows do programowania wag,<\/li>\n<li>znany, bezp\u0142atny program RMS pod Windows do programowania wag z mo\u017cliwo\u015bci\u0105 graficznego programowania formatu etykiet,<\/li>\n<li>wsp\u00f3\u0142praca z programami sprzeda\u017cy, takimi jak: KC Firma, Subiekt, Small Business, WF-MAG, Sklep, PC-Market, Magnat i innymi.<\/li>\n<\/ul>\n<p style=\"text-align: justify;\">\n<table border=\"0\" width=\"95%\" cellspacing=\"0\" cellpadding=\"0\">\n<tbody>\n<tr>\n<td><b>Model:<\/b><\/td>\n<td><b>M-525 SS<\/b><\/td>\n<\/tr>\n<tr>\n<td><b>Rodzaj obudowy:<\/b><\/td>\n<td>du\u017ce klawisze na panelu (samoobs\u0142ugowa)<\/td>\n<\/tr>\n<tr>\n<td><b>Zakres wa\u017cenia &#8211; dok\u0142adno\u015b\u0107:<\/b><\/td>\n<td>6\/15 kg \u2013 2\/5 g<\/td>\n<\/tr>\n<tr>\n<td><b>Klasa dok\u0142adno\u015bci:<\/b><\/td>\n<td>III<\/td>\n<\/tr>\n<tr>\n<td><b>Ilo\u015b\u0107 PLU:<\/b><\/td>\n<td>5 000<\/td>\n<\/tr>\n<tr>\n<td><b>Wy\u015bwietlacz:<\/b><\/td>\n<td>2 x LCD graficzny, pod\u015bwietlany<\/td>\n<\/tr>\n<tr>\n<td valign=\"top\"><b>Klawiatura:<\/b><\/td>\n<td>membranowa, wodoodporna na mikroprze\u0142\u0105cznikach<br \/>\n100 du\u017cych klawiszy<\/td>\n<\/tr>\n<tr>\n<td valign=\"top\"><b>Zasilanie:<\/b><\/td>\n<td>sieciowe 230V, 50Hz<\/td>\n<\/tr>\n<tr>\n<td valign=\"top\"><b>Drukarka:<\/b><\/td>\n<td>100 mm \/ s, 203 dpi (punkt\u00f3w na cal)<\/td>\n<\/tr>\n<tr>\n<td><b>Wymiary wagi: <\/b><br \/>\n(wysoko\u015b\u0107\/g\u0142\u0119boko\u015b\u0107\/szeroko\u015b\u0107)<\/td>\n<td valign=\"top\">(680\/375\/375) mm<\/td>\n<\/tr>\n<tr>\n<td><b>Wymiary szalki:<\/b><br \/>\n(g\u0142\u0119boko\u015b\u0107\/szeroko\u015b\u0107)<\/td>\n<td valign=\"top\">(280\/360) mm<\/td>\n<\/tr>\n<tr>\n<td><b>Zakres temperatur pracy:<\/b><\/td>\n<td>-10\u00b0 C &#8230; +40\u00b0 C<\/td>\n<\/tr>\n<tr>\n<td valign=\"top\"><b>Interfejs komunikacyjny:<\/b><\/td>\n<td>Ethernet, RS232 (skaner)<\/td>\n<\/tr>\n<tr>\n<td><b>Funkcje:<\/b><\/td>\n<td>programowanie etykiet, etykieta zbiorcza, paczkowanie, programowanie z PC<\/td>\n<\/tr>\n<tr>\n<td><b>Materia\u0142y eksploatacyjne:<\/b><\/td>\n<td>papier termiczny, papier termiczny samoprzylepny, etykiety<\/td>\n<\/tr>\n<tr>\n<td><b>Gwarancja:<\/b><\/td>\n<td>24 miesi\u0105ce<\/td>\n<\/tr>\n<\/tbody>\n<\/table>\n","protected":false},"excerpt":{"rendered":"<p>Charakterystyka og\u00f3lna Waga DIBAL M-525 SS jest dwuzakresow\u0105, elektroniczn\u0105 wag\u0105 etykietuj\u0105c\u0105 umo\u017cliwiaj\u0105c\u0105 komunikacj\u0119 z kas\u0105 fiskaln\u0105, komputerem lub systemem POS. Nowoczesne wzornictwo, atrakcyjny wygl\u0105d, zadziwiaj\u0105ca funkcjonalno\u015b\u0107 oraz prostota programowania i obs\u0142ugi to g\u0142\u00f3wne atuty tego urz\u0105dzenia. Dedykowana jest do \u015brednich i du\u017cych plac\u00f3wek handlowych, w kt\u00f3rych wagi pracuj\u0105 w rozbudowanych sieciach. Przeznaczenie i zastosowanie Waga &hellip; <a href=\"https:\/\/www.skelpie.eu\/?page_id=552\" class=\"more-link\">Czytaj dalej <span class=\"screen-reader-text\">Waga Dibal M-525 SS<\/span> <span class=\"meta-nav\">&rarr;<\/span><\/a><\/p>\n","protected":false},"author":1,"featured_media":0,"parent":0,"menu_order":0,"comment_status":"closed","ping_status":"closed","template":"","meta":[],"_links":{"self":[{"href":"https:\/\/www.skelpie.eu\/index.php?rest_route=\/wp\/v2\/pages\/552"}],"collection":[{"href":"https:\/\/www.skelpie.eu\/index.php?rest_route=\/wp\/v2\/pages"}],"about":[{"href":"https:\/\/www.skelpie.eu\/index.php?rest_route=\/wp\/v2\/types\/page"}],"author":[{"embeddable":true,"href":"https:\/\/www.skelpie.eu\/index.php?rest_route=\/wp\/v2\/users\/1"}],"replies":[{"embeddable":true,"href":"https:\/\/www.skelpie.eu\/index.php?rest_route=%2Fwp%2Fv2%2Fcomments&post=552"}],"version-history":[{"count":1,"href":"https:\/\/www.skelpie.eu\/index.php?rest_route=\/wp\/v2\/pages\/552\/revisions"}],"predecessor-version":[{"id":553,"href":"https:\/\/www.skelpie.eu\/index.php?rest_route=\/wp\/v2\/pages\/552\/revisions\/553"}],"wp:attachment":[{"href":"https:\/\/www.skelpie.eu\/index.php?rest_route=%2Fwp%2Fv2%2Fmedia&parent=552"}],"curies":[{"name":"wp","href":"https:\/\/api.w.org\/{rel}","templated":true}]}}