{"id":558,"date":"2015-02-19T20:59:29","date_gmt":"2015-02-19T20:59:29","guid":{"rendered":"http:\/\/www.skelpie.eu\/?page_id=558"},"modified":"2015-02-19T20:59:29","modified_gmt":"2015-02-19T20:59:29","slug":"waga-epelsea-proxima-10","status":"publish","type":"page","link":"https:\/\/www.skelpie.eu\/?page_id=558","title":{"rendered":"Waga Epelsea Proxima 10"},"content":{"rendered":"<p><img loading=\"lazy\" class=\"alignnone aligncenter\" src=\"http:\/\/www.elzab.com.pl\/files\/proxima10m.jpg\" alt=\"Kliknij, aby powi\u0119kszy\u0107\" width=\"260\" height=\"207\" align=\"middle\" border=\"0\" \/><\/p>\n<p style=\"text-align: justify;\"><b>Charakterystyka og\u00f3lna<\/b><br \/>\nWaga Proxima 10 jest elektroniczn\u0105 wag\u0105 systemow\u0105. Posiada interfejs Ethernet oraz szybk\u0105 i multiformatow\u0105 drukark\u0119. Drukowane etykiety mog\u0105 zawiera\u0107 wszystkie niezb\u0119dne informacje (np. masa, cena, data produkcji, data przydatno\u015bci do spo\u017cycia, kod kreskowy, oznaczenia kontroli weterynaryjnej, sk\u0142ad surowcowy, oznaczenie partii produkcyjnej itp.).<br \/>\nWaga Proxima 10 ma kompaktow\u0105 i funkcjonaln\u0105 obudow\u0119. Jej 2 wy\u015bwietlacze graficzne, klawiatura i mechanizm drukarki umieszczone s\u0105 w korpusie wagi.<br \/>\nMo\u017ce by\u0107 opcjonalnie wyposa\u017cona w dodatkow\u0105 szalk\u0119 foremkow\u0105 ze stali nierdzewnej przeznaczon\u0105 do wa\u017cenia produkt\u00f3w &#8222;luzem&#8221; (np. sypkich, drobnych itp.) jak i wilgotnych czy mokrych.<\/p>\n<p><b>Przeznaczenie i zastosowanie<\/b><br \/>\nWaga Proxima 10 znajduje zastosowanie w plac\u00f3wkach handlowych r\u00f3\u017cnej wielko\u015bci, g\u0142\u00f3wnie w \u015brednich i du\u017cych obiektach. Waga ma tak\u017ce zastosowanie w magazynach i hurtowniach oraz zak\u0142adach produkcyjnych i przetw\u00f3rstwa \u017cywno\u015bciowego r\u00f3\u017cnych bran\u017c.<br \/>\nWaga Proxima 10 najcz\u0119\u015bciej znajduje zastosowanie na stoiskach mi\u0119snych i w\u0119dliniarskich oraz nabia\u0142owych. Jest tak\u017ce wykorzystywana do etykietowania paczkowanych towar\u00f3w na liniach produkcyjnych zak\u0142ad\u00f3w przemys\u0142owych.<\/p>\n<p><b>Wsp\u00f3\u0142praca z urz\u0105dzeniami zewn\u0119trznymi<\/b><br \/>\nWaga Proxima 10, posiadaj\u0105c standardowe interfejsy komunikacyjne Ethernet oraz RS232C, jest typow\u0105 wag\u0105 systemow\u0105, kt\u00f3ra mo\u017ce wsp\u00f3\u0142pracowa\u0107 ze wszystkimi praktycznie systemami informatycznymi do zarz\u0105dzania plac\u00f3wk\u0105 handlow\u0105. Ponadto posiada interfejs umo\u017cliwiaj\u0105cy pod\u0142\u0105czenie i sterowanie szuflad\u0105 kasow\u0105.<\/p>\n<p><b>Cechy i zalety u\u017cytkowe<\/b><\/p>\n<ul>\n<li style=\"text-align: justify;\">wydruk na etykietach kod\u00f3w kreskowych zgodnych ze standardami EAN13, EAN128 i CODE128,<\/li>\n<li style=\"text-align: justify;\">wykonanie z najwy\u017cszej jako\u015bci materia\u0142\u00f3w,<\/li>\n<li style=\"text-align: justify;\">stabilny i odporny na drgania oraz przeci\u0105\u017cenia uk\u0142ad pomiarowy,<\/li>\n<li style=\"text-align: justify;\">szalka standardowa i opcjonalna ze stali nierdzewnej, spe\u0142niaj\u0105cej wymogi sanitarne i kryteria dopuszczenia do kontaktu z \u017cywno\u015bci\u0105,<\/li>\n<li style=\"text-align: justify;\">zmienne formaty i programowanie wielu uk\u0142ad\u00f3w etykiety, tzw. etykieta zbiorcza oraz drukowanie raport\u00f3w i statystyki sprzeda\u017cy,<\/li>\n<li style=\"text-align: justify;\">\u0142atwy i funkcjonalny spos\u00f3b za\u0142adunku rolki etykiet,<\/li>\n<li style=\"text-align: justify;\">mo\u017cliwo\u015b\u0107 programowania wag w systemie &#8222;on-line&#8221; i ograniczenia dost\u0119pu do wagi has\u0142em,<\/li>\n<li style=\"text-align: justify;\">efektywna komunikacja dwukierunkowa waga-komputer lub waga-system informatyczny,<\/li>\n<li style=\"text-align: justify;\">czytelna i trwa\u0142a klawiatura,<\/li>\n<li style=\"text-align: justify;\">automatyczne zerowanie pustej szalki,<\/li>\n<li style=\"text-align: justify;\">wygodna, prosta i szybka obs\u0142uga,<\/li>\n<li style=\"text-align: justify;\">\u0142atwo\u015b\u0107 utrzymania w czysto\u015bci.<\/li>\n<\/ul>\n<p>&nbsp;<\/p>\n<table border=\"0\" width=\"95%\" cellspacing=\"0\" cellpadding=\"0\">\n<tbody>\n<tr>\n<td><b>Rodzaj obudowy:<\/b><\/td>\n<td>kompaktowa, p\u0142aska<\/td>\n<\/tr>\n<tr>\n<td><b>Zakres wa\u017cenia:<\/b><\/td>\n<td>6\/15 kg<\/td>\n<\/tr>\n<tr>\n<td valign=\"top\"><b>Warto\u015b\u0107 dzia\u0142ki elementarnej<br \/>\ni legalizacyjnej:<\/b><\/td>\n<td valign=\"top\">2\/5 g<\/td>\n<\/tr>\n<tr>\n<td><b>Klasa dok\u0142adno\u015bci:<\/b><\/td>\n<td>III<\/td>\n<\/tr>\n<tr>\n<td><b>Ilo\u015b\u0107 sprzedawc\u00f3w:<\/b><\/td>\n<td>14<\/td>\n<\/tr>\n<tr>\n<td><b>Pojemno\u015b\u0107 pami\u0119ci towar\u00f3w:<\/b><\/td>\n<td>26400 PLU (ograniczone raporty) lub 16000 PLU (pe\u0142ne raporty)<\/td>\n<\/tr>\n<tr>\n<td><b>Tara:<\/b><\/td>\n<td>-3 kg<\/td>\n<\/tr>\n<tr>\n<td><b>Wy\u015bwietlacz:<\/b><\/td>\n<td>2 x graficzny<\/td>\n<\/tr>\n<tr>\n<td valign=\"top\"><b>Klawiatura:<\/b><\/td>\n<td>98 klawiszy, w tym 10 tablic po 49 klawiszy bezpo\u015bredniego dost\u0119pu do PLU<\/td>\n<\/tr>\n<tr>\n<td><b>Ilo\u015b\u0107 dost\u0119pnych etykiet:<\/b><\/td>\n<td>80 format\u00f3w etykiet &#8211; w tym etykiety zbiorcze<\/td>\n<\/tr>\n<tr>\n<td><b>Standardy kod\u00f3w kreskowych:<\/b><\/td>\n<td>EAN 13, EAN 128, CODE 128<\/td>\n<\/tr>\n<tr>\n<td valign=\"top\"><b>Drukarka:<\/b><\/td>\n<td>termiczna, etykietuj\u0105ca, multi-formatowa, maks. szeroko\u015b\u0107 papieru: 60 mm, automatyczne odklejanie etykiet, pr\u0119dko\u015b\u0107 druku: 140 mm\/s, rozdzielczo\u015b\u0107 g\u0142owicy: 8 pkt\/mm<\/td>\n<\/tr>\n<tr>\n<td valign=\"top\"><b>Zasilanie:<\/b><\/td>\n<td>sieciowe: ~220\/230V, 50\/60Hz<\/td>\n<\/tr>\n<tr>\n<td><b>Pob\u00f3r mocy:<\/b><\/td>\n<td>w zakresie: (40 &#8211; 60)W<\/td>\n<\/tr>\n<tr>\n<td valign=\"top\"><b>Wsp\u00f3\u0142praca z sys. informat. i urz. zewn\u0119trz.:<\/b><\/td>\n<td valign=\"top\">wszystkie systemy informatyczne i urz\u0105dzenia peryferyjne; \u0142\u0105czenie wag w sie\u0107<\/td>\n<\/tr>\n<tr>\n<td><b>Wymiary:<\/b><br \/>\n(wysoko\u015b\u0107\/g\u0142\u0119boko\u015b\u0107\/szeroko\u015b\u0107)<\/td>\n<td valign=\"top\">(200\/480\/400)mm<\/td>\n<\/tr>\n<tr>\n<td><b>Zakres temperatur pracy:<\/b><\/td>\n<td>-10\u00b0 C &#8230; +40\u00b0 C<\/td>\n<\/tr>\n<tr>\n<td valign=\"top\"><b>Interfejs komunikacyjny:<\/b><\/td>\n<td>RS232C, Ethernet, sterowanie szuflad\u0105 kasow\u0105<\/td>\n<\/tr>\n<tr>\n<td><b>Gwarancja:<\/b><\/td>\n<td>12 miesi\u0119cy<\/td>\n<\/tr>\n<\/tbody>\n<\/table>\n","protected":false},"excerpt":{"rendered":"<p>Charakterystyka og\u00f3lna Waga Proxima 10 jest elektroniczn\u0105 wag\u0105 systemow\u0105. Posiada interfejs Ethernet oraz szybk\u0105 i multiformatow\u0105 drukark\u0119. Drukowane etykiety mog\u0105 zawiera\u0107 wszystkie niezb\u0119dne informacje (np. masa, cena, data produkcji, data przydatno\u015bci do spo\u017cycia, kod kreskowy, oznaczenia kontroli weterynaryjnej, sk\u0142ad surowcowy, oznaczenie partii produkcyjnej itp.). Waga Proxima 10 ma kompaktow\u0105 i funkcjonaln\u0105 obudow\u0119. Jej 2 wy\u015bwietlacze &hellip; <a href=\"https:\/\/www.skelpie.eu\/?page_id=558\" class=\"more-link\">Czytaj dalej <span class=\"screen-reader-text\">Waga Epelsea Proxima 10<\/span> <span class=\"meta-nav\">&rarr;<\/span><\/a><\/p>\n","protected":false},"author":1,"featured_media":0,"parent":0,"menu_order":0,"comment_status":"closed","ping_status":"closed","template":"","meta":[],"_links":{"self":[{"href":"https:\/\/www.skelpie.eu\/index.php?rest_route=\/wp\/v2\/pages\/558"}],"collection":[{"href":"https:\/\/www.skelpie.eu\/index.php?rest_route=\/wp\/v2\/pages"}],"about":[{"href":"https:\/\/www.skelpie.eu\/index.php?rest_route=\/wp\/v2\/types\/page"}],"author":[{"embeddable":true,"href":"https:\/\/www.skelpie.eu\/index.php?rest_route=\/wp\/v2\/users\/1"}],"replies":[{"embeddable":true,"href":"https:\/\/www.skelpie.eu\/index.php?rest_route=%2Fwp%2Fv2%2Fcomments&post=558"}],"version-history":[{"count":1,"href":"https:\/\/www.skelpie.eu\/index.php?rest_route=\/wp\/v2\/pages\/558\/revisions"}],"predecessor-version":[{"id":559,"href":"https:\/\/www.skelpie.eu\/index.php?rest_route=\/wp\/v2\/pages\/558\/revisions\/559"}],"wp:attachment":[{"href":"https:\/\/www.skelpie.eu\/index.php?rest_route=%2Fwp%2Fv2%2Fmedia&parent=558"}],"curies":[{"name":"wp","href":"https:\/\/api.w.org\/{rel}","templated":true}]}}