{"id":560,"date":"2015-02-19T21:00:40","date_gmt":"2015-02-19T21:00:40","guid":{"rendered":"http:\/\/www.skelpie.eu\/?page_id=560"},"modified":"2015-02-19T21:00:40","modified_gmt":"2015-02-19T21:00:40","slug":"waga-epelsea-proxima-40t","status":"publish","type":"page","link":"https:\/\/www.skelpie.eu\/?page_id=560","title":{"rendered":"Waga Epelsea Proxima 40T"},"content":{"rendered":"<p><img loading=\"lazy\" class=\"alignnone aligncenter\" src=\"http:\/\/www.elzab.com.pl\/files\/proxima40t_m.jpg\" alt=\"Kliknij, aby powi\u0119kszy\u0107\" width=\"200\" height=\"332\" align=\"middle\" border=\"0\" \/><\/p>\n<p style=\"text-align: justify;\"><b>Charakterystyka og\u00f3lna<\/b><br \/>\nWaga Proxima 40T jest samoobs\u0142ugow\u0105, elektroniczn\u0105 wag\u0105 systemow\u0105. Posiada interfejs Ethernet oraz szybk\u0105 i multiformatow\u0105 drukark\u0119. Drukowane etykiety mog\u0105 zawiera\u0107 wszystkie niezb\u0119dne informacje (np. masa, cena, data produkcji, data przydatno\u015bci do spo\u017cycia, kod kreskowy, oznaczenia kontroli weterynaryjnej, sk\u0142ad surowcowy, oznaczenie partii produkcyjnej itp.).<br \/>\nWaga Proxima 40T posiada 2 wy\u015bwietlacze i klawiatur\u0119 w postaci du\u017cego i czytelnego panelu umieszczone nad szalk\u0105, a mechanizm drukarki umieszczony w g\u0142\u00f3wnym korpusie wagi.<\/p>\n<p><b>Przeznaczenie i zastosowanie<\/b><br \/>\nWaga Proxima 40T znajduje zastosowanie w plac\u00f3wkach handlowych r\u00f3\u017cnej wielko\u015bci, g\u0142\u00f3wnie w \u015brednich i du\u017cych obiektach. Waga najcz\u0119\u015bciej jest u\u017cywana na samoobs\u0142ugowych stoiskach owocowo-warzywnych.<\/p>\n<p><b>Wsp\u00f3\u0142praca z urz\u0105dzeniami zewn\u0119trznymi<\/b><br \/>\nWaga Proxima 40T, posiadaj\u0105c standardowe interfejsy komunikacyjne Ethernet oraz RS232C, jest typow\u0105 wag\u0105 systemow\u0105, kt\u00f3ra mo\u017ce wsp\u00f3\u0142pracowa\u0107 ze wszystkimi praktycznie systemami informatycznymi do zarz\u0105dzania plac\u00f3wk\u0105 handlow\u0105.<\/p>\n<p><b>Cechy i zalety u\u017cytkowe<\/b><\/p>\n<ul style=\"text-align: justify;\">\n<li>wydruk na etykietach kod\u00f3w kreskowych zgodnych ze standardami EAN13, EAN128 i CODE128,<\/li>\n<li>wykonanie z najwy\u017cszej jako\u015bci materia\u0142\u00f3w,<\/li>\n<li>stabilny i odporny na drgania oraz przeci\u0105\u017cenia uk\u0142ad pomiarowy,<\/li>\n<li>szalka standardowa i opcjonalna ze stali nierdzewnej, spe\u0142niaj\u0105cej wymogi sanitarne i kryteria dopuszczenia do kontaktu z \u017cywno\u015bci\u0105,<\/li>\n<li>zmienne formaty i programowanie wielu uk\u0142ad\u00f3w etykiety, tzw. etykieta zbiorcza oraz drukowanie raport\u00f3w i statystyki sprzeda\u017cy,<\/li>\n<li>\u0142atwy i funkcjonalny spos\u00f3b za\u0142adunku rolki etykiet,<\/li>\n<li>mo\u017cliwo\u015b\u0107 programowania wag w systemie &#8222;on-line&#8221; i ograniczenia dost\u0119pu do wagi has\u0142em,<\/li>\n<li>efektywna komunikacja dwukierunkowa waga-komputer lub waga-system informatyczny,<\/li>\n<li>czytelna i trwa\u0142a klawiatura,<\/li>\n<li>automatyczne zerowanie pustej szalki,<\/li>\n<li>wygodna, prosta i szybka obs\u0142uga,<\/li>\n<li>\u0142atwo\u015b\u0107 utrzymania w czysto\u015bci.<\/li>\n<\/ul>\n<p style=\"text-align: justify;\">\n<table border=\"0\" width=\"95%\" cellspacing=\"0\" cellpadding=\"0\">\n<tbody>\n<tr>\n<td><b>Rodzaj obudowy:<\/b><\/td>\n<td>z wysi\u0119gnikiem w formie panelu<\/td>\n<\/tr>\n<tr>\n<td><b>Zakres wa\u017cenia:<\/b><\/td>\n<td>6\/15 kg<\/td>\n<\/tr>\n<tr>\n<td valign=\"top\"><b>Warto\u015b\u0107 dzia\u0142ki elementarnej<br \/>\ni legalizacyjnej:<\/b><\/td>\n<td valign=\"top\">2\/5 g<\/td>\n<\/tr>\n<tr>\n<td><b>Klasa dok\u0142adno\u015bci:<\/b><\/td>\n<td>III<\/td>\n<\/tr>\n<tr>\n<td><b>Ilo\u015b\u0107 sprzedawc\u00f3w:<\/b><\/td>\n<td>14<\/td>\n<\/tr>\n<tr>\n<td><b>Pojemno\u015b\u0107 pami\u0119ci towar\u00f3w:<\/b><\/td>\n<td>26400 PLU (ograniczone raporty) lub 16000 PLU (pe\u0142ne raporty)<\/td>\n<\/tr>\n<tr>\n<td><b>Tara:<\/b><\/td>\n<td>-3 kg<\/td>\n<\/tr>\n<tr>\n<td><b>Wy\u015bwietlacz:<\/b><\/td>\n<td>2 x graficzny<\/td>\n<\/tr>\n<tr>\n<td valign=\"top\"><b>Klawiatura:<\/b><\/td>\n<td>80 du\u017cych klawiszy bezpo\u015bredniego dost\u0119pu do PLU<\/td>\n<\/tr>\n<tr>\n<td><b>Ilo\u015b\u0107 dost\u0119pnych etykiet:<\/b><\/td>\n<td>80 format\u00f3w etykiet &#8211; w tym etykiety zbiorcze<\/td>\n<\/tr>\n<tr>\n<td><b>Standardy kod\u00f3w kreskowych:<\/b><\/td>\n<td>EAN 13, EAN 128, CODE 128<\/td>\n<\/tr>\n<tr>\n<td valign=\"top\"><b>Drukarka:<\/b><\/td>\n<td>termiczna, etykietuj\u0105ca, multi-formatowa, maks. szeroko\u015b\u0107 papieru: 60 mm, automatyczne odklejanie etykiet, pr\u0119dko\u015b\u0107 druku: 140 mm\/s, rozdzielczo\u015b\u0107 g\u0142owicy: 8 pkt\/mm<\/td>\n<\/tr>\n<tr>\n<td valign=\"top\"><b>Zasilanie:<\/b><\/td>\n<td>sieciowe: ~220\/230V, 50\/60Hz<\/td>\n<\/tr>\n<tr>\n<td><b>Pob\u00f3r mocy:<\/b><\/td>\n<td>w zakresie: (40 &#8211; 60)W<\/td>\n<\/tr>\n<tr>\n<td valign=\"top\"><b>Wsp\u00f3\u0142praca z sys. informat. i urz. zewn\u0119trz.:<\/b><\/td>\n<td valign=\"top\">wszystkie systemy informatyczne i urz\u0105dzenia peryferyjne; \u0142\u0105czenie wag w sie\u0107<\/td>\n<\/tr>\n<tr>\n<td><b>Wymiary: <\/b><br \/>\n(wysoko\u015b\u0107\/g\u0142\u0119boko\u015b\u0107\/szeroko\u015b\u0107)<\/td>\n<td valign=\"top\">z szalk\u0105 (800\/200\/400)mm<br \/>\nbez szalki (420\/200\/400)mm<\/td>\n<\/tr>\n<tr>\n<td><b>Zakres temperatur pracy:<\/b><\/td>\n<td>-10\u00b0 C &#8230; +40\u00b0 C<\/td>\n<\/tr>\n<tr>\n<td valign=\"top\"><b>Interfejs komunikacyjny:<\/b><\/td>\n<td>RS232C, Ethernet, sterowanie szuflad\u0105 kasow\u0105<\/td>\n<\/tr>\n<tr>\n<td><b>Gwarancja:<\/b><\/td>\n<td>12 miesi\u0119cy<\/td>\n<\/tr>\n<\/tbody>\n<\/table>\n","protected":false},"excerpt":{"rendered":"<p>Charakterystyka og\u00f3lna Waga Proxima 40T jest samoobs\u0142ugow\u0105, elektroniczn\u0105 wag\u0105 systemow\u0105. Posiada interfejs Ethernet oraz szybk\u0105 i multiformatow\u0105 drukark\u0119. Drukowane etykiety mog\u0105 zawiera\u0107 wszystkie niezb\u0119dne informacje (np. masa, cena, data produkcji, data przydatno\u015bci do spo\u017cycia, kod kreskowy, oznaczenia kontroli weterynaryjnej, sk\u0142ad surowcowy, oznaczenie partii produkcyjnej itp.). Waga Proxima 40T posiada 2 wy\u015bwietlacze i klawiatur\u0119 w postaci &hellip; <a href=\"https:\/\/www.skelpie.eu\/?page_id=560\" class=\"more-link\">Czytaj dalej <span class=\"screen-reader-text\">Waga Epelsea Proxima 40T<\/span> <span class=\"meta-nav\">&rarr;<\/span><\/a><\/p>\n","protected":false},"author":1,"featured_media":0,"parent":0,"menu_order":0,"comment_status":"closed","ping_status":"closed","template":"","meta":[],"_links":{"self":[{"href":"https:\/\/www.skelpie.eu\/index.php?rest_route=\/wp\/v2\/pages\/560"}],"collection":[{"href":"https:\/\/www.skelpie.eu\/index.php?rest_route=\/wp\/v2\/pages"}],"about":[{"href":"https:\/\/www.skelpie.eu\/index.php?rest_route=\/wp\/v2\/types\/page"}],"author":[{"embeddable":true,"href":"https:\/\/www.skelpie.eu\/index.php?rest_route=\/wp\/v2\/users\/1"}],"replies":[{"embeddable":true,"href":"https:\/\/www.skelpie.eu\/index.php?rest_route=%2Fwp%2Fv2%2Fcomments&post=560"}],"version-history":[{"count":1,"href":"https:\/\/www.skelpie.eu\/index.php?rest_route=\/wp\/v2\/pages\/560\/revisions"}],"predecessor-version":[{"id":561,"href":"https:\/\/www.skelpie.eu\/index.php?rest_route=\/wp\/v2\/pages\/560\/revisions\/561"}],"wp:attachment":[{"href":"https:\/\/www.skelpie.eu\/index.php?rest_route=%2Fwp%2Fv2%2Fmedia&parent=560"}],"curies":[{"name":"wp","href":"https:\/\/api.w.org\/{rel}","templated":true}]}}