{"id":565,"date":"2015-02-19T21:06:14","date_gmt":"2015-02-19T21:06:14","guid":{"rendered":"http:\/\/www.skelpie.eu\/?page_id=565"},"modified":"2015-02-19T21:06:14","modified_gmt":"2015-02-19T21:06:14","slug":"waga-vega-2","status":"publish","type":"page","link":"https:\/\/www.skelpie.eu\/?page_id=565","title":{"rendered":"Waga Vega 2"},"content":{"rendered":"<table border=\"0\" width=\"96%\" cellspacing=\"0\" cellpadding=\"4\">\n<tbody>\n<tr>\n<td class=\"tekstmaly\" align=\"center\"><a title=\"Waga Vega 2\" href=\"http:\/\/www.elzab.com.pl\/files\/vega2.jpg\" target=\"_blank\" rel=\"lightbox\"><img src=\"http:\/\/www.elzab.com.pl\/files\/vega2m.jpg\" alt=\"Waga Vega 2\" border=\"0\" \/><\/a><\/td>\n<td><img src=\"http:\/\/www.elzab.com.pl\/files\/dodatkowy_wyswietlacz1.jpg\" alt=\"Mo\u017cliwo\u015b\u0107 zastosowania dodatkowego wy\u015bwietlacza LCD\" border=\"0\" \/><\/td>\n<td valign=\"center\">Mo\u017cliwo\u015b\u0107 zastosowania dodatkowego wy\u015bwietlacza LCD<\/td>\n<\/tr>\n<\/tbody>\n<\/table>\n<p style=\"text-align: justify;\"><b>Charakterystyka urz\u0105dzenia<\/b><br \/>\nVega 2 to nowoczesna waga elektroniczna, wykonana w ca\u0142o\u015bci ze stali nierdzewnej. Konstrukcja wagi umo\u017cliwia wbudowanie jej w blat, przez co mo\u017ce by\u0107 elementem w pe\u0142ni funkcjonalnego, a przy tym taniego stanowiska kasowego. Rozwi\u0105zanie to mo\u017cna zastosowa\u0107 nawet na pojedynczym stanowisku sprzeda\u017cy, w ma\u0142ej plac\u00f3wce handlowej.<br \/>\nWaga Vega 2 przeznaczona jest do pracy w obiektach handlowych r\u00f3\u017cnej wielko\u015bci. Wspiera prac\u0119 sprzedawcy, zabudowana na stanowisku kasowym.<br \/>\nZnajduje r\u00f3wnie\u017c szerokie zastosowanie w przemy\u015ble, gastronomii i przetw\u00f3rstwie.<\/p>\n<p style=\"text-align: justify;\">Waga Vega 2 oferowana jest z koszem monta\u017cowym. U\u017cycie kosza monta\u017cowego zapewnia uzyskanie dobrego efektu estetycznego. Konstrukcja i spos\u00f3b monta\u017cu umo\u017cliwia personelowi prac\u0119 zgodnie z wymogami ergonomii i nie ogranicza miejsca na nogi kasjera.<\/p>\n<p style=\"text-align: center;\">\u00a0<img loading=\"lazy\" class=\"aligncenter\" title=\"Kosz u\u0142atwiaj\u0105cy monta\u017c wagi\" src=\"http:\/\/www.elzab.com.pl\/files\/vega_kosz.jpg\" alt=\"Kosz u\u0142atwiaj\u0105cy monta\u017c wagi\" width=\"280\" height=\"104\" \/><br \/>\nKosz u\u0142atwiaj\u0105cy monta\u017c wagi<\/p>\n<p style=\"text-align: justify;\">\n<p style=\"text-align: center;\"><img loading=\"lazy\" class=\"aligncenter\" src=\"http:\/\/www.elzab.com.pl\/files\/vega_zabudowana.jpg\" alt=\"Waga wbudowana w blat boksu kasowego\" width=\"280\" height=\"229\" \/><br \/>\nWaga wbudowana w blat boksu kasowego<\/p>\n<p style=\"text-align: justify;\">\n<p style=\"text-align: justify;\">Waga wyposa\u017cona jest w wy\u015bwietlacz na s\u0142upku, kt\u00f3rego wysoko\u015b\u0107 mo\u017cna regulowa\u0107.<br \/>\nWykonana jest ze stali nierdzewnej i odporna na r\u00f3\u017cne czynniki spotykane w trudnych warunkach pracy: wilgo\u0107, zapylenie, brud, korozj\u0119. Konstrukcja obudowy zapobiega zalaniu wtyk\u00f3w i gniazd. Urz\u0105dzenie posiada w\u0142asny zasilacz.<\/p>\n<p><b>Przeznaczenie<\/b><br \/>\nWaga Vega 2 zabudowana w blat stanowi wyposa\u017cenie stanowiska kasowego wyposa\u017conego w dowolny czytnik r\u0119czny lub pionowy. Mo\u017ce pe\u0142ni\u0107 funkcje zar\u00f3wno wagi kontrolnej, jak i podstawowej wagi w plac\u00f3wce handlowej.<\/p>\n<p><b>Wsp\u00f3\u0142praca z urz\u0105dzeniami zewn\u0119trznymi<\/b><br \/>\nWaga Vega 2 mo\u017ce wsp\u00f3\u0142pracowa\u0107 z r\u00f3\u017cnymi rodzajami kas fiskalnych (polecane kasy marki ELZAB), terminalami POS i innymi urz\u0105dzeniami peryferyjnymi. Automatyczny przesy\u0142 wyniku wa\u017cenia eliminuje b\u0142\u0119dy r\u0119cznego wprowadzania oraz znacznie przyspiesza obs\u0142ug\u0119 klienta.<br \/>\nWynik wa\u017cenia mo\u017ce by\u0107 przesy\u0142any poprzez naci\u015bni\u0119cie klawisza na wy\u015bwietlaczu wagi, na kasie, terminalu POS lub automatycznie &#8211; po ustabilizowaniu szalki albo w spos\u00f3b ci\u0105g\u0142y.<\/p>\n<p><b>Gwarancja jako\u015bci i ci\u0105g\u0142o\u015bci dostaw <\/b><br \/>\nVega 2 nale\u017cy do rodziny wag CAT 27, znanych ze szczeg\u00f3lnie starannego wykonania. Wszystkie wagi CAT 27 spe\u0142niaj\u0105 przepisy metrologiczne w zakresie stosowania wag do bezpo\u015bredniego rozliczania obrot\u00f3w handlowych, posiadaj\u0105 certyfikat zatwierdzenia typu WE i podlegaj\u0105 legalizacji wed\u0142ug przepis\u00f3w UE przed dopuszczeniem do obrotu. Proces produkcyjny odbywa si\u0119 pod nadzorem procedur systemu jako\u015bci ISO 9001.<\/p>\n<p><b>Cechy i zalety u\u017cytkowe<\/b><\/p>\n<ul style=\"text-align: justify;\">\n<li>wykonanie ze stali nierdzewnej dopuszczonej do kontaktu z \u017cywno\u015bci\u0105<\/li>\n<li>stabilny i odporny na przeci\u0105\u017cenia uk\u0142ad pomiarowy<\/li>\n<li>wsp\u00f3\u0142praca z kasami fiskalnymi, terminalami POS i urz\u0105dzeniami zewn\u0119trznymi<\/li>\n<li>wy\u015bwietlacz na obrotowym s\u0142upku o regulowanej wysoko\u015bci, z czytelnymi znakami<\/li>\n<li>tarowanie w ca\u0142ym zakresie wa\u017cenia<\/li>\n<li>wygodna i szybka obs\u0142uga<\/li>\n<li>\u0142atwo\u015b\u0107 utrzymania w czysto\u015bci<\/li>\n<li>mo\u017cliwo\u015b\u0107 kontroli na stanowisku sprzeda\u017cy masy towar\u00f3w zwa\u017conych na stanowiskach samoobs\u0142ugowych<\/li>\n<\/ul>\n<p style=\"text-align: justify;\">\n<table>\n<tbody>\n<tr>\n<td><b>Typ:<\/b><\/td>\n<td>waga kalkulacyjna, dwuzakresowa<\/td>\n<\/tr>\n<tr>\n<td><b>Klasa dok\u0142adno\u015bci:<\/b><\/td>\n<td>III<\/td>\n<\/tr>\n<tr>\n<td valign=\"top\"><b>Zakres wa\u017cenia\/ obci\u0105\u017cenie maksymalne:<\/b><\/td>\n<td valign=\"top\">15 kg<\/td>\n<\/tr>\n<tr>\n<td valign=\"top\"><b>Dzia\u0142ka legalizacyjna (e):<\/b><\/td>\n<td>2\/5 g<\/td>\n<\/tr>\n<tr>\n<td valign=\"top\"><b>G\u00f3rna granica tary odejmuj\u0105cej:<\/b><\/td>\n<td>-15 kg<\/td>\n<\/tr>\n<tr>\n<td><b>Zakres temperatur pracy:<\/b><\/td>\n<td>od -10\u00b0C do + 40\u00b0C<\/td>\n<\/tr>\n<tr>\n<td valign=\"top\"><b>Wy\u015bwietlacz:<\/b><\/td>\n<td>LCD graficzny na obrotowym s\u0142upku o regulowanej wysoko\u015bci do 403 mm<\/td>\n<\/tr>\n<tr>\n<td><b>Wysoko\u015b\u0107 cyfr:<\/b><\/td>\n<td>14 mm<\/td>\n<\/tr>\n<tr>\n<td valign=\"top\"><b>Zasilanie:<\/b><\/td>\n<td>Zasilacz zewn\u0119trzny<br \/>\nIN: 230V~\/50Hz\/0,1A\/23VA<br \/>\nOUT: 12V-1A<\/td>\n<\/tr>\n<tr>\n<td><b>Masa wagi:<\/b><\/td>\n<td>4,3 kg (pomost, s\u0142upek wy\u015bwietlacza, zasilacz)<\/td>\n<\/tr>\n<tr>\n<td valign=\"top\"><b>Wymiary zewn\u0119trzne pomostu:<\/b><br \/>\n(wys. x g\u0142. x szer.)<\/td>\n<td valign=\"top\">70 x 253 x 333 mm<\/td>\n<\/tr>\n<tr>\n<td valign=\"top\"><b>Wymiary zewn\u0119trzne szalki:<\/b> (g\u0142. x szer.)<\/td>\n<td valign=\"top\">253 x 333 mm<\/td>\n<\/tr>\n<tr>\n<td valign=\"top\"><b>Klawiatura:<\/b><\/td>\n<td>3 mikroprze\u0142\u0105czniki: tara, zerowanie, transmisja<\/td>\n<\/tr>\n<tr>\n<td valign=\"top\"><b>Interfejsy komunikacyjne:<\/b><\/td>\n<td>RS232C (o ustawianych parametrach transmisji)<\/td>\n<\/tr>\n<tr>\n<td valign=\"top\"><b>Funkcje:<\/b><\/td>\n<td>\n<ul>\n<li>wa\u017cenie towar\u00f3w<\/li>\n<li>wa\u017cenie i odejmowanie tary<\/li>\n<li>zamra\u017canie tary (sta\u0142a tara)<\/li>\n<li>wsp\u00f3\u0142praca z kas\u0105 fiskaln\u0105, terminalem POS lub drukark\u0105 zewn\u0119trzn\u0105<\/li>\n<\/ul>\n<\/td>\n<\/tr>\n<tr>\n<td valign=\"top\"><b>Wyposa\u017cenie:<\/b><\/td>\n<td valign=\"top\">C0103000 Kosz monta\u017cowy<\/td>\n<\/tr>\n<tr>\n<td><b>Gwarancja:<\/b><\/td>\n<td>12 miesi\u0119cy<\/td>\n<\/tr>\n<\/tbody>\n<\/table>\n","protected":false},"excerpt":{"rendered":"<p>Mo\u017cliwo\u015b\u0107 zastosowania dodatkowego wy\u015bwietlacza LCD Charakterystyka urz\u0105dzenia Vega 2 to nowoczesna waga elektroniczna, wykonana w ca\u0142o\u015bci ze stali nierdzewnej. Konstrukcja wagi umo\u017cliwia wbudowanie jej w blat, przez co mo\u017ce by\u0107 elementem w pe\u0142ni funkcjonalnego, a przy tym taniego stanowiska kasowego. Rozwi\u0105zanie to mo\u017cna zastosowa\u0107 nawet na pojedynczym stanowisku sprzeda\u017cy, w ma\u0142ej plac\u00f3wce handlowej. Waga Vega &hellip; <a href=\"https:\/\/www.skelpie.eu\/?page_id=565\" class=\"more-link\">Czytaj dalej <span class=\"screen-reader-text\">Waga Vega 2<\/span> <span class=\"meta-nav\">&rarr;<\/span><\/a><\/p>\n","protected":false},"author":1,"featured_media":0,"parent":0,"menu_order":0,"comment_status":"closed","ping_status":"closed","template":"","meta":[],"_links":{"self":[{"href":"https:\/\/www.skelpie.eu\/index.php?rest_route=\/wp\/v2\/pages\/565"}],"collection":[{"href":"https:\/\/www.skelpie.eu\/index.php?rest_route=\/wp\/v2\/pages"}],"about":[{"href":"https:\/\/www.skelpie.eu\/index.php?rest_route=\/wp\/v2\/types\/page"}],"author":[{"embeddable":true,"href":"https:\/\/www.skelpie.eu\/index.php?rest_route=\/wp\/v2\/users\/1"}],"replies":[{"embeddable":true,"href":"https:\/\/www.skelpie.eu\/index.php?rest_route=%2Fwp%2Fv2%2Fcomments&post=565"}],"version-history":[{"count":1,"href":"https:\/\/www.skelpie.eu\/index.php?rest_route=\/wp\/v2\/pages\/565\/revisions"}],"predecessor-version":[{"id":566,"href":"https:\/\/www.skelpie.eu\/index.php?rest_route=\/wp\/v2\/pages\/565\/revisions\/566"}],"wp:attachment":[{"href":"https:\/\/www.skelpie.eu\/index.php?rest_route=%2Fwp%2Fv2%2Fmedia&parent=565"}],"curies":[{"name":"wp","href":"https:\/\/api.w.org\/{rel}","templated":true}]}}