{"id":567,"date":"2015-02-19T21:07:24","date_gmt":"2015-02-19T21:07:24","guid":{"rendered":"http:\/\/www.skelpie.eu\/?page_id=567"},"modified":"2015-02-19T21:07:24","modified_gmt":"2015-02-19T21:07:24","slug":"wago-skaner-neptun-2","status":"publish","type":"page","link":"https:\/\/www.skelpie.eu\/?page_id=567","title":{"rendered":"Wago-Skaner Neptun 2"},"content":{"rendered":"<p style=\"text-align: justify;\"><a title=\"Wago-skaner Neptun 2 MGL 8300\/8400\" href=\"http:\/\/www.elzab.com.pl\/files\/magelan8300u_2.jpg\" target=\"_blank\" rel=\"lightbox\"><img src=\"http:\/\/www.elzab.com.pl\/files\/magelan8300u_2m.jpg\" alt=\"Wago-skaner Neptun 2 MGL 8300\/8400\" border=\"0\" \/><\/a><img src=\"http:\/\/www.elzab.com.pl\/files\/dodatkowy_wyswietlacz1.jpg\" alt=\"Mo\u017cliwo\u015b\u0107 zastosowania dodatkowego wy\u015bwietlacza LCD\" border=\"0\" \/><br \/>\nMo\u017cliwo\u015b\u0107 zastosowania dodatkowego wy\u015bwietlacza LCD<\/p>\n<p style=\"text-align: justify;\"><b>Wago-skaner Neptun 2 MGL 8300\/8400<\/b> to waga Neptun 2 zabudowana wewn\u0105trz zaawansowanego czytnika bi-optycznego Magellan 8302 lub Magellan 8402. G\u00f3rna pokrywa czytnika Magellan 8302\/8402, wyposa\u017cona w szk\u0142o utwardzane lub szafirowe, stanowi szalk\u0119 wagi.<\/p>\n<p style=\"text-align: justify;\"><img src=\"http:\/\/www.elzab.com.pl\/files\/wagoskaner_neptun2.jpg\" alt=\"Wago-skaner Neptun 2\" border=\"0\" \/><\/p>\n<p style=\"text-align: justify;\">Przeznaczony do zabudowy wago-skaner Neptun 2 MGL 8300\/8400, ze wzgl\u0119du na zaawansowanie czytnika, dedykowany jest dla \u015brodowisk z du\u017cym nat\u0119\u017ceniem skanowania.<br \/>\nWago-skaner Neptun 2 MGL 8300\/8400 zdecydowanie przy\u015bpiesza obs\u0142ug\u0119 klient\u00f3w, a jednocze\u015bnie pe\u0142ni funkcje kontrolne lub wagi podstawowej. Takie rozwi\u0105zanie mo\u017cna niew\u0105tpliwie nazwa\u0107 najszybszym rozwi\u0105zaniem skanuj\u0105co-wa\u017c\u0105cym do zabudowy.<br \/>\nObrotowy, graficzny wy\u015bwietlacz LCD wago-skanera Neptun 2 MGL 8300\/8400 umieszczony zosta\u0142 na s\u0142upku o regulowanej wysoko\u015bci oraz k\u0105cie obrotu, z mo\u017cliwo\u015bci\u0105 pochylenia k\u0105towego. Zakres wa\u017cenia zestawu wynosi 15 kg (dzia\u0142ka legalizacyjna 2\/5g).<br \/>\nWynik wa\u017cenia mo\u017ce by\u0107 przesy\u0142any do programu sprzeda\u017cy poprzez naci\u015bni\u0119cie klawisza na wy\u015bwietlaczu wagi, na kasie, terminalu POS, automatycznie po ustabilizowaniu szalki lub w spos\u00f3b ci\u0105g\u0142y.<\/p>\n<p style=\"text-align: justify;\"><b>Waga Neptun<\/b><\/p>\n<table border=\"0\" width=\"90%\" cellspacing=\"0\" cellpadding=\"0\">\n<tbody>\n<tr>\n<td width=\"300\"><b>Model:<\/b><\/td>\n<td>CAT 27\/S4<\/td>\n<\/tr>\n<tr>\n<td><b>Typ:<\/b><\/td>\n<td>Wago-skaner, waga kalkulacyjna, dwuzakresowa<\/td>\n<\/tr>\n<tr>\n<td><b>Klasa dok\u0142adno\u015bci:<\/b><\/td>\n<td>III<\/td>\n<\/tr>\n<tr>\n<td valign=\"top\"><b>Zakres wa\u017cenia\/ obci\u0105\u017cenie maksymalne:<\/b><\/td>\n<td>15 kg<\/td>\n<\/tr>\n<tr>\n<td valign=\"top\"><b>Dzia\u0142ka legalizacyjna (e):<\/b><\/td>\n<td>2\/5 g<\/td>\n<\/tr>\n<tr>\n<td valign=\"top\"><b>G\u00f3rna granica tary odejmuj\u0105cej:<\/b><\/td>\n<td>-15 kg<\/td>\n<\/tr>\n<tr>\n<td><b>Zakres temperatur pracy:<\/b><\/td>\n<td>od -10\u00b0C do + 40\u00b0C<\/td>\n<\/tr>\n<tr>\n<td valign=\"top\"><b>Wy\u015bwietlacz:<\/b><\/td>\n<td>LCD graficzny na obrotowym s\u0142upku o regulowanej wysoko\u015bci do 403 mm<\/td>\n<\/tr>\n<tr>\n<td><b>Wysoko\u015b\u0107 cyfr:<\/b><\/td>\n<td>14 mm<\/td>\n<\/tr>\n<tr>\n<td valign=\"top\"><b>Zasilanie:<\/b><\/td>\n<td>Zasilacz zewn\u0119trzny<br \/>\nIN: 230V~\/50Hz\/0,1A\/23VA<br \/>\nOUT: 12V-1A<\/td>\n<\/tr>\n<tr>\n<td valign=\"top\"><b>Masa wagi:<\/b><\/td>\n<td>3,8 kg (przetwornik masy z mocowaniem, s\u0142upek wy\u015bwietlacza, zasilacz)<\/td>\n<\/tr>\n<tr>\n<td valign=\"top\"><b>Wymiary zewn\u0119trzne wagi:<br \/>\n(wys. x g\u0142. x szer.)<\/b><\/td>\n<td valign=\"top\">Dopasowane do wymiar\u00f3w skanera<\/td>\n<\/tr>\n<tr>\n<td valign=\"top\"><b>Klawiatura:<\/b><\/td>\n<td>3 mikroprze\u0142\u0105czniki: tara, zerowanie, transmisja<\/td>\n<\/tr>\n<tr>\n<td valign=\"top\"><b>Interfejsy komunikacyjne:<\/b><\/td>\n<td>RS232C (o ustawianych parametrach transmisji)<\/td>\n<\/tr>\n<tr>\n<td valign=\"top\"><b>Funkcje:<\/b><\/td>\n<td>\n<ul>\n<li>wa\u017cenie towar\u00f3w<\/li>\n<li>wa\u017cenie i odejmowanie tary<\/li>\n<li>zamra\u017canie tary (sta\u0142a tara)<\/li>\n<li>wsp\u00f3\u0142praca z kas\u0105 fiskaln\u0105, terminalem POS lub drukark\u0105 zewn\u0119trzn\u0105<\/li>\n<\/ul>\n<\/td>\n<\/tr>\n<tr>\n<td><b>Gwarancja:<\/b><\/td>\n<td>12 miesi\u0119cy<\/td>\n<\/tr>\n<\/tbody>\n<\/table>\n<p><b>Czytnik Magellan 8302<\/b><\/p>\n<table border=\"0\" width=\"90%\" cellspacing=\"0\" cellpadding=\"0\">\n<tbody>\n<tr>\n<td width=\"300\"><b>Rodzaj czytnika:<\/b><\/td>\n<td>ladowy laserowy<\/td>\n<\/tr>\n<tr>\n<td><b>\u0179r\u00f3d\u0142o \u015bwiat\u0142a:<\/b><\/td>\n<td>laserowy uk\u0142ad optyczny<\/td>\n<\/tr>\n<tr>\n<td><b>Spos\u00f3b wyzwalania odczytu:<\/b><\/td>\n<td>automatyczny<\/td>\n<\/tr>\n<tr>\n<td><b>Odleg\u0142o\u015b\u0107 odczytu:<\/b><\/td>\n<td>max 152 mm<\/td>\n<\/tr>\n<tr>\n<td><b>Pr\u0119dko\u015b\u0107 odczytu:<\/b><\/td>\n<td>3900 linii\/s<\/td>\n<\/tr>\n<tr>\n<td><b>Wz\u00f3r skanuj\u0105cy:<\/b><\/td>\n<td>52 linie skanuj\u0105ce<\/td>\n<\/tr>\n<tr>\n<td><b>Sygnalizacja:<\/b><\/td>\n<td>d\u017awi\u0119kowa i optyczna<\/td>\n<\/tr>\n<tr>\n<td><b>Wymiary:<\/b><\/td>\n<td><\/td>\n<\/tr>\n<tr>\n<td><b>G\u0142\u0119boko\u015b\u0107 (poni\u017cej powierzchni lady):<\/b><\/td>\n<td>102 mm<\/td>\n<\/tr>\n<tr>\n<td><b>Wysoko\u015b\u0107 (powy\u017cej powierzchni lady):<\/b><\/td>\n<td>130 mm<\/td>\n<\/tr>\n<tr>\n<td><b>D\u0142ugo\u015b\u0107:<\/b><\/td>\n<td>401 mm<\/td>\n<\/tr>\n<tr>\n<td><b>Szeroko\u015b\u0107:<\/b><\/td>\n<td>292 mm<\/td>\n<\/tr>\n<tr>\n<td><b>Waga:<\/b><\/td>\n<td>7,88 kg<\/td>\n<\/tr>\n<tr>\n<td><b>Pob\u00f3r mocy:<\/b><\/td>\n<td>7 W (4 W w trybie u\u015bpienia)<\/td>\n<\/tr>\n<tr>\n<td><b>Temperatura pracy:<\/b><\/td>\n<td>od 10\u00b0 do 40\u00b0 C<\/td>\n<\/tr>\n<tr>\n<td><b>Wilgotno\u015b\u0107 otoczenia wzgl\u0119dna:<\/b><\/td>\n<td>5 &#8211; 95%<\/td>\n<\/tr>\n<tr>\n<td><b>Odporno\u015b\u0107 na uszkodzenia:<\/b><\/td>\n<td>na wilgo\u0107 i kurz wg normy IP52<\/td>\n<\/tr>\n<tr>\n<td><b>Dost\u0119pne interfejsy:<\/b><\/td>\n<td>RS232, KB, USB<\/td>\n<\/tr>\n<\/tbody>\n<\/table>\n<p><b>Czytnik Magellan 8402<\/b><\/p>\n<table border=\"0\" width=\"90%\" cellspacing=\"0\" cellpadding=\"0\">\n<tbody>\n<tr>\n<td width=\"300\"><b>Rodzaj czytnika:<\/b><\/td>\n<td>ladowy laserowy<\/td>\n<\/tr>\n<tr>\n<td><b>\u0179r\u00f3d\u0142o \u015bwiat\u0142a:<\/b><\/td>\n<td>laserowy uk\u0142ad optyczny<\/td>\n<\/tr>\n<tr>\n<td><b>Spos\u00f3b wyzwalania odczytu:<\/b><\/td>\n<td>automatyczny<\/td>\n<\/tr>\n<tr>\n<td><b>Odleg\u0142o\u015b\u0107 odczytu:<\/b><\/td>\n<td>max 152 mm<\/td>\n<\/tr>\n<tr>\n<td><b>Pr\u0119dko\u015b\u0107 odczytu:<\/b><\/td>\n<td>5200 linii\/s<\/td>\n<\/tr>\n<tr>\n<td><b>Wz\u00f3r skanuj\u0105cy:<\/b><\/td>\n<td>52 linie skanuj\u0105ce<\/td>\n<\/tr>\n<tr>\n<td><b>Sygnalizacja:<\/b><\/td>\n<td>d\u017awi\u0119kowa i optyczna<\/td>\n<\/tr>\n<tr>\n<td><b>Wymiary:<\/b><\/td>\n<td><\/td>\n<\/tr>\n<tr>\n<td><b>G\u0142\u0119boko\u015b\u0107 (poni\u017cej powierzchni lady):<\/b><\/td>\n<td>102 mm<\/td>\n<\/tr>\n<tr>\n<td><b>Wysoko\u015b\u0107 (powy\u017cej powierzchni lady):<\/b><\/td>\n<td>130 mm<\/td>\n<\/tr>\n<tr>\n<td><b>D\u0142ugo\u015b\u0107:<\/b><\/td>\n<td>401 mm<\/td>\n<\/tr>\n<tr>\n<td><b>Szeroko\u015b\u0107:<\/b><\/td>\n<td>292 mm<\/td>\n<\/tr>\n<tr>\n<td><b>Waga:<\/b><\/td>\n<td>7,88 kg<\/td>\n<\/tr>\n<tr>\n<td><b>Pob\u00f3r mocy:<\/b><\/td>\n<td>7 W (4 W w trybie u\u015bpienia)<\/td>\n<\/tr>\n<tr>\n<td><b>Temperatura pracy:<\/b><\/td>\n<td>od 10\u00b0 do 40\u00b0 C<\/td>\n<\/tr>\n<tr>\n<td><b>Wilgotno\u015b\u0107 otoczenia wzgl\u0119dna:<\/b><\/td>\n<td>5 &#8211; 95%<\/td>\n<\/tr>\n<tr>\n<td><b>Odporno\u015b\u0107 na uszkodzenia:<\/b><\/td>\n<td>na wilgo\u0107 i kurz wg normy IP52<\/td>\n<\/tr>\n<tr>\n<td><b>Dost\u0119pne interfejsy:<\/b><\/td>\n<td>RS232, KB, USB<\/td>\n<\/tr>\n<\/tbody>\n<\/table>\n<p style=\"text-align: justify;\">\n","protected":false},"excerpt":{"rendered":"<p>Mo\u017cliwo\u015b\u0107 zastosowania dodatkowego wy\u015bwietlacza LCD Wago-skaner Neptun 2 MGL 8300\/8400 to waga Neptun 2 zabudowana wewn\u0105trz zaawansowanego czytnika bi-optycznego Magellan 8302 lub Magellan 8402. G\u00f3rna pokrywa czytnika Magellan 8302\/8402, wyposa\u017cona w szk\u0142o utwardzane lub szafirowe, stanowi szalk\u0119 wagi. Przeznaczony do zabudowy wago-skaner Neptun 2 MGL 8300\/8400, ze wzgl\u0119du na zaawansowanie czytnika, dedykowany jest dla \u015brodowisk &hellip; <a href=\"https:\/\/www.skelpie.eu\/?page_id=567\" class=\"more-link\">Czytaj dalej <span class=\"screen-reader-text\">Wago-Skaner Neptun 2<\/span> <span class=\"meta-nav\">&rarr;<\/span><\/a><\/p>\n","protected":false},"author":1,"featured_media":0,"parent":0,"menu_order":0,"comment_status":"closed","ping_status":"closed","template":"","meta":[],"_links":{"self":[{"href":"https:\/\/www.skelpie.eu\/index.php?rest_route=\/wp\/v2\/pages\/567"}],"collection":[{"href":"https:\/\/www.skelpie.eu\/index.php?rest_route=\/wp\/v2\/pages"}],"about":[{"href":"https:\/\/www.skelpie.eu\/index.php?rest_route=\/wp\/v2\/types\/page"}],"author":[{"embeddable":true,"href":"https:\/\/www.skelpie.eu\/index.php?rest_route=\/wp\/v2\/users\/1"}],"replies":[{"embeddable":true,"href":"https:\/\/www.skelpie.eu\/index.php?rest_route=%2Fwp%2Fv2%2Fcomments&post=567"}],"version-history":[{"count":1,"href":"https:\/\/www.skelpie.eu\/index.php?rest_route=\/wp\/v2\/pages\/567\/revisions"}],"predecessor-version":[{"id":568,"href":"https:\/\/www.skelpie.eu\/index.php?rest_route=\/wp\/v2\/pages\/567\/revisions\/568"}],"wp:attachment":[{"href":"https:\/\/www.skelpie.eu\/index.php?rest_route=%2Fwp%2Fv2%2Fmedia&parent=567"}],"curies":[{"name":"wp","href":"https:\/\/api.w.org\/{rel}","templated":true}]}}