{"id":569,"date":"2015-02-19T21:08:36","date_gmt":"2015-02-19T21:08:36","guid":{"rendered":"http:\/\/www.skelpie.eu\/?page_id=569"},"modified":"2015-02-19T21:08:36","modified_gmt":"2015-02-19T21:08:36","slug":"waga-pomostowa-dibal-pvc-50","status":"publish","type":"page","link":"https:\/\/www.skelpie.eu\/?page_id=569","title":{"rendered":"Waga pomostowa Dibal PVC-50"},"content":{"rendered":"<p><img loading=\"lazy\" class=\"alignnone aligncenter\" src=\"http:\/\/www.elzab.com.pl\/files\/pvc50s.jpg\" alt=\"DIBAL PVC-50\" width=\"179\" height=\"360\" border=\"0\" \/><\/p>\n<p style=\"text-align: justify;\"><b>Charakterystyka og\u00f3lna<\/b><br \/>\nWaga DIBAL PVC-50 jest elektroniczn\u0105 wag\u0105 pomostow\u0105 z du\u017cym, dobrze widocznym, pod\u015bwietlanym wy\u015bwietlaczem LCD. Mo\u017ce by\u0107 zasilana z sieci lub z wbudowanego akumulatora.<br \/>\nJest dost\u0119pna w 3 zakresach wa\u017cenia: do 60 kg, do 150 kg oraz do 300 kg. Posiada funkcj\u0119 liczenia sztuk oraz programowania limit\u00f3w.<\/p>\n<p style=\"text-align: justify;\">\n<b>Przeznaczenie i zastosowanie<\/b><br \/>\nWaga pomostowa znajduje szerokie zastosowanie jako waga kontrolna do wa\u017cenia artyku\u0142\u00f3w na zapleczu plac\u00f3wek handlowych r\u00f3\u017cnej wielko\u015bci. Zalecana jest do pomiar\u00f3w masy w zak\u0142adach produkcyjnych i w obs\u0142udze obrotu magazynowego do wa\u017cenia r\u00f3\u017cnego rodzaju pojemnik\u00f3w (np. skrzynki, beczki, kontenery, palety), przesy\u0142ek, paczek.<\/p>\n<p style=\"text-align: justify;\">\n<b>Cechy i zalety u\u017cytkowe<\/b><\/p>\n<ul style=\"text-align: justify;\">\n<li>stabilny i odporny na drgania oraz przeci\u0105\u017cenia uk\u0142ad pomiarowy,<\/li>\n<li>du\u017ce, pod\u015bwietlane wy\u015bwietlacze LCD,<\/li>\n<li>tarowanie w ca\u0142ym zakresie wa\u017cenia,<\/li>\n<li>\u0142atwo\u015b\u0107 utrzymania w czysto\u015bci,<\/li>\n<li>\u2022 tryb liczenia sztuk i kontroli masy,<\/li>\n<li>wbudowany akumulator zapewniaj\u0105cy do 100 godzin pracy bez zasilania sieciowego,<\/li>\n<li>mo\u017cliwo\u015b\u0107 pracy w temperaturach ujemnych do -10\u00b0 C.<\/li>\n<\/ul>\n<p style=\"text-align: justify;\">\n<p style=\"text-align: justify;\">\n<table border=\"0\" width=\"95%\" cellspacing=\"0\" cellpadding=\"0\">\n<tbody>\n<tr style=\"text-align: justify;\">\n<td><b>Model:<\/b><\/td>\n<td><b>PVC-50<\/b><\/td>\n<\/tr>\n<tr style=\"text-align: justify;\">\n<td><b>Rodzaj obudowy:<\/b><\/td>\n<td>pomostowa, panel elektroniki na s\u0142upku<\/td>\n<\/tr>\n<tr style=\"text-align: justify;\">\n<td><b>Zakres wa\u017cenia:<\/b><\/td>\n<td>60 kg, 150 kg, 300 kg<\/td>\n<\/tr>\n<tr style=\"text-align: justify;\">\n<td valign=\"top\"><b>Warto\u015b\u0107 dzia\u0142ki elementarnej<br \/>\ni legalizacyjnej:<\/b><\/td>\n<td valign=\"top\">odpowiednio 20 g, 50 g, 100 g<\/td>\n<\/tr>\n<tr style=\"text-align: justify;\">\n<td><b>Klasa dok\u0142adno\u015bci:<\/b><\/td>\n<td>III<\/td>\n<\/tr>\n<tr style=\"text-align: justify;\">\n<td><b>Tara:<\/b><\/td>\n<td>odpowiednio -59,980 kg, -149,950 kg, -299,900 kg<\/td>\n<\/tr>\n<tr style=\"text-align: justify;\">\n<td><b>Wy\u015bwietlacz:<\/b><\/td>\n<td>LCD pod\u015bwietlany<\/td>\n<\/tr>\n<tr style=\"text-align: justify;\">\n<td valign=\"top\"><b>Klawiatura:<\/b><\/td>\n<td>membranowa, wodoodporna<\/td>\n<\/tr>\n<tr style=\"text-align: justify;\">\n<td valign=\"top\"><b>Zasilanie:<\/b><\/td>\n<td>zasilacz sieciowy DC 9V 800 mA, wbudowany akumulator 6V<\/td>\n<\/tr>\n<tr style=\"text-align: justify;\">\n<td><b>Wymiary wagi:<\/b><br \/>\n(wysoko\u015b\u0107\/g\u0142\u0119boko\u015b\u0107\/szeroko\u015b\u0107)<\/td>\n<td valign=\"top\">(830\/670\/420) mm<\/td>\n<\/tr>\n<tr style=\"text-align: justify;\">\n<td><b>Wymiary szalki: <\/b><br \/>\n(g\u0142\u0119boko\u015b\u0107\/szeroko\u015b\u0107)<\/td>\n<td valign=\"top\">(520\/420) mm<\/td>\n<\/tr>\n<tr style=\"text-align: justify;\">\n<td><b>Zakres temperatur pracy:<\/b><\/td>\n<td>-10\u00b0 C &#8230; +40\u00b0 C<\/td>\n<\/tr>\n<tr style=\"text-align: justify;\">\n<td valign=\"top\"><b>Interfejs komunikacyjny:<\/b><\/td>\n<td>brak<\/td>\n<\/tr>\n<tr style=\"text-align: justify;\">\n<td><b>Masa:<\/b><\/td>\n<td>14 kg<\/td>\n<\/tr>\n<tr style=\"text-align: justify;\">\n<td><b>Gwarancja:<\/b><\/td>\n<td>24 miesi\u0105ce<\/td>\n<\/tr>\n<\/tbody>\n<\/table>\n","protected":false},"excerpt":{"rendered":"<p>Charakterystyka og\u00f3lna Waga DIBAL PVC-50 jest elektroniczn\u0105 wag\u0105 pomostow\u0105 z du\u017cym, dobrze widocznym, pod\u015bwietlanym wy\u015bwietlaczem LCD. Mo\u017ce by\u0107 zasilana z sieci lub z wbudowanego akumulatora. Jest dost\u0119pna w 3 zakresach wa\u017cenia: do 60 kg, do 150 kg oraz do 300 kg. Posiada funkcj\u0119 liczenia sztuk oraz programowania limit\u00f3w. Przeznaczenie i zastosowanie Waga pomostowa znajduje szerokie &hellip; <a href=\"https:\/\/www.skelpie.eu\/?page_id=569\" class=\"more-link\">Czytaj dalej <span class=\"screen-reader-text\">Waga pomostowa Dibal PVC-50<\/span> <span class=\"meta-nav\">&rarr;<\/span><\/a><\/p>\n","protected":false},"author":1,"featured_media":0,"parent":0,"menu_order":0,"comment_status":"closed","ping_status":"closed","template":"","meta":[],"_links":{"self":[{"href":"https:\/\/www.skelpie.eu\/index.php?rest_route=\/wp\/v2\/pages\/569"}],"collection":[{"href":"https:\/\/www.skelpie.eu\/index.php?rest_route=\/wp\/v2\/pages"}],"about":[{"href":"https:\/\/www.skelpie.eu\/index.php?rest_route=\/wp\/v2\/types\/page"}],"author":[{"embeddable":true,"href":"https:\/\/www.skelpie.eu\/index.php?rest_route=\/wp\/v2\/users\/1"}],"replies":[{"embeddable":true,"href":"https:\/\/www.skelpie.eu\/index.php?rest_route=%2Fwp%2Fv2%2Fcomments&post=569"}],"version-history":[{"count":1,"href":"https:\/\/www.skelpie.eu\/index.php?rest_route=\/wp\/v2\/pages\/569\/revisions"}],"predecessor-version":[{"id":570,"href":"https:\/\/www.skelpie.eu\/index.php?rest_route=\/wp\/v2\/pages\/569\/revisions\/570"}],"wp:attachment":[{"href":"https:\/\/www.skelpie.eu\/index.php?rest_route=%2Fwp%2Fv2%2Fmedia&parent=569"}],"curies":[{"name":"wp","href":"https:\/\/api.w.org\/{rel}","templated":true}]}}