{"id":638,"date":"2015-03-02T17:50:24","date_gmt":"2015-03-02T17:50:24","guid":{"rendered":"http:\/\/www.skelpie.eu\/?page_id=638"},"modified":"2015-03-02T17:56:34","modified_gmt":"2015-03-02T17:56:34","slug":"zebex-z-3100","status":"publish","type":"page","link":"https:\/\/www.skelpie.eu\/?page_id=638","title":{"rendered":"Zebex Z-3100"},"content":{"rendered":"<p><a title=\"Zebex Z-3100\" href=\"http:\/\/www.elzab.com.pl\/files\/z-3100_p1_g.jpg\" target=\"_blank\" rel=\"lightbox\"><img class=\"aligncenter\" src=\"http:\/\/www.elzab.com.pl\/files\/z-3100_p1m.jpg\" alt=\"Kliknij, aby powi\u0119kszy\u0107\" \/><\/a><\/p>\n<div id=\"czytnik_cechy\">Wyj\u0105tkowo lekki i ergonomiczny czytnik r\u0119czny typu linear imager o bardzo dobrych parametrach skanowania. Mo\u017ce pracowa\u0107 w trybie automatycznym lub przy u\u017cyciu du\u017cego, wygodnego przycisku. Rewelacyjna i ekonomiczna propozycja dla ma\u0142ych sklep\u00f3w, lub jako uzupe\u0142nienie czytnik\u00f3w wysokowydajnych w hipermarketach.<\/p>\n<p style=\"text-align: justify;\">Ogumowanie czytnika chroni go przed skutkami uderze\u0144, zapobiega mechanicznym uszkodzeniom skanera, a tak\u017ce \u015blizganiu si\u0119 skanera po ladzie.<\/p>\n<p style=\"text-align: justify;\">Podstawka dla tego czytnika jest opcj\u0105.<\/p>\n<p style=\"text-align: justify;\">Najwa\u017cniejsze cechy:<\/p>\n<ul style=\"text-align: justify;\" compact=\"compact\">\n<li style=\"text-align: justify;\">niska waga i wyj\u0105tkowa ergonomia czytnika,<\/li>\n<li style=\"text-align: justify;\">szybko\u015b\u0107 skanowania 330 skan\u00f3w\/s,<\/li>\n<li style=\"text-align: justify;\">odleg\u0142o\u015b\u0107 czytania do 300 mm.<\/li>\n<\/ul>\n<p style=\"text-align: justify;\">\n<table class=\" aligncenter\" border=\"0\" width=\"75%\" cellspacing=\"0\" cellpadding=\"0\">\n<tbody>\n<tr>\n<td><b>Nazwa:<\/b><\/td>\n<td><b>Zebex Z-3100<\/b><\/td>\n<\/tr>\n<tr>\n<td><b>Rodzaj czytnika:<\/b><\/td>\n<td><b>r\u0119czny diodowy<\/b><\/td>\n<\/tr>\n<tr>\n<td><b>\u0179r\u00f3d\u0142o \u015bwiat\u0142a:<\/b><\/td>\n<td>czerwona dioda LED 617 nm<\/td>\n<\/tr>\n<tr>\n<td><b>Spos\u00f3b wyzwalania odczytu:<\/b><\/td>\n<td>przycisk lub tryb automatyczny<\/td>\n<\/tr>\n<tr>\n<td><b>Odleg\u0142o\u015b\u0107 odczytu:<\/b><\/td>\n<td>max 300 mm<\/td>\n<\/tr>\n<tr>\n<td><b>Minimalna szer. elementu kodu:<\/b><\/td>\n<td>0,102 mm<\/td>\n<\/tr>\n<tr>\n<td><b>Pr\u0119dko\u015b\u0107 odczytu:<\/b><\/td>\n<td>330 skan\u00f3w\/s<\/td>\n<\/tr>\n<tr>\n<td><b>Wz\u00f3r skanuj\u0105cy:<\/b><\/td>\n<td>n.d.<\/td>\n<\/tr>\n<tr>\n<td><b>Sygnalizacja:<\/b><\/td>\n<td>d\u017awi\u0119kowa i optyczna<\/td>\n<\/tr>\n<tr>\n<td><b>Wymiary:<\/b><\/td>\n<td>152 x 64 x 105 mm<\/td>\n<\/tr>\n<tr>\n<td><b>Waga:<\/b><\/td>\n<td>120 g<\/td>\n<\/tr>\n<tr>\n<td><b>Zasilanie:<\/b><\/td>\n<td>5 V<\/td>\n<\/tr>\n<tr>\n<td><b>Pob\u00f3r pr\u0105du:<\/b><\/td>\n<td>110 mA<\/td>\n<\/tr>\n<tr>\n<td><b>Temperatura pracy:<\/b><\/td>\n<td>5 &#8211; 50\u00b0 C<\/td>\n<\/tr>\n<tr>\n<td><b>Wilgotno\u015b\u0107 otoczenia:<\/b><\/td>\n<td>wzgl\u0119dna 5- 95%<\/td>\n<\/tr>\n<tr>\n<td><b>Bezpieczny upadek:<\/b><\/td>\n<td>1,5 m<\/td>\n<\/tr>\n<tr>\n<td><b>Dost\u0119pne interfejsy:<\/b><\/td>\n<td>RS232, USB, emulacja klawiatury<\/td>\n<\/tr>\n<\/tbody>\n<\/table>\n<\/div>\n","protected":false},"excerpt":{"rendered":"<p>Wyj\u0105tkowo lekki i ergonomiczny czytnik r\u0119czny typu linear imager o bardzo dobrych parametrach skanowania. Mo\u017ce pracowa\u0107 w trybie automatycznym lub przy u\u017cyciu du\u017cego, wygodnego przycisku. Rewelacyjna i ekonomiczna propozycja dla ma\u0142ych sklep\u00f3w, lub jako uzupe\u0142nienie czytnik\u00f3w wysokowydajnych w hipermarketach. Ogumowanie czytnika chroni go przed skutkami uderze\u0144, zapobiega mechanicznym uszkodzeniom skanera, a tak\u017ce \u015blizganiu si\u0119 skanera &hellip; <a href=\"https:\/\/www.skelpie.eu\/?page_id=638\" class=\"more-link\">Czytaj dalej <span class=\"screen-reader-text\">Zebex Z-3100<\/span> <span class=\"meta-nav\">&rarr;<\/span><\/a><\/p>\n","protected":false},"author":1,"featured_media":0,"parent":0,"menu_order":0,"comment_status":"closed","ping_status":"closed","template":"","meta":[],"_links":{"self":[{"href":"https:\/\/www.skelpie.eu\/index.php?rest_route=\/wp\/v2\/pages\/638"}],"collection":[{"href":"https:\/\/www.skelpie.eu\/index.php?rest_route=\/wp\/v2\/pages"}],"about":[{"href":"https:\/\/www.skelpie.eu\/index.php?rest_route=\/wp\/v2\/types\/page"}],"author":[{"embeddable":true,"href":"https:\/\/www.skelpie.eu\/index.php?rest_route=\/wp\/v2\/users\/1"}],"replies":[{"embeddable":true,"href":"https:\/\/www.skelpie.eu\/index.php?rest_route=%2Fwp%2Fv2%2Fcomments&post=638"}],"version-history":[{"count":5,"href":"https:\/\/www.skelpie.eu\/index.php?rest_route=\/wp\/v2\/pages\/638\/revisions"}],"predecessor-version":[{"id":654,"href":"https:\/\/www.skelpie.eu\/index.php?rest_route=\/wp\/v2\/pages\/638\/revisions\/654"}],"wp:attachment":[{"href":"https:\/\/www.skelpie.eu\/index.php?rest_route=%2Fwp%2Fv2%2Fmedia&parent=638"}],"curies":[{"name":"wp","href":"https:\/\/api.w.org\/{rel}","templated":true}]}}