{"id":640,"date":"2015-03-02T17:51:03","date_gmt":"2015-03-02T17:51:03","guid":{"rendered":"http:\/\/www.skelpie.eu\/?page_id=640"},"modified":"2015-03-02T17:57:53","modified_gmt":"2015-03-02T17:57:53","slug":"zebex-z-3151hs","status":"publish","type":"page","link":"https:\/\/www.skelpie.eu\/?page_id=640","title":{"rendered":"Zebex Z-3151HS"},"content":{"rendered":"<p><a title=\"Czytnik kod\u00f3w Zebex Z-3151HS\" href=\"http:\/\/www.elzab.com.pl\/files\/z3151.jpg\" target=\"_blank\" rel=\"lightbox\"><img class=\"aligncenter\" src=\"http:\/\/www.elzab.com.pl\/files\/z3151m.jpg\" alt=\"Kliknij, aby powi\u0119kszy\u0107\" \/><\/a><\/p>\n<div id=\"czytnik_cechy\" style=\"text-align: justify;\">Z-3151HS to wysokiej klasy czytnik kod\u00f3w kreskowych. Zastosowana technologia przekszta\u0142ca siedem linii laserowych w jedn\u0105 a pr\u0119dko\u015b\u0107 500 skan\u00f3w na sekund\u0119 gwarantuje nieprzerwan\u0105 prac\u0119 operatora. Ergonomicznie ukszta\u0142towana obudowa sprawia, \u017ce obs\u0142uga czytnika jest intuicyjna i komfortowa. Zaawansowany mechanizm skanuj\u0105cy zapewnia szybki i niezawodny odczyt kod\u00f3w nawet o g\u0119sto\u015bci 5 mil. Czytnik doskonale sprawdza si\u0119 w takim \u015brodowisku jak handel, magazyn czy plac\u00f3wka pocztowa.<\/p>\n<p style=\"text-align: justify;\">Najwa\u017cniejsze cechy:<\/p>\n<ul>\n<li style=\"text-align: justify;\">Potwierdzanie prawid\u0142owego odczytu kod\u00f3w wyrazist\u0105, wbudowan\u0105 diod\u0105 LED<\/li>\n<li style=\"text-align: justify;\">Odczyt wi\u0119kszo\u015bci kod\u00f3w kreskowych 1D w tym GS1 DataBar oraz PDF417<\/li>\n<li style=\"text-align: justify;\">Wytrzyma\u0142a i ergonomiczna obudowa<\/li>\n<li style=\"text-align: justify;\">Odczyt automatyczny na podstawce<\/li>\n<li style=\"text-align: justify;\">Podstawka w komplecie<\/li>\n<\/ul>\n<p>&nbsp;<\/p>\n<table border=\"0\" width=\"95%\" cellspacing=\"0\" cellpadding=\"0\">\n<tbody>\n<tr>\n<td><b>Nazwa:<\/b><\/td>\n<td><b>Z-3151HS<\/b><\/td>\n<\/tr>\n<tr>\n<td><b>Rodzaj czytnika:<\/b><\/td>\n<td><b>Laserowy<\/b><\/td>\n<\/tr>\n<tr>\n<td><b>\u0179r\u00f3d\u0142o \u015bwiat\u0142a:<\/b><\/td>\n<td>dioda laserowa 650nm<\/td>\n<\/tr>\n<tr>\n<td valign=\"top\"><b>Spos\u00f3b wyzwalania odczytu:<\/b><\/td>\n<td>przycisk\/automatyczny<\/td>\n<\/tr>\n<tr>\n<td><b>Odleg\u0142o\u015b\u0107 odczytu:<\/b><\/td>\n<td>max 350mm<\/td>\n<\/tr>\n<tr>\n<td><b>Minimalna\u00a0szer.\u00a0elementu\u00a0kodu:\u00a0\u00a0\u00a0<\/b><\/td>\n<td>b.d.<\/td>\n<\/tr>\n<tr>\n<td><b>Pr\u0119dko\u015b\u0107 odczytu:<\/b><\/td>\n<td>500 linii na sekund\u0119<\/td>\n<\/tr>\n<tr>\n<td><b>Wz\u00f3r skanuj\u0105cy:<\/b><\/td>\n<td>1 linia skanuj\u0105ca<\/td>\n<\/tr>\n<tr>\n<td><b>Sygnalizacja:<\/b><\/td>\n<td>d\u017awi\u0119kowa i optyczna<\/td>\n<\/tr>\n<tr>\n<td><b>Wymiary:<\/b><\/td>\n<td>155,2(wys.) x 58,3(szer.) x 107,8(g\u0142.) mm<\/td>\n<\/tr>\n<tr>\n<td><b>Waga:<\/b><\/td>\n<td>148 g<\/td>\n<\/tr>\n<tr>\n<td><b>Zasilanie:<\/b><\/td>\n<td>5 V; 1,25 W<\/td>\n<\/tr>\n<tr>\n<td><b>Pob\u00f3r pr\u0105du:<\/b><\/td>\n<td>250 mA<\/td>\n<\/tr>\n<tr>\n<td><b>Zasi\u0119g radiowy:<\/b><\/td>\n<td>n.d.<\/td>\n<\/tr>\n<tr>\n<td><b>Temperatura pracy:<\/b><\/td>\n<td>od 0 do 40\u00b0 C<\/td>\n<\/tr>\n<tr>\n<td><b>Wilgotno\u015b\u0107 otoczenia wzgl\u0119dna:<\/b><\/td>\n<td>wzgl\u0119dna 5-95%<\/td>\n<\/tr>\n<tr>\n<td><b>Bezpieczny upadek:<\/b><\/td>\n<td>1 m<\/td>\n<\/tr>\n<tr>\n<td><b>Dost\u0119pne interfejsy:<\/b><\/td>\n<td>USB<\/td>\n<\/tr>\n<tr>\n<td valign=\"top\"><b>Odczyt kod\u00f3w:<\/b><\/td>\n<td><b>1D:<\/b> UPC\/EAN\/JAN, UPC-A &amp; UPC-E, EAN-8 &amp; EAN-13, JAN-8 &amp; JAN-13, ISBN\/ISSN, Code 39, Codabar, Code 128 &amp; EAN 128, Code 93, ITF 2 of 5, IATA Code, MSI, China Postal Code, Code 32, Industrial 2 of 5, Standard 2 of 5, JAP, Code 11, GS1 DataBar, GS1 DataBar Limited, GS1 DataBar Expanded, Telepen<br \/>\n<b>2D:<\/b> PDF 417<\/td>\n<\/tr>\n<\/tbody>\n<\/table>\n<\/div>\n","protected":false},"excerpt":{"rendered":"<p>Z-3151HS to wysokiej klasy czytnik kod\u00f3w kreskowych. Zastosowana technologia przekszta\u0142ca siedem linii laserowych w jedn\u0105 a pr\u0119dko\u015b\u0107 500 skan\u00f3w na sekund\u0119 gwarantuje nieprzerwan\u0105 prac\u0119 operatora. Ergonomicznie ukszta\u0142towana obudowa sprawia, \u017ce obs\u0142uga czytnika jest intuicyjna i komfortowa. Zaawansowany mechanizm skanuj\u0105cy zapewnia szybki i niezawodny odczyt kod\u00f3w nawet o g\u0119sto\u015bci 5 mil. Czytnik doskonale sprawdza si\u0119 w &hellip; <a href=\"https:\/\/www.skelpie.eu\/?page_id=640\" class=\"more-link\">Czytaj dalej <span class=\"screen-reader-text\">Zebex Z-3151HS<\/span> <span class=\"meta-nav\">&rarr;<\/span><\/a><\/p>\n","protected":false},"author":1,"featured_media":0,"parent":0,"menu_order":0,"comment_status":"closed","ping_status":"closed","template":"","meta":[],"_links":{"self":[{"href":"https:\/\/www.skelpie.eu\/index.php?rest_route=\/wp\/v2\/pages\/640"}],"collection":[{"href":"https:\/\/www.skelpie.eu\/index.php?rest_route=\/wp\/v2\/pages"}],"about":[{"href":"https:\/\/www.skelpie.eu\/index.php?rest_route=\/wp\/v2\/types\/page"}],"author":[{"embeddable":true,"href":"https:\/\/www.skelpie.eu\/index.php?rest_route=\/wp\/v2\/users\/1"}],"replies":[{"embeddable":true,"href":"https:\/\/www.skelpie.eu\/index.php?rest_route=%2Fwp%2Fv2%2Fcomments&post=640"}],"version-history":[{"count":3,"href":"https:\/\/www.skelpie.eu\/index.php?rest_route=\/wp\/v2\/pages\/640\/revisions"}],"predecessor-version":[{"id":656,"href":"https:\/\/www.skelpie.eu\/index.php?rest_route=\/wp\/v2\/pages\/640\/revisions\/656"}],"wp:attachment":[{"href":"https:\/\/www.skelpie.eu\/index.php?rest_route=%2Fwp%2Fv2%2Fmedia&parent=640"}],"curies":[{"name":"wp","href":"https:\/\/api.w.org\/{rel}","templated":true}]}}