{"id":643,"date":"2015-03-02T17:52:31","date_gmt":"2015-03-02T17:52:31","guid":{"rendered":"http:\/\/www.skelpie.eu\/?page_id=643"},"modified":"2015-03-02T18:00:04","modified_gmt":"2015-03-02T18:00:04","slug":"voyager-1200g","status":"publish","type":"page","link":"https:\/\/www.skelpie.eu\/?page_id=643","title":{"rendered":"Voyager 1200g"},"content":{"rendered":"<p><a title=\"Voyager 1200g\" href=\"http:\/\/www.elzab.com.pl\/files\/voyager1200g.jpg\" target=\"_blank\" rel=\"lightbox\"><img class=\"aligncenter\" src=\"http:\/\/www.elzab.com.pl\/files\/voyager1200g_m.jpg\" alt=\"Kliknij, aby powi\u0119kszy\u0107\" \/><\/a><\/p>\n<div id=\"czytnik_cechy\" style=\"text-align: justify;\">Na bazie najlepiej sprzedaj\u0105cego si\u0119 na \u015bwiecie czytnika laserowego zosta\u0142a stworzona jego wsp\u00f3\u0142czesna wersja odpowiadaj\u0105ca wysokim wymaganiom rynku.<br \/>\nVoyager 1200g to wysokiej jako\u015bci skaner nawet bardzo uszkodzonych czy wyj\u0105tkowo z\u0142ej jako\u015bci kod\u00f3w. Dekoduje r\u00f3wnie\u017c kody o du\u017cej g\u0119sto\u015bci. Du\u017ca wydajno\u015b\u0107 odczytu zwi\u0119ksza przepustowo\u015b\u0107 wprowadzania danych i minimalizuje ilo\u015b\u0107 b\u0142\u0119d\u00f3w zwi\u0105zanych z r\u0119cznym wprowadzaniem danych, co znacznie usprawnia obs\u0142ug\u0119 klient\u00f3w.Zachowuj\u0105c elegancki futurystyczny kszta\u0142t obudowy zapewniono r\u00f3wnie\u017c odpowiedni\u0105 ergonomi\u0119, kt\u00f3ra pozwala na stosowanie tego skanera w trybie r\u0119cznym (przycisk) lub automatycznym (na podstawce).<br \/>\nZintegrowanie gumowego przycisku i zastosowanie odpornej na zarysowania szybki minimalizuje ilo\u015b\u0107 uszkodze\u0144.<br \/>\nNajwa\u017cniejsze cechy:<\/p>\n<ul>\n<li>odczyt kod\u00f3w 1D (w tym GS1 DataBar), tak\u017ce o du\u017cej g\u0119sto\u015bci (od 3.5 mil),<\/li>\n<li>szybko\u015b\u0107 skanowania &#8211; 100 skan\u00f3w na sekund\u0119,<\/li>\n<li>nowoczesna i ergonomiczna obudowa zgodna z norm\u0105 IP42,<\/li>\n<li>odporno\u015b\u0107 na upadki (30-krotny upadek na beton z wysoko\u015bci 1,5 m),<\/li>\n<li>tryb pracy automatyczny lub r\u0119czny (przy u\u017cyciu przycisku CodeGate),<\/li>\n<li>multiinterfejs: mo\u017cliwo\u015b\u0107 wymiennego u\u017cycia interfejs\u00f3w KBW lub USB, poprzez zmian\u0119 kabla &#8211; identyfikacja i konfiguracja interfejs\u00f3w przebiegaj\u0105 automatycznie.<\/li>\n<\/ul>\n<p><b>Dost\u0119pne opcje<\/b><\/p>\n<p>Obudowa w kolorze czarnym lub szarym<\/p>\n<p>Interfejsy: KBW, USB<\/p>\n<p>&nbsp;<\/p>\n<table border=\"0\" width=\"75%\" cellspacing=\"0\" cellpadding=\"0\">\n<tbody>\n<tr>\n<td><b>Nazwa:<\/b><\/td>\n<td><b>Voyager 1200g<\/b><\/td>\n<\/tr>\n<tr>\n<td><b>Rodzaj czytnika:<\/b><\/td>\n<td><b>laserowy<\/b><\/td>\n<\/tr>\n<tr>\n<td><b>\u0179r\u00f3d\u0142o \u015bwiat\u0142a:<\/b><\/td>\n<td>dioda laserowa 645-660nm<\/td>\n<\/tr>\n<tr>\n<td valign=\"top\"><b>Spos\u00f3b wyzwalania odczytu:<\/b><\/td>\n<td>przycisk\/automatyczny<\/td>\n<\/tr>\n<tr>\n<td><b>Odleg\u0142o\u015b\u0107 odczytu:<\/b><\/td>\n<td>max 367 mm<\/td>\n<\/tr>\n<tr>\n<td><b>Minimalna szer. elementu kodu:<\/b><\/td>\n<td>0,089 mm<\/td>\n<\/tr>\n<tr>\n<td><b>Pr\u0119dko\u015b\u0107 odczytu:<\/b><\/td>\n<td>100 linii na sekund\u0119<\/td>\n<\/tr>\n<tr>\n<td><b>Wz\u00f3r skanuj\u0105cy:<\/b><\/td>\n<td>1 linia skanuj\u0105ca<\/td>\n<\/tr>\n<tr>\n<td><b>Sygnalizacja:<\/b><\/td>\n<td>d\u017awi\u0119kowa i optyczna<\/td>\n<\/tr>\n<tr>\n<td><b>Wymiary:<\/b><\/td>\n<td>180 x 66 x 97 mm<\/td>\n<\/tr>\n<tr>\n<td><b>Waga:<\/b><\/td>\n<td>125 g<\/td>\n<\/tr>\n<tr>\n<td><b>Zasilanie:<\/b><\/td>\n<td>5 V, 700 mW<\/td>\n<\/tr>\n<tr>\n<td><b>Pob\u00f3r pr\u0105du:<\/b><\/td>\n<td>140 mA<\/td>\n<\/tr>\n<tr>\n<td><b>Temperatura pracy:<\/b><\/td>\n<td>5 &#8211; 40\u00b0 C<\/td>\n<\/tr>\n<tr>\n<td><b>Wilgotno\u015b\u0107 otoczenia wzgl\u0119dna:<\/b><\/td>\n<td>0 &#8211; 95%<\/td>\n<\/tr>\n<tr>\n<td><b>Bezpieczny upadek:<\/b><\/td>\n<td>1,5 m<\/td>\n<\/tr>\n<tr>\n<td><b>Dost\u0119pne interfejsy:<\/b><\/td>\n<td>USB, emulacja klawiatury<\/td>\n<\/tr>\n<\/tbody>\n<\/table>\n<\/div>\n","protected":false},"excerpt":{"rendered":"<p>Na bazie najlepiej sprzedaj\u0105cego si\u0119 na \u015bwiecie czytnika laserowego zosta\u0142a stworzona jego wsp\u00f3\u0142czesna wersja odpowiadaj\u0105ca wysokim wymaganiom rynku. Voyager 1200g to wysokiej jako\u015bci skaner nawet bardzo uszkodzonych czy wyj\u0105tkowo z\u0142ej jako\u015bci kod\u00f3w. Dekoduje r\u00f3wnie\u017c kody o du\u017cej g\u0119sto\u015bci. Du\u017ca wydajno\u015b\u0107 odczytu zwi\u0119ksza przepustowo\u015b\u0107 wprowadzania danych i minimalizuje ilo\u015b\u0107 b\u0142\u0119d\u00f3w zwi\u0105zanych z r\u0119cznym wprowadzaniem danych, co &hellip; <a href=\"https:\/\/www.skelpie.eu\/?page_id=643\" class=\"more-link\">Czytaj dalej <span class=\"screen-reader-text\">Voyager 1200g<\/span> <span class=\"meta-nav\">&rarr;<\/span><\/a><\/p>\n","protected":false},"author":1,"featured_media":0,"parent":0,"menu_order":0,"comment_status":"closed","ping_status":"closed","template":"","meta":[],"_links":{"self":[{"href":"https:\/\/www.skelpie.eu\/index.php?rest_route=\/wp\/v2\/pages\/643"}],"collection":[{"href":"https:\/\/www.skelpie.eu\/index.php?rest_route=\/wp\/v2\/pages"}],"about":[{"href":"https:\/\/www.skelpie.eu\/index.php?rest_route=\/wp\/v2\/types\/page"}],"author":[{"embeddable":true,"href":"https:\/\/www.skelpie.eu\/index.php?rest_route=\/wp\/v2\/users\/1"}],"replies":[{"embeddable":true,"href":"https:\/\/www.skelpie.eu\/index.php?rest_route=%2Fwp%2Fv2%2Fcomments&post=643"}],"version-history":[{"count":2,"href":"https:\/\/www.skelpie.eu\/index.php?rest_route=\/wp\/v2\/pages\/643\/revisions"}],"predecessor-version":[{"id":659,"href":"https:\/\/www.skelpie.eu\/index.php?rest_route=\/wp\/v2\/pages\/643\/revisions\/659"}],"wp:attachment":[{"href":"https:\/\/www.skelpie.eu\/index.php?rest_route=%2Fwp%2Fv2%2Fmedia&parent=643"}],"curies":[{"name":"wp","href":"https:\/\/api.w.org\/{rel}","templated":true}]}}