{"id":649,"date":"2015-03-02T17:54:09","date_gmt":"2015-03-02T17:54:09","guid":{"rendered":"http:\/\/www.skelpie.eu\/?page_id=649"},"modified":"2015-03-02T18:01:18","modified_gmt":"2015-03-02T18:01:18","slug":"ls-2208","status":"publish","type":"page","link":"https:\/\/www.skelpie.eu\/?page_id=649","title":{"rendered":"LS 2208"},"content":{"rendered":"<p><img class=\"aligncenter\" src=\"http:\/\/www.elzab.com.pl\/files\/ls2208_.jpg\" alt=\"LS 2208 - r\u0119czny czytnik laserowy\" border=\"0\" \/><\/p>\n<div id=\"ls_cechy\" style=\"text-align: justify;\"><b>LS 2208<\/b> &#8211; r\u0119czny czytnik laserowy uznanej w \u015bwiecie kod\u00f3w kreskowych marki MOTOROLA (d. SYMBOL).Trwa\u0142a konstrukcja, obudowa z dodatkowymi gumowymi zabezpieczeniami i odporna na zarysowania szybka to cechy, kt\u00f3re predestynuj\u0105 do ci\u0105g\u0142ego, codziennego zastosowania.Uk\u0142ad optyczny umo\u017cliwia odczyt kod\u00f3w z odleg\u0142o\u015bci wi\u0119kszej ni\u017c w przypadku wi\u0119kszo\u015bci czytnik\u00f3w r\u0119cznych, co znacznie usprawnia proces skanowania. LS 2208 jest lekki, posiada ergonomiczny kszta\u0142t i niewielkie wymiary. Mo\u017ce pracowa\u0107 w trybie r\u0119cznym (przycisk) lub prezentacyjnym (na podstawce)- wtedy odczyt nast\u0119puje automatycznie.<\/p>\n<p>Najwa\u017cniejsze cechy:<\/p>\n<ul>\n<li>odczyt kod\u00f3w z odleg\u0142o\u015bci do 43 cm,<\/li>\n<li>praca w trybie automatycznym lub przy u\u017cyciu przycisku,<\/li>\n<li>ergonomiczny kszta\u0142t i trwa\u0142a obudowa.<\/li>\n<\/ul>\n<p>&nbsp;<\/p>\n<table border=\"0\" width=\"95%\" cellspacing=\"0\" cellpadding=\"0\">\n<tbody>\n<tr>\n<td><b>Nazwa:<\/b><\/td>\n<td><b>LS 2208<\/b><\/td>\n<\/tr>\n<tr>\n<td><b>Rodzaj czytnika:<\/b><\/td>\n<td><b>r\u0119czny laserowy<\/b><\/td>\n<\/tr>\n<tr>\n<td><b>\u0179r\u00f3d\u0142o \u015bwiat\u0142a:<\/b><\/td>\n<td>dioda laserowa, d\u0142ugo\u015b\u0107 fali 650 nm<\/td>\n<\/tr>\n<tr>\n<td valign=\"top\"><b>Spos\u00f3b wyzwalania odczytu:<\/b><\/td>\n<td>przycisk lub automatyczny (wy\u0142\u0105cznie na podstawce)<\/td>\n<\/tr>\n<tr>\n<td><b>Odleg\u0142o\u015b\u0107 odczytu:<\/b><\/td>\n<td>max 430 mm<\/td>\n<\/tr>\n<tr>\n<td><b>Minimalna szer. elementu kodu:<\/b><\/td>\n<td>b.d.<\/td>\n<\/tr>\n<tr>\n<td><b>Pr\u0119dko\u015b\u0107 odczytu:<\/b><\/td>\n<td>100 skan\u00f3w\/s<\/td>\n<\/tr>\n<tr>\n<td><b>Wz\u00f3r skanuj\u0105cy:<\/b><\/td>\n<td>n.d.<\/td>\n<\/tr>\n<tr>\n<td><b>Sygnalizacja:<\/b><\/td>\n<td>d\u017awi\u0119kowa i optyczna<\/td>\n<\/tr>\n<tr>\n<td><b>Wymiary:<\/b><\/td>\n<td>152 x 63 x 84 mm<\/td>\n<\/tr>\n<tr>\n<td><b>Waga:<\/b><\/td>\n<td>146 g (bez kabla)<\/td>\n<\/tr>\n<tr>\n<td><b>Zasilanie:<\/b><\/td>\n<td>5,2 V<\/td>\n<\/tr>\n<tr>\n<td><b>Pob\u00f3r pr\u0105du:<\/b><\/td>\n<td>max 175 mA<\/td>\n<\/tr>\n<tr>\n<td><b>Temperatura pracy:<\/b><\/td>\n<td>0 &#8211; 50\u00b0 C<\/td>\n<\/tr>\n<tr>\n<td><b>Wilgotno\u015b\u0107 otoczenia:<\/b><\/td>\n<td>wzgl\u0119dna 5- 95%<\/td>\n<\/tr>\n<tr>\n<td><b>Bezpieczny upadek:<\/b><\/td>\n<td>1,5 m<\/td>\n<\/tr>\n<tr>\n<td><b>Dost\u0119pne interfejsy:<\/b><\/td>\n<td>RS 232, USB, emulacja klawiatury<\/td>\n<\/tr>\n<\/tbody>\n<\/table>\n<\/div>\n","protected":false},"excerpt":{"rendered":"<p>LS 2208 &#8211; r\u0119czny czytnik laserowy uznanej w \u015bwiecie kod\u00f3w kreskowych marki MOTOROLA (d. SYMBOL).Trwa\u0142a konstrukcja, obudowa z dodatkowymi gumowymi zabezpieczeniami i odporna na zarysowania szybka to cechy, kt\u00f3re predestynuj\u0105 do ci\u0105g\u0142ego, codziennego zastosowania.Uk\u0142ad optyczny umo\u017cliwia odczyt kod\u00f3w z odleg\u0142o\u015bci wi\u0119kszej ni\u017c w przypadku wi\u0119kszo\u015bci czytnik\u00f3w r\u0119cznych, co znacznie usprawnia proces skanowania. LS 2208 jest &hellip; <a href=\"https:\/\/www.skelpie.eu\/?page_id=649\" class=\"more-link\">Czytaj dalej <span class=\"screen-reader-text\">LS 2208<\/span> <span class=\"meta-nav\">&rarr;<\/span><\/a><\/p>\n","protected":false},"author":1,"featured_media":0,"parent":0,"menu_order":0,"comment_status":"closed","ping_status":"closed","template":"","meta":[],"_links":{"self":[{"href":"https:\/\/www.skelpie.eu\/index.php?rest_route=\/wp\/v2\/pages\/649"}],"collection":[{"href":"https:\/\/www.skelpie.eu\/index.php?rest_route=\/wp\/v2\/pages"}],"about":[{"href":"https:\/\/www.skelpie.eu\/index.php?rest_route=\/wp\/v2\/types\/page"}],"author":[{"embeddable":true,"href":"https:\/\/www.skelpie.eu\/index.php?rest_route=\/wp\/v2\/users\/1"}],"replies":[{"embeddable":true,"href":"https:\/\/www.skelpie.eu\/index.php?rest_route=%2Fwp%2Fv2%2Fcomments&post=649"}],"version-history":[{"count":3,"href":"https:\/\/www.skelpie.eu\/index.php?rest_route=\/wp\/v2\/pages\/649\/revisions"}],"predecessor-version":[{"id":662,"href":"https:\/\/www.skelpie.eu\/index.php?rest_route=\/wp\/v2\/pages\/649\/revisions\/662"}],"wp:attachment":[{"href":"https:\/\/www.skelpie.eu\/index.php?rest_route=%2Fwp%2Fv2%2Fmedia&parent=649"}],"curies":[{"name":"wp","href":"https:\/\/api.w.org\/{rel}","templated":true}]}}