{"id":657,"date":"2015-03-02T17:59:05","date_gmt":"2015-03-02T17:59:05","guid":{"rendered":"http:\/\/www.skelpie.eu\/?page_id=657"},"modified":"2015-03-02T17:59:05","modified_gmt":"2015-03-02T17:59:05","slug":"zebex-z-3190","status":"publish","type":"page","link":"https:\/\/www.skelpie.eu\/?page_id=657","title":{"rendered":"Zebex Z-3190"},"content":{"rendered":"<p><a title=\"Czytnik kod\u00f3w Zebex Z-3190\" href=\"http:\/\/www.elzab.com.pl\/files\/zebex_z3190.jpg\" target=\"_blank\" rel=\"lightbox\"><img class=\"aligncenter\" src=\"http:\/\/www.elzab.com.pl\/files\/zebex_z3190m.jpg\" alt=\"Kliknij, aby powi\u0119kszy\u0107\" \/><\/a><\/p>\n<div id=\"czytnik_cechy\" style=\"text-align: justify;\">Doskona\u0142ej jako\u015bci czytnik kod\u00f3w kreskowych typu linear imager. Zaawansowana technologia dekodowania Ultrascan zapewnia precyzyjny odczyt kod\u00f3w 1D w tym GS1 DataBar. Wysoka wydajno\u015b\u0107 skanowania na poziomie 330 skan\u00f3w na sekund\u0119 umo\u017cliwia p\u0142ynn\u0105 prac\u0119 na stanowisku kasowym. Odczyt kodu mo\u017ce nast\u0105pi\u0107 po naci\u015bni\u0119ciu przycisku b\u0105d\u017a automatycznie po od\u0142o\u017ceniu na podstawk\u0119.Gumowe elementy obudowy zapobiegaj\u0105 przypadkowemu upuszczeniu czytnika oraz chroni\u0105 przed uszkodzeniami mechanicznymi. Klasa szczelno\u015bci IP41 gwarantuje niezawodn\u0105 prac\u0119 w takich \u015brodowiskach jak biuro, sklep czy magazyn.<\/p>\n<p>Najwa\u017cniejsze cechy:<\/p>\n<ul>\n<li>Odczyt kod\u00f3w 1D w tym GS1 DataBar<\/li>\n<li>Automatyczny odczyt kod\u00f3w na podstawce<\/li>\n<li>Podstawka w komplecie<\/li>\n<li>Odporny na upadek z wysoko\u015bci 1,5m<\/li>\n<li>Zasilacz jako opcja<\/li>\n<\/ul>\n<p>&nbsp;<\/p>\n<table border=\"0\" width=\"95%\" cellspacing=\"0\" cellpadding=\"0\">\n<tbody>\n<tr>\n<td><b>Nazwa:<\/b><\/td>\n<td><b>Z-3190<\/b><\/td>\n<\/tr>\n<tr>\n<td><b>Rodzaj czytnika:<\/b><\/td>\n<td><b>linear imager<\/b><\/td>\n<\/tr>\n<tr>\n<td><b>\u0179r\u00f3d\u0142o \u015bwiat\u0142a:<\/b><\/td>\n<td>red LED 617nm<\/td>\n<\/tr>\n<tr>\n<td valign=\"top\"><b>Spos\u00f3b wyzwalania odczytu:<\/b><\/td>\n<td>przycisk\/automatyczny<\/td>\n<\/tr>\n<tr>\n<td><b>Odleg\u0142o\u015b\u0107 odczytu:<\/b><\/td>\n<td>max 320mm<\/td>\n<\/tr>\n<tr>\n<td><b>Minimalna\u00a0szer.\u00a0elementu\u00a0kodu:\u00a0\u00a0\u00a0<\/b><\/td>\n<td>0,07 mm (3mil, Code39)<\/td>\n<\/tr>\n<tr>\n<td><b>Pr\u0119dko\u015b\u0107 odczytu:<\/b><\/td>\n<td>330 skan\u00f3w\/s<\/td>\n<\/tr>\n<tr>\n<td><b>Wz\u00f3r skanuj\u0105cy:<\/b><\/td>\n<td>b.d.<\/td>\n<\/tr>\n<tr>\n<td><b>Sygnalizacja:<\/b><\/td>\n<td>d\u017awi\u0119kowa i optyczna<\/td>\n<\/tr>\n<tr>\n<td><b>Wymiary:<\/b><\/td>\n<td>147 x 62 x 114,5 mm<\/td>\n<\/tr>\n<tr>\n<td><b>Waga:<\/b><\/td>\n<td>120 g<\/td>\n<\/tr>\n<tr>\n<td><b>Zasilanie:<\/b><\/td>\n<td>5 V<\/td>\n<\/tr>\n<tr>\n<td><b>Pob\u00f3r pr\u0105du:<\/b><\/td>\n<td>max 600 mA<\/td>\n<\/tr>\n<tr>\n<td><b>Zasi\u0119g radiowy:<\/b><\/td>\n<td>n.d.<\/td>\n<\/tr>\n<tr>\n<td><b>Temperatura pracy:<\/b><\/td>\n<td>od 0 do 50\u00b0 C<\/td>\n<\/tr>\n<tr>\n<td><b>Wilgotno\u015b\u0107 otoczenia wzgl\u0119dna:<\/b><\/td>\n<td>wzgl\u0119dna 5-95%<\/td>\n<\/tr>\n<tr>\n<td><b>Bezpieczny upadek:<\/b><\/td>\n<td>1,5 m<\/td>\n<\/tr>\n<tr>\n<td><b>Dost\u0119pne interfejsy:<\/b><\/td>\n<td>KB, RS232, USB<\/td>\n<\/tr>\n<tr>\n<td valign=\"top\"><b>Odczyt kod\u00f3w:<\/b><\/td>\n<td><b>1D:<\/b> UPC\/EAN\/JAN, UPC-A &amp; UPC-E, EAN-8 &amp; EAN-13, JAN-8 &amp; JAN-13, ISBN\/ISSN, Code 39, Codabar, Code 128 &amp; EAN 128, Code 93,ITF, Addendum 2 of 5, IATA Code, MSI\/Plessy, China Postal Code, Code 32, Industrial 2 of 5, Standard 2 of 5, DTF, JAP, Code 11, RSS 14, RSS Limited, RSS Expanded<\/td>\n<\/tr>\n<\/tbody>\n<\/table>\n<\/div>\n","protected":false},"excerpt":{"rendered":"<p>Doskona\u0142ej jako\u015bci czytnik kod\u00f3w kreskowych typu linear imager. Zaawansowana technologia dekodowania Ultrascan zapewnia precyzyjny odczyt kod\u00f3w 1D w tym GS1 DataBar. Wysoka wydajno\u015b\u0107 skanowania na poziomie 330 skan\u00f3w na sekund\u0119 umo\u017cliwia p\u0142ynn\u0105 prac\u0119 na stanowisku kasowym. Odczyt kodu mo\u017ce nast\u0105pi\u0107 po naci\u015bni\u0119ciu przycisku b\u0105d\u017a automatycznie po od\u0142o\u017ceniu na podstawk\u0119.Gumowe elementy obudowy zapobiegaj\u0105 przypadkowemu upuszczeniu czytnika &hellip; <a href=\"https:\/\/www.skelpie.eu\/?page_id=657\" class=\"more-link\">Czytaj dalej <span class=\"screen-reader-text\">Zebex Z-3190<\/span> <span class=\"meta-nav\">&rarr;<\/span><\/a><\/p>\n","protected":false},"author":1,"featured_media":0,"parent":0,"menu_order":0,"comment_status":"closed","ping_status":"closed","template":"","meta":[],"_links":{"self":[{"href":"https:\/\/www.skelpie.eu\/index.php?rest_route=\/wp\/v2\/pages\/657"}],"collection":[{"href":"https:\/\/www.skelpie.eu\/index.php?rest_route=\/wp\/v2\/pages"}],"about":[{"href":"https:\/\/www.skelpie.eu\/index.php?rest_route=\/wp\/v2\/types\/page"}],"author":[{"embeddable":true,"href":"https:\/\/www.skelpie.eu\/index.php?rest_route=\/wp\/v2\/users\/1"}],"replies":[{"embeddable":true,"href":"https:\/\/www.skelpie.eu\/index.php?rest_route=%2Fwp%2Fv2%2Fcomments&post=657"}],"version-history":[{"count":1,"href":"https:\/\/www.skelpie.eu\/index.php?rest_route=\/wp\/v2\/pages\/657\/revisions"}],"predecessor-version":[{"id":658,"href":"https:\/\/www.skelpie.eu\/index.php?rest_route=\/wp\/v2\/pages\/657\/revisions\/658"}],"wp:attachment":[{"href":"https:\/\/www.skelpie.eu\/index.php?rest_route=%2Fwp%2Fv2%2Fmedia&parent=657"}],"curies":[{"name":"wp","href":"https:\/\/api.w.org\/{rel}","templated":true}]}}