{"id":663,"date":"2015-03-02T18:02:31","date_gmt":"2015-03-02T18:02:31","guid":{"rendered":"http:\/\/www.skelpie.eu\/?page_id=663"},"modified":"2015-03-02T18:02:31","modified_gmt":"2015-03-02T18:02:31","slug":"quickscan-i-lite-qw2100","status":"publish","type":"page","link":"https:\/\/www.skelpie.eu\/?page_id=663","title":{"rendered":"QuickScan I Lite QW2100"},"content":{"rendered":"<p><a title=\"QuickScan I Lite QW2100\" href=\"http:\/\/www.elzab.com.pl\/files\/quickscan_i_lite_qw2100.jpg\" target=\"_blank\" rel=\"lightbox\"><img class=\"aligncenter\" src=\"http:\/\/www.elzab.com.pl\/files\/quickscan_i_lite_qw2100m.jpg\" alt=\"Kliknij, aby powi\u0119kszy\u0107\" \/><\/a><\/p>\n<p style=\"text-align: justify;\">QuickScan I Lite to czytnik dedykowany do pracy w handlu detalicznym, biurze lub sektorze bankowym. Ergonomiczny kszta\u0142t zapewnia wygod\u0119 u\u017cytkowania podczas codziennej obs\u0142ugi. Szeroki k\u0105t skanowania umo\u017cliwia bezb\u0142\u0119dny odczyt kod\u00f3w d\u0142ugich stosowanych na rachunkach b\u0105d\u017a dokumentach bankowych. Opatentowana technologia \u201eGreen Spot\u201d potwierdza odczyt kodu kreskowego. Specjalnie zaprojektowany stojak umo\u017cliwia ustawienie skanera zgodnie z preferencjami operatora.<\/p>\n<div id=\"czytnik_cechy\">\nNajwa\u017cniejsze cechy:<\/p>\n<ul compact=\"compact\">\n<li>Szeroki k\u0105t skanowania<\/li>\n<li>Odczyt kod\u00f3w 1D (w tym GS1 DataBar)<\/li>\n<li>Ergonomiczny kszta\u0142t obudowy<\/li>\n<li>Podstawka w standardzie<\/li>\n<\/ul>\n<p>&nbsp;<\/p>\n<table border=\"0\" width=\"75%\" cellspacing=\"0\" cellpadding=\"0\">\n<tbody>\n<tr>\n<td><b>Nazwa:<\/b><\/td>\n<td><b>QuickScan I Lite QW2100<\/b><\/td>\n<\/tr>\n<tr>\n<td><b>Rodzaj czytnika:<\/b><\/td>\n<td><b>linear imager<\/b><\/td>\n<\/tr>\n<tr>\n<td><b>\u0179r\u00f3d\u0142o \u015bwiat\u0142a:<\/b><\/td>\n<td>LED 610-650 nm<\/td>\n<\/tr>\n<tr>\n<td><b>Spos\u00f3b wyzwalania odczytu:<\/b><\/td>\n<td>przycisk\/automatyczny<\/td>\n<\/tr>\n<tr>\n<td><b>Odleg\u0142o\u015b\u0107 odczytu:<\/b><\/td>\n<td>max 600 mm<\/td>\n<\/tr>\n<tr>\n<td><b>Minimalna szer. elementu kodu:<\/b><\/td>\n<td>0,102 mm<\/td>\n<\/tr>\n<tr>\n<td><b>Pr\u0119dko\u015b\u0107 odczytu:<\/b><\/td>\n<td>400 linii na sekund\u0119<\/td>\n<\/tr>\n<tr>\n<td><b>Wz\u00f3r skanuj\u0105cy:<\/b><\/td>\n<td>1 linia skanuj\u0105ca<\/td>\n<\/tr>\n<tr>\n<td><b>Sygnalizacja:<\/b><\/td>\n<td>d\u017awi\u0119kowa i optyczna<\/td>\n<\/tr>\n<tr>\n<td><b>Wymiary:<\/b><\/td>\n<td>170 x 65 x 70 mm<\/td>\n<\/tr>\n<tr>\n<td><b>Waga:<\/b><\/td>\n<td>119 g<\/td>\n<\/tr>\n<tr>\n<td><b>Zasilanie:<\/b><\/td>\n<td>5 V<\/td>\n<\/tr>\n<tr>\n<td><b>Pob\u00f3r pr\u0105du:<\/b><\/td>\n<td>340 mA<\/td>\n<\/tr>\n<tr>\n<td><b>Temperatura pracy:<\/b><\/td>\n<td>od 0 do 50\u00b0 C<\/td>\n<\/tr>\n<tr>\n<td><b>Wilgotno\u015b\u0107 otoczenia:<\/b><\/td>\n<td>wzgl\u0119dna 5- 95%<\/td>\n<\/tr>\n<tr>\n<td><b>Bezpieczny upadek:<\/b><\/td>\n<td>1,5 m<\/td>\n<\/tr>\n<tr>\n<td><b>Dost\u0119pne interfejsy:<\/b><\/td>\n<td>USB<\/td>\n<\/tr>\n<\/tbody>\n<\/table>\n<\/div>\n","protected":false},"excerpt":{"rendered":"<p>QuickScan I Lite to czytnik dedykowany do pracy w handlu detalicznym, biurze lub sektorze bankowym. Ergonomiczny kszta\u0142t zapewnia wygod\u0119 u\u017cytkowania podczas codziennej obs\u0142ugi. Szeroki k\u0105t skanowania umo\u017cliwia bezb\u0142\u0119dny odczyt kod\u00f3w d\u0142ugich stosowanych na rachunkach b\u0105d\u017a dokumentach bankowych. Opatentowana technologia \u201eGreen Spot\u201d potwierdza odczyt kodu kreskowego. Specjalnie zaprojektowany stojak umo\u017cliwia ustawienie skanera zgodnie z preferencjami operatora. &hellip; <a href=\"https:\/\/www.skelpie.eu\/?page_id=663\" class=\"more-link\">Czytaj dalej <span class=\"screen-reader-text\">QuickScan I Lite QW2100<\/span> <span class=\"meta-nav\">&rarr;<\/span><\/a><\/p>\n","protected":false},"author":1,"featured_media":0,"parent":0,"menu_order":0,"comment_status":"closed","ping_status":"closed","template":"","meta":[],"_links":{"self":[{"href":"https:\/\/www.skelpie.eu\/index.php?rest_route=\/wp\/v2\/pages\/663"}],"collection":[{"href":"https:\/\/www.skelpie.eu\/index.php?rest_route=\/wp\/v2\/pages"}],"about":[{"href":"https:\/\/www.skelpie.eu\/index.php?rest_route=\/wp\/v2\/types\/page"}],"author":[{"embeddable":true,"href":"https:\/\/www.skelpie.eu\/index.php?rest_route=\/wp\/v2\/users\/1"}],"replies":[{"embeddable":true,"href":"https:\/\/www.skelpie.eu\/index.php?rest_route=%2Fwp%2Fv2%2Fcomments&post=663"}],"version-history":[{"count":1,"href":"https:\/\/www.skelpie.eu\/index.php?rest_route=\/wp\/v2\/pages\/663\/revisions"}],"predecessor-version":[{"id":664,"href":"https:\/\/www.skelpie.eu\/index.php?rest_route=\/wp\/v2\/pages\/663\/revisions\/664"}],"wp:attachment":[{"href":"https:\/\/www.skelpie.eu\/index.php?rest_route=%2Fwp%2Fv2%2Fmedia&parent=663"}],"curies":[{"name":"wp","href":"https:\/\/api.w.org\/{rel}","templated":true}]}}