{"id":667,"date":"2015-03-02T18:03:59","date_gmt":"2015-03-02T18:03:59","guid":{"rendered":"http:\/\/www.skelpie.eu\/?page_id=667"},"modified":"2015-03-02T18:03:59","modified_gmt":"2015-03-02T18:03:59","slug":"quickscan-i-qd2400-2d","status":"publish","type":"page","link":"https:\/\/www.skelpie.eu\/?page_id=667","title":{"rendered":"QuickScan I QD2400 2D"},"content":{"rendered":"<p><a title=\"QuickScan I QD2400 2D\" href=\"http:\/\/www.elzab.com.pl\/files\/quickscan_qd2400.jpg\" target=\"_blank\" rel=\"lightbox\"><img class=\"aligncenter\" src=\"http:\/\/www.elzab.com.pl\/files\/quickscan_qd2400m.jpg\" alt=\"Kliknij, aby powi\u0119kszy\u0107\" \/><\/a><\/p>\n<p style=\"text-align: justify;\">Czytnik QuickScan I QD2400 2D zosta\u0142 stworzony z my\u015bl\u0105 o zaspokojeniu potrzeb sprzedawc\u00f3w w zakresie odczytu praktycznie wszystkich kod\u00f3w kreskowych. Eleganckie detale konstrukcyjne zosta\u0142y zawarte w ma\u0142ej, wywa\u017conej i lekkiej obudowie. W czytniku QuickScan I QD2400, doskonale dopasowanym do warunk\u00f3w panuj\u0105cych w punktach sprzeda\u017cy, zastosowano system pod\u015bwietlenia i celowania, stworzony z zamiarem ograniczenia obci\u0105\u017cenia wzroku operatora wykonuj\u0105cego skanowanie.<\/p>\n<div id=\"czytnik_cechy\">\n<p style=\"text-align: justify;\">QuickScan I QD2400 mo\u017ce odczytywa\u0107 typowe liniowe kody kreskowe, jak r\u00f3wnie\u017c z\u0142o\u017cone kody kreskowe 2D, wy\u015bwietlane na ekranach urz\u0105dze\u0144 mobilnych lub umieszczane na kartach lojalno\u015bciowych.<br \/>\nTechnologia area imager cechuje si\u0119 tak\u0105 sam\u0105 lub wy\u017csz\u0105 wydajno\u015bci\u0105 ni\u017c technologia laserowa, ale skanery z jej zastosowaniem s\u0105 ta\u0144sze i bardziej niezawodne w d\u0142u\u017cszym okresie czasu.<\/p>\n<p>Najwa\u017cniejsze cechy:<\/p>\n<ul compact=\"compact\">\n<li>Odczyt kod\u00f3w 1D oraz 2D<\/li>\n<li>Opatentowana przez Datalogic technologia \u201eGreen Spot\u201d informuj\u0105ca o prawid\u0142owym odczycie<\/li>\n<li>Norma szczelno\u015bci IP42<\/li>\n<li>Odporno\u015b\u0107 na upadek z wysoko\u015bci 1,5m<\/li>\n<\/ul>\n<p>&nbsp;<\/p>\n<table border=\"0\" width=\"95%\" cellspacing=\"0\" cellpadding=\"0\">\n<tbody>\n<tr>\n<td><b>Nazwa:<\/b><\/td>\n<td><b>QuickScan I QD2400 2D<\/b><\/td>\n<\/tr>\n<tr>\n<td><b>Rodzaj czytnika:<\/b><\/td>\n<td><b>area imager<\/b><\/td>\n<\/tr>\n<tr>\n<td><b>\u0179r\u00f3d\u0142o \u015bwiat\u0142a:<\/b><\/td>\n<td>red LED 610-650 nm<\/td>\n<\/tr>\n<tr>\n<td><b>Spos\u00f3b wyzwalania odczytu:<\/b><\/td>\n<td>przycisk<\/td>\n<\/tr>\n<tr>\n<td><b>Odleg\u0142o\u015b\u0107 odczytu:<\/b><\/td>\n<td>max 350 mm<\/td>\n<\/tr>\n<tr>\n<td><b>Minimalna\u00a0szer.\u00a0elementu\u00a0kodu:\u00a0\u00a0<\/b><\/td>\n<td>0,102 mm<\/td>\n<\/tr>\n<tr>\n<td><b>Pr\u0119dko\u015b\u0107 odczytu:<\/b><\/td>\n<td>b.d.<\/td>\n<\/tr>\n<tr>\n<td><b>Wz\u00f3r skanuj\u0105cy:<\/b><\/td>\n<td>wielokierunkowy<\/td>\n<\/tr>\n<tr>\n<td><b>Sygnalizacja:<\/b><\/td>\n<td>d\u017awi\u0119kowa i optyczna<\/td>\n<\/tr>\n<tr>\n<td><b>Wymiary:<\/b><\/td>\n<td>163 x 91 x 41 mm<\/td>\n<\/tr>\n<tr>\n<td><b>Waga:<\/b><\/td>\n<td>145 g<\/td>\n<\/tr>\n<tr>\n<td><b>Zasilanie:<\/b><\/td>\n<td>5 V<\/td>\n<\/tr>\n<tr>\n<td><b>Pob\u00f3r pr\u0105du:<\/b><\/td>\n<td>max 140 mA<\/td>\n<\/tr>\n<tr>\n<td><b>Temperatura pracy:<\/b><\/td>\n<td>od 0 do 50\u00b0 C<\/td>\n<\/tr>\n<tr>\n<td><b>Wilgotno\u015b\u0107 otoczenia:<\/b><\/td>\n<td>wzgl\u0119dna 0-95%<\/td>\n<\/tr>\n<tr>\n<td><b>Bezpieczny upadek:<\/b><\/td>\n<td>1,5 m<\/td>\n<\/tr>\n<tr>\n<td><b>Dost\u0119pne interfejsy:<\/b><\/td>\n<td>USB<\/td>\n<\/tr>\n<tr>\n<td valign=\"top\"><b>Odczyt kod\u00f3w:<\/b><\/td>\n<td><b>1D:<\/b> automatyczne rozr\u00f3\u017cnianie wszystkich standardowych kod\u00f3w 1D, w tym kod\u00f3w liniowych GS1 DataBar\u2122, MacroPDF; MicroPDF417; PDF417; kody kompozytowe UPC A\/E<br \/>\n<b>2D:<\/b> kody Aztec; Aztec Mesas; Data Matrix; MaxiCode;<br \/>\nkody QR, kody Micro QR; kody China Han Xin<\/td>\n<\/tr>\n<\/tbody>\n<\/table>\n<\/div>\n","protected":false},"excerpt":{"rendered":"<p>Czytnik QuickScan I QD2400 2D zosta\u0142 stworzony z my\u015bl\u0105 o zaspokojeniu potrzeb sprzedawc\u00f3w w zakresie odczytu praktycznie wszystkich kod\u00f3w kreskowych. Eleganckie detale konstrukcyjne zosta\u0142y zawarte w ma\u0142ej, wywa\u017conej i lekkiej obudowie. W czytniku QuickScan I QD2400, doskonale dopasowanym do warunk\u00f3w panuj\u0105cych w punktach sprzeda\u017cy, zastosowano system pod\u015bwietlenia i celowania, stworzony z zamiarem ograniczenia obci\u0105\u017cenia wzroku &hellip; <a href=\"https:\/\/www.skelpie.eu\/?page_id=667\" class=\"more-link\">Czytaj dalej <span class=\"screen-reader-text\">QuickScan I QD2400 2D<\/span> <span class=\"meta-nav\">&rarr;<\/span><\/a><\/p>\n","protected":false},"author":1,"featured_media":0,"parent":0,"menu_order":0,"comment_status":"closed","ping_status":"closed","template":"","meta":[],"_links":{"self":[{"href":"https:\/\/www.skelpie.eu\/index.php?rest_route=\/wp\/v2\/pages\/667"}],"collection":[{"href":"https:\/\/www.skelpie.eu\/index.php?rest_route=\/wp\/v2\/pages"}],"about":[{"href":"https:\/\/www.skelpie.eu\/index.php?rest_route=\/wp\/v2\/types\/page"}],"author":[{"embeddable":true,"href":"https:\/\/www.skelpie.eu\/index.php?rest_route=\/wp\/v2\/users\/1"}],"replies":[{"embeddable":true,"href":"https:\/\/www.skelpie.eu\/index.php?rest_route=%2Fwp%2Fv2%2Fcomments&post=667"}],"version-history":[{"count":1,"href":"https:\/\/www.skelpie.eu\/index.php?rest_route=\/wp\/v2\/pages\/667\/revisions"}],"predecessor-version":[{"id":668,"href":"https:\/\/www.skelpie.eu\/index.php?rest_route=\/wp\/v2\/pages\/667\/revisions\/668"}],"wp:attachment":[{"href":"https:\/\/www.skelpie.eu\/index.php?rest_route=%2Fwp%2Fv2%2Fmedia&parent=667"}],"curies":[{"name":"wp","href":"https:\/\/api.w.org\/{rel}","templated":true}]}}