{"id":714,"date":"2015-03-02T18:29:09","date_gmt":"2015-03-02T18:29:09","guid":{"rendered":"http:\/\/www.skelpie.eu\/?page_id=714"},"modified":"2015-03-02T18:29:09","modified_gmt":"2015-03-02T18:29:09","slug":"zebex-z-6170-innova","status":"publish","type":"page","link":"https:\/\/www.skelpie.eu\/?page_id=714","title":{"rendered":"Zebex Z-6170 Innova"},"content":{"rendered":"<p><a title=\"Zebex Z-6170 Innova\" href=\"http:\/\/www.elzab.com.pl\/files\/innova-b.jpg\" target=\"_blank\" rel=\"lightbox\"><img class=\"aligncenter\" src=\"http:\/\/www.elzab.com.pl\/files\/innova-b_m.jpg\" alt=\"Kliknij, aby powi\u0119kszy\u0107\" \/><\/a><\/p>\n<div id=\"czytnik_cechy\" style=\"text-align: justify;\">Z-6170 Innova to czytnik \u0142\u0105cz\u0105cy elegancki design z funkcjonalno\u015bci\u0105. Zastosowany mikroprocesor Z-Scan Plus umo\u017cliwia odczyt kod\u00f3w z pr\u0119dko\u015bci\u0105 1400 skan\u00f3w na sekund\u0119. 20 linii skanuj\u0105cych skierowanych w 5 r\u00f3\u017cnych kierunkach powoduje, i\u017c odczyt kodu staje si\u0119 \u0142atwy i skuteczny nawet przy du\u017cych k\u0105tach nachylenia. Dodatkowy przycisk pozwala na prze\u0142\u0105czenie czytnika na tryb jednoliniowy.<br \/>\nRuchoma konstrukcja obudowy umo\u017cliwia dostosowanie czytnika do indywidualnych potrzeb obs\u0142uguj\u0105cego. Unikalna silikonowa przyssawka trwale mocuje urz\u0105dzenie do powierzchni.<img src=\"http:\/\/www.elzab.com.pl\/files\/przyssawka.jpg\" alt=\"\" align=\"right\" border=\"0\" \/><br \/>\nNajwa\u017cniejsze cechy:<\/p>\n<ul>\n<li>D\u017awi\u0119kowa i optyczna sygnalizacja prawid\u0142owego odczytu<\/li>\n<li>Specjalna tekstura na powierzchni obudowy zapewnia trwa\u0142y chwyt w trybie pracy r\u0119cznej<\/li>\n<li>Odporny na upadek z wysoko\u015bci 1m<\/li>\n<li>Kabel komunikacyjny o d\u0142ugo\u015bci 2m<\/li>\n<li>Zasilacz jako opcja<\/li>\n<\/ul>\n<p>&nbsp;<\/p>\n<table border=\"0\" width=\"95%\" cellspacing=\"0\" cellpadding=\"0\">\n<tbody>\n<tr>\n<td><b>Nazwa:<\/b><\/td>\n<td><b>Z-6170 Innova<\/b><\/td>\n<\/tr>\n<tr>\n<td><b>Rodzaj czytnika:<\/b><\/td>\n<td><b>prezentacyjny laserowy<\/b><\/td>\n<\/tr>\n<tr>\n<td><b>\u0179r\u00f3d\u0142o \u015bwiat\u0142a:<\/b><\/td>\n<td>dioda laserowa 650 nm<\/td>\n<\/tr>\n<tr>\n<td valign=\"top\"><b>Spos\u00f3b wyzwalania odczytu:<\/b><\/td>\n<td>automatyczny (tryb wieloliniowy)<br \/>\nprzycisk (tryb jednoliniowy)<\/td>\n<\/tr>\n<tr>\n<td><b>Odleg\u0142o\u015b\u0107 odczytu:<\/b><\/td>\n<td>max 280 mm<\/td>\n<\/tr>\n<tr>\n<td><b>Minimalna\u00a0szer.\u00a0elementu\u00a0kodu:\u00a0\u00a0\u00a0<\/b><\/td>\n<td>b.d.<\/td>\n<\/tr>\n<tr>\n<td valign=\"top\"><b>Pr\u0119dko\u015b\u0107 odczytu:<\/b><\/td>\n<td>tryb wieloliniowy 1400 skan\u00f3w\/s<br \/>\ntryb jednoliniowy 74 skan\u00f3w\/s<\/td>\n<\/tr>\n<tr>\n<td valign=\"top\"><b>Wz\u00f3r skanuj\u0105cy:<\/b><\/td>\n<td>tryb wieloliniowy: 20 linii skanuj\u0105cych<br \/>\ntryb jednoliniowy: 1 linia skanuj\u0105ca<\/td>\n<\/tr>\n<tr>\n<td><b>Sygnalizacja:<\/b><\/td>\n<td>d\u017awi\u0119kowa i optyczna<\/td>\n<\/tr>\n<tr>\n<td><b>Wymiary:<\/b><\/td>\n<td>118(d\u0142.) x 100(szer.) x 165,1(wys.) mm<\/td>\n<\/tr>\n<tr>\n<td><b>Waga:<\/b><\/td>\n<td>360g (bez kabla)<\/td>\n<\/tr>\n<tr>\n<td><b>Zasilanie:<\/b><\/td>\n<td>5 V; 1,35 W<\/td>\n<\/tr>\n<tr>\n<td><b>Pob\u00f3r pr\u0105du:<\/b><\/td>\n<td>270 mA<\/td>\n<\/tr>\n<tr>\n<td><b>Temperatura pracy:<\/b><\/td>\n<td>od 0 do 40\u00b0 C<\/td>\n<\/tr>\n<tr>\n<td><b>Wilgotno\u015b\u0107 otoczenia wzgl\u0119dna:<\/b><\/td>\n<td>wzgl\u0119dna 5-95%<\/td>\n<\/tr>\n<tr>\n<td><b>Bezpieczny upadek:<\/b><\/td>\n<td>1 m<\/td>\n<\/tr>\n<tr>\n<td><b>Dost\u0119pne interfejsy:<\/b><\/td>\n<td>KB, USB<\/td>\n<\/tr>\n<tr>\n<td valign=\"top\"><b>Odczyt kod\u00f3w:<\/b><\/td>\n<td><b>1D:<\/b> UPC\/EAN\/JAN, UPC-A &amp; UPC-E, EAN-8 &amp; EAN-13, JAN-8 &amp; JAN-13, ISBN\/ISSN, Code 39 (with full ASCII), Codabar (NW7), Code 128 &amp; EAN 128, Code 93, Interleaved 2 of 5 (ITF), Addendum 2 of 5, IATA Code, MSI\/Plessy, China Postal Code, Code 32 (Italian Pharmacode), RSS 14, RSS Limited, RSS Expanded<\/td>\n<\/tr>\n<\/tbody>\n<\/table>\n<\/div>\n","protected":false},"excerpt":{"rendered":"<p>Z-6170 Innova to czytnik \u0142\u0105cz\u0105cy elegancki design z funkcjonalno\u015bci\u0105. Zastosowany mikroprocesor Z-Scan Plus umo\u017cliwia odczyt kod\u00f3w z pr\u0119dko\u015bci\u0105 1400 skan\u00f3w na sekund\u0119. 20 linii skanuj\u0105cych skierowanych w 5 r\u00f3\u017cnych kierunkach powoduje, i\u017c odczyt kodu staje si\u0119 \u0142atwy i skuteczny nawet przy du\u017cych k\u0105tach nachylenia. Dodatkowy przycisk pozwala na prze\u0142\u0105czenie czytnika na tryb jednoliniowy. Ruchoma konstrukcja &hellip; <a href=\"https:\/\/www.skelpie.eu\/?page_id=714\" class=\"more-link\">Czytaj dalej <span class=\"screen-reader-text\">Zebex Z-6170 Innova<\/span> <span class=\"meta-nav\">&rarr;<\/span><\/a><\/p>\n","protected":false},"author":1,"featured_media":0,"parent":0,"menu_order":0,"comment_status":"closed","ping_status":"closed","template":"","meta":[],"_links":{"self":[{"href":"https:\/\/www.skelpie.eu\/index.php?rest_route=\/wp\/v2\/pages\/714"}],"collection":[{"href":"https:\/\/www.skelpie.eu\/index.php?rest_route=\/wp\/v2\/pages"}],"about":[{"href":"https:\/\/www.skelpie.eu\/index.php?rest_route=\/wp\/v2\/types\/page"}],"author":[{"embeddable":true,"href":"https:\/\/www.skelpie.eu\/index.php?rest_route=\/wp\/v2\/users\/1"}],"replies":[{"embeddable":true,"href":"https:\/\/www.skelpie.eu\/index.php?rest_route=%2Fwp%2Fv2%2Fcomments&post=714"}],"version-history":[{"count":1,"href":"https:\/\/www.skelpie.eu\/index.php?rest_route=\/wp\/v2\/pages\/714\/revisions"}],"predecessor-version":[{"id":715,"href":"https:\/\/www.skelpie.eu\/index.php?rest_route=\/wp\/v2\/pages\/714\/revisions\/715"}],"wp:attachment":[{"href":"https:\/\/www.skelpie.eu\/index.php?rest_route=%2Fwp%2Fv2%2Fmedia&parent=714"}],"curies":[{"name":"wp","href":"https:\/\/api.w.org\/{rel}","templated":true}]}}