{"id":716,"date":"2015-03-02T18:29:45","date_gmt":"2015-03-02T18:29:45","guid":{"rendered":"http:\/\/www.skelpie.eu\/?page_id=716"},"modified":"2015-03-02T18:37:31","modified_gmt":"2015-03-02T18:37:31","slug":"magellan-800i","status":"publish","type":"page","link":"https:\/\/www.skelpie.eu\/?page_id=716","title":{"rendered":"Magellan 800i"},"content":{"rendered":"<p><a title=\"Wielkokierunkowy czytnik prezentacyjny typu area imager MAGELLAN 800i\" href=\"http:\/\/www.elzab.com.pl\/files\/magellan800i.jpg\" target=\"_blank\" rel=\"lightbox\"><img class=\"aligncenter\" src=\"http:\/\/www.elzab.com.pl\/files\/magellan800i_m.jpg\" alt=\"Kliknij, aby powi\u0119kszy\u0107\" \/><\/a><\/p>\n<div id=\"czytnik_cechy\" style=\"text-align: justify;\">Wielkokierunkowy czytnik prezentacyjny typu area imager. Zastosowanie technologii imagerowej to w efekcie wysoka niezawodno\u015b\u0107 i produktywno\u015b\u0107.Dzi\u0119ki wykorzystaniu cyfrowej obr\u00f3bki obrazu, skaner odczytuje kody kreskowe 1D i 2D.<\/p>\n<p>Niewielkie wymiary i kompaktowa obudowa powoduj\u0105, \u017ce czytnik stanowi idealne rozwi\u0105zanie dla stanowisk kasowych<br \/>\no ograniczonej przestrzeni, a ergonomia konstrukcji sprawia, \u017ce mo\u017ce on funkcjonowa\u0107, jako czytnik prezentacyjny lub czytnik r\u0119czny.<br \/>\nNajwa\u017cniejsze cechy:<\/p>\n<ul>\n<li>idealny do instalacji nawet na niewielkich powierzchniach,<\/li>\n<li>tryb pracy prezentacyjny lub r\u0119czny,<\/li>\n<li>odporny na upadek 1,2m (brak cz\u0119\u015bci ruchomych),<\/li>\n<li>opcjonalny odczyt kod\u00f3w 2D.<\/li>\n<\/ul>\n<p>&nbsp;<\/p>\n<table border=\"0\" width=\"75%\" cellspacing=\"0\" cellpadding=\"0\">\n<tbody>\n<tr>\n<td><b>Nazwa:<\/b><\/td>\n<td valign=\"top\"><b>MAGELLAN 800i<\/b><\/td>\n<\/tr>\n<tr>\n<td><b>Rodzaj czytnika:<\/b><\/td>\n<td><b>prezentacyjny typu area imager<\/b><\/td>\n<\/tr>\n<tr>\n<td><b>\u0179r\u00f3d\u0142o \u015bwiat\u0142a:<\/b><\/td>\n<td>LED<\/td>\n<\/tr>\n<tr>\n<td><b>Spos\u00f3b wyzwalania odczytu:<\/b><\/td>\n<td>automatyczny<\/td>\n<\/tr>\n<tr>\n<td><b>Odleg\u0142o\u015b\u0107 odczytu:<\/b><\/td>\n<td>max 152 mm<\/td>\n<\/tr>\n<tr>\n<td><b>Minimalna szer. elementu kodu:<\/b><\/td>\n<td>0,130 mm<\/td>\n<\/tr>\n<tr>\n<td><b>Pr\u0119dko\u015b\u0107 odczytu:<\/b><\/td>\n<td>1456 cyfrowych linii skanuj\u0105cych\/s<\/td>\n<\/tr>\n<tr>\n<td><b>Wz\u00f3r skanuj\u0105cy:<\/b><\/td>\n<td>140 cyfrowych linii skanuj\u0105cych<\/td>\n<\/tr>\n<tr>\n<td><b>Sygnalizacja:<\/b><\/td>\n<td>d\u017awi\u0119kowa i optyczna<\/td>\n<\/tr>\n<tr>\n<td><b>Wymiary:<\/b><\/td>\n<td>151(wys.) x 76(szer.) x 109(g\u0142.) mm<\/td>\n<\/tr>\n<tr>\n<td><b>Waga:<\/b><\/td>\n<td>306,2 g<\/td>\n<\/tr>\n<tr>\n<td><b>Zasilanie:<\/b><\/td>\n<td>5 V<\/td>\n<\/tr>\n<tr>\n<td><b>Pob\u00f3r pr\u0105du:<\/b><\/td>\n<td>&lt; 350 mA<\/td>\n<\/tr>\n<tr>\n<td><b>Temperatura pracy:<\/b><\/td>\n<td>0\u00b0 &#8211; 40\u00b0 C<\/td>\n<\/tr>\n<tr>\n<td><b>Wilgotno\u015b\u0107 otoczenia:<\/b><\/td>\n<td>wzgl\u0119dna 5- 95%<\/td>\n<\/tr>\n<tr>\n<td><b>Bezpieczny upadek:<\/b><\/td>\n<td>1,2 m<\/td>\n<\/tr>\n<tr>\n<td><b>Dost\u0119pne interfejsy:<\/b><\/td>\n<td>USB<\/td>\n<\/tr>\n<\/tbody>\n<\/table>\n<\/div>\n","protected":false},"excerpt":{"rendered":"<p>Wielkokierunkowy czytnik prezentacyjny typu area imager. Zastosowanie technologii imagerowej to w efekcie wysoka niezawodno\u015b\u0107 i produktywno\u015b\u0107.Dzi\u0119ki wykorzystaniu cyfrowej obr\u00f3bki obrazu, skaner odczytuje kody kreskowe 1D i 2D. Niewielkie wymiary i kompaktowa obudowa powoduj\u0105, \u017ce czytnik stanowi idealne rozwi\u0105zanie dla stanowisk kasowych o ograniczonej przestrzeni, a ergonomia konstrukcji sprawia, \u017ce mo\u017ce on funkcjonowa\u0107, jako czytnik prezentacyjny &hellip; <a href=\"https:\/\/www.skelpie.eu\/?page_id=716\" class=\"more-link\">Czytaj dalej <span class=\"screen-reader-text\">Magellan 800i<\/span> <span class=\"meta-nav\">&rarr;<\/span><\/a><\/p>\n","protected":false},"author":1,"featured_media":0,"parent":0,"menu_order":0,"comment_status":"closed","ping_status":"closed","template":"","meta":[],"_links":{"self":[{"href":"https:\/\/www.skelpie.eu\/index.php?rest_route=\/wp\/v2\/pages\/716"}],"collection":[{"href":"https:\/\/www.skelpie.eu\/index.php?rest_route=\/wp\/v2\/pages"}],"about":[{"href":"https:\/\/www.skelpie.eu\/index.php?rest_route=\/wp\/v2\/types\/page"}],"author":[{"embeddable":true,"href":"https:\/\/www.skelpie.eu\/index.php?rest_route=\/wp\/v2\/users\/1"}],"replies":[{"embeddable":true,"href":"https:\/\/www.skelpie.eu\/index.php?rest_route=%2Fwp%2Fv2%2Fcomments&post=716"}],"version-history":[{"count":2,"href":"https:\/\/www.skelpie.eu\/index.php?rest_route=\/wp\/v2\/pages\/716\/revisions"}],"predecessor-version":[{"id":738,"href":"https:\/\/www.skelpie.eu\/index.php?rest_route=\/wp\/v2\/pages\/716\/revisions\/738"}],"wp:attachment":[{"href":"https:\/\/www.skelpie.eu\/index.php?rest_route=%2Fwp%2Fv2%2Fmedia&parent=716"}],"curies":[{"name":"wp","href":"https:\/\/api.w.org\/{rel}","templated":true}]}}