{"id":720,"date":"2015-03-02T18:31:29","date_gmt":"2015-03-02T18:31:29","guid":{"rendered":"http:\/\/www.skelpie.eu\/?page_id=720"},"modified":"2015-03-02T18:31:29","modified_gmt":"2015-03-02T18:31:29","slug":"ms-3580-quantum-t","status":"publish","type":"page","link":"https:\/\/www.skelpie.eu\/?page_id=720","title":{"rendered":"MS 3580 Quantum T"},"content":{"rendered":"<p><img class=\"aligncenter\" src=\"http:\/\/www.elzab.com.pl\/files\/quantum.jpg\" alt=\"\" \/><\/p>\n<div id=\"czytnik_cechy\" style=\"text-align: justify;\"><b>MS 3580 Quantum T<\/b> to najmniejszy spo\u015br\u00f3d laserowych czytnik\u00f3w wielokierunkowych, dzi\u0119ki czemu mo\u017ce by\u0107 instalowany nawet na niewielkich powierzchniach ladowych.<br \/>\nUstawiony na ladzie bez mocowania mo\u017ce by\u0107 u\u017cywany w trybie pracy r\u0119cznej, a trwa\u0142a, gumowa obudowa chroni czytnik. Obudowa umo\u017cliwia r\u00f3wnie\u017c zmian\u0119 k\u0105ta nachylenia g\u00f3rnej cz\u0119\u015bci czytnika.<br \/>\nQuantum posiada opcj\u0119 skanowania jednoliniowego, co pozwala na \u0142atwy odczyt wybranego kodu z listy kod\u00f3w uszeregowanych w formie menu.<\/p>\n<p>Najwa\u017cniejsze cechy:<\/p>\n<ul>\n<li>idealny do instalacji nawet na niewielkich powierzchniach,<\/li>\n<li>opcja skanowania jednoliniowego umo\u017cliwiaj\u0105ca precyzyjny odczyt kodu np. z menu,<\/li>\n<li>pr\u0119dko\u015b\u0107 skanowania: 1650 skan\u00f3w\/s dla opcji czytania wielokierunkowego, 80 skan\u00f3w\/s dla opcji skanowania liniowego,<\/li>\n<li>mo\u017ce by\u0107 stosowany jako czytnik r\u0119czny.<\/li>\n<\/ul>\n<p>&nbsp;<\/p>\n<table border=\"0\" width=\"75%\" cellspacing=\"0\" cellpadding=\"0\">\n<tbody>\n<tr>\n<td><b>Nazwa:<\/b><\/td>\n<td><b>MS 3580 Quantum T<\/b><\/td>\n<\/tr>\n<tr>\n<td><b>Rodzaj czytnika:<\/b><\/td>\n<td><b>prezentacyjny laserowy<\/b><\/td>\n<\/tr>\n<tr>\n<td><b>\u0179r\u00f3d\u0142o \u015bwiat\u0142a:<\/b><\/td>\n<td>dioda laserowa 650nm+\/- 10 nm<\/td>\n<\/tr>\n<tr>\n<td valign=\"top\"><b>Spos\u00f3b wyzwalania odczytu:<\/b><\/td>\n<td>automatyczny (tryb wieloliniowy)<br \/>\nprzycisk (tryb jednoliniowy)<\/td>\n<\/tr>\n<tr>\n<td><b>Odleg\u0142o\u015b\u0107 odczytu:<\/b><\/td>\n<td>19- 273 mm (w zale\u017cno\u015bci od g\u0119sto\u015bci kodu)<\/td>\n<\/tr>\n<tr>\n<td><b>Minimalna szer. elementu kodu:<\/b><\/td>\n<td>0,127 mm<\/td>\n<\/tr>\n<tr>\n<td valign=\"top\"><b>Pr\u0119dko\u015b\u0107 odczytu:<\/b><\/td>\n<td>tryb wieloliniowy 1650 skan\u00f3w\/s<br \/>\ntryb jednoliniowy 80 skan\u00f3w\/s<\/td>\n<\/tr>\n<tr>\n<td valign=\"top\"><b>Wz\u00f3r skanuj\u0105cy:<\/b><\/td>\n<td>tryb wieloliniowy: 20 linii skanuj\u0105cych<br \/>\ntryb jednoliniowy: 1 linia skanuj\u0105ca<\/td>\n<\/tr>\n<tr>\n<td><b>Sygnalizacja:<\/b><\/td>\n<td>d\u017awi\u0119kowa i optyczna<\/td>\n<\/tr>\n<tr>\n<td><b>Wymiary:<\/b><\/td>\n<td>66(d\u0142.) x 67(szer.) x 108(wys.) mm<\/td>\n<\/tr>\n<tr>\n<td><b>Waga:<\/b><\/td>\n<td>170g (bez kabla)<\/td>\n<\/tr>\n<tr>\n<td><b>Zasilanie:<\/b><\/td>\n<td>5,2 V; 1,825 W<\/td>\n<\/tr>\n<tr>\n<td><b>Pob\u00f3r pr\u0105du:<\/b><\/td>\n<td>275 mA<\/td>\n<\/tr>\n<tr>\n<td><b>Temperatura pracy:<\/b><\/td>\n<td>od -20 do 40\u00b0 C<\/td>\n<\/tr>\n<tr>\n<td><b>Wilgotno\u015b\u0107 otoczenia:<\/b><\/td>\n<td>wzgl\u0119dna 5- 95%<\/td>\n<\/tr>\n<tr>\n<td><b>Bezpieczny upadek:<\/b><\/td>\n<td>1 m<\/td>\n<\/tr>\n<tr>\n<td><b>Dost\u0119pne interfejsy:<\/b><\/td>\n<td>RS232, USB, emulacja klawiatury<\/td>\n<\/tr>\n<\/tbody>\n<\/table>\n<\/div>\n","protected":false},"excerpt":{"rendered":"<p>MS 3580 Quantum T to najmniejszy spo\u015br\u00f3d laserowych czytnik\u00f3w wielokierunkowych, dzi\u0119ki czemu mo\u017ce by\u0107 instalowany nawet na niewielkich powierzchniach ladowych. Ustawiony na ladzie bez mocowania mo\u017ce by\u0107 u\u017cywany w trybie pracy r\u0119cznej, a trwa\u0142a, gumowa obudowa chroni czytnik. Obudowa umo\u017cliwia r\u00f3wnie\u017c zmian\u0119 k\u0105ta nachylenia g\u00f3rnej cz\u0119\u015bci czytnika. Quantum posiada opcj\u0119 skanowania jednoliniowego, co pozwala na &hellip; <a href=\"https:\/\/www.skelpie.eu\/?page_id=720\" class=\"more-link\">Czytaj dalej <span class=\"screen-reader-text\">MS 3580 Quantum T<\/span> <span class=\"meta-nav\">&rarr;<\/span><\/a><\/p>\n","protected":false},"author":1,"featured_media":0,"parent":0,"menu_order":0,"comment_status":"closed","ping_status":"closed","template":"","meta":[],"_links":{"self":[{"href":"https:\/\/www.skelpie.eu\/index.php?rest_route=\/wp\/v2\/pages\/720"}],"collection":[{"href":"https:\/\/www.skelpie.eu\/index.php?rest_route=\/wp\/v2\/pages"}],"about":[{"href":"https:\/\/www.skelpie.eu\/index.php?rest_route=\/wp\/v2\/types\/page"}],"author":[{"embeddable":true,"href":"https:\/\/www.skelpie.eu\/index.php?rest_route=\/wp\/v2\/users\/1"}],"replies":[{"embeddable":true,"href":"https:\/\/www.skelpie.eu\/index.php?rest_route=%2Fwp%2Fv2%2Fcomments&post=720"}],"version-history":[{"count":1,"href":"https:\/\/www.skelpie.eu\/index.php?rest_route=\/wp\/v2\/pages\/720\/revisions"}],"predecessor-version":[{"id":721,"href":"https:\/\/www.skelpie.eu\/index.php?rest_route=\/wp\/v2\/pages\/720\/revisions\/721"}],"wp:attachment":[{"href":"https:\/\/www.skelpie.eu\/index.php?rest_route=%2Fwp%2Fv2%2Fmedia&parent=720"}],"curies":[{"name":"wp","href":"https:\/\/api.w.org\/{rel}","templated":true}]}}