{"id":722,"date":"2015-03-02T18:32:08","date_gmt":"2015-03-02T18:32:08","guid":{"rendered":"http:\/\/www.skelpie.eu\/?page_id=722"},"modified":"2015-03-02T18:32:08","modified_gmt":"2015-03-02T18:32:08","slug":"ms-7120-orbit","status":"publish","type":"page","link":"https:\/\/www.skelpie.eu\/?page_id=722","title":{"rendered":"MS 7120 Orbit"},"content":{"rendered":"<p><img class=\"aligncenter\" src=\"http:\/\/www.elzab.com.pl\/files\/orbit.jpg\" alt=\"\" border=\"0\" \/><\/p>\n<div id=\"czytnik_cechy\" style=\"text-align: justify;\"><b>MS 7120 Orbit<\/b> to wielokierunkowy, laserowy czytnik prezentacyjny.<br \/>\nNiewielkie rozmiary i zwarta konstrukcja pozwalaj\u0105 na stosowanie tego czytnikach na niewielkich powierzchniach ladowych, a ruchoma czasza umo\u017cliwia dobre przystosowanie do stanowiska pracy.<br \/>\nMa\u0142a waga pozwala na prac\u0119 w trybie r\u0119cznym.<\/p>\n<p>Najwa\u017cniejsze cechy:<\/p>\n<ul>\n<li>zwarta obudowa z mo\u017cliwo\u015bci\u0105 regulacji k\u0105ta nachylenia g\u0142owicy skanuj\u0105cej w zakresie 30\u00b0,<\/li>\n<li>g\u0142\u0119bia odczytu pozwalaj\u0105ca na stosowanie na pocztach, stacjach benzynowych czy w aptekach,<\/li>\n<li>mo\u017cliwo\u015b\u0107 instalacji na powierzchni pionowej.<\/li>\n<\/ul>\n<p>&nbsp;<\/p>\n<table border=\"0\" width=\"75%\" cellspacing=\"0\" cellpadding=\"0\">\n<tbody>\n<tr>\n<td><b>Nazwa:<\/b><\/td>\n<td><b>MS 7120 Orbit<\/b><\/td>\n<\/tr>\n<tr>\n<td><b>Rodzaj czytnika:<\/b><\/td>\n<td><b>prezentacyjny laserowy<\/b><\/td>\n<\/tr>\n<tr>\n<td><b>\u0179r\u00f3d\u0142o \u015bwiat\u0142a:<\/b><\/td>\n<td>dioda laserowa 650nm+ 5 nm<\/td>\n<\/tr>\n<tr>\n<td><b>Spos\u00f3b wyzwalania odczytu:<\/b><\/td>\n<td>automatyczny<\/td>\n<\/tr>\n<tr>\n<td><b>Odleg\u0142o\u015b\u0107 odczytu:<\/b><\/td>\n<td>max 215 mm<\/td>\n<\/tr>\n<tr>\n<td><b>Minimalna szer. elementu kodu:<\/b><\/td>\n<td>0,13 mm<\/td>\n<\/tr>\n<tr>\n<td valign=\"top\"><b>Pr\u0119dko\u015b\u0107 odczytu:<\/b><\/td>\n<td>1200 skan\u00f3w na sekund\u0119<\/td>\n<\/tr>\n<tr>\n<td><b>Wz\u00f3r skanuj\u0105cy:<\/b><\/td>\n<td>20 linii skanuj\u0105cych<\/td>\n<\/tr>\n<tr>\n<td><b>Sygnalizacja:<\/b><\/td>\n<td>d\u017awi\u0119kowa i optyczna<\/td>\n<\/tr>\n<tr>\n<td><b>Wymiary:<\/b><\/td>\n<td>150(wys.) x 105(g\u0142.) x 102(szer.) mm<\/td>\n<\/tr>\n<tr>\n<td><b>Waga:<\/b><\/td>\n<td>380 g (bez kabla)<\/td>\n<\/tr>\n<tr>\n<td><b>Zasilanie:<\/b><\/td>\n<td>5 V; 1,1 W<\/td>\n<\/tr>\n<tr>\n<td><b>Pob\u00f3r pr\u0105du:<\/b><\/td>\n<td>220 mA<\/td>\n<\/tr>\n<tr>\n<td><b>Temperatura pracy:<\/b><\/td>\n<td>0 &#8211; 40\u00b0 C<\/td>\n<\/tr>\n<tr>\n<td><b>Wilgotno\u015b\u0107 otoczenia:<\/b><\/td>\n<td>wzgl\u0119dna 5- 95%<\/td>\n<\/tr>\n<tr>\n<td><b>Bezpieczny upadek:<\/b><\/td>\n<td>1 m<\/td>\n<\/tr>\n<tr>\n<td><b>Dost\u0119pne interfejsy:<\/b><\/td>\n<td>RS232, emulacja klawiatury<\/td>\n<\/tr>\n<\/tbody>\n<\/table>\n<\/div>\n","protected":false},"excerpt":{"rendered":"<p>MS 7120 Orbit to wielokierunkowy, laserowy czytnik prezentacyjny. Niewielkie rozmiary i zwarta konstrukcja pozwalaj\u0105 na stosowanie tego czytnikach na niewielkich powierzchniach ladowych, a ruchoma czasza umo\u017cliwia dobre przystosowanie do stanowiska pracy. Ma\u0142a waga pozwala na prac\u0119 w trybie r\u0119cznym. Najwa\u017cniejsze cechy: zwarta obudowa z mo\u017cliwo\u015bci\u0105 regulacji k\u0105ta nachylenia g\u0142owicy skanuj\u0105cej w zakresie 30\u00b0, g\u0142\u0119bia odczytu &hellip; <a href=\"https:\/\/www.skelpie.eu\/?page_id=722\" class=\"more-link\">Czytaj dalej <span class=\"screen-reader-text\">MS 7120 Orbit<\/span> <span class=\"meta-nav\">&rarr;<\/span><\/a><\/p>\n","protected":false},"author":1,"featured_media":0,"parent":0,"menu_order":0,"comment_status":"closed","ping_status":"closed","template":"","meta":[],"_links":{"self":[{"href":"https:\/\/www.skelpie.eu\/index.php?rest_route=\/wp\/v2\/pages\/722"}],"collection":[{"href":"https:\/\/www.skelpie.eu\/index.php?rest_route=\/wp\/v2\/pages"}],"about":[{"href":"https:\/\/www.skelpie.eu\/index.php?rest_route=\/wp\/v2\/types\/page"}],"author":[{"embeddable":true,"href":"https:\/\/www.skelpie.eu\/index.php?rest_route=\/wp\/v2\/users\/1"}],"replies":[{"embeddable":true,"href":"https:\/\/www.skelpie.eu\/index.php?rest_route=%2Fwp%2Fv2%2Fcomments&post=722"}],"version-history":[{"count":1,"href":"https:\/\/www.skelpie.eu\/index.php?rest_route=\/wp\/v2\/pages\/722\/revisions"}],"predecessor-version":[{"id":723,"href":"https:\/\/www.skelpie.eu\/index.php?rest_route=\/wp\/v2\/pages\/722\/revisions\/723"}],"wp:attachment":[{"href":"https:\/\/www.skelpie.eu\/index.php?rest_route=%2Fwp%2Fv2%2Fmedia&parent=722"}],"curies":[{"name":"wp","href":"https:\/\/api.w.org\/{rel}","templated":true}]}}