{"id":724,"date":"2015-03-02T18:32:41","date_gmt":"2015-03-02T18:32:41","guid":{"rendered":"http:\/\/www.skelpie.eu\/?page_id=724"},"modified":"2015-03-02T18:32:41","modified_gmt":"2015-03-02T18:32:41","slug":"magellan-1100i","status":"publish","type":"page","link":"https:\/\/www.skelpie.eu\/?page_id=724","title":{"rendered":"Magellan 1100i"},"content":{"rendered":"<p><img class=\"aligncenter\" src=\"http:\/\/www.elzab.com.pl\/files\/magellan1100i.jpg\" alt=\"\" border=\"0\" \/><\/p>\n<div id=\"czytnik_cechy\" style=\"text-align: justify;\"><b>Magellan 1100i<\/b> &#8211; prezentacyjny czytnik typu area imager o kompaktowej konstrukcji i niewielkich wymiarach, idealny dla stanowisk kasowych o ograniczonej przestrzeni.<br \/>\nStabilna podstawka mo\u017ce by\u0107 zamocowana do pod\u0142o\u017ca, a mo\u017cliwo\u015b\u0107 jej odchylania sprzyja odpowiedniemu ustawieniu w boksie kasowym. Czytnik mo\u017ce by\u0107 te\u017c montowany bezpo\u015brednio na ladzie.Opatentowana technologia Illumix pozwala na skanowanie kod\u00f3w z ekran\u00f3w \u015bwiec\u0105cych, takich jak ekrany kom\u00f3rkowe, czy ekrany komputer\u00f3w, co pozwala na nowe zastosowania (np. sprzeda\u017c bilet\u00f3w poprzez przesy\u0142anie kodu na telefon kom\u00f3rkowy- rozwi\u0105zanie stosowane przez niekt\u00f3re linie lotnicze)<br \/>\nNajwa\u017cniejsze cechy:<\/p>\n<ul>\n<li>odczyt automatyczny,<\/li>\n<li>brak element\u00f3w ruchomych (odporno\u015b\u0107 na uszkodzenia),<\/li>\n<li>bezb\u0142\u0119dny odczyt kod\u00f3w uszkodzonych, czy niewyra\u017anych,<\/li>\n<li>stabilna podstawka z mo\u017cliwo\u015bci\u0105 odchylania,<\/li>\n<li>odczyt kod\u00f3w 2D (opcja),<\/li>\n<li>system potwierdzania odczytu GreenSpot (opcja),<\/li>\n<li>mo\u017cliwa wersja z przyciskiem umo\u017cliwiaj\u0105cym precyzyjne trafienie w kod.<\/li>\n<\/ul>\n<p>&nbsp;<\/p>\n<table border=\"0\" width=\"75%\" cellspacing=\"0\" cellpadding=\"0\">\n<tbody>\n<tr>\n<td><b>Nazwa:<\/b><\/td>\n<td valign=\"top\"><b>Magellan 1100i<\/b><\/td>\n<\/tr>\n<tr>\n<td><b>Rodzaj czytnika:<\/b><\/td>\n<td><b>prezentacyjny typu area imagerger<\/b><\/td>\n<\/tr>\n<tr>\n<td><b>\u0179r\u00f3d\u0142o \u015bwiat\u0142a:<\/b><\/td>\n<td>LED<\/td>\n<\/tr>\n<tr>\n<td><b>Spos\u00f3b wyzwalania odczytu:<\/b><\/td>\n<td>automatyczny<\/td>\n<\/tr>\n<tr>\n<td><b>Odleg\u0142o\u015b\u0107 odczytu:<\/b><\/td>\n<td>max 177 mm<\/td>\n<\/tr>\n<tr>\n<td><b>Minimalna szer. elementu kodu:<\/b><\/td>\n<td>0,13 mm<\/td>\n<\/tr>\n<tr>\n<td><b>Pr\u0119dko\u015b\u0107 odczytu:<\/b><\/td>\n<td>1768 cyfrowych linii skanuj\u0105cych\/s<\/td>\n<\/tr>\n<tr>\n<td><b>Wz\u00f3r skanuj\u0105cy:<\/b><\/td>\n<td>136 cyfrowych linii skanuj\u0105cych<\/td>\n<\/tr>\n<tr>\n<td><b>Sygnalizacja:<\/b><\/td>\n<td>d\u017awi\u0119kowa i optyczna<\/td>\n<\/tr>\n<tr>\n<td><b>Wymiary:<\/b><\/td>\n<td>84(wys.) x 71(szer.) x 94(d\u0142.) mm<\/td>\n<\/tr>\n<tr>\n<td><b>Waga:<\/b><\/td>\n<td>198,5 g<\/td>\n<\/tr>\n<tr>\n<td><b>Zasilanie:<\/b><\/td>\n<td>4,5-14V<\/td>\n<\/tr>\n<tr>\n<td><b>Pob\u00f3r pr\u0105du:<\/b><\/td>\n<td>400 mA<\/td>\n<\/tr>\n<tr>\n<td><b>Temperatura pracy:<\/b><\/td>\n<td>0\u00b0 &#8211; 40\u00b0 C<\/td>\n<\/tr>\n<tr>\n<td><b>Wilgotno\u015b\u0107 otoczenia:<\/b><\/td>\n<td>wzgl\u0119dna 5- 95%<\/td>\n<\/tr>\n<tr>\n<td><b>Bezpieczny upadek:<\/b><\/td>\n<td>1,2 m<\/td>\n<\/tr>\n<tr>\n<td><b>Dost\u0119pne interfejsy:<\/b><\/td>\n<td>RS232, USB, emulacja klawiatury<\/td>\n<\/tr>\n<\/tbody>\n<\/table>\n<\/div>\n","protected":false},"excerpt":{"rendered":"<p>Magellan 1100i &#8211; prezentacyjny czytnik typu area imager o kompaktowej konstrukcji i niewielkich wymiarach, idealny dla stanowisk kasowych o ograniczonej przestrzeni. Stabilna podstawka mo\u017ce by\u0107 zamocowana do pod\u0142o\u017ca, a mo\u017cliwo\u015b\u0107 jej odchylania sprzyja odpowiedniemu ustawieniu w boksie kasowym. Czytnik mo\u017ce by\u0107 te\u017c montowany bezpo\u015brednio na ladzie.Opatentowana technologia Illumix pozwala na skanowanie kod\u00f3w z ekran\u00f3w \u015bwiec\u0105cych, &hellip; <a href=\"https:\/\/www.skelpie.eu\/?page_id=724\" class=\"more-link\">Czytaj dalej <span class=\"screen-reader-text\">Magellan 1100i<\/span> <span class=\"meta-nav\">&rarr;<\/span><\/a><\/p>\n","protected":false},"author":1,"featured_media":0,"parent":0,"menu_order":0,"comment_status":"closed","ping_status":"closed","template":"","meta":[],"_links":{"self":[{"href":"https:\/\/www.skelpie.eu\/index.php?rest_route=\/wp\/v2\/pages\/724"}],"collection":[{"href":"https:\/\/www.skelpie.eu\/index.php?rest_route=\/wp\/v2\/pages"}],"about":[{"href":"https:\/\/www.skelpie.eu\/index.php?rest_route=\/wp\/v2\/types\/page"}],"author":[{"embeddable":true,"href":"https:\/\/www.skelpie.eu\/index.php?rest_route=\/wp\/v2\/users\/1"}],"replies":[{"embeddable":true,"href":"https:\/\/www.skelpie.eu\/index.php?rest_route=%2Fwp%2Fv2%2Fcomments&post=724"}],"version-history":[{"count":1,"href":"https:\/\/www.skelpie.eu\/index.php?rest_route=\/wp\/v2\/pages\/724\/revisions"}],"predecessor-version":[{"id":725,"href":"https:\/\/www.skelpie.eu\/index.php?rest_route=\/wp\/v2\/pages\/724\/revisions\/725"}],"wp:attachment":[{"href":"https:\/\/www.skelpie.eu\/index.php?rest_route=%2Fwp%2Fv2%2Fmedia&parent=724"}],"curies":[{"name":"wp","href":"https:\/\/api.w.org\/{rel}","templated":true}]}}