{"id":728,"date":"2015-03-02T18:33:41","date_gmt":"2015-03-02T18:33:41","guid":{"rendered":"http:\/\/www.skelpie.eu\/?page_id=728"},"modified":"2015-03-02T18:33:41","modified_gmt":"2015-03-02T18:33:41","slug":"magellan-2200-vs","status":"publish","type":"page","link":"https:\/\/www.skelpie.eu\/?page_id=728","title":{"rendered":"Magellan 2200 VS"},"content":{"rendered":"<p><img class=\"aligncenter\" src=\"http:\/\/www.elzab.com.pl\/files\/czytnik_magellan_2200.jpg\" alt=\"\" \/><\/p>\n<div id=\"czytnik_cechy\" style=\"text-align: justify;\"><b>Magellan 2200 VS <\/b>to wielokierunkowy, laserowy czytnik pionowy. Dzi\u0119ki kompaktowej konstrukcji i bardzo du\u017cej pr\u0119dko\u015bci odczytu \u015bwietnie nadaje si\u0119 do monta\u017cu w boksach kasowych i punktach o du\u017cym i bardzo du\u017cym nat\u0119\u017ceniu ruchu.<br \/>\nNiezale\u017cnie od sposobu podawania kodu kreskowego, bezb\u0142\u0119dnie odczytuje zawarte w nim informacje.<br \/>\nDobrze radzi sobie z kodami niskiej jako\u015bci, uszkodzonymi, zniekszta\u0142conymi, czy bardzo g\u0119stymi.<br \/>\nNajwa\u017cniejsze cechy:<\/p>\n<ul>\n<li>zaprojektowany specjalnie dla niewielkich przestrzeni ladowych, w plac\u00f3wkach handlowych o du\u017cym i bardzo du\u017cym nat\u0119\u017ceniu sprzeda\u017cy,<\/li>\n<li>skuteczny odczyt kod\u00f3w (nawet zniszczonych i niskiej jako\u015bci ),<\/li>\n<li>wysoka odporno\u015b\u0107 na wilgo\u0107 i kurz.<\/li>\n<\/ul>\n<p>&nbsp;<\/p>\n<table border=\"0\" width=\"75%\" cellspacing=\"0\" cellpadding=\"0\">\n<tbody>\n<tr>\n<td><b>Nazwa:<\/b><\/td>\n<td><b>Magellan 2200 VS<\/b><\/td>\n<\/tr>\n<tr>\n<td><b>Rodzaj czytnika:<\/b><\/td>\n<td><b>prezentacyjny laserowy<\/b><\/td>\n<\/tr>\n<tr>\n<td><b>\u0179r\u00f3d\u0142o \u015bwiat\u0142a:<\/b><\/td>\n<td>dioda laserowa<\/td>\n<\/tr>\n<tr>\n<td><b>Spos\u00f3b wyzwalania odczytu:<\/b><\/td>\n<td>automatyczny<\/td>\n<\/tr>\n<tr>\n<td><b>Odleg\u0142o\u015b\u0107 odczytu:<\/b><\/td>\n<td>max 233 mm<\/td>\n<\/tr>\n<tr>\n<td><b>Minimalna szer. elementu kodu:<\/b><\/td>\n<td>b.d.<\/td>\n<\/tr>\n<tr>\n<td valign=\"top\"><b>Pr\u0119dko\u015b\u0107 odczytu:<\/b><\/td>\n<td>1800 skan\u00f3w na sekund\u0119<\/td>\n<\/tr>\n<tr>\n<td><b>Wz\u00f3r skanuj\u0105cy:<\/b><\/td>\n<td>20 linii skanuj\u0105cych<\/td>\n<\/tr>\n<tr>\n<td><b>Sygnalizacja:<\/b><\/td>\n<td>d\u017awi\u0119kowa i optyczna<\/td>\n<\/tr>\n<tr>\n<td><b>Wymiary:<\/b><\/td>\n<td>152(wys.) x 152(szer.) x 97(d\u0142.) mm<\/td>\n<\/tr>\n<tr>\n<td><b>Waga:<\/b><\/td>\n<td>1,1 kg<\/td>\n<\/tr>\n<tr>\n<td><b>D\u0142ugo\u015b\u0107 kabla:<\/b><\/td>\n<td>4,6 m<\/td>\n<\/tr>\n<tr>\n<td><b>Zasilanie:<\/b><\/td>\n<td>10 V<\/td>\n<\/tr>\n<tr>\n<td><b>Pob\u00f3r pr\u0105du:<\/b><\/td>\n<td>400 mA<\/td>\n<\/tr>\n<tr>\n<td><b>Temperatura pracy:<\/b><\/td>\n<td>10 &#8211; 40\u00b0 C<\/td>\n<\/tr>\n<tr>\n<td><b>Wilgotno\u015b\u0107 otoczenia:<\/b><\/td>\n<td>wzgl\u0119dna 5- 95%<\/td>\n<\/tr>\n<tr>\n<td><b>Bezpieczny upadek:<\/b><\/td>\n<td>n.d.<\/td>\n<\/tr>\n<tr>\n<td><b>Dost\u0119pne interfejsy:<\/b><\/td>\n<td>RS232, emulacja klawiatury<\/td>\n<\/tr>\n<\/tbody>\n<\/table>\n<\/div>\n","protected":false},"excerpt":{"rendered":"<p>Magellan 2200 VS to wielokierunkowy, laserowy czytnik pionowy. Dzi\u0119ki kompaktowej konstrukcji i bardzo du\u017cej pr\u0119dko\u015bci odczytu \u015bwietnie nadaje si\u0119 do monta\u017cu w boksach kasowych i punktach o du\u017cym i bardzo du\u017cym nat\u0119\u017ceniu ruchu. Niezale\u017cnie od sposobu podawania kodu kreskowego, bezb\u0142\u0119dnie odczytuje zawarte w nim informacje. Dobrze radzi sobie z kodami niskiej jako\u015bci, uszkodzonymi, zniekszta\u0142conymi, czy &hellip; <a href=\"https:\/\/www.skelpie.eu\/?page_id=728\" class=\"more-link\">Czytaj dalej <span class=\"screen-reader-text\">Magellan 2200 VS<\/span> <span class=\"meta-nav\">&rarr;<\/span><\/a><\/p>\n","protected":false},"author":1,"featured_media":0,"parent":0,"menu_order":0,"comment_status":"closed","ping_status":"closed","template":"","meta":[],"_links":{"self":[{"href":"https:\/\/www.skelpie.eu\/index.php?rest_route=\/wp\/v2\/pages\/728"}],"collection":[{"href":"https:\/\/www.skelpie.eu\/index.php?rest_route=\/wp\/v2\/pages"}],"about":[{"href":"https:\/\/www.skelpie.eu\/index.php?rest_route=\/wp\/v2\/types\/page"}],"author":[{"embeddable":true,"href":"https:\/\/www.skelpie.eu\/index.php?rest_route=\/wp\/v2\/users\/1"}],"replies":[{"embeddable":true,"href":"https:\/\/www.skelpie.eu\/index.php?rest_route=%2Fwp%2Fv2%2Fcomments&post=728"}],"version-history":[{"count":1,"href":"https:\/\/www.skelpie.eu\/index.php?rest_route=\/wp\/v2\/pages\/728\/revisions"}],"predecessor-version":[{"id":729,"href":"https:\/\/www.skelpie.eu\/index.php?rest_route=\/wp\/v2\/pages\/728\/revisions\/729"}],"wp:attachment":[{"href":"https:\/\/www.skelpie.eu\/index.php?rest_route=%2Fwp%2Fv2%2Fmedia&parent=728"}],"curies":[{"name":"wp","href":"https:\/\/api.w.org\/{rel}","templated":true}]}}