{"id":739,"date":"2015-03-02T18:43:02","date_gmt":"2015-03-02T18:43:02","guid":{"rendered":"http:\/\/www.skelpie.eu\/?page_id=739"},"modified":"2015-03-02T18:43:02","modified_gmt":"2015-03-02T18:43:02","slug":"zebex-z-6182-shikra","status":"publish","type":"page","link":"https:\/\/www.skelpie.eu\/?page_id=739","title":{"rendered":"Zebex Z-6182 Shikra"},"content":{"rendered":"<p><a title=\"Zebex Z-6182 Shikra\" href=\"http:\/\/www.elzab.com.pl\/files\/zebex-z6182.jpg\" target=\"_blank\" rel=\"lightbox\"><img class=\"aligncenter\" src=\"http:\/\/www.elzab.com.pl\/files\/zebex-z6182m.jpg\" alt=\"Kliknij, aby powi\u0119kszy\u0107\" \/><\/a><\/p>\n<div id=\"czytnik_cechy\" style=\"text-align: justify;\">Zebex Z-6182 to czytnik laserowy wielokierunkowy przeznaczony do zastosowania w pozycji pionowej lub poziomej. Unikalny uk\u0142ad optyczny umo\u017cliwia generowanie a\u017c 40 linii skanuj\u0105cych znacz\u0105co poprawiaj\u0105c skuteczno\u015b\u0107 odczytu kodu kreskowego. Dotykowe przyciski regulacji tonu oraz g\u0142o\u015bno\u015bci umo\u017cliwiaj\u0105 dostosowanie funkcji do preferencji operatora. Du\u017ce okno skanuj\u0105ce powi\u0119ksza obszar odczytu kod\u00f3w. Wymiary zewn\u0119trzne czytnika umo\u017cliwiaj\u0105 adaptacj\u0119 w stosowanych powszechnie rozwi\u0105zaniach monta\u017cowych. Z-6182 to doskona\u0142a propozycja dla plac\u00f3wek handlowych \u015bredniego i du\u017cego nat\u0119\u017cenia ruchu, magazyn\u00f3w oraz produkcji w toku.<\/p>\n<p>Najwa\u017cniejsze cechy:<\/p>\n<ul>\n<li>szerokie okno skanuj\u0105ce,<\/li>\n<li>d\u017awi\u0119kowa i \u015bwietlna sygnalizacji prawid\u0142owego odczytu kodu,<\/li>\n<li>dotykowe przyciski funkcyjne,<\/li>\n<li>odporny na uszkodzenia mechaniczne \u2013 bezpieczny upadek z wysoko\u015bci 1 m.<\/li>\n<\/ul>\n<p>&nbsp;<\/p>\n<table border=\"0\" width=\"65%\" cellspacing=\"0\" cellpadding=\"0\">\n<tbody>\n<tr>\n<td><b>Nazwa:<\/b><\/td>\n<td><b>Zebex Z-6182 Shikra<\/b><\/td>\n<\/tr>\n<tr>\n<td><b>Rodzaj czytnika:<\/b><\/td>\n<td><b>prezentacyjny\/ladowy laserowy<\/b><\/td>\n<\/tr>\n<tr>\n<td><b>O\u015bwietlenie:<\/b><\/td>\n<td>dioda laserowa 650 nm<\/td>\n<\/tr>\n<tr>\n<td><b>Spos\u00f3b wyzwalania odczytu:<\/b><\/td>\n<td>automatyczny<\/td>\n<\/tr>\n<tr>\n<td><b>Odleg\u0142o\u015b\u0107 odczytu:<\/b><\/td>\n<td>max 200 mm<\/td>\n<\/tr>\n<tr>\n<td><b>Minimalna szer. elementu kodu:<\/b><\/td>\n<td>b.d.<\/td>\n<\/tr>\n<tr>\n<td><b>Pr\u0119dko\u015b\u0107 odczytu:<\/b><\/td>\n<td>3600 skan\u00f3w\/s<\/td>\n<\/tr>\n<tr>\n<td><b>Wz\u00f3r skanuj\u0105cy:<\/b><\/td>\n<td>40 linii skanuj\u0105cych<\/td>\n<\/tr>\n<tr>\n<td><b>Sygnalizacja:<\/b><\/td>\n<td>d\u017awi\u0119kowa i optyczna<\/td>\n<\/tr>\n<tr>\n<td><b>Wymiary:<\/b><\/td>\n<td>152 x 152 x 88 mm<\/td>\n<\/tr>\n<tr>\n<td><b>Waga:<\/b><\/td>\n<td>0,685 kg<\/td>\n<\/tr>\n<tr>\n<td><b>D\u0142ugo\u015b\u0107 kabla:<\/b><\/td>\n<td>2 m<\/td>\n<\/tr>\n<tr>\n<td><b>Zasilanie:<\/b><\/td>\n<td>9V<\/td>\n<\/tr>\n<tr>\n<td><b>Pob\u00f3r pr\u0105du:<\/b><\/td>\n<td>450 mA<\/td>\n<\/tr>\n<tr>\n<td><b>Temperatura pracy:<\/b><\/td>\n<td>od 0 do 40\u00b0 C<\/td>\n<\/tr>\n<tr>\n<td><b>Wilgotno\u015b\u0107 otoczenia:<\/b><\/td>\n<td>wzgl\u0119dna 5- 90%<\/td>\n<\/tr>\n<tr>\n<td><b>Bezpieczny upadek:<\/b><\/td>\n<td>1 m<\/td>\n<\/tr>\n<tr>\n<td><b>Dost\u0119pne interfejsy:<\/b><\/td>\n<td>RS232, emulacja klawiatury<\/td>\n<\/tr>\n<\/tbody>\n<\/table>\n<\/div>\n","protected":false},"excerpt":{"rendered":"<p>Zebex Z-6182 to czytnik laserowy wielokierunkowy przeznaczony do zastosowania w pozycji pionowej lub poziomej. Unikalny uk\u0142ad optyczny umo\u017cliwia generowanie a\u017c 40 linii skanuj\u0105cych znacz\u0105co poprawiaj\u0105c skuteczno\u015b\u0107 odczytu kodu kreskowego. Dotykowe przyciski regulacji tonu oraz g\u0142o\u015bno\u015bci umo\u017cliwiaj\u0105 dostosowanie funkcji do preferencji operatora. Du\u017ce okno skanuj\u0105ce powi\u0119ksza obszar odczytu kod\u00f3w. Wymiary zewn\u0119trzne czytnika umo\u017cliwiaj\u0105 adaptacj\u0119 w stosowanych &hellip; <a href=\"https:\/\/www.skelpie.eu\/?page_id=739\" class=\"more-link\">Czytaj dalej <span class=\"screen-reader-text\">Zebex Z-6182 Shikra<\/span> <span class=\"meta-nav\">&rarr;<\/span><\/a><\/p>\n","protected":false},"author":1,"featured_media":0,"parent":0,"menu_order":0,"comment_status":"closed","ping_status":"closed","template":"","meta":[],"_links":{"self":[{"href":"https:\/\/www.skelpie.eu\/index.php?rest_route=\/wp\/v2\/pages\/739"}],"collection":[{"href":"https:\/\/www.skelpie.eu\/index.php?rest_route=\/wp\/v2\/pages"}],"about":[{"href":"https:\/\/www.skelpie.eu\/index.php?rest_route=\/wp\/v2\/types\/page"}],"author":[{"embeddable":true,"href":"https:\/\/www.skelpie.eu\/index.php?rest_route=\/wp\/v2\/users\/1"}],"replies":[{"embeddable":true,"href":"https:\/\/www.skelpie.eu\/index.php?rest_route=%2Fwp%2Fv2%2Fcomments&post=739"}],"version-history":[{"count":1,"href":"https:\/\/www.skelpie.eu\/index.php?rest_route=\/wp\/v2\/pages\/739\/revisions"}],"predecessor-version":[{"id":740,"href":"https:\/\/www.skelpie.eu\/index.php?rest_route=\/wp\/v2\/pages\/739\/revisions\/740"}],"wp:attachment":[{"href":"https:\/\/www.skelpie.eu\/index.php?rest_route=%2Fwp%2Fv2%2Fmedia&parent=739"}],"curies":[{"name":"wp","href":"https:\/\/api.w.org\/{rel}","templated":true}]}}