{"id":741,"date":"2015-03-02T18:43:36","date_gmt":"2015-03-02T18:43:36","guid":{"rendered":"http:\/\/www.skelpie.eu\/?page_id=741"},"modified":"2015-03-02T18:43:36","modified_gmt":"2015-03-02T18:43:36","slug":"magellan-3300hsi","status":"publish","type":"page","link":"https:\/\/www.skelpie.eu\/?page_id=741","title":{"rendered":"Magellan 3300HSi"},"content":{"rendered":"<p><a title=\"Czytnik ladowy\" href=\"http:\/\/www.elzab.com.pl\/files\/mg3300hsi-lf.jpg\" target=\"_blank\" rel=\"lightbox\"><img class=\"aligncenter\" src=\"http:\/\/www.elzab.com.pl\/files\/mg3300hsi-lf_m.jpg\" alt=\"Kliknij, aby powi\u0119kszy\u0107\" \/><\/a><\/p>\n<div id=\"czytnik_cechy\" style=\"text-align: justify;\">Czytnik ladowy stworzony z zastosowaniem technologii imagerowej i przeznaczony do punkt\u00f3w kasowych o du\u017cym nat\u0119\u017ceniu ruchu.Uk\u0142ad skanuj\u0105cy typu imager to wbudowana kamera cyfrowa z matryc\u0105 CCD odczytuj\u0105ca kod jako ca\u0142o\u015b\u0107.<\/p>\n<p>Odczyt nast\u0119puje natychmiastowo, bez op\u00f3\u017anie\u0144 wynikaj\u0105cych z niedok\u0142adnego u\u0142o\u017cenia kodu. Bezproblemowe staje si\u0119 skanowanie kod\u00f3w trudnych, \u017ale wydrukowanych, czy uszkodzonych. Dekodowane s\u0105 wszystkie standardowe kody 1D i wiele kod\u00f3w 2D.<\/p>\n<p>Najwa\u017cniejsze cechy:<\/p>\n<ul>\n<li>niewielkie wymiary i waga ,<\/li>\n<li>odczyt kod\u00f3w 1D i 2D,<\/li>\n<li>czytnik kart Micro SD umo\u017cliwiaj\u0105cy \u0142atwy upgrade software\u2019u,<\/li>\n<li>mo\u017cliwo\u015b\u0107 odczytu kod\u00f3w z ekran\u00f3w telefon\u00f3w kom\u00f3rkowych,<\/li>\n<li>mo\u017cliwo\u015b\u0107 zapisu obraz\u00f3w.<\/li>\n<\/ul>\n<p>&nbsp;<\/p>\n<table border=\"0\" width=\"65%\" cellspacing=\"0\" cellpadding=\"0\">\n<tbody>\n<tr>\n<td><b>Nazwa:<\/b><\/td>\n<td><b>Magellan 3300HSi<\/b><\/td>\n<\/tr>\n<tr>\n<td><b>Rodzaj czytnika:<\/b><\/td>\n<td><b>ladowy wizyjny<\/b><\/td>\n<\/tr>\n<tr>\n<td><b>O\u015bwietlenie:<\/b><\/td>\n<td>dioda LED 625 nm<\/td>\n<\/tr>\n<tr>\n<td><b>Spos\u00f3b wyzwalania odczytu:<\/b><\/td>\n<td>automatyczny<\/td>\n<\/tr>\n<tr>\n<td><b>Odleg\u0142o\u015b\u0107 odczytu:<\/b><\/td>\n<td>102 mm<\/td>\n<\/tr>\n<tr>\n<td><b>Rozdzielczo\u015b\u0107:<\/b><\/td>\n<td>0,127 mm<\/td>\n<\/tr>\n<tr>\n<td><b>Pr\u0119dko\u015b\u0107 odczytu:<\/b><\/td>\n<td>39 mln pixeli\/s<\/td>\n<\/tr>\n<tr>\n<td><b>Wz\u00f3r skanuj\u0105cy:<\/b><\/td>\n<td>n.d.<\/td>\n<\/tr>\n<tr>\n<td><b>Sygnalizacja:<\/b><\/td>\n<td>d\u017awi\u0119kowa i optyczna<\/td>\n<\/tr>\n<tr>\n<td><b>Wymiary:<\/b><\/td>\n<td><\/td>\n<\/tr>\n<tr>\n<td><b>&#8211; g\u0142\u0119boko\u015b\u0107 (poni\u017cej powierzchni lady)<\/b><\/td>\n<td>87mm<\/td>\n<\/tr>\n<tr>\n<td><b>&#8211; szeroko\u015b\u0107<\/b><\/td>\n<td>152 mm<\/td>\n<\/tr>\n<tr>\n<td><b>&#8211; d\u0142ugo\u015b\u0107<\/b><\/td>\n<td>152 mm<\/td>\n<\/tr>\n<tr>\n<td><b>Waga:<\/b><\/td>\n<td>0,79 kg<\/td>\n<\/tr>\n<tr>\n<td><b>D\u0142ugo\u015b\u0107 kabla:<\/b><\/td>\n<td>4,5 m<\/td>\n<\/tr>\n<tr>\n<td><b>Temperatura pracy:<\/b><\/td>\n<td>od 0 do 40\u00b0 C<\/td>\n<\/tr>\n<tr>\n<td><b>Wilgotno\u015b\u0107 otoczenia:<\/b><\/td>\n<td>wzgl\u0119dna 5- 95%<\/td>\n<\/tr>\n<tr>\n<td><b>Dost\u0119pne interfejsy:<\/b><\/td>\n<td>RS232, KB, USB<\/td>\n<\/tr>\n<\/tbody>\n<\/table>\n<\/div>\n","protected":false},"excerpt":{"rendered":"<p>Czytnik ladowy stworzony z zastosowaniem technologii imagerowej i przeznaczony do punkt\u00f3w kasowych o du\u017cym nat\u0119\u017ceniu ruchu.Uk\u0142ad skanuj\u0105cy typu imager to wbudowana kamera cyfrowa z matryc\u0105 CCD odczytuj\u0105ca kod jako ca\u0142o\u015b\u0107. Odczyt nast\u0119puje natychmiastowo, bez op\u00f3\u017anie\u0144 wynikaj\u0105cych z niedok\u0142adnego u\u0142o\u017cenia kodu. Bezproblemowe staje si\u0119 skanowanie kod\u00f3w trudnych, \u017ale wydrukowanych, czy uszkodzonych. Dekodowane s\u0105 wszystkie standardowe kody &hellip; <a href=\"https:\/\/www.skelpie.eu\/?page_id=741\" class=\"more-link\">Czytaj dalej <span class=\"screen-reader-text\">Magellan 3300HSi<\/span> <span class=\"meta-nav\">&rarr;<\/span><\/a><\/p>\n","protected":false},"author":1,"featured_media":0,"parent":0,"menu_order":0,"comment_status":"closed","ping_status":"closed","template":"","meta":[],"_links":{"self":[{"href":"https:\/\/www.skelpie.eu\/index.php?rest_route=\/wp\/v2\/pages\/741"}],"collection":[{"href":"https:\/\/www.skelpie.eu\/index.php?rest_route=\/wp\/v2\/pages"}],"about":[{"href":"https:\/\/www.skelpie.eu\/index.php?rest_route=\/wp\/v2\/types\/page"}],"author":[{"embeddable":true,"href":"https:\/\/www.skelpie.eu\/index.php?rest_route=\/wp\/v2\/users\/1"}],"replies":[{"embeddable":true,"href":"https:\/\/www.skelpie.eu\/index.php?rest_route=%2Fwp%2Fv2%2Fcomments&post=741"}],"version-history":[{"count":1,"href":"https:\/\/www.skelpie.eu\/index.php?rest_route=\/wp\/v2\/pages\/741\/revisions"}],"predecessor-version":[{"id":742,"href":"https:\/\/www.skelpie.eu\/index.php?rest_route=\/wp\/v2\/pages\/741\/revisions\/742"}],"wp:attachment":[{"href":"https:\/\/www.skelpie.eu\/index.php?rest_route=%2Fwp%2Fv2%2Fmedia&parent=741"}],"curies":[{"name":"wp","href":"https:\/\/api.w.org\/{rel}","templated":true}]}}