{"id":745,"date":"2015-03-02T18:44:54","date_gmt":"2015-03-02T18:44:54","guid":{"rendered":"http:\/\/www.skelpie.eu\/?page_id=745"},"modified":"2015-03-02T18:44:54","modified_gmt":"2015-03-02T18:44:54","slug":"magellan-2300-hs","status":"publish","type":"page","link":"https:\/\/www.skelpie.eu\/?page_id=745","title":{"rendered":"Magellan 2300 HS"},"content":{"rendered":"<p><img class=\"aligncenter\" src=\"http:\/\/www.elzab.com.pl\/files\/czytnik_magellan_2300.jpg\" alt=\"\" border=\"0\" \/><\/p>\n<p style=\"text-align: justify;\"><b>Magellan 2300 HS <\/b>to laserowy wielokierunkowy czytnik wysokiej klasy, przeznaczony do zabudowy w ladach sklepowych, stosowany przez g\u0142\u00f3wne sieci handlowe w Europie.<\/p>\n<div id=\"czytnik_cechy\">\n<p style=\"text-align: justify;\">Zastosowano w nim oprogramowanie do poprawy odczytu zapewniaj\u0105ce automatyczny odczyt kod\u00f3w w spos\u00f3b szybki i bezb\u0142\u0119dny, a tak\u017ce pozwalaj\u0105ce na odczyt kod\u00f3w s\u0142abej jako\u015bci.<\/p>\n<p style=\"text-align: justify;\">Ze wzgl\u0119du na wymiary Magellan 2300HS nie wymaga specjalnej przestrzeni, jest \u0142atwy w instalacji.<\/p>\n<p>Najwa\u017cniejsze cechy:<\/p>\n<ul>\n<li>niewielka waga i wymiary u\u0142atwiaj\u0105ce monta\u017c i eksploatacj\u0119,<\/li>\n<li>oprogramowanie pozwalaj\u0105ce na szybki i bezb\u0142\u0119dny odczyt nawet uszkodzonych kod\u00f3w,<\/li>\n<li>ramka monta\u017cowa w zestawie,<\/li>\n<li>aluminiowa obudowa, zewn\u0119trzna strona zabudowana ze stali nierdzewnej.<\/li>\n<\/ul>\n<p>&nbsp;<\/p>\n<table border=\"0\" width=\"75%\" cellspacing=\"0\" cellpadding=\"0\">\n<tbody>\n<tr>\n<td><b>Nazwa:<\/b><\/td>\n<td><b>Magellan 2300 HS<\/b><\/td>\n<\/tr>\n<tr>\n<td><b>Rodzaj czytnika:<\/b><\/td>\n<td><b>ladowy laserowy<\/b><\/td>\n<\/tr>\n<tr>\n<td><b>\u0179r\u00f3d\u0142o \u015bwiat\u0142a:<\/b><\/td>\n<td>dioda laserowa<\/td>\n<\/tr>\n<tr>\n<td><b>Spos\u00f3b wyzwalania odczytu:<\/b><\/td>\n<td>automatyczny<\/td>\n<\/tr>\n<tr>\n<td><b>Odleg\u0142o\u015b\u0107 odczytu:<\/b><\/td>\n<td>max 233 mm<\/td>\n<\/tr>\n<tr>\n<td><b>Minimalna szer. elementu kodu:<\/b><\/td>\n<td>b.d.<\/td>\n<\/tr>\n<tr>\n<td><b>Pr\u0119dko\u015b\u0107 odczytu:<\/b><\/td>\n<td>1800 skan\u00f3w\/s<\/td>\n<\/tr>\n<tr>\n<td><b>Wz\u00f3r skanuj\u0105cy:<\/b><\/td>\n<td>18 linii skanuj\u0105cych<\/td>\n<\/tr>\n<tr>\n<td><b>Sygnalizacja:<\/b><\/td>\n<td>d\u017awi\u0119kowa i optyczna<\/td>\n<\/tr>\n<tr>\n<td><b>Wymiary:<\/b><\/td>\n<td>152 x 152 x 86,6 mm<\/td>\n<\/tr>\n<tr>\n<td><b>Waga:<\/b><\/td>\n<td>1,1 kg<\/td>\n<\/tr>\n<tr>\n<td><b>D\u0142ugo\u015b\u0107 kabla:<\/b><\/td>\n<td>4,6 m<\/td>\n<\/tr>\n<tr>\n<td><b>Zasilanie:<\/b><\/td>\n<td>10V<\/td>\n<\/tr>\n<tr>\n<td><b>Pob\u00f3r pr\u0105du:<\/b><\/td>\n<td>400 mA<\/td>\n<\/tr>\n<tr>\n<td><b>Temperatura pracy:<\/b><\/td>\n<td>od 10 do 40\u00b0 C<\/td>\n<\/tr>\n<tr>\n<td><b>Wilgotno\u015b\u0107 otoczenia:<\/b><\/td>\n<td>wzgl\u0119dna 5- 95%<\/td>\n<\/tr>\n<tr>\n<td><b>Bezpieczny upadek:<\/b><\/td>\n<td>n.d.<\/td>\n<\/tr>\n<tr>\n<td><b>Dost\u0119pne interfejsy:<\/b><\/td>\n<td>RS232, emulacja klawiatury<\/td>\n<\/tr>\n<\/tbody>\n<\/table>\n<\/div>\n","protected":false},"excerpt":{"rendered":"<p>Magellan 2300 HS to laserowy wielokierunkowy czytnik wysokiej klasy, przeznaczony do zabudowy w ladach sklepowych, stosowany przez g\u0142\u00f3wne sieci handlowe w Europie. Zastosowano w nim oprogramowanie do poprawy odczytu zapewniaj\u0105ce automatyczny odczyt kod\u00f3w w spos\u00f3b szybki i bezb\u0142\u0119dny, a tak\u017ce pozwalaj\u0105ce na odczyt kod\u00f3w s\u0142abej jako\u015bci. Ze wzgl\u0119du na wymiary Magellan 2300HS nie wymaga specjalnej &hellip; <a href=\"https:\/\/www.skelpie.eu\/?page_id=745\" class=\"more-link\">Czytaj dalej <span class=\"screen-reader-text\">Magellan 2300 HS<\/span> <span class=\"meta-nav\">&rarr;<\/span><\/a><\/p>\n","protected":false},"author":1,"featured_media":0,"parent":0,"menu_order":0,"comment_status":"closed","ping_status":"closed","template":"","meta":[],"_links":{"self":[{"href":"https:\/\/www.skelpie.eu\/index.php?rest_route=\/wp\/v2\/pages\/745"}],"collection":[{"href":"https:\/\/www.skelpie.eu\/index.php?rest_route=\/wp\/v2\/pages"}],"about":[{"href":"https:\/\/www.skelpie.eu\/index.php?rest_route=\/wp\/v2\/types\/page"}],"author":[{"embeddable":true,"href":"https:\/\/www.skelpie.eu\/index.php?rest_route=\/wp\/v2\/users\/1"}],"replies":[{"embeddable":true,"href":"https:\/\/www.skelpie.eu\/index.php?rest_route=%2Fwp%2Fv2%2Fcomments&post=745"}],"version-history":[{"count":1,"href":"https:\/\/www.skelpie.eu\/index.php?rest_route=\/wp\/v2\/pages\/745\/revisions"}],"predecessor-version":[{"id":746,"href":"https:\/\/www.skelpie.eu\/index.php?rest_route=\/wp\/v2\/pages\/745\/revisions\/746"}],"wp:attachment":[{"href":"https:\/\/www.skelpie.eu\/index.php?rest_route=%2Fwp%2Fv2%2Fmedia&parent=745"}],"curies":[{"name":"wp","href":"https:\/\/api.w.org\/{rel}","templated":true}]}}