{"id":747,"date":"2015-03-02T18:45:33","date_gmt":"2015-03-02T18:45:33","guid":{"rendered":"http:\/\/www.skelpie.eu\/?page_id=747"},"modified":"2015-03-02T18:46:05","modified_gmt":"2015-03-02T18:46:05","slug":"czytnik-bi-optyczny-magellan-8302","status":"publish","type":"page","link":"https:\/\/www.skelpie.eu\/?page_id=747","title":{"rendered":"Czytnik bi-optyczny Magellan 8302"},"content":{"rendered":"<p><a title=\"Stacjonarny czytnik laserowy bi-optyczny Magellan\" href=\"http:\/\/www.elzab.com.pl\/files\/magellan_d.jpg\" target=\"_blank\" rel=\"lightbox\"><img loading=\"lazy\" class=\"aligncenter\" src=\"http:\/\/www.elzab.com.pl\/files\/magellan_m.jpg\" alt=\"Kliknij, aby powi\u0119kszy\u0107\" width=\"240\" height=\"210\" align=\"middle\" border=\"0\" \/><\/a><\/p>\n<div id=\"czytnik_cechy\" style=\"text-align: justify;\"><b>Magellan 8302<\/b> to stacjonarny, laserowy czytnik bi-optyczny przeznaczony do pracy na stanowiskach kasowych o du\u017cym nat\u0119\u017ceniu ruchu. Wysokiej jako\u015bci uk\u0142ad optyczny umo\u017cliwia odczyt kodu z 5 stron opakowania bez konieczno\u015bci ustawiania go pod okre\u015blonym k\u0105tem. Razem z zaawansowanym oprogramowaniem dekoduj\u0105cym pozwalaj\u0105 na uzyskanie bardzo wysokiej skuteczno\u015bci odczytu ju\u017c przy pierwszym skanowaniu.<\/p>\n<table border=\"0\" width=\"95%\" cellspacing=\"0\" cellpadding=\"0\">\n<tbody>\n<tr>\n<td valign=\"top\">Najwa\u017cniejsze cechy:<\/p>\n<ul>\n<li>odczyt kodu z opakowania bez konieczno\u015bci ustawiania go pod okre\u015blonym k\u0105tem,<\/li>\n<li>niewielki pob\u00f3r energii,<\/li>\n<li>zaawansowane oprogramowanie dekoduj\u0105ce FIRST STRIKE zwi\u0119kszaj\u0105ce skuteczno\u015b\u0107 odczytu kod\u00f3w s\u0142abej jako\u015bci,<\/li>\n<li>port RS 232 do pod\u0142\u0105czenia zewn\u0119trznego czytnika r\u0119cznego,<\/li>\n<li>opcja EAS (dezaktywacja przywieszek antykradzie\u017cowych),<\/li>\n<li>mo\u017cliwo\u015b\u0107 zabudowy wagi \u2013 szalka &#8222;All weights Scale Platter&#8221; gwarantuje precyzyjny pomiar wagi nawet dla produkt\u00f3w o nietypowych gabarytach.<\/li>\n<\/ul>\n<\/td>\n<\/tr>\n<\/tbody>\n<\/table>\n<p>&nbsp;<\/p>\n<table border=\"0\" width=\"90%\" cellspacing=\"0\" cellpadding=\"0\">\n<tbody>\n<tr>\n<td width=\"300\"><b>Rodzaj czytnika:<\/b><\/td>\n<td>ladowy laserowy<\/td>\n<\/tr>\n<tr>\n<td><b>\u0179r\u00f3d\u0142o \u015bwiat\u0142a:<\/b><\/td>\n<td>laserowy uk\u0142ad optyczny<\/td>\n<\/tr>\n<tr>\n<td><b>Spos\u00f3b wyzwalania odczytu:<\/b><\/td>\n<td>automatyczny<\/td>\n<\/tr>\n<tr>\n<td><b>Odleg\u0142o\u015b\u0107 odczytu:<\/b><\/td>\n<td>max 152 mm<\/td>\n<\/tr>\n<tr>\n<td><b>Pr\u0119dko\u015b\u0107 odczytu:<\/b><\/td>\n<td>3900 linii\/s<\/td>\n<\/tr>\n<tr>\n<td><b>Wz\u00f3r skanuj\u0105cy:<\/b><\/td>\n<td>52 linie skanuj\u0105ce<\/td>\n<\/tr>\n<tr>\n<td><b>Sygnalizacja:<\/b><\/td>\n<td>d\u017awi\u0119kowa i optyczna<\/td>\n<\/tr>\n<tr>\n<td><b>Wymiary:<\/b><\/td>\n<td><\/td>\n<\/tr>\n<tr>\n<td><b>G\u0142\u0119boko\u015b\u0107 (poni\u017cej powierzchni lady):<\/b><\/td>\n<td>102 mm<\/td>\n<\/tr>\n<tr>\n<td><b>Wysoko\u015b\u0107 (powy\u017cej powierzchni lady):<\/b><\/td>\n<td>130 mm<\/td>\n<\/tr>\n<tr>\n<td><b>D\u0142ugo\u015b\u0107:<\/b><\/td>\n<td>401 mm<\/td>\n<\/tr>\n<tr>\n<td><b>Szeroko\u015b\u0107:<\/b><\/td>\n<td>292 mm<\/td>\n<\/tr>\n<tr>\n<td><b>Waga:<\/b><\/td>\n<td>7,88 kg<\/td>\n<\/tr>\n<tr>\n<td><b>Pob\u00f3r mocy:<\/b><\/td>\n<td>7 W (4 W w trybie u\u015bpienia)<\/td>\n<\/tr>\n<tr>\n<td><b>Temperatura pracy:<\/b><\/td>\n<td>od 10\u00b0 do 40\u00b0 C<\/td>\n<\/tr>\n<tr>\n<td><b>Wilgotno\u015b\u0107 otoczenia wzgl\u0119dna:<\/b><\/td>\n<td>5 &#8211; 95%<\/td>\n<\/tr>\n<tr>\n<td><b>Odporno\u015b\u0107 na uszkodzenia:<\/b><\/td>\n<td>na wilgo\u0107 i kurz wg normy IP52<\/td>\n<\/tr>\n<tr>\n<td><b>Dost\u0119pne interfejsy:<\/b><\/td>\n<td>RS232, KB, USB<\/td>\n<\/tr>\n<\/tbody>\n<\/table>\n<p>&nbsp;<\/p>\n<\/div>\n","protected":false},"excerpt":{"rendered":"<p>Magellan 8302 to stacjonarny, laserowy czytnik bi-optyczny przeznaczony do pracy na stanowiskach kasowych o du\u017cym nat\u0119\u017ceniu ruchu. Wysokiej jako\u015bci uk\u0142ad optyczny umo\u017cliwia odczyt kodu z 5 stron opakowania bez konieczno\u015bci ustawiania go pod okre\u015blonym k\u0105tem. Razem z zaawansowanym oprogramowaniem dekoduj\u0105cym pozwalaj\u0105 na uzyskanie bardzo wysokiej skuteczno\u015bci odczytu ju\u017c przy pierwszym skanowaniu. Najwa\u017cniejsze cechy: odczyt kodu &hellip; <a href=\"https:\/\/www.skelpie.eu\/?page_id=747\" class=\"more-link\">Czytaj dalej <span class=\"screen-reader-text\">Czytnik bi-optyczny Magellan 8302<\/span> <span class=\"meta-nav\">&rarr;<\/span><\/a><\/p>\n","protected":false},"author":1,"featured_media":0,"parent":0,"menu_order":0,"comment_status":"closed","ping_status":"closed","template":"","meta":[],"_links":{"self":[{"href":"https:\/\/www.skelpie.eu\/index.php?rest_route=\/wp\/v2\/pages\/747"}],"collection":[{"href":"https:\/\/www.skelpie.eu\/index.php?rest_route=\/wp\/v2\/pages"}],"about":[{"href":"https:\/\/www.skelpie.eu\/index.php?rest_route=\/wp\/v2\/types\/page"}],"author":[{"embeddable":true,"href":"https:\/\/www.skelpie.eu\/index.php?rest_route=\/wp\/v2\/users\/1"}],"replies":[{"embeddable":true,"href":"https:\/\/www.skelpie.eu\/index.php?rest_route=%2Fwp%2Fv2%2Fcomments&post=747"}],"version-history":[{"count":2,"href":"https:\/\/www.skelpie.eu\/index.php?rest_route=\/wp\/v2\/pages\/747\/revisions"}],"predecessor-version":[{"id":749,"href":"https:\/\/www.skelpie.eu\/index.php?rest_route=\/wp\/v2\/pages\/747\/revisions\/749"}],"wp:attachment":[{"href":"https:\/\/www.skelpie.eu\/index.php?rest_route=%2Fwp%2Fv2%2Fmedia&parent=747"}],"curies":[{"name":"wp","href":"https:\/\/api.w.org\/{rel}","templated":true}]}}