{"id":756,"date":"2015-03-02T18:50:19","date_gmt":"2015-03-02T18:50:19","guid":{"rendered":"http:\/\/www.skelpie.eu\/?page_id=756"},"modified":"2015-03-02T18:50:19","modified_gmt":"2015-03-02T18:50:19","slug":"czytnik-kodow-zebex-z-3250-bt","status":"publish","type":"page","link":"https:\/\/www.skelpie.eu\/?page_id=756","title":{"rendered":"Czytnik kod\u00f3w Zebex Z-3250 BT"},"content":{"rendered":"<p><a title=\"Czytnik kod\u00f3w Zebex Z-3250 BT\" href=\"http:\/\/www.elzab.com.pl\/files\/czytnik_z3250.jpg\" target=\"_blank\" rel=\"lightbox\"><img class=\"aligncenter\" src=\"http:\/\/www.elzab.com.pl\/files\/czytnik_z3250m.jpg\" alt=\"Kliknij, aby powi\u0119kszy\u0107\" \/><\/a><\/p>\n<div id=\"czytnik_cechy\" style=\"text-align: justify;\">Z-3250 BT to bezprzewodowy czytnik typu linear imager. Mieszcz\u0105cy si\u0119 w d\u0142oni, kompaktowy rozmiar skanera czyni go urz\u0105dzeniem idealnym dla pracownik\u00f3w mobilnych.Komunikacja Bluetooth Class 1 umo\u017cliwia prac\u0119 w zasi\u0119gu do 100 m od odbiornika. Po wyj\u015bciu za ten zasi\u0119g czytnik mo\u017ce uruchomi\u0107 funkcj\u0119 zapami\u0119tywania kod\u00f3w. Po ponownym nawi\u0105zaniu komunikacji z baz\u0105 czytnik automatycznie przesy\u0142a kody.<\/p>\n<p>Skaner mo\u017ce wsp\u00f3\u0142pracowa\u0107 z kas\u0105 ELZAB K10, komputerem b\u0105d\u017a z urz\u0105dzeniami mobilnymi z systemem iOS lub Android. Pojemny akumulator litowo-jonowy zapewnia nieprzerwan\u0105 prac\u0119 nawet przez 80 godzin.<\/p>\n<p>Klasa szczelno\u015bci IP43 gwarantuje niezawodn\u0105 prac\u0119 w takich \u015brodowiskach jak biuro, sklep czy magazyn.<\/p>\n<p><img loading=\"lazy\" class=\"aligncenter\" src=\"http:\/\/www.elzab.com.pl\/files\/czytnik_z3250a.jpg\" alt=\"Zebex Z-3250 BT\" width=\"250\" height=\"225\" border=\"0\" \/><\/p>\n<p>&nbsp;<\/p>\n<table border=\"0\" width=\"95%\" cellspacing=\"0\" cellpadding=\"0\">\n<tbody>\n<tr>\n<td><b>Nazwa:<\/b><\/td>\n<td><b>Z-3250 BT<\/b><\/td>\n<\/tr>\n<tr>\n<td><b>Rodzaj czytnika:<\/b><\/td>\n<td><b>radiowy linear imager<\/b><\/td>\n<\/tr>\n<tr>\n<td><b>\u0179r\u00f3d\u0142o \u015bwiat\u0142a:<\/b><\/td>\n<td>red LED 617nm<\/td>\n<\/tr>\n<tr>\n<td valign=\"top\"><b>Spos\u00f3b wyzwalania odczytu:<\/b><\/td>\n<td>przycisk<\/td>\n<\/tr>\n<tr>\n<td><b>Odleg\u0142o\u015b\u0107 odczytu:<\/b><\/td>\n<td>max 315mm<\/td>\n<\/tr>\n<tr>\n<td><b>Minimalna\u00a0szer.\u00a0elementu\u00a0kodu:\u00a0\u00a0\u00a0<\/b><\/td>\n<td>0,1 mm (4mil, Code39)<\/td>\n<\/tr>\n<tr>\n<td><b>Pr\u0119dko\u015b\u0107 odczytu:<\/b><\/td>\n<td>330 skan\u00f3w\/s<\/td>\n<\/tr>\n<tr>\n<td><b>Wz\u00f3r skanuj\u0105cy:<\/b><\/td>\n<td>b.d.<\/td>\n<\/tr>\n<tr>\n<td><b>Sygnalizacja:<\/b><\/td>\n<td>d\u017awi\u0119kowa i optyczna<\/td>\n<\/tr>\n<tr>\n<td><b>Wymiary:<\/b><\/td>\n<td>97 x 40 x 23 mm<\/td>\n<\/tr>\n<tr>\n<td><b>Waga:<\/b><\/td>\n<td>76,3 g<\/td>\n<\/tr>\n<tr>\n<td><b>Zasilanie:<\/b><\/td>\n<td>3,7V 850mAH<\/td>\n<\/tr>\n<tr>\n<td><b>Pob\u00f3r pr\u0105du:<\/b><\/td>\n<td>max 700 mA<\/td>\n<\/tr>\n<tr>\n<td><b>Zasi\u0119g radiowy:<\/b><\/td>\n<td>do 100 m<\/td>\n<\/tr>\n<tr>\n<td><b>Temperatura pracy:<\/b><\/td>\n<td>od 0 do 50\u00b0 C<\/td>\n<\/tr>\n<tr>\n<td><b>Wilgotno\u015b\u0107 otoczenia wzgl\u0119dna:<\/b><\/td>\n<td>wzgl\u0119dna 5-95%<\/td>\n<\/tr>\n<tr>\n<td><b>Bezpieczny upadek:<\/b><\/td>\n<td>1,2 m<\/td>\n<\/tr>\n<tr>\n<td><b>Dost\u0119pne interfejsy:<\/b><\/td>\n<td>USB<\/td>\n<\/tr>\n<tr>\n<td valign=\"top\"><b>Odczyt kod\u00f3w:<\/b><\/td>\n<td><b>1D:<\/b> UPC\/EAN\/JAN, UPC-A &amp; UPC-E, EAN-8 &amp; EAN-13, JAN-8 &amp; JAN-13, ISBN\/ISSN, Code 39, Codabar, Code 128 &amp; EAN 128, Code 93, ITF 2 of 5, IATA Code, MSI, China Postal Code, Code 32, Industrial 2 of 5, Standard 2 of 5, JAP, Code 11, GS1 DataBar, GS1 DataBar Limited, GS1 DataBar Expanded, Telepen<\/td>\n<\/tr>\n<\/tbody>\n<\/table>\n<\/div>\n","protected":false},"excerpt":{"rendered":"<p>Z-3250 BT to bezprzewodowy czytnik typu linear imager. Mieszcz\u0105cy si\u0119 w d\u0142oni, kompaktowy rozmiar skanera czyni go urz\u0105dzeniem idealnym dla pracownik\u00f3w mobilnych.Komunikacja Bluetooth Class 1 umo\u017cliwia prac\u0119 w zasi\u0119gu do 100 m od odbiornika. Po wyj\u015bciu za ten zasi\u0119g czytnik mo\u017ce uruchomi\u0107 funkcj\u0119 zapami\u0119tywania kod\u00f3w. Po ponownym nawi\u0105zaniu komunikacji z baz\u0105 czytnik automatycznie przesy\u0142a kody. &hellip; <a href=\"https:\/\/www.skelpie.eu\/?page_id=756\" class=\"more-link\">Czytaj dalej <span class=\"screen-reader-text\">Czytnik kod\u00f3w Zebex Z-3250 BT<\/span> <span class=\"meta-nav\">&rarr;<\/span><\/a><\/p>\n","protected":false},"author":1,"featured_media":0,"parent":0,"menu_order":0,"comment_status":"closed","ping_status":"closed","template":"","meta":[],"_links":{"self":[{"href":"https:\/\/www.skelpie.eu\/index.php?rest_route=\/wp\/v2\/pages\/756"}],"collection":[{"href":"https:\/\/www.skelpie.eu\/index.php?rest_route=\/wp\/v2\/pages"}],"about":[{"href":"https:\/\/www.skelpie.eu\/index.php?rest_route=\/wp\/v2\/types\/page"}],"author":[{"embeddable":true,"href":"https:\/\/www.skelpie.eu\/index.php?rest_route=\/wp\/v2\/users\/1"}],"replies":[{"embeddable":true,"href":"https:\/\/www.skelpie.eu\/index.php?rest_route=%2Fwp%2Fv2%2Fcomments&post=756"}],"version-history":[{"count":1,"href":"https:\/\/www.skelpie.eu\/index.php?rest_route=\/wp\/v2\/pages\/756\/revisions"}],"predecessor-version":[{"id":757,"href":"https:\/\/www.skelpie.eu\/index.php?rest_route=\/wp\/v2\/pages\/756\/revisions\/757"}],"wp:attachment":[{"href":"https:\/\/www.skelpie.eu\/index.php?rest_route=%2Fwp%2Fv2%2Fmedia&parent=756"}],"curies":[{"name":"wp","href":"https:\/\/api.w.org\/{rel}","templated":true}]}}