{"id":758,"date":"2015-03-02T18:51:04","date_gmt":"2015-03-02T18:51:04","guid":{"rendered":"http:\/\/www.skelpie.eu\/?page_id=758"},"modified":"2015-03-02T18:51:04","modified_gmt":"2015-03-02T18:51:04","slug":"czytnik-kodow-zebex-z-3192-bt","status":"publish","type":"page","link":"https:\/\/www.skelpie.eu\/?page_id=758","title":{"rendered":"Czytnik kod\u00f3w Zebex Z-3192 BT"},"content":{"rendered":"<p><a title=\"Czytnik kod\u00f3w Zebex Z-3192 BT\" href=\"http:\/\/www.elzab.com.pl\/files\/zebex_z3192.jpg\" target=\"_blank\" rel=\"lightbox\"><img class=\"aligncenter\" src=\"http:\/\/www.elzab.com.pl\/files\/zebex_z3192m.jpg\" alt=\"Kliknij, aby powi\u0119kszy\u0107\" \/><\/a><\/p>\n<div id=\"czytnik_cechy\" style=\"text-align: justify;\">Z-3192 BT to bezprzewodowy czytnik typu area imager odczytuj\u0105cy popularne kody 1D i 2D. Komunikacja Bluetooth umo\u017cliwia prac\u0119 w zasi\u0119gu nawet do 100m od stanowiska komputerowego, a przy zastosowaniu stacji dokuj\u0105cej do 75 m od stacji. Kody s\u0105 odczytywane po naci\u015bni\u0119ciu przycisku, a gdy skaner jest umieszczony w stacji nast\u0119puje odczyt automatyczny. Po wyj\u015bciu poza zasi\u0119g czytnik mo\u017ce uruchomi\u0107 funkcj\u0119 zapami\u0119tywania kod\u00f3w. Po ponownym nawi\u0105zaniu komunikacji z baz\u0105 kody zostan\u0105 przes\u0142ane automatycznie.<\/p>\n<p>Zaawansowany modu\u0142 dekoduj\u0105cy umo\u017cliwia wdra\u017canie go w bardzo szerokim zakresie zastosowa\u0144, r\u00f3wnie\u017c procesach przemys\u0142owych i logistyce. Skaner mo\u017ce wsp\u00f3\u0142pracowa\u0107 z komputerem, drukark\u0105 etykiet b\u0105d\u017a innymi urz\u0105dzeniami peryferyjnymi bezpo\u015brednio, bez stacji bazowej, je\u017celi urz\u0105dzania te wyposa\u017cone s\u0105 w modu\u0142 BT. Gumowe elementy obudowy zapobiegaj\u0105 przypadkowemu upuszczeniu czytnika oraz chroni\u0105 przed uszkodzeniami mechanicznymi a ergonomiczna konstrukcja typu gun gwarantuje wysoki komfort pracy.<\/p>\n<p>Czytnik jest oferowany w 2 wersjach<br \/>\nZ-3192BT-SR: standard<br \/>\nZ-3192BT-HD: wersja wysokiej rozdzielczo\u015bci HD<\/p>\n<p>Zestaw kompletny: czytnik, stacja dokuj\u0105ca, zasilacz, akumulator litowo-jonowy 2500mAh, kabel komunikacyjny USB.<\/p><\/div>\n<div style=\"text-align: justify;\">\n<table border=\"0\" width=\"95%\" cellspacing=\"0\" cellpadding=\"0\">\n<tbody>\n<tr>\n<td><b>Nazwa:<\/b><\/td>\n<td><b>Z-3192 BT<\/b><\/td>\n<\/tr>\n<tr>\n<td><b>Rodzaj czytnika:<\/b><\/td>\n<td><b>radiowy linear imager 2D<\/b><\/td>\n<\/tr>\n<tr>\n<td><b>\u0179r\u00f3d\u0142o \u015bwiat\u0142a:<\/b><\/td>\n<td>dioda laserowa 650 nm<\/td>\n<\/tr>\n<tr>\n<td valign=\"top\"><b>Spos\u00f3b wyzwalania odczytu:<\/b><\/td>\n<td>przycisk\/automatyczny<\/td>\n<\/tr>\n<tr>\n<td><b>Odleg\u0142o\u015b\u0107 odczytu:<\/b><\/td>\n<td>203 mm<\/td>\n<\/tr>\n<tr>\n<td><b>Minimalna\u00a0szer.\u00a0elementu\u00a0kodu:\u00a0\u00a0\u00a0<\/b><\/td>\n<td>n.d.<\/td>\n<\/tr>\n<tr>\n<td><b>Pr\u0119dko\u015b\u0107 odczytu:<\/b><\/td>\n<td>n.d.<\/td>\n<\/tr>\n<tr>\n<td><b>Wz\u00f3r skanuj\u0105cy:<\/b><\/td>\n<td>n.d.<\/td>\n<\/tr>\n<tr>\n<td><b>Sygnalizacja:<\/b><\/td>\n<td>d\u017awi\u0119kowa i optyczna<\/td>\n<\/tr>\n<tr>\n<td><b>Wymiary:<\/b><\/td>\n<td>147 x 62 x 114,5 mm<\/td>\n<\/tr>\n<tr>\n<td><b>Waga:<\/b><\/td>\n<td>210g (z akumulatorem)<\/td>\n<\/tr>\n<tr>\n<td><b>Zasilanie:<\/b><\/td>\n<td>5 V<\/td>\n<\/tr>\n<tr>\n<td><b>Pob\u00f3r pr\u0105du:<\/b><\/td>\n<td>max 700 mA<\/td>\n<\/tr>\n<tr>\n<td><b>Zasi\u0119g radiowy:<\/b><\/td>\n<td>do 100 m<\/td>\n<\/tr>\n<tr>\n<td><b>Temperatura pracy:<\/b><\/td>\n<td>od 0 do 40\u00b0 C<\/td>\n<\/tr>\n<tr>\n<td><b>Wilgotno\u015b\u0107 otoczenia wzgl\u0119dna:<\/b><\/td>\n<td>wzgl\u0119dna 5-95%<\/td>\n<\/tr>\n<tr>\n<td><b>Bezpieczny upadek:<\/b><\/td>\n<td>1,2 m<\/td>\n<\/tr>\n<tr>\n<td><b>Dost\u0119pne interfejsy:<\/b><\/td>\n<td>KB, USB, RS232<\/td>\n<\/tr>\n<tr>\n<td valign=\"top\"><b>Odczyt kod\u00f3w:<\/b><\/td>\n<td><b>1D:<\/b> UPC\/EAN\/JAN, UPC-A &amp; UPC-E, EAN-8 &amp; EAN-13, JAN-8 &amp; JAN-13, ISBN\/ISSN, Code 39, Codabar, Code 128 &amp; EAN 128, Code 93, ITF 2 of 5, IATA Code, MSI, China Postal Code, Code 32, Industrial 2 of 5, Standard 2 of 5, JAP, Code 11, GS1 DataBar, GS1 DataBar Limited, GS1 DataBar Expanded<br \/>\n<b>2D:<\/b> PDF 417, MicroPDF 417, MaxiCode, DataMatrix, DataMatrix Inverse, QR Code, QR Inverse, MicroQR Code, Aztec Code, Aztec Inverse, POstalCode<\/td>\n<\/tr>\n<\/tbody>\n<\/table>\n<\/div>\n","protected":false},"excerpt":{"rendered":"<p>Z-3192 BT to bezprzewodowy czytnik typu area imager odczytuj\u0105cy popularne kody 1D i 2D. Komunikacja Bluetooth umo\u017cliwia prac\u0119 w zasi\u0119gu nawet do 100m od stanowiska komputerowego, a przy zastosowaniu stacji dokuj\u0105cej do 75 m od stacji. Kody s\u0105 odczytywane po naci\u015bni\u0119ciu przycisku, a gdy skaner jest umieszczony w stacji nast\u0119puje odczyt automatyczny. Po wyj\u015bciu poza &hellip; <a href=\"https:\/\/www.skelpie.eu\/?page_id=758\" class=\"more-link\">Czytaj dalej <span class=\"screen-reader-text\">Czytnik kod\u00f3w Zebex Z-3192 BT<\/span> <span class=\"meta-nav\">&rarr;<\/span><\/a><\/p>\n","protected":false},"author":1,"featured_media":0,"parent":0,"menu_order":0,"comment_status":"closed","ping_status":"closed","template":"","meta":[],"_links":{"self":[{"href":"https:\/\/www.skelpie.eu\/index.php?rest_route=\/wp\/v2\/pages\/758"}],"collection":[{"href":"https:\/\/www.skelpie.eu\/index.php?rest_route=\/wp\/v2\/pages"}],"about":[{"href":"https:\/\/www.skelpie.eu\/index.php?rest_route=\/wp\/v2\/types\/page"}],"author":[{"embeddable":true,"href":"https:\/\/www.skelpie.eu\/index.php?rest_route=\/wp\/v2\/users\/1"}],"replies":[{"embeddable":true,"href":"https:\/\/www.skelpie.eu\/index.php?rest_route=%2Fwp%2Fv2%2Fcomments&post=758"}],"version-history":[{"count":1,"href":"https:\/\/www.skelpie.eu\/index.php?rest_route=\/wp\/v2\/pages\/758\/revisions"}],"predecessor-version":[{"id":759,"href":"https:\/\/www.skelpie.eu\/index.php?rest_route=\/wp\/v2\/pages\/758\/revisions\/759"}],"wp:attachment":[{"href":"https:\/\/www.skelpie.eu\/index.php?rest_route=%2Fwp%2Fv2%2Fmedia&parent=758"}],"curies":[{"name":"wp","href":"https:\/\/api.w.org\/{rel}","templated":true}]}}