{"id":760,"date":"2015-03-02T18:52:43","date_gmt":"2015-03-02T18:52:43","guid":{"rendered":"http:\/\/www.skelpie.eu\/?page_id=760"},"modified":"2015-03-02T18:52:43","modified_gmt":"2015-03-02T18:52:43","slug":"honeywell-voyager-1202g","status":"publish","type":"page","link":"https:\/\/www.skelpie.eu\/?page_id=760","title":{"rendered":"Honeywell Voyager 1202g"},"content":{"rendered":"<p><a title=\"Voyager 1202g\" href=\"http:\/\/www.elzab.com.pl\/files\/voyager1202g.jpg\" target=\"_blank\" rel=\"lightbox\"><img class=\"aligncenter\" src=\"http:\/\/www.elzab.com.pl\/files\/voyager1202g_m.jpg\" alt=\"Kliknij, aby powi\u0119kszy\u0107\" \/><\/a><\/p>\n<div id=\"czytnik_cechy\" style=\"text-align: justify;\"><a title=\"Voyager 1202g\" href=\"http:\/\/www.elzab.com.pl\/files\/voyager1202g_1.jpg\" target=\"_blank\" rel=\"lightbox\"><img src=\"http:\/\/www.elzab.com.pl\/files\/voyager1202g_1m.jpg\" alt=\"Kliknij, aby powi\u0119kszy\u0107\" align=\"right\" border=\"0\" \/><\/a>Honeywell Voyager 1202g to nast\u0119pca popularnego, bezprzewodowego czytnika Voyager MS9535. Mniejszy, l\u017cejszy i z ulepszonym uk\u0142adem laserowym pozwala na znacz\u0105cy wzrost wydajno\u015bci pracy.Technologia Bluetooth umo\u017cliwia u\u017cytkownikowi na swobodne poruszanie si\u0119 z czytnikiem w zasi\u0119gu do 10 metr\u00f3w od bazy. Dla wi\u0119kszej wygody i bezpiecze\u0144stwa zestaw zawiera system przywo\u0142awczy d\u017awi\u0119kowy i optyczny pozwalaj\u0105cy zlokalizowa\u0107 zagubiony skaner.<\/p>\n<p>Trwa\u0142a litowo-jonowa bateria zapewnia 12 godzin nieprzerwanej pracy. Wymiana baterii mo\u017cliwa w prosty i szybki spos\u00f3b bez u\u017cycia narz\u0119dzi. Gumowe elementy obudowy chroni\u0105 skaner przed uszkodzeniem mechanicznym.<\/p>\n<p>\u0141atwy monta\u017c bazy w orientacji poziomej b\u0105d\u017a pionowej pozwala na dogodn\u0105 organizacj\u0119 stanowiska pracy.<\/p>\n<p>Najwa\u017cniejsze cechy:<\/p>\n<ul>\n<li>\u0142\u0105czno\u015b\u0107 radiowa Bluetooth o zasi\u0119gu do 10m,<\/li>\n<li>praca w trybie r\u0119cznym (po naci\u015bni\u0119ciu przycisku) b\u0105d\u017a w prezentacyjnym (na podstawce),<\/li>\n<li>odczyt kod\u00f3w uszkodzonych lub s\u0142abej jako\u015bci,<\/li>\n<li>automatyczna (bez konieczno\u015bci programowania) konfiguracja interfejsu.<\/li>\n<\/ul>\n<p>&nbsp;<\/p>\n<table border=\"0\" width=\"75%\" cellspacing=\"0\" cellpadding=\"0\">\n<tbody>\n<tr>\n<td><b>Nazwa:<\/b><\/td>\n<td><b>Voyager 1202g<\/b><\/td>\n<\/tr>\n<tr>\n<td><b>Rodzaj czytnika:<\/b><\/td>\n<td><b>radiowy laserowy<\/b><\/td>\n<\/tr>\n<tr>\n<td><b>\u0179r\u00f3d\u0142o \u015bwiat\u0142a:<\/b><\/td>\n<td>dioda laserowa 645-660nm<\/td>\n<\/tr>\n<tr>\n<td valign=\"top\"><b>Spos\u00f3b wyzwalania odczytu:<\/b><\/td>\n<td>przycisk\/automatyczny<\/td>\n<\/tr>\n<tr>\n<td><b>Odleg\u0142o\u015b\u0107 odczytu:<\/b><\/td>\n<td>max 367 mm<\/td>\n<\/tr>\n<tr>\n<td><b>Minimalna szer. elementu kodu:<\/b><\/td>\n<td>0,089 mm<\/td>\n<\/tr>\n<tr>\n<td><b>Pr\u0119dko\u015b\u0107 odczytu:<\/b><\/td>\n<td>100 linii na sekund\u0119<\/td>\n<\/tr>\n<tr>\n<td><b>Wz\u00f3r skanuj\u0105cy:<\/b><\/td>\n<td>1 linia skanuj\u0105ca<\/td>\n<\/tr>\n<tr>\n<td><b>Sygnalizacja:<\/b><\/td>\n<td>d\u017awi\u0119kowa i optyczna<\/td>\n<\/tr>\n<tr>\n<td><b>Wymiary:<\/b><\/td>\n<td>180 x 66 x 92 mm<\/td>\n<\/tr>\n<tr>\n<td><b>Waga:<\/b><\/td>\n<td>180 g<\/td>\n<\/tr>\n<tr>\n<td><b>Zasilanie:<\/b><\/td>\n<td>5 V, 700 mW<\/td>\n<\/tr>\n<tr>\n<td><b>Pob\u00f3r pr\u0105du:<\/b><\/td>\n<td>140 mA<\/td>\n<\/tr>\n<tr>\n<td><b>Zasi\u0119g radiowy:<\/b><\/td>\n<td>do 10 m<\/td>\n<\/tr>\n<tr>\n<td><b>Temperatura pracy:<\/b><\/td>\n<td>5 &#8211; 40\u00b0 C<\/td>\n<\/tr>\n<tr>\n<td><b>Wilgotno\u015b\u0107 otoczenia wzgl\u0119dna:<\/b><\/td>\n<td>0 &#8211; 95%<\/td>\n<\/tr>\n<tr>\n<td><b>Bezpieczny upadek:<\/b><\/td>\n<td>1,5 m<\/td>\n<\/tr>\n<tr>\n<td><b>Dost\u0119pne interfejsy:<\/b><\/td>\n<td>RS232, USB, emulacja klawiatury<\/td>\n<\/tr>\n<\/tbody>\n<\/table>\n<\/div>\n","protected":false},"excerpt":{"rendered":"<p>Honeywell Voyager 1202g to nast\u0119pca popularnego, bezprzewodowego czytnika Voyager MS9535. Mniejszy, l\u017cejszy i z ulepszonym uk\u0142adem laserowym pozwala na znacz\u0105cy wzrost wydajno\u015bci pracy.Technologia Bluetooth umo\u017cliwia u\u017cytkownikowi na swobodne poruszanie si\u0119 z czytnikiem w zasi\u0119gu do 10 metr\u00f3w od bazy. Dla wi\u0119kszej wygody i bezpiecze\u0144stwa zestaw zawiera system przywo\u0142awczy d\u017awi\u0119kowy i optyczny pozwalaj\u0105cy zlokalizowa\u0107 zagubiony skaner. &hellip; <a href=\"https:\/\/www.skelpie.eu\/?page_id=760\" class=\"more-link\">Czytaj dalej <span class=\"screen-reader-text\">Honeywell Voyager 1202g<\/span> <span class=\"meta-nav\">&rarr;<\/span><\/a><\/p>\n","protected":false},"author":1,"featured_media":0,"parent":0,"menu_order":0,"comment_status":"closed","ping_status":"closed","template":"","meta":[],"_links":{"self":[{"href":"https:\/\/www.skelpie.eu\/index.php?rest_route=\/wp\/v2\/pages\/760"}],"collection":[{"href":"https:\/\/www.skelpie.eu\/index.php?rest_route=\/wp\/v2\/pages"}],"about":[{"href":"https:\/\/www.skelpie.eu\/index.php?rest_route=\/wp\/v2\/types\/page"}],"author":[{"embeddable":true,"href":"https:\/\/www.skelpie.eu\/index.php?rest_route=\/wp\/v2\/users\/1"}],"replies":[{"embeddable":true,"href":"https:\/\/www.skelpie.eu\/index.php?rest_route=%2Fwp%2Fv2%2Fcomments&post=760"}],"version-history":[{"count":1,"href":"https:\/\/www.skelpie.eu\/index.php?rest_route=\/wp\/v2\/pages\/760\/revisions"}],"predecessor-version":[{"id":761,"href":"https:\/\/www.skelpie.eu\/index.php?rest_route=\/wp\/v2\/pages\/760\/revisions\/761"}],"wp:attachment":[{"href":"https:\/\/www.skelpie.eu\/index.php?rest_route=%2Fwp%2Fv2%2Fmedia&parent=760"}],"curies":[{"name":"wp","href":"https:\/\/api.w.org\/{rel}","templated":true}]}}